{"id":2644,"date":"2025-07-22T00:41:16","date_gmt":"2025-07-22T00:41:16","guid":{"rendered":"https:\/\/nawarpharmacy.com\/product\/vichy-dercos-densi-solutions-hair-thickening-treatment-100ml\/"},"modified":"2025-07-22T00:41:18","modified_gmt":"2025-07-22T00:41:18","slug":"vichy-dercos-densi-solutions-hair-thickening-treatment-100ml","status":"publish","type":"product","link":"https:\/\/nawarpharmacy.com\/ru\/product\/vichy-dercos-densi-solutions-hair-thickening-treatment-100ml\/","title":{"rendered":"Vichy Dercos Densi-Solutions Hair Thickening Treatment &#8212; 100ml"},"content":{"rendered":"<p>Concentrated scalp care acts at the roots for visibly stronger, denser hair. With each application, hair looks thicker.<br \/>\nFor women who suffer from thinning hair, lack of hair density, and a decrease in hair mass who want stronger, denser hair.<br \/>\nProvides immediate shine and volume.<br \/>\nCreates thicker looking hair in just 6 weeks.<br \/>\nUse 5 days a week on the scalp.<br \/>\nEnriched with Anti-oxidant Resveratrol and vitamin E.<br \/>\nWith densifying Stemoxydine and Rhamnose.<br \/>\nActive piroctone helps to soothe and clear scalp.<br \/>\nThe Hair Mass Recreating Concentrate, which contains Resveratrol and Stemoxydine, acts intensely at the root for visibly stronger and denser looking hair with each application. Divide the hair in 4 sections. Apply 5 sprays on each of the 4 sections\u00c2\u00a0 to cover the entire scalp. Finally, massage with your hand to let the product penetrate and stimulate the scalp.<br \/>\nNo parabens.<br \/>\nNo silicone.<br \/>\nNo colorants.<br \/>\nHow to use:<br \/>\nSpray section by section at the roots, applying 5 pumps of the product on each section. Then use your fingertips to massage into your scalp to ensure that the product is absorbed. Do not rinse.<br \/>\nIngredients<br \/>\n:<br \/>\nAlcohol denat. &#8212; aqua \/ water &#8212; diethyllutidinate &#8212; citral &#8212; ethyl ester of pvm\/ma copolymer &#8212; geraniol &#8212; hexyl cinnamal &#8212; isoeugenol &#8212; limonene &#8212; linalool &#8212; mentha piperita oil \/ peppermint oil &#8212; menthol &#8212; resveratrol &#8212; rhamnose &#8212; tocopheryl acetate &#8212; parfum \/ fragrance.<br \/>\n\u00d9\u2026\u00d9\u2020\u00d8\u00aa\u00d8\u00ac \u00d8\u00b9\u00d9\u2020\u00d8\u00a7\u00d9\u0160\u00d8\u00a9 \u00d9\u2026\u00d8\u00b1\u00d9\u0192\u00d8\u00b2 \u00d9\u0081\u00d8\u00b9\u00d9\u2018\u00d8\u00a7\u00d9\u201e \u00d8\u00b9\u00d9\u201e\u00d9\u2030 \u00d8\u00a7\u00d9\u201e\u00d8\u00ac\u00d8\u00b0\u00d9\u02c6\u00d8\u00b1 \u00d9\u2026\u00d9\u2020 \u00d8\u00a7\u00d9\u201e\u00d8\u00a3\u00d8\u00b9\u00d9\u2026\u00d8\u00a7\u00d9\u201a \u00d9\u201e\u00d8\u00b4\u00d8\u00b9\u00d8\u00b1 \u00d8\u00a3\u00d9\u201a\u00d9\u02c6\u00d9\u2030 \u00d9\u02c6\u00d8\u00a3\u00d9\u0192\u00d8\u00ab\u00d8\u00b1 \u00d8\u00b3\u00d9\u2026\u00d8\u00a7\u00d9\u0192\u00d8\u00a9 \u00d8\u00a8\u00d8\u00b9\u00d8\u00af \u00d9\u0192\u00d9\u201e \u00d8\u00a5\u00d8\u00b3\u00d8\u00aa\u00d8\u00b9\u00d9\u2026\u00d8\u00a7\u00d9\u201e.<br \/>\n\u00d9\u0160\u00d8\u00ad\u00d8\u00aa\u00d9\u02c6\u00d9\u0160 \u00d8\u00b9\u00d9\u201e\u00d9\u2030 \u00d8\u00b1\u00d9\u0160\u00d8\u00b2\u00d9\u0081\u00d9\u0160\u00d8\u00b1\u00d8\u00a7\u00d8\u00aa\u00d9\u02c6\u00d9\u201e \u00d9\u02c6\u00d8\u00b3\u00d8\u00aa\u00d9\u0160\u00d9\u2026\u00d9\u02c6\u00d9\u0192\u00d8\u00b3\u00d9\u0160\u00d8\u00af\u00d9\u0160\u00d9\u2020. \u00d9\u0160\u00d8\u00ac\u00d8\u00a8 \u00d9\u0081\u00d8\u00b5\u00d9\u201e \u00d8\u00a7\u00d9\u201e\u00d8\u00b4\u00d8\u00b9\u00d8\u00b1 \u00d8\u00a5\u00d9\u201e\u00d9\u2030 \u00d8\u00a3\u00d8\u00b1\u00d8\u00a8\u00d8\u00b9\u00d8\u00a9 \u00d8\u00a3\u00d8\u00ac\u00d8\u00b2\u00d8\u00a7\u00d8\u00a1. \u00d9\u0160\u00d8\u00ac\u00d8\u00a8 \u00d9\u02c6\u00d8\u00b6\u00d8\u00b9 \u00d8\u00ae\u00d9\u2026\u00d8\u00b3\u00d8\u00a9 \u00d8\u00a8\u00d8\u00ae\u00d8\u00a7\u00d8\u00ae\u00d8\u00a7\u00d8\u00aa \u00d8\u00b9\u00d9\u201e\u00d9\u2030 \u00d9\u0192\u00d9\u201e \u00d8\u00ac\u00d8\u00b2\u00d8\u00a1 \u00d9\u201e\u00d8\u00aa\u00d8\u00ba\u00d8\u00b7\u00d9\u0160\u00d8\u00a9 \u00d9\u0081\u00d8\u00b1\u00d9\u02c6\u00d8\u00a9 \u00d8\u00a7\u00d9\u201e\u00d8\u00b1\u00d8\u00a3\u00d8\u00b3 \u00d8\u00a8\u00d8\u00a7\u00d9\u201e\u00d9\u0192\u00d8\u00a7\u00d9\u2026\u00d9\u201e.<br \/>\n\u00d9\u0160\u00d8\u00ac\u00d8\u00a8 \u00d8\u00aa\u00d8\u00af\u00d9\u201e\u00d9\u0160\u00d9\u0192 \u00d9\u0081\u00d8\u00b1\u00d9\u02c6\u00d8\u00a9 \u00d8\u00a7\u00d9\u201e\u00d8\u00b1\u00d8\u00a3\u00d8\u00b3 \u00d8\u00a8\u00d8\u00b9\u00d8\u00af \u00d8\u00a7\u00d8\u00b3\u00d8\u00aa\u00d8\u00b9\u00d9\u2026\u00d8\u00a7\u00d9\u201e \u00d8\u00a7\u00d9\u201e\u00d9\u2026\u00d9\u2020\u00d8\u00aa\u00d8\u00ac.<br \/>\n\u00d8\u00b7\u00d8\u00b1\u00d9\u0160\u00d9\u201a\u00d8\u00a9 \u00d8\u00a7\u00d9\u201e\u00d8\u00a7\u00d8\u00b3\u00d8\u00aa\u00d8\u00ae\u00d8\u00af\u00d8\u00a7\u00d9\u2026:<br \/>\n\u00d8\u00b1\u00d8\u00b4\u00d9\u0160 \u00d8\u00a7\u00d9\u201e\u00d9\u2026\u00d8\u00b3\u00d8\u00aa\u00d8\u00ad\u00d8\u00b6\u00d8\u00b1 \u00d8\u00b9\u00d9\u201e\u00d9\u2030 \u00d8\u00ac\u00d8\u00b0\u00d9\u02c6\u00d8\u00b1 \u00d8\u00a7\u00d9\u201e\u00d8\u00b4\u00d8\u00b9\u00d8\u00b1 \u00d9\u201a\u00d8\u00b3\u00d9\u2026\u00d8\u00a7\u00d9\u2039 \u00d8\u00a8\u00d8\u00b9\u00d8\u00af \u00d9\u201a\u00d8\u00b3\u00d9\u2026\u00d8\u0152 \u00d8\u00b6\u00d8\u00b9\u00d9\u0160 5 \u00d8\u00b6\u00d8\u00ae\u00d8\u00a9 \u00d9\u2026\u00d9\u2020 \u00d8\u00a7\u00d9\u201e\u00d9\u2026\u00d8\u00b3\u00d8\u00aa\u00d8\u00ad\u00d8\u00b6\u00d8\u00b1 \u00d8\u00b9\u00d9\u201e\u00d9\u2030 \u00d9\u0192\u00d9\u201e \u00d9\u201a\u00d8\u00b3\u00d9\u2026\u00d8\u0152 \u00d8\u00ab\u00d9\u2026 \u00d8\u00af\u00d9\u201e\u00d9\u0192\u00d9\u0160\u00d9\u2021 \u00d8\u00b9\u00d9\u201e\u00d9\u2030 \u00d9\u0081\u00d8\u00b1\u00d9\u02c6\u00d8\u00a9 \u00d8\u00a7\u00d9\u201e\u00d8\u00b1\u00d8\u00a3\u00d8\u00b3 \u00d8\u00a8\u00d8\u00a7\u00d8\u00b3\u00d8\u00aa\u00d8\u00b9\u00d9\u2026\u00d8\u00a7\u00d9\u201e \u00d8\u00a3\u00d8\u00b7\u00d8\u00b1\u00d8\u00a7\u00d9\u0081 \u00d8\u00a3\u00d8\u00b5\u00d8\u00a7\u00d8\u00a8\u00d8\u00b9\u00d9\u0192 \u00d9\u201e\u00d8\u00b6\u00d9\u2026\u00d8\u00a7\u00d9\u2020 \u00d8\u00a7\u00d9\u2026\u00d8\u00aa\u00d8\u00b5\u00d8\u00a7\u00d8\u00b5\u00d9\u2021\u00d8\u0152 \u00d9\u201e\u00d8\u00a7\u00d8\u00aa\u00d8\u00ba\u00d8\u00b3\u00d9\u201e\u00d9\u0160 \u00d8\u00a7\u00d9\u201e\u00d9\u2026\u00d8\u00b3\u00d8\u00aa\u00d8\u00ad\u00d8\u00b6\u00d8\u00b1 \u00d8\u00b9\u00d9\u2020 \u00d8\u00b4\u00d8\u00b9\u00d8\u00b1\u00d9\u0192.<\/p>\n","protected":false},"excerpt":{"rendered":"<p>Concentrated scalp care acts at the roots for visibly stronger, denser hair. With each application, hair looks thicker. For women who suffer from thinning hair, lack of hair density, and a decrease in hair mass who want stronger, denser hair. Provides immediate shine and volume. Creates thicker looking hair in just 6 weeks. Use 5&#8230;<\/p>\n","protected":false},"featured_media":2645,"comment_status":"closed","ping_status":"open","template":"","meta":{"rs_blank_template":"","rs_page_bg_color":"","slide_template_v7":"","_bst_post_transparent":"","_bst_post_title":"","_bst_post_layout":"","_bst_post_sidebar_id":"","_bst_post_content_style":"","_bst_post_vertical_padding":"","_bst_post_feature":"","_bst_post_feature_position":"","_bst_post_header":false,"_bst_post_footer":false},"product_brand":[],"product_cat":[15],"product_tag":[],"product_brands":[],"class_list":{"0":"post-2644","1":"product","2":"type-product","3":"status-publish","4":"has-post-thumbnail","6":"product_cat-uncategorized","8":"first","9":"instock","10":"purchasable","11":"product-type-simple","12":"entry","13":"content-bg","14":"loop-entry"},"_links":{"self":[{"href":"https:\/\/nawarpharmacy.com\/ru\/wp-json\/wp\/v2\/product\/2644","targetHints":{"allow":["GET"]}}],"collection":[{"href":"https:\/\/nawarpharmacy.com\/ru\/wp-json\/wp\/v2\/product"}],"about":[{"href":"https:\/\/nawarpharmacy.com\/ru\/wp-json\/wp\/v2\/types\/product"}],"replies":[{"embeddable":true,"href":"https:\/\/nawarpharmacy.com\/ru\/wp-json\/wp\/v2\/comments?post=2644"}],"wp:featuredmedia":[{"embeddable":true,"href":"https:\/\/nawarpharmacy.com\/ru\/wp-json\/wp\/v2\/media\/2645"}],"wp:attachment":[{"href":"https:\/\/nawarpharmacy.com\/ru\/wp-json\/wp\/v2\/media?parent=2644"}],"wp:term":[{"taxonomy":"product_brand","embeddable":true,"href":"https:\/\/nawarpharmacy.com\/ru\/wp-json\/wp\/v2\/product_brand?post=2644"},{"taxonomy":"product_cat","embeddable":true,"href":"https:\/\/nawarpharmacy.com\/ru\/wp-json\/wp\/v2\/product_cat?post=2644"},{"taxonomy":"product_tag","embeddable":true,"href":"https:\/\/nawarpharmacy.com\/ru\/wp-json\/wp\/v2\/product_tag?post=2644"},{"taxonomy":"product_brands","embeddable":true,"href":"https:\/\/nawarpharmacy.com\/ru\/wp-json\/wp\/v2\/product_brands?post=2644"}],"curies":[{"name":"wp","href":"https:\/\/api.w.org\/{rel}","templated":true}]}}