{"id":2620,"date":"2025-07-22T00:40:51","date_gmt":"2025-07-22T00:40:51","guid":{"rendered":"https:\/\/nawarpharmacy.com\/product\/vichy-mineral-89-fortifying-and-plumping-daily-booster-50ml\/"},"modified":"2025-07-22T00:40:53","modified_gmt":"2025-07-22T00:40:53","slug":"vichy-mineral-89-fortifying-and-plumping-daily-booster-50ml","status":"publish","type":"product","link":"https:\/\/nawarpharmacy.com\/ru\/product\/vichy-mineral-89-fortifying-and-plumping-daily-booster-50ml\/","title":{"rendered":"Vichy Mineral 89 Fortifying and Plumping Daily Booster &#8212; 50ml"},"content":{"rendered":"<p>Mineral 89, the skin\u00e2\u20ac\u2122s daily dose of strength! With 89% Vichy Mineralizing Water and natural Hyaluronic Acid, Mineral 89 boosts the skin\u00e2\u20ac\u2122s resilience against external aggressions. Benefits: Enriched with anti-oxidants and 15 minerals, it allows your skin to be more radiant, replenished, hydrated, and plumped. Mineral 89 can be used as a first step before any skincare routine and before applying makeup.<br \/>\nIt is suitable for all skin types, including sensitive skin. Paraben, fragrance, silicon, and alcohol-free. 1. Apply 2 drops on the fingertips.<br \/>\nFormulated with 89% Vichy Mineralizing Water and\u00c2\u00a0 Hyaluronic Acid. It hydrates, plumps, and fortifies the skin against daily aggressors such as pollution, stress, and fatigue. Mineral 89 fortifies the skin barrier. Skin is hydrated, radiant, and quenched with health.<br \/>\nHypoallergenic, suitable for sensitive skin.<br \/>\nNo fragrance, no alcohol.<br \/>\n+24% hydration after first usage and +21% plumpness after 4 weeks.<br \/>\nStrengthens the skin barrier against daily agressors.<br \/>\nSuitable for all skin types, tested on sensitive skin.<br \/>\nHow to use:<br \/>\nApply mineral 89, as the 1st step of your daily morning routine on clean skin.<br \/>\nApply 2 drops on the fingertips.<br \/>\nTap Gently: back and forth movements to gently distribute the texture all over the face.<br \/>\nSpread Upward movements from the inside to the contours.<br \/>\nIngredients:<br \/>\nAqua \/ Water, PEG\/PPG\/Polybutylene Glycol8\/, 5\/3 Glycerin, Glycerin, Butylene Glycol, Methyl Gluceth20, Carbomer, Sodium Hyaluronate, Phenoxyethanol, Caprylyl Glycol, Citric Acid, Biosaccharide Gum1.<br \/>\n\u00d9\u2026\u00d9\u0160\u00d9\u2020\u00d9\u0160\u00d8\u00b1\u00d8\u00a7\u00d9\u201e 89\u00d8\u0152 \u00d8\u00ac\u00d8\u00b1\u00d8\u00b9\u00d8\u00aa\u00d9\u0192 \u00d8\u00a7\u00d9\u201e\u00d9\u0160\u00d9\u02c6\u00d9\u2026\u00d9\u0160\u00d8\u00a9 \u00d9\u201e\u00d8\u00a8\u00d8\u00b4\u00d8\u00b1\u00d8\u00a9 \u00d9\u2026\u00d8\u00b9\u00d8\u00b2\u00d8\u00b2\u00d8\u00a9. \u00d9\u2026\u00d8\u00b9 89% \u00d9\u2026\u00d9\u2020 \u00d9\u2026\u00d9\u0160\u00d8\u00a7\u00d9\u2021 \u00d9\u0081\u00d9\u0160\u00d8\u00b4\u00d9\u0160 \u00d8\u00a7\u00d9\u201e\u00d9\u2026\u00d8\u00b9\u00d8\u00af\u00d9\u2020\u00d9\u0160\u00d8\u00a9 \u00d9\u02c6\u00d8\u00ad\u00d9\u2026\u00d8\u00b6 \u00d8\u00a7\u00d9\u201e\u00d9\u2021\u00d9\u0160\u00d8\u00a7\u00d9\u201e\u00d9\u02c6\u00d8\u00b1\u00d9\u02c6\u00d9\u2020\u00d9\u0160\u00d9\u0192 \u00d8\u00a7\u00d9\u201e\u00d8\u00b7\u00d8\u00a8\u00d9\u0160\u00d8\u00b9\u00d9\u0160\u00d8\u0152 \u00d9\u2026\u00d9\u0160\u00d9\u2020\u00d9\u0160\u00d8\u00b1\u00d8\u00a7\u00d9\u201e 89 \u00d9\u0160\u00d8\u00b9\u00d9\u0160\u00d8\u00af \u00d8\u00a7\u00d9\u201e\u00d8\u00ad\u00d9\u0160\u00d8\u00a7\u00d8\u00a9 \u00d9\u201e\u00d8\u00a8\u00d8\u00b4\u00d8\u00b1\u00d8\u00aa\u00d9\u0192 \u00d9\u02c6\u00d9\u0160\u00d9\u201a\u00d9\u02c6\u00d9\u0160 \u00d8\u00ad\u00d8\u00a7\u00d8\u00ac\u00d8\u00b2 \u00d8\u00a7\u00d9\u201e\u00d8\u00a8\u00d8\u00b4\u00d8\u00b1\u00d8\u00a9 \u00d8\u00b6\u00d8\u00af \u00d8\u00a5\u00d8\u00b9\u00d8\u00aa\u00d8\u00af\u00d8\u00a7\u00d8\u00a1\u00d8\u00a7\u00d8\u00aa \u00d8\u00a7\u00d9\u201e\u00d8\u00b9\u00d9\u02c6\u00d8\u00a7\u00d9\u2026\u00d9\u201e \u00d8\u00a7\u00d9\u201e\u00d8\u00ae\u00d8\u00a7\u00d8\u00b1\u00d8\u00ac\u00d9\u0160\u00d8\u00a9. \u00d8\u00ba\u00d9\u2020\u00d9\u0160 \u00d8\u00a8\u00d9\u2026\u00d9\u02c6\u00d8\u00a7\u00d8\u00af \u00d9\u2026\u00d8\u00b6\u00d8\u00a7\u00d8\u00af\u00d8\u00a9 \u00d9\u201e\u00d9\u201e\u00d8\u00a3\u00d9\u0192\u00d8\u00b3\u00d8\u00af\u00d8\u00a9 \u00d9\u02c615 \u00d9\u2020\u00d9\u02c6\u00d8\u00b9 \u00d9\u2026\u00d9\u2020 \u00d8\u00a7\u00d9\u201e\u00d9\u2026\u00d8\u00b9\u00d8\u00a7\u00d8\u00af\u00d9\u2020 \u00d9\u201e\u00d8\u00a8\u00d8\u00b4\u00d8\u00b1\u00d8\u00a9 \u00d9\u2026\u00d9\u2026\u00d8\u00aa\u00d9\u201e\u00d8\u00a6\u00d8\u00a9\u00d8\u0152 \u00d9\u2020\u00d8\u00b6\u00d8\u00b1\u00d8\u00a9 \u00d9\u02c6\u00d8\u00a3\u00d9\u0192\u00d8\u00ab\u00d8\u00b1 \u00d8\u00ad\u00d9\u0160\u00d9\u02c6\u00d9\u0160\u00d8\u00a9. \u00d9\u0160\u00d9\u008f\u00d8\u00b3\u00d8\u00aa\u00d8\u00ae\u00d8\u00af\u00d9\u2026 \u00d9\u2026\u00d9\u0160\u00d9\u2020\u00d9\u0160\u00d8\u00b1\u00d8\u00a7\u00d9\u201e 89 \u00d9\u0192\u00d8\u00ae\u00d8\u00b7\u00d9\u02c6\u00d8\u00a9 \u00d8\u00a3\u00d9\u02c6\u00d9\u201e\u00d9\u2030 \u00d9\u201e\u00d8\u00b1\u00d9\u02c6\u00d8\u00aa\u00d9\u0160\u00d9\u2020 \u00d8\u00b9\u00d9\u2020\u00d8\u00a7\u00d9\u0160\u00d8\u00a9 \u00d8\u00a8\u00d8\u00b4\u00d8\u00b1\u00d8\u00aa\u00d9\u0192 \u00d9\u02c6\u00d9\u201a\u00d8\u00a8\u00d9\u201e \u00d8\u00a7\u00d9\u201e\u00d9\u2026\u00d9\u0192\u00d9\u0160\u00d8\u00a7\u00d8\u00ac. \u00d9\u2026\u00d9\u2020\u00d8\u00a7\u00d8\u00b3\u00d8\u00a8 \u00d9\u201e\u00d8\u00ac\u00d9\u2026\u00d9\u0160\u00d8\u00b9 \u00d8\u00a3\u00d9\u2020\u00d9\u02c6\u00d8\u00a7\u00d8\u00b9 \u00d8\u00a7\u00d9\u201e\u00d8\u00a8\u00d8\u00b4\u00d8\u00b1\u00d8\u00a9. \u00d9\u2026\u00d9\u2020\u00d8\u00a7\u00d8\u00b3\u00d8\u00a8 \u00d9\u201e\u00d9\u201e\u00d8\u00a8\u00d8\u00b4\u00d8\u00b1\u00d8\u00a9 \u00d8\u00a7\u00d9\u201e\u00d8\u00ad\u00d8\u00b3\u00d8\u00a7\u00d8\u00b3\u00d8\u00a9. \u00d8\u00ae\u00d8\u00a7\u00d9\u201e\u00d9\u0160 \u00d9\u2026\u00d9\u2020 \u00d8\u00a7\u00d9\u201e\u00d8\u00a8\u00d8\u00a7\u00d8\u00b1\u00d8\u00a7\u00d8\u00a8\u00d9\u0160\u00d9\u2020\u00d8\u0152 \u00d8\u00a7\u00d9\u201e\u00d8\u00b3\u00d9\u0160\u00d9\u201e\u00d9\u0160\u00d9\u0192\u00d9\u02c6\u00d9\u2020\u00d8\u0152 \u00d8\u00a7\u00d9\u201e\u00d9\u0192\u00d8\u00ad\u00d9\u02c6\u00d9\u201e \u00d9\u02c6\u00d8\u00a7\u00d9\u201e\u00d8\u00b9\u00d8\u00b7\u00d9\u02c6\u00d8\u00b1. \u00d8\u00aa\u00d8\u00ad\u00d8\u00af\u00d9\u0160\u00d8\u00af \u00d8\u00a7\u00d9\u201e\u00d9\u0192\u00d9\u2026\u00d9\u0160\u00d8\u00a9: \u00d9\u02c6\u00d8\u00b6\u00d8\u00b9 \u00d9\u201a\u00d8\u00b7\u00d8\u00b1\u00d8\u00aa\u00d9\u0160\u00d9\u2020 \u00d9\u2026\u00d9\u2020 \u00d8\u00a7\u00d9\u201e\u00d9\u2026\u00d9\u2020\u00d8\u00aa\u00d8\u00ac \u00d8\u00b9\u00d9\u201e\u00d9\u2030 \u00d8\u00a3\u00d8\u00b7\u00d8\u00b1\u00d8\u00a7\u00d9\u0081 \u00d8\u00a7\u00d9\u201e\u00d8\u00a3\u00d8\u00b5\u00d8\u00a7\u00d8\u00a8\u00d8\u00b9.<br \/>\n\u00e2\u20ac\u00a2 \u00d9\u0160\u00d9\u201a\u00d9\u02c6\u00d9\u2030 \u00d9\u02c6\u00d9\u0160\u00d9\u2026\u00d9\u201e\u00d8\u00a3 \u00d9\u02c6\u00d9\u0160\u00d8\u00b1\u00d8\u00b7\u00d8\u00a8 \u00d8\u00a7\u00d9\u201e\u00d8\u00a8\u00d8\u00b4\u00d8\u00b1\u00d8\u00a9 \u00d9\u02c6\u00d9\u0160\u00d8\u00b9\u00d8\u00b7\u00d9\u0160\u00d9\u2021\u00d8\u00a7 \u00d9\u2026\u00d8\u00b8\u00d9\u2021\u00d8\u00b1 \u00d8\u00b5\u00d8\u00ad\u00d9\u2030.<br \/>\n\u00e2\u20ac\u00a2 \u00d8\u00aa\u00d9\u2026 \u00d8\u00a5\u00d8\u00ae\u00d8\u00aa\u00d8\u00a8\u00d8\u00a7\u00d8\u00b1 Mineral 89 \u00d9\u2026\u00d9\u2020 \u00d9\u201a\u00d8\u00a8\u00d9\u201e \u00d8\u00a3\u00d8\u00b7\u00d8\u00a8\u00d8\u00a7\u00d8\u00a1 \u00d8\u00a7\u00d9\u201e\u00d8\u00ac\u00d9\u201e\u00d8\u00af\u00d9\u0160\u00d8\u00a9 \u00d8\u00b9\u00d9\u201e\u00d9\u2030 \u00d9\u00a5\u00d9\u00a2 \u00d8\u00b3\u00d9\u0160\u00d8\u00af\u00d8\u00a9 \u00d8\u00ae\u00d9\u201e\u00d8\u00a7\u00d9\u201e \u00d8\u00b4\u00d9\u2021\u00d8\u00b1<br \/>\n\u00e2\u20ac\u00a2 \u00d9\u02c6\u00d9\u0192\u00d8\u00a7\u00d9\u2020\u00d8\u00aa \u00d8\u00a7\u00d9\u201e\u00d9\u2020\u00d8\u00aa\u00d9\u0160\u00d8\u00ac\u00d8\u00a9 \u00d8\u00a7\u00d9\u201e\u00d9\u0081\u00d9\u02c6\u00d8\u00b1\u00d9\u0160\u00d8\u00a9 : \u00d9\u2026\u00d8\u00b8\u00d9\u2021\u00d8\u00b1 \u00d8\u00b5\u00d8\u00ad\u00d9\u2030 \u00d9\u00a8\u00d9\u00a1\u00d9\u00aa \u00d9\u02c6\u00d8\u00a8\u00d8\u00b4\u00d8\u00b1\u00d8\u00a9 \u00d9\u2020\u00d8\u00a7\u00d8\u00b9\u00d9\u2026\u00d8\u00a9 \u00d9\u02c6\u00d9\u2026\u00d8\u00aa\u00d8\u00b1\u00d8\u00b7\u00d8\u00a8\u00d8\u00a9 \u00d9\u00a8\u00d9\u00a5\u00d9\u00aa<br \/>\n\u00e2\u20ac\u00a2 \u00d9\u02c6\u00d8\u00a8\u00d8\u00b9\u00d8\u00af \u00d8\u00b4\u00d9\u2021\u00d8\u00b1 : \u00d8\u00a8\u00d8\u00b4\u00d8\u00b1\u00d8\u00a9 \u00d9\u2026\u00d8\u00b4\u00d8\u00b1\u00d9\u201a\u00d8\u00a9 \u00d9\u00a9\u00d9\u00a4\u00d9\u00aa \u00d9\u02c6\u00d8\u00a8\u00d8\u00b4\u00d8\u00b1\u00d8\u00a9 \u00d9\u2020\u00d8\u00b6\u00d8\u00b1\u00d8\u00a9 \u00d9\u02c6\u00d9\u2026\u00d8\u00b6\u00d9\u0160\u00d8\u00a6\u00d8\u00a9 \u00d9\u00a8\u00d9\u00a7\u00d9\u00aa \u00d9\u02c6\u00d9\u2026\u00d8\u00b8\u00d9\u2021\u00d8\u00b1 \u00d9\u2026\u00d9\u2026\u00d8\u00aa\u00d9\u201e\u00d8\u00a6 \u00d9\u00a8\u00d9\u00a3\u00d9\u00aa<br \/>\n\u00e2\u20ac\u00a2 \u00d9\u0081\u00d8\u00a7\u00d8\u00b9\u00d9\u201e\u00d9\u0160\u00d8\u00a9 \u00d9\u2026\u00d8\u00ab\u00d8\u00a8\u00d8\u00aa\u00d8\u00a9 \u00d9\u2026\u00d9\u2020 \u00d9\u201a\u00d8\u00a8\u00d9\u201e \u00d8\u00a3\u00d8\u00b7\u00d8\u00a8\u00d8\u00a7\u00d8\u00a1 \u00d8\u00a7\u00d9\u201e\u00d8\u00ac\u00d9\u201e\u00d8\u00af\u00d9\u0160\u00d8\u00a9 \u00d9\u201e\u00d8\u00a8\u00d8\u00b4\u00d8\u00b1\u00d8\u00a9 \u00d8\u00b0\u00d8\u00a7\u00d8\u00aa \u00d9\u2026\u00d8\u00b8\u00d9\u2021\u00d8\u00b1 \u00d8\u00b5\u00d8\u00ad\u00d9\u2030.<br \/>\n\u00d8\u00b7\u00d8\u00b1\u00d9\u0160\u00d9\u201a\u00d8\u00a9 \u00d8\u00a7\u00d9\u201e\u00d8\u00a7\u00d8\u00b3\u00d8\u00aa\u00d8\u00ae\u00d8\u00af\u00d8\u00a7\u00d9\u2026:<br \/>\n\u00d8\u00b7\u00d8\u00a8\u00d9\u201a\u00d9\u0160 MINERAL 89 \u00d8\u00b9\u00d9\u201e\u00d9\u2030 \u00d8\u00a8\u00d8\u00b4\u00d8\u00b1\u00d8\u00a9 \u00d9\u2020\u00d8\u00b8\u00d9\u0160\u00d9\u0081\u00d8\u00a9.\u00d9\u0192\u00d8\u00ae\u00d8\u00b7\u00d9\u02c6\u00d8\u00a9 \u00d8\u00a3\u00d9\u02c6\u00d9\u201e\u00d9\u2030 \u00d9\u2026\u00d9\u2020 \u00d8\u00b1\u00d9\u02c6\u00d8\u00aa\u00d9\u0160\u00d9\u2020\u00d9\u0192 \u00d8\u00a7\u00d9\u201e\u00d9\u0160\u00d9\u02c6\u00d9\u2026\u00d9\u0160 \u00d8\u00a7\u00d9\u201e\u00d8\u00b5\u00d8\u00a8\u00d8\u00a7\u00d8\u00ad\u00d9\u0160 \u00d9\u02c6 \u00d8\u00a7\u00d9\u201e\u00d9\u2026\u00d8\u00b3\u00d8\u00a7\u00d8\u00a6\u00d9\u0160<\/p>\n","protected":false},"excerpt":{"rendered":"<p>Mineral 89, the skin\u00e2\u20ac\u2122s daily dose of strength! With 89% Vichy Mineralizing Water and natural Hyaluronic Acid, Mineral 89 boosts the skin\u00e2\u20ac\u2122s resilience against external aggressions. Benefits: Enriched with anti-oxidants and 15 minerals, it allows your skin to be more radiant, replenished, hydrated, and plumped. Mineral 89 can be used as a first step before&#8230;<\/p>\n","protected":false},"featured_media":2621,"comment_status":"closed","ping_status":"open","template":"","meta":{"rs_blank_template":"","rs_page_bg_color":"","slide_template_v7":"","_bst_post_transparent":"","_bst_post_title":"","_bst_post_layout":"","_bst_post_sidebar_id":"","_bst_post_content_style":"","_bst_post_vertical_padding":"","_bst_post_feature":"","_bst_post_feature_position":"","_bst_post_header":false,"_bst_post_footer":false},"product_brand":[],"product_cat":[15],"product_tag":[],"product_brands":[],"class_list":{"0":"post-2620","1":"product","2":"type-product","3":"status-publish","4":"has-post-thumbnail","6":"product_cat-uncategorized","8":"first","9":"instock","10":"purchasable","11":"product-type-simple","12":"entry","13":"content-bg","14":"loop-entry"},"_links":{"self":[{"href":"https:\/\/nawarpharmacy.com\/ru\/wp-json\/wp\/v2\/product\/2620","targetHints":{"allow":["GET"]}}],"collection":[{"href":"https:\/\/nawarpharmacy.com\/ru\/wp-json\/wp\/v2\/product"}],"about":[{"href":"https:\/\/nawarpharmacy.com\/ru\/wp-json\/wp\/v2\/types\/product"}],"replies":[{"embeddable":true,"href":"https:\/\/nawarpharmacy.com\/ru\/wp-json\/wp\/v2\/comments?post=2620"}],"wp:featuredmedia":[{"embeddable":true,"href":"https:\/\/nawarpharmacy.com\/ru\/wp-json\/wp\/v2\/media\/2621"}],"wp:attachment":[{"href":"https:\/\/nawarpharmacy.com\/ru\/wp-json\/wp\/v2\/media?parent=2620"}],"wp:term":[{"taxonomy":"product_brand","embeddable":true,"href":"https:\/\/nawarpharmacy.com\/ru\/wp-json\/wp\/v2\/product_brand?post=2620"},{"taxonomy":"product_cat","embeddable":true,"href":"https:\/\/nawarpharmacy.com\/ru\/wp-json\/wp\/v2\/product_cat?post=2620"},{"taxonomy":"product_tag","embeddable":true,"href":"https:\/\/nawarpharmacy.com\/ru\/wp-json\/wp\/v2\/product_tag?post=2620"},{"taxonomy":"product_brands","embeddable":true,"href":"https:\/\/nawarpharmacy.com\/ru\/wp-json\/wp\/v2\/product_brands?post=2620"}],"curies":[{"name":"wp","href":"https:\/\/api.w.org\/{rel}","templated":true}]}}