{"id":1517,"date":"2025-07-22T00:22:29","date_gmt":"2025-07-22T00:22:29","guid":{"rendered":"https:\/\/nawarpharmacy.com\/product\/la-roche-posay-anthelios-uv-mune-400-tinted-fluid-spf50-50ml\/"},"modified":"2025-07-22T00:23:24","modified_gmt":"2025-07-22T00:23:24","slug":"la-roche-posay-anthelios-uv-mune-400-tinted-fluid-spf50-50ml","status":"publish","type":"product","link":"https:\/\/nawarpharmacy.com\/ru\/product\/la-roche-posay-anthelios-uv-mune-400-tinted-fluid-spf50-50ml\/","title":{"rendered":"La Roche-Posay Anthelios UV Mune 400 Tinted Fluid SPF50+ &#8212; 50ml"},"content":{"rendered":"<p>Very high UVA\/UVB protection. Helps to prevent oxidative stress induced by Infrared-A and pollution. Sensitive and sun intolerant skin.<br \/>\nOur ultimate protection with ultra-long UVA filter.<br \/>\nVery water + sweat resistant.<br \/>\nAnti-eye stinging.<br \/>\nSensitive skin.<br \/>\nHow to use<br \/>\nRe-apply frequently and generously to maintain protection.<br \/>\nApply the sunscreen product just before exposure. Re-apply frequently and generously to maintain protection, especially after perspiring or toweling. External use.<br \/>\nIngredients:<br \/>\n885758 15 &#8212; ingredients :aqua \/water \/ eau \u00e2\u20ac\u00a2 alcohol denat. \u00e2\u20ac\u00a2 triethyl citrate \u00e2\u20ac\u00a2 diisopropyl sebacate \u00e2\u20ac\u00a2 silica \u00e2\u20ac\u00a2 ethylhexyl<br \/>\nSalicylate \u00e2\u20ac\u00a2 bis-ethylhexyloxyphenolmethoxyphenyltriazine \u00e2\u20ac\u00a2 ethylhexyltriazone \u00e2\u20ac\u00a2 butylmethoxydibenzoylmethane \u00e2\u20ac\u00a2Glycerin \u00e2\u20ac\u00a2 propanediol \u00e2\u20ac\u00a2 c12-22 alkyl acrylate\/hydroxyethylacrylate copolymer \u00e2\u20ac\u00a2 ci 77891 \/ titaniumdioxide \u00e2\u20ac\u00a2Methoxypropylamino cyclohexenylidene ethoxyethylcyanoacetate \u00e2\u20ac\u00a2 perlite \u00e2\u20ac\u00a2tocopherol \u00e2\u20ac\u00a2 caprylic\/caprictriglyceride<br \/>\nacrylates\/c10-30alkylacrylate crosspolymer \u00e2\u20ac\u00a2 caprylylglycol \u00e2\u20ac\u00a2 ci 77491 \/ ironoxides \u00e2\u20ac\u00a2 ci 77492 \/ ironoxides \u00e2\u20ac\u00a2 ci 77499 \/<br \/>\nIronoxides\u00e2\u20ac\u00a2diethylaminohydroxybenzoylhexylbenzoate\u00e2\u20ac\u00a2drometrizoletrisiloxane\u00e2\u20ac\u00a2hydroxyethylcellulose\u00e2\u20ac\u00a2sodium<br \/>\nStearoyl glutamate \u00e2\u20ac\u00a2terephthalylidene dicamphor sulfonicacid \u00e2\u20ac\u00a2Triethanolamine\u00e2\u20ac\u00a2trisodiumethylenediaminedisuccinate\u00e2\u20ac\u00a2parfum\/ fragrance.<br \/>\n\u00d8\u00a3\u00d8\u00b9\u00d9\u201e\u00d9\u2030 \u00d8\u00ad\u00d9\u2026\u00d8\u00a7\u00d9\u0160\u00d8\u00a9 \u00d9\u2026\u00d9\u2020 \u00d8\u00a3\u00d8\u00b4\u00d8\u00b9\u00d8\u00a9 \u00d8\u00a7\u00d9\u201e\u00d8\u00b4\u00d9\u2026\u00d8\u00b3 \u00d8\u00a7\u00d9\u201e\u00d9\u0081\u00d9\u02c6\u00d9\u201a \u00d8\u00a7\u00d9\u201e\u00d8\u00a8\u00d9\u2020\u00d9\u0081\u00d8\u00b3\u00d8\u00ac\u00d9\u0160\u00d8\u00a9 \u00d9\u2026\u00d9\u2020 \u00d9\u0192\u00d9\u201e \u00d9\u2026\u00d9\u2020\u00d8\u00aa\u00d8\u00ac\u00d8\u00a7\u00d8\u00aa \u00d8\u00a3\u00d9\u2020\u00d8\u00ab\u00d9\u0160\u00d9\u201e\u00d9\u0160\u00d9\u02c6\u00d8\u00b3. \u00d8\u00aa\u00d8\u00ad\u00d9\u2026\u00d9\u0160 \u00d8\u00a7\u00d9\u201e\u00d8\u00a8\u00d8\u00b4\u00d8\u00b1\u00d8\u00a9 \u00d9\u2026\u00d9\u2020 UVA \u00d9\u02c6UVB \u00d8\u00a7\u00d9\u201e\u00d8\u00ae\u00d8\u00b5\u00d8\u00a7\u00d8\u00a6\u00d8\u00b5 \u00d9\u02c6\u00d8\u00a7\u00d9\u201a\u00d9\u0160 \u00d8\u00b4\u00d9\u2026\u00d8\u00b3\u00d9\u0160 \u00d9\u201e\u00d9\u201e\u00d9\u02c6\u00d8\u00ac\u00d9\u2021 \u00d9\u201e\u00d9\u201e\u00d8\u00a8\u00d8\u00b4\u00d8\u00b1\u00d8\u00a9 \u00d8\u00a7\u00d9\u201e\u00d8\u00ad\u00d8\u00b3\u00d8\u00a7\u00d8\u00b3\u00d8\u00a9 \u00d8\u00a3\u00d9\u02c6 \u00d8\u00a7\u00d9\u201e\u00d8\u00ad\u00d8\u00b3\u00d8\u00a7\u00d8\u00b3\u00d8\u00a9 \u00d9\u2026\u00d9\u2020 \u00d8\u00a7\u00d9\u201e\u00d8\u00b4\u00d9\u2026\u00d8\u00b3<br \/>\n\u00e2\u20ac\u00a2 \u00d8\u00ad\u00d9\u2026\u00d8\u00a7\u00d9\u0160\u00d8\u00a9 \u00d8\u00b9\u00d8\u00a7\u00d9\u201e\u00d9\u0160\u00d8\u00a9 \u00d8\u00ac\u00d8\u00af\u00d8\u00a7 \u00d8\u00a7\u00d9\u201e\u00d8\u00a3\u00d8\u00b4\u00d8\u00b9\u00d9\u2018\u00d8\u00a9 \u00d9\u2026\u00d8\u00a7 \u00d9\u0081\u00d9\u02c6\u00d9\u201a \u00d8\u00a7\u00d9\u201e\u00d8\u00a8\u00d9\u2020\u00d9\u0081\u00d8\u00b3\u00d8\u00ac\u00d9\u0160\u00d8\u00a9 \u00d8\u00a7\u00d9\u201e\u00d8\u00b7\u00d9\u02c6\u00d9\u0160\u00d9\u201e\u00d8\u00a9 \u00d8\u00a7\u00d9\u201e\u00d9\u0081\u00d8\u00a7\u00d8\u00a6\u00d9\u201a\u00d8\u00a9 \u00d8\u00a7\u00d9\u201e\u00d8\u00ad\u00d8\u00af\u00d9\u2018\u00d8\u00a9<br \/>\n\u00e2\u20ac\u00a2 \u00d8\u00b6\u00d8\u00af \u00d8\u00a7\u00d9\u201e\u00d9\u2026\u00d8\u00a7\u00d8\u00a1 \u00d9\u02c6\u00d8\u00a7\u00d9\u201e\u00d8\u00b9\u00d8\u00b1\u00d9\u201a<br \/>\n\u00e2\u20ac\u00a2 \u00d9\u2026\u00d9\u2020\u00d8\u00a7\u00d8\u00b3\u00d8\u00a8 \u00d9\u201e\u00d9\u2026\u00d9\u2020\u00d8\u00b7\u00d9\u201a\u00d8\u00a9 \u00d8\u00ad\u00d9\u02c6\u00d9\u201e \u00d8\u00a7\u00d9\u201e\u00d8\u00b9\u00d9\u0160\u00d9\u2020<br \/>\n\u00e2\u20ac\u00a2 \u00d9\u201e\u00d9\u201e\u00d8\u00a8\u00d8\u00b4\u00d8\u00b1\u00d8\u00a9 \u00d8\u00a7\u00d9\u201e\u00d8\u00ad\u00d8\u00b3\u00d8\u00a7\u00d8\u00b3\u00d8\u00a9<br \/>\n\u00e2\u20ac\u00a2 \u00d9\u2026\u00d9\u2020\u00d8\u00a7\u00d8\u00b3\u00d8\u00a8 \u00d8\u00a3\u00d9\u0160\u00d8\u00b6\u00d9\u2039\u00d8\u00a7 \u00d9\u201e\u00d9\u201e\u00d8\u00a8\u00d8\u00b4\u00d8\u00b1\u00d8\u00a9 \u00d8\u00a7\u00d9\u201e\u00d8\u00aa\u00d9\u0160 \u00d8\u00aa\u00d8\u00b9\u00d8\u00a7\u00d9\u2020\u00d9\u0160 \u00d9\u2026\u00d9\u2020 \u00d8\u00ad\u00d8\u00b3\u00d8\u00a7\u00d8\u00b3\u00d9\u0160\u00d8\u00a9 \u00d8\u00a7\u00d9\u201e\u00d8\u00b4\u00d9\u2026\u00d8\u00b3.<br \/>\n\u00e2\u20ac\u00a2 \u00d9\u201e\u00d8\u00a7 \u00d9\u0160\u00d8\u00b3\u00d8\u00a8\u00d8\u00a8 \u00d8\u00ad\u00d9\u0192\u00d8\u00a9 \u00d9\u201e\u00d9\u201e\u00d8\u00b9\u00d9\u0160\u00d9\u2020\u00d9\u0160\u00d9\u2020.<br \/>\n\u00e2\u20ac\u00a2 \u00d9\u201e\u00d8\u00a7 \u00d9\u0160\u00d8\u00b3\u00d8\u00af \u00d8\u00a7\u00d9\u201e\u00d9\u2026\u00d8\u00b3\u00d8\u00a7\u00d9\u2026.<br \/>\n\u00d8\u00b7\u00d8\u00b1\u00d9\u0160\u00d9\u201a\u00d8\u00a9 \u00d8\u00a7\u00d9\u201e\u00d8\u00a7\u00d8\u00b3\u00d8\u00aa\u00d8\u00ae\u00d8\u00af\u00d8\u00a7\u00d9\u2026:<br \/>\n\u00d9\u0160\u00d8\u00aa\u00d9\u2026 \u00d9\u02c6\u00d8\u00b6\u00d8\u00b9\u00d9\u2021 \u00d9\u201a\u00d8\u00a8\u00d9\u201e \u00d8\u00a7\u00d9\u201e\u00d8\u00aa\u00d8\u00b9\u00d8\u00b1\u00d8\u00b6 \u00d9\u201e\u00d9\u201e\u00d8\u00b4\u00d9\u2026\u00d8\u00b3.<br \/>\n\u00e2\u20ac\u00a2 \u00d9\u201e\u00d8\u00a3\u00d9\u0192\u00d8\u00ab\u00d8\u00b1 \u00d9\u2026\u00d9\u2020 25 \u00d8\u00b9\u00d8\u00a7\u00d9\u2026\u00d9\u2039\u00d8\u00a7\u00d8\u0152 \u00d8\u00a7\u00d8\u00ad\u00d8\u00aa\u00d9\u201e\u00d8\u00aa \u00d9\u2026\u00d8\u00ac\u00d9\u2026\u00d9\u02c6\u00d8\u00b9\u00d8\u00a9 \u00d8\u00a3\u00d9\u2020\u00d8\u00ab\u00d9\u0160\u00d9\u201e\u00d9\u0160\u00d9\u02c6\u00d8\u00b3 \u00d9\u2026\u00d9\u0192\u00d8\u00a7\u00d9\u2020\u00d8\u00a9 \u00d8\u00b1\u00d8\u00a7\u00d8\u00a6\u00d8\u00af\u00d8\u00a9 \u00d9\u2026\u00d9\u2020 \u00d8\u00ad\u00d9\u0160\u00d8\u00ab \u00d8\u00a7\u00d9\u201e\u00d8\u00a7\u00d8\u00a8\u00d8\u00aa\u00d9\u0192\u00d8\u00a7\u00d8\u00b1\u00d8\u00a7\u00d8\u00aa \u00d8\u00a7\u00d9\u201e\u00d8\u00a3\u00d9\u0192\u00d8\u00ab\u00d8\u00b1 \u00d8\u00aa\u00d8\u00b7\u00d9\u02c6\u00d8\u00b1\u00d9\u2039\u00d8\u00a7\u00d8\u0152 \u00d9\u2026\u00d8\u00ab\u00d9\u201e: \u00d9\u0081\u00d9\u201e\u00d8\u00a7\u00d8\u00aa\u00d8\u00b1 \u00d8\u00a7\u00d9\u201e\u00d8\u00a3\u00d8\u00b4\u00d8\u00b9\u00d8\u00a9 \u00d9\u0081\u00d9\u02c6\u00d9\u201a \u00d8\u00a7\u00d9\u201e\u00d8\u00a8\u00d9\u2020\u00d9\u0081\u00d8\u00b3\u00d8\u00ac\u00d9\u0160\u00d8\u00a9 UVA\u00d8\u0152 \u00d9\u02c6\u00d8\u00a7\u00d9\u201e\u00d8\u00ad\u00d9\u2026\u00d8\u00a7\u00d9\u0160\u00d8\u00a9 \u00d9\u02c6\u00d8\u00a7\u00d8\u00b3\u00d8\u00b9\u00d8\u00a9 \u00d8\u00a7\u00d9\u201e\u00d9\u2020\u00d8\u00b7\u00d8\u00a7\u00d9\u201a\u00d8\u0152 \u00d9\u02c6\u00d9\u201a\u00d9\u02c6\u00d8\u00a7\u00d9\u2026 \u00d8\u00a7\u00d9\u201e\u00d9\u2026\u00d9\u2020\u00d8\u00aa\u00d8\u00ac \u00d9\u02c6\u00d8\u00a7\u00d9\u201e\u00d8\u00aa\u00d9\u201a\u00d9\u2020\u00d9\u0160\u00d8\u00a9 \u00d8\u00a7\u00d9\u201e\u00d9\u2026\u00d8\u00b3\u00d8\u00aa\u00d8\u00ae\u00d8\u00af\u00d9\u2026\u00d8\u00a9.<br \/>\n\u00e2\u20ac\u00a2 \u00d9\u02c6\u00d9\u2021\u00d9\u02c6 \u00d9\u2026\u00d9\u2020\u00d8\u00a7\u00d8\u00b3\u00d8\u00a8 \u00d9\u201e\u00d8\u00ac\u00d9\u2026\u00d9\u0160\u00d8\u00b9 \u00d8\u00a3\u00d9\u2020\u00d9\u02c6\u00d8\u00a7\u00d8\u00b9 \u00d8\u00a7\u00d9\u201e\u00d8\u00a8\u00d8\u00b4\u00d8\u00b1\u00d8\u00a9 \u00d9\u02c6\u00d9\u0192\u00d8\u00a7\u00d9\u0081\u00d8\u00a9 \u00d8\u00b5\u00d9\u02c6\u00d8\u00b1\u00d9\u2021\u00d8\u00a7 \u00d8\u00a7\u00d9\u201e\u00d8\u00b6\u00d9\u02c6\u00d8\u00a6\u00d9\u0160\u00d8\u00a9.<\/p>\n","protected":false},"excerpt":{"rendered":"<p>Very high UVA\/UVB protection. Helps to prevent oxidative stress induced by Infrared-A and pollution. Sensitive and sun intolerant skin. Our ultimate protection with ultra-long UVA filter. Very water + sweat resistant. Anti-eye stinging. Sensitive skin. How to use Re-apply frequently and generously to maintain protection. Apply the sunscreen product just before exposure. Re-apply frequently and&#8230;<\/p>\n","protected":false},"featured_media":1518,"comment_status":"closed","ping_status":"open","template":"","meta":{"rs_blank_template":"","rs_page_bg_color":"","slide_template_v7":"","_bst_post_transparent":"","_bst_post_title":"","_bst_post_layout":"","_bst_post_sidebar_id":"","_bst_post_content_style":"","_bst_post_vertical_padding":"","_bst_post_feature":"","_bst_post_feature_position":"","_bst_post_header":false,"_bst_post_footer":false},"product_brand":[],"product_cat":[15],"product_tag":[],"product_brands":[],"class_list":{"0":"post-1517","1":"product","2":"type-product","3":"status-publish","4":"has-post-thumbnail","6":"product_cat-uncategorized","8":"first","9":"instock","10":"purchasable","11":"product-type-simple","12":"entry","13":"content-bg","14":"loop-entry"},"_links":{"self":[{"href":"https:\/\/nawarpharmacy.com\/ru\/wp-json\/wp\/v2\/product\/1517","targetHints":{"allow":["GET"]}}],"collection":[{"href":"https:\/\/nawarpharmacy.com\/ru\/wp-json\/wp\/v2\/product"}],"about":[{"href":"https:\/\/nawarpharmacy.com\/ru\/wp-json\/wp\/v2\/types\/product"}],"replies":[{"embeddable":true,"href":"https:\/\/nawarpharmacy.com\/ru\/wp-json\/wp\/v2\/comments?post=1517"}],"wp:featuredmedia":[{"embeddable":true,"href":"https:\/\/nawarpharmacy.com\/ru\/wp-json\/wp\/v2\/media\/1518"}],"wp:attachment":[{"href":"https:\/\/nawarpharmacy.com\/ru\/wp-json\/wp\/v2\/media?parent=1517"}],"wp:term":[{"taxonomy":"product_brand","embeddable":true,"href":"https:\/\/nawarpharmacy.com\/ru\/wp-json\/wp\/v2\/product_brand?post=1517"},{"taxonomy":"product_cat","embeddable":true,"href":"https:\/\/nawarpharmacy.com\/ru\/wp-json\/wp\/v2\/product_cat?post=1517"},{"taxonomy":"product_tag","embeddable":true,"href":"https:\/\/nawarpharmacy.com\/ru\/wp-json\/wp\/v2\/product_tag?post=1517"},{"taxonomy":"product_brands","embeddable":true,"href":"https:\/\/nawarpharmacy.com\/ru\/wp-json\/wp\/v2\/product_brands?post=1517"}],"curies":[{"name":"wp","href":"https:\/\/api.w.org\/{rel}","templated":true}]}}