{"id":1514,"date":"2025-07-22T00:22:29","date_gmt":"2025-07-22T00:22:29","guid":{"rendered":"https:\/\/nawarpharmacy.com\/product\/la-roche-posay-anthelios-uvmune400-oil-control-gel-cream-spf50-50ml\/"},"modified":"2025-07-22T00:23:21","modified_gmt":"2025-07-22T00:23:21","slug":"la-roche-posay-anthelios-uvmune400-oil-control-gel-cream-spf50-50ml","status":"publish","type":"product","link":"https:\/\/nawarpharmacy.com\/ru\/product\/la-roche-posay-anthelios-uvmune400-oil-control-gel-cream-spf50-50ml\/","title":{"rendered":"La Roche-Posay Anthelios Uvmune400 Oil Control Gel-Cream SPF50+ &#8212; 50ml"},"content":{"rendered":"<p>Optimal SPF 50+ protection reinforced against UVA rays (stricter than the European recommendation on suncare products) thanks to patented filtering system Mexoplex\u00c2\u00ae combined with La Roche-Posay Thermal Spring Water, soothing and antioxidant.<br \/>\nHigh-protection sunscreen gel for oily and blemish-prone skin prone to sensitivity.<br \/>\nFor Face, Oily Skin.<br \/>\nImmediate absorption and ultra-dry finish.<br \/>\nVery water resistant.<br \/>\nPerfume-free.<br \/>\nparaben-free.<br \/>\nBenefits:<br \/>\nSensitive skin to skin prone to sun intolerance, commonly known as sun allergies.<br \/>\nFor extreme sunshine intensity. Prevention of sun-induced pigment spots (pregnancy, photosensitization&#8230;).<br \/>\nVery high, broad, photostable UVA\/UVB protection.<br \/>\nDry touch texture: double anti-shine action, immediate absorption, ultra-dry finish, no white marks.<br \/>\nIdeal for combination to oily skin.<br \/>\nVery water-resistant.<br \/>\nTested under dermatological control. Fragrance-free, paraben-free, non-comedogenic.<br \/>\nHow to use:<br \/>\nRe-apply frequently and generously to maintain protection.<br \/>\nApply the sunscreen product just before exposure. Re-apply frequently and generously to maintain protection, especially after perspiring or toweling. External use.<br \/>\n\u00d8\u00b9\u00d8\u00a7\u00d9\u2026\u00d9\u201e \u00d8\u00a7\u00d9\u201e\u00d8\u00ad\u00d9\u2026\u00d8\u00a7\u00d9\u0160\u00d8\u00a9 SPF 50+ \u00d8\u00a7\u00d9\u201e\u00d8\u00a3\u00d9\u2026\u00d8\u00ab\u00d9\u201e \u00d8\u00a7\u00d9\u201e\u00d9\u2026\u00d8\u00b9\u00d8\u00b2\u00d8\u00b2 \u00d9\u201e\u00d9\u201e\u00d8\u00ad\u00d9\u2026\u00d8\u00a7\u00d9\u0160\u00d8\u00a9 \u00d9\u2026\u00d9\u2020 \u00d8\u00a7\u00d9\u201e\u00d8\u00a3\u00d8\u00b4\u00d8\u00b9\u00d8\u00a9 \u00d9\u0081\u00d9\u02c6\u00d9\u201a \u00d8\u00a7\u00d9\u201e\u00d8\u00a8\u00d9\u2020\u00d9\u0081\u00d8\u00b3\u00d8\u00ac\u00d9\u0160\u00d8\u00a9 (\u00d8\u00a3\u00d9\u0192\u00d8\u00ab\u00d8\u00b1 \u00d8\u00b5\u00d8\u00b1\u00d8\u00a7\u00d9\u2026\u00d8\u00a9 \u00d9\u2026\u00d9\u2020 \u00d8\u00a7\u00d9\u201e\u00d8\u00aa\u00d9\u02c6\u00d8\u00b5\u00d9\u0160\u00d8\u00a7\u00d8\u00aa \u00d8\u00a7\u00d9\u201e\u00d8\u00a3\u00d9\u02c6\u00d8\u00b1\u00d9\u02c6\u00d8\u00a8\u00d9\u0160\u00d8\u00a9) \u00d9\u02c6\u00d8\u00b0\u00d9\u201e\u00d9\u0192 \u00d8\u00a8\u00d9\u0081\u00d8\u00b6\u00d9\u201e \u00d9\u2020\u00d8\u00b8\u00d8\u00a7\u00d9\u2026 \u00d8\u00a7\u00d9\u201e\u00d8\u00aa\u00d8\u00b1\u00d8\u00b4\u00d9\u0160\u00d8\u00ad Mexoplex\u00c2\u00ae \u00d9\u02c6\u00d8\u00a7\u00d9\u201e\u00d9\u2026\u00d9\u2026\u00d8\u00b2\u00d9\u02c6\u00d8\u00ac \u00d8\u00a8\u00d9\u2026\u00d9\u0160\u00d8\u00a7\u00d9\u2021 \u00d8\u00a7\u00d9\u201e\u00d9\u0160\u00d9\u2020\u00d8\u00a7\u00d8\u00a8\u00d9\u0160\u00d8\u00b9 \u00d8\u00a7\u00d9\u201e\u00d8\u00ad\u00d8\u00b1\u00d8\u00a7\u00d8\u00b1\u00d9\u0160\u00d8\u00a9 \u00d9\u2026\u00d9\u2020 \u00d9\u201e\u00d8\u00a7\u00d8\u00b1\u00d9\u02c6\u00d8\u00b4 \u00d8\u00a8\u00d9\u02c6\u00d8\u00b2\u00d9\u0160\u00d9\u2021 \u00d8\u00a7\u00d9\u201e\u00d9\u2026\u00d9\u201e\u00d8\u00b7\u00d9\u0081\u00d8\u00a9 \u00d9\u02c6\u00d8\u00a7\u00d9\u201e\u00d9\u2026\u00d8\u00b6\u00d8\u00a7\u00d8\u00af\u00d8\u00a9 \u00d9\u201e\u00d9\u201e\u00d8\u00a3\u00d9\u0192\u00d8\u00b3\u00d8\u00af\u00d8\u00a9.<br \/>\n\u00d8\u00a8\u00d8\u00aa\u00d8\u00b1\u00d9\u0192\u00d9\u0160\u00d8\u00a8\u00d8\u00a9 \u00d8\u00ac\u00d8\u00af\u00d9\u0160\u00d8\u00af\u00d8\u00a9 \u00d9\u2026\u00d8\u00ae\u00d8\u00aa\u00d8\u00a8\u00d8\u00b1\u00d8\u00a9 \u00d9\u2026\u00d9\u2020 \u00d8\u00ad\u00d9\u0160\u00d8\u00ab \u00d8\u00a3\u00d8\u00af\u00d9\u201a \u00d8\u00a7\u00d9\u201e\u00d8\u00ac\u00d9\u02c6\u00d8\u00a7\u00d9\u2020\u00d8\u00a8 \u00d9\u0081\u00d9\u0160 \u00d8\u00b7\u00d8\u00a8 \u00d8\u00a7\u00d9\u201e\u00d8\u00a3\u00d9\u2026\u00d8\u00b1\u00d8\u00a7\u00d8\u00b6 \u00d8\u00a7\u00d9\u201e\u00d8\u00ac\u00d9\u201e\u00d8\u00af\u00d9\u0160\u00d8\u00a9: \u00d8\u00ae\u00d8\u00a7\u00d9\u201e\u00d9\u0160\u00d8\u00a9 \u00d9\u2026\u00d9\u2020 \u00d8\u00a7\u00d9\u201e\u00d8\u00b9\u00d8\u00b7\u00d9\u02c6\u00d8\u00b1 \u00d9\u02c6\u00d8\u00a7\u00d9\u201e\u00d8\u00a8\u00d8\u00a7\u00d8\u00b1\u00d8\u00a7\u00d8\u00a8\u00d9\u0160\u00d9\u2020 \u00d9\u02c6\u00d8\u00ba\u00d9\u0160\u00d8\u00b1 \u00d8\u00b2\u00d8\u00a4\u00d8\u00a7\u00d9\u2020\u00d9\u0160\u00d8\u00a9.<br \/>\n\u00e2\u20ac\u00a2 \u00d9\u201a\u00d9\u02c6\u00d8\u00a7\u00d9\u2026 \u00d8\u00ac\u00d8\u00a7\u00d9\u0081 \u00d8\u00a7\u00d9\u201e\u00d9\u2026\u00d9\u201e\u00d9\u2026\u00d8\u00b3: \u00d9\u2026\u00d9\u0081\u00d8\u00b9\u00d9\u02c6\u00d9\u201e \u00d9\u2026\u00d8\u00b6\u00d8\u00a7\u00d8\u00b9\u00d9\u0081 \u00d8\u00b6\u00d8\u00af \u00d8\u00a7\u00d9\u201e\u00d9\u2026\u00d8\u00b9\u00d8\u00a7\u00d9\u2020\u00d8\u0152 \u00d9\u02c6\u00d8\u00a7\u00d9\u2026\u00d8\u00aa\u00d8\u00b5\u00d8\u00a7\u00d8\u00b5 \u00d8\u00b3\u00d8\u00b1\u00d9\u0160\u00d8\u00b9\u00d8\u0152 \u00d9\u02c6\u00d9\u201e\u00d9\u2026\u00d8\u00b3\u00d8\u00a9 \u00d9\u2020\u00d9\u2021\u00d8\u00a7\u00d8\u00a6\u00d9\u0160\u00d8\u00a9 \u00d8\u00b4\u00d8\u00af\u00d9\u0160\u00d8\u00af\u00d8\u00a9 \u00d8\u00a7\u00d9\u201e\u00d8\u00ac\u00d9\u0081\u00d8\u00a7\u00d9\u0081\u00d8\u0152\u00d9\u02c6\u00d8\u00a8\u00d8\u00af\u00d9\u02c6\u00d9\u2020 \u00d8\u00b9\u00d9\u201e\u00d8\u00a7\u00d9\u2026\u00d8\u00a7\u00d8\u00aa \u00d8\u00a8\u00d9\u0160\u00d8\u00b6\u00d8\u00a7\u00d8\u00a1.<br \/>\n\u00e2\u20ac\u00a2 \u00d9\u2026\u00d8\u00b3\u00d8\u00aa\u00d9\u02c6\u00d9\u2030 \u00d8\u00ad\u00d9\u2026\u00d8\u00a7\u00d9\u0160\u00d8\u00a9 \u00d8\u00b9\u00d8\u00a7\u00d9\u201e\u00d9\u008d \u00d9\u201e\u00d9\u201e\u00d8\u00ba\u00d8\u00a7\u00d9\u0160\u00d8\u00a9 \u00d9\u201e\u00d9\u201e\u00d9\u02c6\u00d8\u00ac\u00d9\u2021 \u00d9\u2026\u00d9\u2020 \u00d8\u00a7\u00d9\u201e\u00d8\u00a3\u00d8\u00b4\u00d8\u00b9\u00d8\u00a9 \u00d9\u0081\u00d9\u02c6\u00d9\u201a \u00d8\u00a7\u00d9\u201e\u00d8\u00a8\u00d9\u2020\u00d9\u0081\u00d8\u00b3\u00d8\u00ac\u00d9\u0160\u00d8\u00a9 (PPD 31).<br \/>\n\u00e2\u20ac\u00a2 \u00d8\u00ae\u00d8\u00a7\u00d9\u201e\u00d9\u008d \u00d9\u2026\u00d9\u2020 \u00d8\u00a7\u00d9\u201e\u00d8\u00b9\u00d8\u00b7\u00d9\u02c6\u00d8\u00b1. \u00d8\u00ae\u00d8\u00a7\u00d9\u201e\u00d9\u008d \u00d9\u2026\u00d9\u2020 \u00d8\u00a7\u00d9\u201e\u00d8\u00a8\u00d8\u00a7\u00d8\u00b1\u00d8\u00a7\u00d8\u00a8\u00d9\u0160\u00d9\u2020. \u00d8\u00ba\u00d9\u0160\u00d8\u00b1 \u00d8\u00b2\u00d8\u00a4\u00d8\u00a7\u00d9\u2020\u00d9\u0160. \u00d9\u2026\u00d9\u201a\u00d8\u00a7\u00d9\u02c6\u00d9\u2026 \u00d9\u201e\u00d9\u201e\u00d9\u2026\u00d9\u20ac\u00d9\u20ac\u00d8\u00a7\u00d8\u00a1.<br \/>\n\u00e2\u20ac\u00a2 \u00d8\u00a7\u00d9\u201e\u00d8\u00a8\u00d8\u00b4\u00d8\u00b1\u00d8\u00a9 \u00d8\u00a7\u00d9\u201e\u00d8\u00ad\u00d8\u00b3\u00d8\u00a7\u00d8\u00b3\u00d8\u00a9 \u00d9\u02c6\u00d8\u00a7\u00d9\u201e\u00d8\u00a8\u00d8\u00b4\u00d8\u00b1\u00d8\u00a9 \u00d8\u00a7\u00d9\u201e\u00d8\u00aa\u00d9\u0160 \u00d9\u201e\u00d8\u00a7 \u00d8\u00aa\u00d8\u00ad\u00d8\u00aa\u00d9\u2026\u00d9\u201e \u00d8\u00a7\u00d9\u201e\u00d8\u00b9\u00d8\u00b1\u00d8\u00b6\u00d8\u00a9 \u00d9\u201e\u00d9\u201e\u00d8\u00b4\u00d9\u2026\u00d8\u00b3\u00d8\u0152 \u00d9\u02c6\u00d8\u00a7\u00d9\u201e\u00d9\u2026\u00d8\u00b9\u00d8\u00b1\u00d9\u02c6\u00d9\u0081\u00d8\u00a9 \u00d8\u00a8\u00d8\u00a7\u00d8\u00b3\u00d9\u2026 \u00d8\u00ad\u00d8\u00b3\u00d8\u00a7\u00d8\u00b3\u00d9\u0160\u00d8\u00a9 \u00d8\u00a7\u00d9\u201e\u00d8\u00b4\u00d9\u2026\u00d8\u00b3.<br \/>\n\u00e2\u20ac\u00a2 \u00d8\u00b4\u00d8\u00af\u00d8\u00a9 \u00d8\u00a3\u00d8\u00b4\u00d8\u00b9\u00d8\u00a9 \u00d8\u00a7\u00d9\u201e\u00d8\u00b4\u00d9\u2026\u00d8\u00b3 \u00d8\u00a7\u00d9\u201e\u00d9\u201a\u00d8\u00b5\u00d9\u02c6\u00d9\u0160.<br \/>\n\u00e2\u20ac\u00a2 \u00d8\u00a7\u00d9\u201e\u00d8\u00ad\u00d9\u2026\u00d8\u00a7\u00d9\u0160\u00d8\u00a9 \u00d9\u2026\u00d9\u2020 \u00d8\u00a7\u00d9\u201e\u00d8\u00a8\u00d9\u201a\u00d8\u00b9 \u00d8\u00a7\u00d9\u201e\u00d8\u00b5\u00d8\u00a8\u00d8\u00ba\u00d9\u0160\u00d8\u00a9 \u00d8\u00a7\u00d9\u201e\u00d9\u2020\u00d8\u00a7\u00d8\u00aa\u00d8\u00ac\u00d8\u00a9 \u00d8\u00b9\u00d9\u2020 \u00d8\u00a7\u00d9\u201e\u00d8\u00b4\u00d9\u2026\u00d8\u00b3 (\u00d8\u00a7\u00d9\u201e\u00d8\u00ad\u00d9\u2026\u00d9\u201e\u00d8\u0152 \u00d8\u00a7\u00d9\u201e\u00d8\u00ad\u00d8\u00b3\u00d8\u00a7\u00d8\u00b3\u00d9\u0160\u00d8\u00a9 \u00d9\u2026\u00d9\u2020 \u00d8\u00a7\u00d9\u201e\u00d8\u00b6\u00d9\u02c6\u00d8\u00a1&#8230;).<br \/>\n\u00e2\u20ac\u00a2 \u00d8\u00ad\u00d9\u2026\u00d8\u00a7\u00d9\u0160\u00d8\u00a9 \u00d8\u00b9\u00d8\u00a7\u00d9\u201e\u00d9\u0160\u00d8\u00a9 \u00d9\u2026\u00d9\u2020 \u00d8\u00a7\u00d9\u201e\u00d8\u00a3\u00d8\u00b4\u00d8\u00b9\u00d8\u00a9 \u00d9\u0081\u00d9\u02c6\u00d9\u201a \u00d8\u00a7\u00d9\u201e\u00d8\u00a8\u00d9\u2020\u00d9\u0081\u00d8\u00b3\u00d8\u00ac\u00d9\u0160\u00d8\u00a9 \u00d8\u00b0\u00d8\u00a7\u00d8\u00aa \u00d8\u00a7\u00d9\u201e\u00d9\u2026\u00d9\u02c6\u00d8\u00ac\u00d8\u00a7\u00d8\u00aa \u00d8\u00a7\u00d9\u201e\u00d8\u00b7\u00d9\u02c6\u00d9\u0160\u00d9\u201e\u00d8\u00a9 \u00d9\u02c6\u00d8\u00a7\u00d9\u201e\u00d9\u2026\u00d8\u00aa\u00d9\u02c6\u00d8\u00b3\u00d8\u00b7\u00d8\u00a9.<br \/>\n\u00e2\u20ac\u00a2 \u00d9\u2026\u00d9\u201a\u00d8\u00a7\u00d9\u02c6\u00d9\u2026 \u00d9\u201e\u00d9\u201e\u00d9\u2026\u00d9\u0160\u00d8\u00a7\u00d9\u2021.<br \/>\n\u00d8\u00b7\u00d8\u00b1\u00d9\u0160\u00d9\u201a\u00d8\u00a9 \u00d8\u00a7\u00d9\u201e\u00d8\u00a5\u00d8\u00b3\u00d8\u00aa\u00d8\u00ae\u00d8\u00af\u00d8\u00a7\u00d9\u2026:<br \/>\n\u00d8\u00a7\u00d8\u00b3\u00d8\u00aa\u00d8\u00ae\u00d8\u00af\u00d9\u2026 \u00d9\u2026\u00d8\u00b3\u00d8\u00aa\u00d8\u00ad\u00d8\u00b6\u00d8\u00b1 \u00d8\u00a7\u00d9\u201e\u00d9\u02c6\u00d9\u201a\u00d8\u00a7\u00d9\u0160\u00d8\u00a9 \u00d9\u2026\u00d9\u2020 \u00d8\u00a3\u00d8\u00b4\u00d8\u00b9\u00d8\u00a9 \u00d8\u00a7\u00d9\u201e\u00d8\u00b4\u00d9\u2026\u00d8\u00b3 \u00d9\u201a\u00d8\u00a8\u00d9\u201e \u00d8\u00a7\u00d9\u201e\u00d8\u00aa\u00d8\u00b9\u00d8\u00b1\u00d8\u00b6 \u00d9\u201e\u00d9\u2021\u00d8\u00a7 \u00d9\u2026\u00d8\u00a8\u00d8\u00a7\u00d8\u00b4\u00d8\u00b1\u00d8\u00a9. \u00d9\u0192\u00d8\u00b1\u00d8\u00b1 \u00d8\u00a7\u00d9\u201e\u00d8\u00a7\u00d8\u00b3\u00d8\u00aa\u00d8\u00ae\u00d8\u00af\u00d8\u00a7\u00d9\u2026 \u00d9\u02c6\u00d8\u00a8\u00d8\u00b4\u00d9\u0192\u00d9\u201e \u00d9\u02c6\u00d9\u0081\u00d9\u0160\u00d8\u00b1 \u00d9\u201e\u00d9\u201e\u00d8\u00ad\u00d9\u0081\u00d8\u00a7\u00d8\u00b8 \u00d8\u00b9\u00d9\u201e\u00d9\u2030 \u00d8\u00a7\u00d9\u201e\u00d8\u00ad\u00d9\u2026\u00d8\u00a7\u00d9\u0160\u00d8\u00a9 \u00d8\u00ae\u00d8\u00b5\u00d9\u02c6\u00d8\u00b5\u00d9\u2039\u00d8\u00a7 \u00d8\u00a8\u00d8\u00b9\u00d8\u00af \u00d8\u00a7\u00d9\u201e\u00d8\u00b3\u00d8\u00a8\u00d8\u00a7\u00d8\u00ad\u00d8\u00a9 \u00d8\u00a3\u00d9\u02c6 \u00d8\u00a7\u00d9\u201e\u00d8\u00b9\u00d8\u00b1\u00d9\u201a \u00d8\u00a3\u00d9\u02c6 \u00d8\u00a8\u00d8\u00b9\u00d8\u00af \u00d8\u00a7\u00d8\u00b3\u00d8\u00aa\u00d8\u00ae\u00d8\u00af\u00d8\u00a7\u00d9\u2026 \u00d8\u00a7\u00d9\u201e\u00d9\u2026\u00d9\u2020\u00d8\u00a7\u00d8\u00b4\u00d9\u0081. \u00d8\u00a7\u00d9\u201e\u00d8\u00a7\u00d8\u00b3\u00d8\u00aa\u00d8\u00ae\u00d8\u00af\u00d8\u00a7\u00d9\u2026 \u00d8\u00a7\u00d9\u201e\u00d8\u00ae\u00d8\u00a7\u00d8\u00b1\u00d8\u00ac\u00d9\u0160.<\/p>\n","protected":false},"excerpt":{"rendered":"<p>Optimal SPF 50+ protection reinforced against UVA rays (stricter than the European recommendation on suncare products) thanks to patented filtering system Mexoplex\u00c2\u00ae combined with La Roche-Posay Thermal Spring Water, soothing and antioxidant. High-protection sunscreen gel for oily and blemish-prone skin prone to sensitivity. For Face, Oily Skin. Immediate absorption and ultra-dry finish. Very water resistant&#8230;.<\/p>\n","protected":false},"featured_media":1515,"comment_status":"closed","ping_status":"open","template":"","meta":{"rs_blank_template":"","rs_page_bg_color":"","slide_template_v7":"","_bst_post_transparent":"","_bst_post_title":"","_bst_post_layout":"","_bst_post_sidebar_id":"","_bst_post_content_style":"","_bst_post_vertical_padding":"","_bst_post_feature":"","_bst_post_feature_position":"","_bst_post_header":false,"_bst_post_footer":false},"product_brand":[],"product_cat":[15],"product_tag":[],"product_brands":[],"class_list":{"0":"post-1514","1":"product","2":"type-product","3":"status-publish","4":"has-post-thumbnail","6":"product_cat-uncategorized","8":"first","9":"instock","10":"purchasable","11":"product-type-simple","12":"entry","13":"content-bg","14":"loop-entry"},"_links":{"self":[{"href":"https:\/\/nawarpharmacy.com\/ru\/wp-json\/wp\/v2\/product\/1514","targetHints":{"allow":["GET"]}}],"collection":[{"href":"https:\/\/nawarpharmacy.com\/ru\/wp-json\/wp\/v2\/product"}],"about":[{"href":"https:\/\/nawarpharmacy.com\/ru\/wp-json\/wp\/v2\/types\/product"}],"replies":[{"embeddable":true,"href":"https:\/\/nawarpharmacy.com\/ru\/wp-json\/wp\/v2\/comments?post=1514"}],"wp:featuredmedia":[{"embeddable":true,"href":"https:\/\/nawarpharmacy.com\/ru\/wp-json\/wp\/v2\/media\/1515"}],"wp:attachment":[{"href":"https:\/\/nawarpharmacy.com\/ru\/wp-json\/wp\/v2\/media?parent=1514"}],"wp:term":[{"taxonomy":"product_brand","embeddable":true,"href":"https:\/\/nawarpharmacy.com\/ru\/wp-json\/wp\/v2\/product_brand?post=1514"},{"taxonomy":"product_cat","embeddable":true,"href":"https:\/\/nawarpharmacy.com\/ru\/wp-json\/wp\/v2\/product_cat?post=1514"},{"taxonomy":"product_tag","embeddable":true,"href":"https:\/\/nawarpharmacy.com\/ru\/wp-json\/wp\/v2\/product_tag?post=1514"},{"taxonomy":"product_brands","embeddable":true,"href":"https:\/\/nawarpharmacy.com\/ru\/wp-json\/wp\/v2\/product_brands?post=1514"}],"curies":[{"name":"wp","href":"https:\/\/api.w.org\/{rel}","templated":true}]}}