{"id":1463,"date":"2025-07-22T00:22:23","date_gmt":"2025-07-22T00:22:23","guid":{"rendered":"https:\/\/nawarpharmacy.com\/product\/vichy-capital-soleil-anti-brillance-mattiyfing-sunscreen-fluid-spf-50-50ml-2\/"},"modified":"2025-07-22T00:22:27","modified_gmt":"2025-07-22T00:22:27","slug":"vichy-capital-soleil-anti-brillance-mattiyfing-sunscreen-fluid-spf-50-50ml-2","status":"publish","type":"product","link":"https:\/\/nawarpharmacy.com\/ru\/product\/vichy-capital-soleil-anti-brillance-mattiyfing-sunscreen-fluid-spf-50-50ml-2\/","title":{"rendered":"Vichy Capital Soleil Anti Brillance Mattiyfing Sunscreen Fluid SPF 50+ &#8212; 50ml"},"content":{"rendered":"<p>High UV protection SPF50 that hydrates the skin. Combats premature ageing and the damaging effects caused by UV rays using the Mexoryl\u00c2\u00ae, a UVA and UVB filtering system. Skin looks mattified.<br \/>\nBenefits:<br \/>\nProtects from sunburn and photoaging.<br \/>\nSkin is matt and kept healthy.<br \/>\nVery High UV protection from sun exposure.<br \/>\nMatte\/ dry touch finish.<br \/>\nSPF50+.<br \/>\nOily and combination skin.<br \/>\nWater resistance.<br \/>\nHypoallergenic.<br \/>\nHow to use:<br \/>\nApply just before exposure.<br \/>\nReapply frequently and generously, especially after swimming, perspiring, or toweling.<br \/>\nIngredients:<br \/>\nIsopropyl lauroyl sarcosinate &#8212; aqua \/ water &#8212; zea mays starch \/ corn starch &#8212; ethylhexyl triazone &#8212; poly c10-30 alkyl acrylate &#8212; glyceryl stearate &#8212; behenyl alcohol &#8212; methylene bis-benzotriazolyl tetramethylbutylphenol [nano] \/ methylene bis-benzotriazolyl tetramethylbutylphenol &#8212; disodium edta &#8212; disodium ethylene dicocamide peg-15 disulfate &#8212; drometrizole trisiloxane &#8212; glyceryl stearate citrate &#8212; phenoxyethanol &#8212; sodium hyaluronate &#8212; terephthalylidene dicamphor sulfonic acid &#8212; triethanolamine &#8212; xanthan gum &#8212; parfum \/ fragrance &#8212; ammonium polyacryldimethyltauramide \/ ammonium polyacryloyldimethyl taurate &#8212; caprylyl glycol &#8212; cetyl alcohol &#8212; decyl glucoside.<br \/>\n\u00d9\u0192\u00d8\u00b1\u00d9\u0160\u00d9\u2026 \u00d8\u00a7\u00d9\u201e\u00d9\u02c6\u00d9\u201a\u00d8\u00a7\u00d9\u0160\u00d8\u00a9 \u00d9\u2026\u00d9\u2020 \u00d8\u00a7\u00d9\u201e\u00d8\u00b4\u00d9\u2026\u00d8\u00b3 \u00d8\u00a7\u00d9\u201e\u00d8\u00a3\u00d9\u02c6\u00d9\u2018\u00d9\u201e \u00d8\u00a7\u00d9\u201e\u00d8\u00b0\u00d9\u0160 \u00d9\u0160\u00d8\u00aa\u00d8\u00ad\u00d9\u0192\u00d9\u2018\u00d9\u2026 \u00d8\u00a8\u00d9\u201e\u00d9\u2026\u00d8\u00b9\u00d8\u00a7\u00d9\u2020 \u00d8\u00a7\u00d9\u201e\u00d8\u00a8\u00d8\u00b4\u00d8\u00b1\u00d8\u00a9 \u00d9\u02c6\u00d9\u0160\u00d8\u00af\u00d9\u02c6\u00d9\u2026 \u00d8\u00b7\u00d9\u02c6\u00d9\u0160\u00d9\u201e\u00d8\u00a7\u00d9\u2039 \u00d9\u02c6\u00d9\u0160\u00d8\u00aa\u00d8\u00b1\u00d9\u0192 \u00d9\u201e\u00d9\u2026\u00d8\u00b3\u00d8\u00a9 \u00d9\u2020\u00d9\u2021\u00d8\u00a7\u00d8\u00a6\u00d9\u0160\u00d8\u00a9 \u00d8\u00ac\u00d8\u00a7\u00d9\u0081\u00d8\u00a9 \u00d9\u2026\u00d9\u2020 \u00d8\u00af\u00d9\u02c6\u00d9\u2020 \u00d9\u201e\u00d9\u2026\u00d8\u00b9\u00d8\u00a9 \u00d9\u2026\u00d8\u00b9 \u00d8\u00b9\u00d8\u00a7\u00d9\u2026\u00d9\u201e \u00d9\u02c6\u00d9\u201a\u00d8\u00a7\u00d9\u0160\u00d8\u00a9 \u00d9\u2026\u00d9\u2020 \u00d8\u00a7\u00d9\u201e\u00d8\u00b4\u00d9\u2026\u00d8\u00b3 50.<br \/>\n\u00d9\u201e\u00d9\u201e\u00d8\u00b1\u00d8\u00ac\u00d8\u00a7\u00d9\u201e \u00d9\u02c6\u00d8\u00a7\u00d9\u201e\u00d9\u2020\u00d8\u00b3\u00d8\u00a7\u00d8\u00a1 \u00d8\u00a3\u00d8\u00b5\u00d8\u00ad\u00d8\u00a7\u00d8\u00a8 \u00d8\u00a7\u00d9\u201e\u00d8\u00a8\u00d8\u00b4\u00d8\u00b1\u00d8\u00a9 \u00d8\u00a7\u00d9\u201e\u00d9\u2026\u00d8\u00ae\u00d8\u00aa\u00d9\u201e\u00d8\u00b7\u00d8\u00a9 \u00d8\u00a5\u00d9\u201e\u00d9\u2030 \u00d8\u00a7\u00d9\u201e\u00d8\u00af\u00d9\u2021\u00d9\u2020\u00d9\u0160\u00d8\u00a9 \u00d9\u02c6\u00d8\u00a7\u00d9\u201e\u00d8\u00b0\u00d9\u0160\u00d9\u2020 \u00d9\u0160\u00d8\u00a8\u00d8\u00ad\u00d8\u00ab\u00d9\u02c6\u00d9\u2020 \u00d8\u00b9\u00d9\u2020 \u00d9\u2026\u00d9\u2020\u00d8\u00aa\u00d8\u00ac \u00d9\u02c6\u00d9\u201a\u00d8\u00a7\u00d9\u0160\u00d8\u00a9 \u00d9\u2026\u00d9\u2020 \u00d8\u00a7\u00d9\u201e\u00d8\u00b4\u00d9\u2026\u00d8\u00b3 \u00d9\u201e\u00d8\u00a7 \u00d9\u0160\u00d8\u00b9\u00d8\u00b7\u00d9\u0160 \u00d8\u00a7\u00d9\u201e\u00d8\u00a8\u00d8\u00b4\u00d8\u00b1\u00d8\u00a9 \u00d9\u2026\u00d8\u00b8\u00d9\u2021\u00d8\u00b1\u00d9\u2039\u00d8\u00a7 \u00d9\u201e\u00d8\u00a7\u00d9\u2026\u00d8\u00b9\u00d9\u2039\u00d8\u00a7.<br \/>\n\u00d9\u201e\u00d9\u2026\u00d8\u00ad\u00d8\u00a7\u00d8\u00b1\u00d8\u00a8\u00d8\u00a9 \u00d8\u00a7\u00d9\u201e\u00d8\u00a2\u00d8\u00ab\u00d8\u00a7\u00d8\u00b1 \u00d8\u00a7\u00d9\u201e\u00d9\u2026\u00d9\u008f\u00d8\u00b6\u00d8\u00b1\u00d9\u2018\u00d8\u00a9 \u00d9\u201e\u00d9\u201e\u00d8\u00a3\u00d8\u00b4\u00d8\u00b9\u00d9\u2018\u00d8\u00a9 \u00d9\u0081\u00d9\u02c6\u00d9\u201a \u00d8\u00a7\u00d9\u201e\u00d8\u00a8\u00d9\u2020\u00d9\u0081\u00d8\u00b3\u00d8\u00ac\u00d9\u0160\u00d9\u2018\u00d8\u00a9\u00d8\u0152 \u00d8\u00a3\u00d8\u00b6\u00d8\u00a7\u00d9\u0081\u00d8\u00aa \u00d9\u2026\u00d8\u00ae\u00d8\u00aa\u00d8\u00a8\u00d8\u00b1\u00d8\u00a7\u00d8\u00aa \u00d9\u0081\u00d9\u0160\u00d8\u00b4\u00d9\u0160 \u00d8\u00a5\u00d9\u201e\u00d9\u2030 \u00d8\u00b3\u00d8\u00a7\u00d8\u00a6\u00d9\u201e \u00d8\u00a7\u00d9\u201e\u00d9\u02c6\u00d8\u00ac\u00d9\u2021 \u00d8\u00b0\u00d8\u00a7\u00d8\u00aa \u00d8\u00a7\u00d9\u201e\u00d9\u201e\u00d9\u2026\u00d8\u00b3\u00d8\u00a9 \u00d8\u00ba\u00d9\u0160\u00d8\u00b1 \u00d8\u00a7\u00d9\u201e\u00d9\u201e\u00d8\u00a7\u00d9\u2026\u00d8\u00b9\u00d8\u00a9 \u00d9\u2020\u00d8\u00b8\u00d8\u00a7\u00d9\u2026\u00d9\u2039\u00d8\u00a7 \u00d8\u00b5\u00d8\u00a7\u00d9\u2026\u00d8\u00af\u00d9\u2039\u00d8\u00a7 \u00d9\u201e\u00d9\u201e\u00d8\u00b6\u00d9\u02c6\u00d8\u00a1 \u00d9\u0160\u00d8\u00ad\u00d8\u00aa\u00d9\u02c6\u00d9\u0160 \u00d8\u00b9\u00d9\u201e\u00d9\u2030 \u00d8\u00a7\u00d9\u201e\u00d9\u2026\u00d9\u0160\u00d8\u00b1\u00d9\u02c6\u00d9\u0192\u00d8\u00b3\u00d9\u0160\u00d9\u201e\u00d8\u0152 \u00d9\u02c6\u00d9\u2020\u00d8\u00b8\u00d8\u00a7\u00d9\u2026 \u00d9\u0081\u00d9\u201e\u00d8\u00aa\u00d8\u00b1\u00d8\u00a9 \u00d9\u02c6\u00d8\u00a7\u00d8\u00b3\u00d8\u00b9 \u00d8\u00a7\u00d9\u201e\u00d9\u2020\u00d8\u00b7\u00d8\u00a7\u00d9\u201a \u00d9\u201e\u00d9\u201e\u00d8\u00a3\u00d8\u00b4\u00d8\u00b9\u00d9\u2018\u00d8\u00a9 \u00d9\u0081\u00d9\u02c6\u00d9\u201a \u00d8\u00a7\u00d9\u201e\u00d8\u00a8\u00d9\u2020\u00d9\u0081\u00d8\u00b3\u00d8\u00ac\u00d9\u0160\u00d8\u00a9 \u00d8\u00a7\u00d9\u201e\u00d9\u2026\u00d8\u00aa\u00d9\u02c6\u00d8\u00b3\u00d9\u2018\u00d8\u00b7\u00d8\u00a9 \u00d9\u02c6\u00d8\u00a7\u00d9\u201e\u00d8\u00b7\u00d9\u02c6\u00d9\u0160\u00d9\u201e\u00d8\u00a9\u00d8\u0152 \u00d8\u00a5\u00d8\u00b6\u00d8\u00a7\u00d9\u0081\u00d8\u00a9 \u00d8\u00a5\u00d9\u201e\u00d9\u2030 \u00d8\u00ad\u00d9\u2026\u00d8\u00a7\u00d9\u0160\u00d8\u00a9 \u00d9\u2026\u00d9\u2020 \u00d8\u00a7\u00d9\u201e\u00d8\u00a3\u00d8\u00b4\u00d8\u00b9\u00d9\u2018\u00d8\u00a9 \u00d9\u0081\u00d9\u02c6\u00d9\u201a \u00d8\u00a7\u00d9\u201e\u00d8\u00a8\u00d9\u2020\u00d9\u0081\u00d8\u00b3\u00d8\u00ac\u00d9\u0160\u00d8\u00a9 \u00d8\u00a7\u00d9\u201e\u00d8\u00a3\u00d8\u00b7\u00d9\u02c6\u00d9\u201e (\u00d8\u00a7\u00d9\u201e\u00d8\u00aa\u00d9\u0160 \u00d8\u00aa\u00d8\u00b4\u00d9\u0192\u00d9\u2018\u00d9\u201e \u00d9\u2020\u00d8\u00b3\u00d8\u00a8\u00d8\u00a9 \u00c2\u00be \u00d9\u2026\u00d9\u2020 \u00d8\u00a7\u00d9\u201e\u00d8\u00a3\u00d8\u00b4\u00d8\u00b9\u00d9\u2018\u00d8\u00a9 \u00d9\u0081\u00d9\u02c6\u00d9\u201a \u00d8\u00a7\u00d9\u201e\u00d8\u00a8\u00d9\u2020\u00d9\u0081\u00d8\u00b3\u00d8\u00ac\u00d9\u0160\u00d8\u00a9). \u00d9\u0160\u00d8\u00a4\u00d9\u2026\u00d9\u2018\u00d9\u2020 \u00d8\u00ad\u00d9\u2026\u00d8\u00a7\u00d9\u0160\u00d8\u00a9\u00d9\u2039 \u00d8\u00a3\u00d9\u0081\u00d8\u00b6\u00d9\u201e \u00d9\u201e\u00d9\u201e\u00d8\u00b7\u00d8\u00a8\u00d9\u0160\u00d8\u00b9\u00d9\u0160\u00d8\u00a9 \u00d8\u00a7\u00d9\u201e\u00d8\u00ac\u00d9\u0160\u00d9\u2020\u00d9\u0160\u00d8\u00a9 \u00d9\u0081\u00d9\u0160 \u00d8\u00a8\u00d8\u00b4\u00d8\u00b1\u00d8\u00aa\u00d9\u0192. \u00d8\u00aa\u00d8\u00a8\u00d8\u00af\u00d9\u02c6 \u00d8\u00a7\u00d9\u201e\u00d8\u00a8\u00d8\u00b4\u00d8\u00b1\u00d8\u00a9 \u00d8\u00b5\u00d8\u00ad\u00d9\u0160\u00d8\u00a9 \u00d9\u02c6\u00d8\u00ba\u00d9\u0160\u00d8\u00b1 \u00d9\u201e\u00d8\u00a7\u00d9\u2026\u00d8\u00b9\u00d8\u00a9.<br \/>\n\u00d8\u00aa\u00d8\u00b1\u00d9\u0192\u00d9\u0160\u00d8\u00a8\u00d8\u00a9 \u00d8\u00ae\u00d8\u00a7\u00d9\u201e\u00d9\u0160\u00d8\u00a9 \u00d9\u2026\u00d9\u2020 \u00d8\u00a7\u00d9\u201e\u00d8\u00a8\u00d8\u00a7\u00d8\u00b1\u00d8\u00a7\u00d8\u00a8\u00d9\u0160\u00d9\u2020\u00d8\u0152 \u00d9\u201a\u00d9\u201e\u00d9\u0160\u00d9\u201e\u00d8\u00a9 \u00d8\u00a7\u00d9\u201e\u00d8\u00aa\u00d8\u00b3\u00d8\u00a8\u00d9\u2018\u00d8\u00a8 \u00d8\u00a8\u00d8\u00a7\u00d9\u201e\u00d8\u00ad\u00d8\u00b3\u00d8\u00a7\u00d8\u00b3\u00d9\u0160\u00d8\u00a9 \u00d9\u02c6\u00d9\u201a\u00d8\u00af \u00d8\u00aa\u00d9\u2026\u00d9\u2018 \u00d8\u00a7\u00d8\u00ae\u00d8\u00aa\u00d8\u00a8\u00d8\u00a7\u00d8\u00b1\u00d9\u2021\u00d8\u00a7 \u00d8\u00b9\u00d9\u201e\u00d9\u2030 \u00d8\u00a7\u00d9\u201e\u00d8\u00a8\u00d8\u00b4\u00d8\u00b1\u00d8\u00a9 \u00d8\u00a7\u00d9\u201e\u00d8\u00ad\u00d8\u00b3\u00d9\u2018\u00d8\u00a7\u00d8\u00b3\u00d8\u00a9 \u00d8\u00aa\u00d8\u00ad\u00d8\u00aa \u00d8\u00a5\u00d8\u00b4\u00d8\u00b1\u00d8\u00a7\u00d9\u0081 \u00d8\u00a3\u00d8\u00b7\u00d8\u00a8\u00d9\u2018\u00d8\u00a7\u00d8\u00a1 \u00d8\u00a7\u00d9\u201e\u00d8\u00ac\u00d9\u201e\u00d8\u00af. \u00d9\u201e\u00d8\u00a7 \u00d8\u00aa\u00d8\u00aa\u00d8\u00b3\u00d8\u00a8\u00d9\u2018\u00d8\u00a8 \u00d8\u00a8\u00d8\u00b8\u00d9\u2021\u00d9\u02c6\u00d8\u00b1 \u00d8\u00a7\u00d9\u201e\u00d8\u00b2\u00d8\u00a4\u00d8\u00a7\u00d9\u2020. \u00d8\u00aa\u00d8\u00ad\u00d8\u00aa\u00d9\u02c6\u00d9\u0160 \u00d8\u00b9\u00d9\u201e\u00d9\u2030 \u00d9\u2026\u00d9\u0160\u00d8\u00a7\u00d9\u2021 \u00d9\u0081\u00d9\u0160\u00d8\u00b4\u00d9\u0160 \u00d8\u00a7\u00d9\u201e\u00d9\u2026\u00d8\u00b9\u00d8\u00af\u00d9\u2020\u00d9\u0160\u00d8\u00a9 \u00d8\u00b0\u00d8\u00a7\u00d8\u00aa \u00d8\u00a7\u00d9\u201e\u00d8\u00ae\u00d8\u00b5\u00d8\u00a7\u00d8\u00a6\u00d8\u00b5 \u00d8\u00a7\u00d9\u201e\u00d8\u00aa\u00d9\u0160 \u00d8\u00aa\u00d8\u00b9\u00d9\u2026\u00d9\u201e \u00d8\u00b9\u00d9\u201e\u00d9\u2030 \u00d8\u00aa\u00d9\u201e\u00d8\u00b7\u00d9\u0160\u00d9\u0081 \u00d8\u00a7\u00d9\u201e\u00d8\u00a8\u00d8\u00b4\u00d8\u00b1\u00d8\u00a9 \u00d9\u02c6\u00d8\u00aa\u00d9\u201a\u00d9\u02c6\u00d9\u0160\u00d8\u00aa\u00d9\u2021\u00d8\u00a7 \u00d9\u02c6\u00d8\u00aa\u00d8\u00ac\u00d8\u00af\u00d9\u0160\u00d8\u00af\u00d9\u2021\u00d8\u00a7.<br \/>\n\u00e2\u20ac\u00a2 \u00d8\u00ad\u00d9\u2026\u00d8\u00a7\u00d9\u0160\u00d8\u00a9 \u00d9\u2026\u00d9\u2020 \u00d8\u00a7\u00d9\u201e\u00d8\u00a3\u00d8\u00b4\u00d8\u00b9\u00d9\u2018\u00d8\u00a9 \u00d9\u0081\u00d9\u02c6\u00d9\u201a \u00d8\u00a7\u00d9\u201e\u00d8\u00a8\u00d9\u2020\u00d9\u0081\u00d8\u00b3\u00d8\u00ac\u00d9\u0160\u00d8\u00a9 \u00d8\u00a7\u00d9\u201e\u00d8\u00a3\u00d8\u00b7\u00d9\u02c6\u00d9\u201e (\u00d8\u00a7\u00d9\u201e\u00d8\u00aa\u00d9\u0160 \u00d8\u00aa\u00d8\u00b4\u00d9\u0192\u00d9\u2018\u00d9\u201e \u00d9\u2020\u00d8\u00b3\u00d8\u00a8\u00d8\u00a9 \u00c2\u00be \u00d9\u2026\u00d9\u2020 \u00d8\u00a7\u00d9\u201e\u00d8\u00a3\u00d8\u00b4\u00d8\u00b9\u00d9\u2018\u00d8\u00a9 \u00d9\u0081\u00d9\u02c6\u00d9\u201a \u00d8\u00a7\u00d9\u201e\u00d8\u00a8\u00d9\u2020\u00d9\u0081\u00d8\u00b3\u00d8\u00ac\u00d9\u0160\u00d8\u00a9).<br \/>\n\u00e2\u20ac\u00a2 \u00d9\u0160\u00d8\u00a4\u00d9\u2026\u00d9\u2018\u00d9\u2020 \u00d8\u00ad\u00d9\u2026\u00d8\u00a7\u00d9\u0160\u00d8\u00a9\u00d9\u2039 \u00d8\u00a3\u00d9\u0081\u00d8\u00b6\u00d9\u201e \u00d9\u201e\u00d9\u201e\u00d8\u00b7\u00d8\u00a8\u00d9\u0160\u00d8\u00b9\u00d9\u0160\u00d8\u00a9 \u00d8\u00a7\u00d9\u201e\u00d8\u00ac\u00d9\u0160\u00d9\u2020\u00d9\u0160\u00d8\u00a9 \u00d9\u0081\u00d9\u0160 \u00d8\u00a8\u00d8\u00b4\u00d8\u00b1\u00d8\u00aa\u00d9\u0192.<br \/>\n\u00e2\u20ac\u00a2 \u00d8\u00aa\u00d8\u00a8\u00d8\u00af\u00d9\u02c6 \u00d8\u00a7\u00d9\u201e\u00d8\u00a8\u00d8\u00b4\u00d8\u00b1\u00d8\u00a9 \u00d8\u00b5\u00d8\u00ad\u00d9\u0160\u00d8\u00a9 \u00d9\u02c6\u00d8\u00ba\u00d9\u0160\u00d8\u00b1 \u00d9\u201e\u00d8\u00a7\u00d9\u2026\u00d8\u00b9\u00d8\u00a9.<br \/>\n\u00e2\u20ac\u00a2 \u00d8\u00ad\u00d9\u2026\u00d8\u00a7\u00d9\u0160\u00d8\u00a9 \u00d9\u201e\u00d8\u00a8\u00d8\u00b4\u00d8\u00b1\u00d8\u00aa\u00d9\u0192 \u00d9\u2026\u00d9\u2020 \u00d8\u00a7\u00d9\u201e\u00d8\u00ad\u00d8\u00b1\u00d9\u02c6\u00d9\u201a \u00d8\u00a7\u00d9\u201e\u00d8\u00aa\u00d9\u0160 \u00d8\u00aa\u00d8\u00b3\u00d8\u00a8\u00d9\u2018\u00d8\u00a8\u00d9\u2021\u00d8\u00a7 \u00d8\u00a7\u00d9\u201e\u00d8\u00b4\u00d9\u2026\u00d8\u00b3 \u00d9\u02c6\u00d8\u00a7\u00d9\u201e\u00d8\u00aa\u00d9\u201a\u00d8\u00af\u00d9\u2018\u00d9\u2026 \u00d9\u2026\u00d9\u2020 \u00d8\u00a7\u00d9\u201e\u00d8\u00b9\u00d9\u2026\u00d8\u00b1 \u00d8\u00a8\u00d9\u0081\u00d8\u00b9\u00d9\u201e \u00d8\u00a7\u00d9\u201e\u00d8\u00aa\u00d8\u00b9\u00d8\u00b1\u00d9\u2018\u00d8\u00b6 \u00d9\u201e\u00d8\u00a3\u00d8\u00b4\u00d8\u00b9\u00d9\u2018\u00d8\u00a9 \u00d8\u00a7\u00d9\u201e\u00d8\u00b4\u00d9\u2026\u00d8\u00b3 (\u00d8\u00a7\u00d9\u201e\u00d8\u00b4\u00d9\u0160\u00d8\u00ae\u00d9\u02c6\u00d8\u00ae\u00d8\u00a9 \u00d8\u00a7\u00d9\u201e\u00d8\u00b6\u00d9\u02c6\u00d8\u00a6\u00d9\u0160\u00d8\u00a9 PHOTOAGEING)<br \/>\n\u00d8\u00b7\u00d8\u00b1\u00d9\u0160\u00d9\u201a\u00d8\u00a9 \u00d8\u00a7\u00d9\u201e\u00d8\u00a5\u00d8\u00b3\u00d8\u00aa\u00d8\u00ae\u00d8\u00af\u00d8\u00a7\u00d9\u2026:<br \/>\n\u00d8\u00aa\u00d9\u02c6\u00d8\u00b6\u00d8\u00b9 \u00d9\u0192\u00d8\u00b1\u00d9\u0160\u00d9\u2026 \u00d8\u00a7\u00d9\u201e\u00d8\u00aa\u00d8\u00ad\u00d9\u0192\u00d9\u2026 \u00d8\u00a8\u00d8\u00a7\u00d9\u201e\u00d9\u201e\u00d9\u2026\u00d8\u00b9\u00d8\u00a7\u00d9\u2020 \u00d9\u201a\u00d8\u00a8\u00d9\u0160\u00d9\u201e \u00d8\u00a7\u00d9\u201e\u00d8\u00aa\u00d8\u00b9\u00d8\u00b1\u00d9\u2018\u00d8\u00b6 \u00d9\u201e\u00d8\u00a3\u00d8\u00b4\u00d8\u00b9\u00d9\u2018\u00d8\u00a9 \u00d8\u00a7\u00d9\u201e\u00d8\u00b4\u00d9\u2026\u00d8\u00b3. \u00d8\u00aa\u00d9\u02c6\u00d8\u00b6\u00d8\u00b9 \u00d9\u2026\u00d8\u00b1\u00d8\u00a7\u00d8\u00b1\u00d9\u2039\u00d8\u00a7 \u00d9\u02c6\u00d8\u00aa\u00d9\u0192\u00d8\u00b1\u00d8\u00a7\u00d8\u00b1\u00d9\u2039\u00d8\u00a7 \u00d9\u02c6\u00d8\u00a8\u00d9\u0192\u00d9\u2026\u00d9\u0160\u00d9\u2018\u00d8\u00a9 \u00d9\u02c6\u00d8\u00a7\u00d9\u0081\u00d8\u00b1\u00d8\u00a9 \u00d9\u02c6\u00d8\u00ae\u00d8\u00a7\u00d8\u00b5\u00d9\u2018\u00d8\u00a9 \u00d8\u00a8\u00d8\u00b9\u00d8\u00af \u00d8\u00a7\u00d9\u201e\u00d8\u00b3\u00d8\u00a8\u00d8\u00a7\u00d8\u00ad\u00d8\u00a9 \u00d9\u02c6\u00d8\u00a7\u00d9\u201e\u00d8\u00aa\u00d8\u00b9\u00d8\u00b1\u00d9\u2018\u00d9\u201a \u00d8\u00a3\u00d9\u02c6 \u00d8\u00a7\u00d9\u201e\u00d8\u00aa\u00d9\u2020\u00d8\u00b4\u00d9\u0160\u00d9\u0081 \u00d8\u00a8\u00d9\u2026\u00d9\u2020\u00d8\u00b4\u00d9\u0081\u00d8\u00a9.<\/p>\n","protected":false},"excerpt":{"rendered":"<p>High UV protection SPF50 that hydrates the skin. Combats premature ageing and the damaging effects caused by UV rays using the Mexoryl\u00c2\u00ae, a UVA and UVB filtering system. Skin looks mattified. Benefits: Protects from sunburn and photoaging. Skin is matt and kept healthy. Very High UV protection from sun exposure. Matte\/ dry touch finish. SPF50+&#8230;.<\/p>\n","protected":false},"featured_media":1343,"comment_status":"closed","ping_status":"open","template":"","meta":{"rs_blank_template":"","rs_page_bg_color":"","slide_template_v7":"","_bst_post_transparent":"","_bst_post_title":"","_bst_post_layout":"","_bst_post_sidebar_id":"","_bst_post_content_style":"","_bst_post_vertical_padding":"","_bst_post_feature":"","_bst_post_feature_position":"","_bst_post_header":false,"_bst_post_footer":false},"product_brand":[],"product_cat":[15],"product_tag":[],"product_brands":[],"class_list":{"0":"post-1463","1":"product","2":"type-product","3":"status-publish","4":"has-post-thumbnail","6":"product_cat-uncategorized","8":"first","9":"instock","10":"purchasable","11":"product-type-simple","12":"entry","13":"content-bg","14":"loop-entry"},"_links":{"self":[{"href":"https:\/\/nawarpharmacy.com\/ru\/wp-json\/wp\/v2\/product\/1463","targetHints":{"allow":["GET"]}}],"collection":[{"href":"https:\/\/nawarpharmacy.com\/ru\/wp-json\/wp\/v2\/product"}],"about":[{"href":"https:\/\/nawarpharmacy.com\/ru\/wp-json\/wp\/v2\/types\/product"}],"replies":[{"embeddable":true,"href":"https:\/\/nawarpharmacy.com\/ru\/wp-json\/wp\/v2\/comments?post=1463"}],"wp:featuredmedia":[{"embeddable":true,"href":"https:\/\/nawarpharmacy.com\/ru\/wp-json\/wp\/v2\/media\/1343"}],"wp:attachment":[{"href":"https:\/\/nawarpharmacy.com\/ru\/wp-json\/wp\/v2\/media?parent=1463"}],"wp:term":[{"taxonomy":"product_brand","embeddable":true,"href":"https:\/\/nawarpharmacy.com\/ru\/wp-json\/wp\/v2\/product_brand?post=1463"},{"taxonomy":"product_cat","embeddable":true,"href":"https:\/\/nawarpharmacy.com\/ru\/wp-json\/wp\/v2\/product_cat?post=1463"},{"taxonomy":"product_tag","embeddable":true,"href":"https:\/\/nawarpharmacy.com\/ru\/wp-json\/wp\/v2\/product_tag?post=1463"},{"taxonomy":"product_brands","embeddable":true,"href":"https:\/\/nawarpharmacy.com\/ru\/wp-json\/wp\/v2\/product_brands?post=1463"}],"curies":[{"name":"wp","href":"https:\/\/api.w.org\/{rel}","templated":true}]}}