{"id":1365,"date":"2025-07-21T23:58:42","date_gmt":"2025-07-21T23:58:42","guid":{"rendered":"https:\/\/nawarpharmacy.com\/product\/vichy-48-hours-anti-perspirant-deodorant-intensive-treatment-roll-on-ae-50ml\/"},"modified":"2025-07-21T23:58:57","modified_gmt":"2025-07-21T23:58:57","slug":"vichy-48-hours-anti-perspirant-deodorant-intensive-treatment-roll-on-ae-50ml","status":"publish","type":"product","link":"https:\/\/nawarpharmacy.com\/ru\/product\/vichy-48-hours-anti-perspirant-deodorant-intensive-treatment-roll-on-ae-50ml\/","title":{"rendered":"Vichy 48 Hours Anti Perspirant Deodorant Intensive Treatment Roll On \u00e2\u20ac\u201c 50ml"},"content":{"rendered":"<p>Long-term anti-perspiration efficacy with no discomfort for skin. The micro-refined anti-perspirant active ingredients mean increased targeting of sweat pores for protection for up to 48 hours.<br \/>\nVichy Roll-On 48-hour anti-perspirant intensitve treatment has a long-term anti-perspiration efficacy with no discomfort for skin.<br \/>\nThe micro-refined antiperspirant active ingredients increase targeting of sweat pores for protection for up to 48 hours.<br \/>\nHypoallergenic<br \/>\nAlcohol-free<br \/>\nfragrance-free<br \/>\nparaben-free.<br \/>\n48-hour deodorant and antiperspirant efficacy.<br \/>\nHow to use:<br \/>\nApply daily to clean, and dry armpits.<br \/>\nIngredients:<br \/>\nAqua, aluminium chlorohydrate, aluminium sesquichlorohydrate, ppg-15 stearyl ether, cetearyl alcohol, ceteareth-33, parfum, dimethicone, iodopropynl butylcarbamate.<br \/>\n\u00d9\u2026\u00d8\u00b2\u00d9\u0160\u00d9\u201e \u00d8\u00a7\u00d9\u201e\u00d8\u00b9\u00d8\u00b1\u00d9\u201a \u00d9\u201e\u00d9\u201e\u00d8\u00aa\u00d8\u00b9\u00d8\u00b1\u00d9\u201a \u00d8\u00a7\u00d9\u201e\u00d8\u00b2\u00d8\u00a7\u00d8\u00a6\u00d8\u00af \u00d9\u0160\u00d8\u00af\u00d9\u02c6\u00d9\u2026 \u00d9\u201e\u00d9\u2026\u00d8\u00af\u00d8\u00a9 48 \u00d8\u00b3\u00d8\u00a7\u00d8\u00b9\u00d8\u00a9. \u00d9\u201e\u00d9\u201e\u00d9\u2020\u00d8\u00b3\u00d8\u00a7\u00d8\u00a1 \u00d8\u00a7\u00d9\u201e\u00d8\u00b0\u00d9\u0160\u00d9\u2020 \u00d9\u0160\u00d8\u00b9\u00d8\u00a7\u00d9\u2020\u00d9\u02c6\u00d9\u2020 \u00d9\u2026\u00d9\u2020 \u00d8\u00a7\u00d9\u201e\u00d8\u00aa\u00d8\u00b9\u00d8\u00b1\u00d9\u201a \u00d8\u00a7\u00d9\u201e\u00d8\u00b2\u00d8\u00a7\u00d8\u00a6\u00d8\u00af \u00d9\u02c6 \u00d9\u0160\u00d8\u00a8\u00d8\u00ad\u00d8\u00ab\u00d9\u02c6\u00d9\u2020 \u00d8\u00b9\u00d9\u2020 \u00d9\u0081\u00d8\u00b9\u00d8\u00a7\u00d9\u201e\u00d9\u0160\u00d8\u00a9 \u00d8\u00b7\u00d9\u02c6\u00d9\u0160\u00d9\u201e\u00d8\u00a9 \u00d8\u00af\u00d9\u02c6\u00d9\u2020 \u00d8\u00a7\u00d8\u00b2\u00d8\u00b9\u00d8\u00a7\u00d8\u00ac \u00d8\u00a7\u00d9\u201e\u00d8\u00a8\u00d8\u00b4\u00d8\u00b1\u00d8\u00a9.<br \/>\n\u00e2\u20ac\u00a2 \u00d9\u0081\u00d8\u00b9\u00d8\u00a7\u00d9\u201e\u00d9\u0160\u00d8\u00a9 \u00d8\u00b7\u00d9\u02c6\u00d9\u0160\u00d9\u201e\u00d8\u00a9 \u00d8\u00a7\u00d9\u201e\u00d8\u00a3\u00d9\u2026\u00d8\u00af \u00d8\u00b6\u00d8\u00af \u00d8\u00a7\u00d9\u201e\u00d8\u00aa\u00d8\u00b9\u00d8\u00b1\u00d9\u201a \u00d9\u201e\u00d8\u00a7 \u00d8\u00aa\u00d8\u00b3\u00d8\u00a8\u00d8\u00a8 \u00d8\u00a3\u00d9\u0160 \u00d8\u00a7\u00d8\u00b2\u00d8\u00b9\u00d8\u00a7\u00d8\u00ac \u00d9\u201e\u00d9\u201e\u00d8\u00a8\u00d8\u00b4\u00d8\u00b1\u00d8\u00a9.<br \/>\n\u00e2\u20ac\u00a2 \u00d8\u00aa\u00d8\u00ad\u00d8\u00aa\u00d9\u02c6\u00d9\u0160 \u00d8\u00b9\u00d9\u201e\u00d9\u2030 \u00d8\u00aa\u00d8\u00b1\u00d9\u0192\u00d9\u0160\u00d8\u00a8\u00d8\u00a7\u00d8\u00aa \u00d9\u0081\u00d8\u00b9\u00d8\u00a7\u00d9\u201e\u00d8\u00a9 \u00d9\u201e\u00d9\u2026\u00d9\u201a\u00d8\u00a7\u00d9\u02c6\u00d9\u2026\u00d8\u00a9 \u00d8\u00a7\u00d9\u201e\u00d8\u00aa\u00d8\u00b9\u00d8\u00b1\u00d9\u201a\u00d8\u0152 \u00d8\u00af\u00d9\u201a\u00d9\u0160\u00d9\u201a\u00d8\u00a9 \u00d8\u00ac\u00d8\u00af\u00d8\u00a7\u00d9\u2039\u00d8\u0152 \u00d8\u00aa\u00d9\u2026\u00d9\u0192\u00d9\u2020 \u00d9\u2026\u00d9\u2020 \u00d8\u00a7\u00d8\u00b3\u00d8\u00aa\u00d9\u2021\u00d8\u00af\u00d8\u00a7\u00d9\u0081 \u00d9\u2026\u00d8\u00b3\u00d8\u00a7\u00d9\u2026 \u00d8\u00a7\u00d9\u201e\u00d8\u00b9\u00d8\u00b1\u00d9\u201a \u00d9\u201e\u00d8\u00aa\u00d8\u00b9\u00d8\u00b7\u00d9\u0160 \u00d8\u00ad\u00d9\u2026\u00d8\u00a7\u00d9\u0160\u00d8\u00a9 \u00d8\u00ae\u00d9\u201e\u00d8\u00a7\u00d9\u201e 48 \u00d8\u00b3\u00d8\u00a7\u00d8\u00b9\u00d8\u00a9.<br \/>\n\u00e2\u20ac\u00a2 \u00d8\u00aa\u00d8\u00b1\u00d9\u0192\u00d9\u0160\u00d8\u00a8\u00d8\u00a9 \u00d8\u00a7\u00d8\u00ae\u00d8\u00aa\u00d8\u00a8\u00d8\u00b1\u00d8\u00aa \u00d8\u00b9\u00d9\u201e\u00d9\u2030 \u00d8\u00a7\u00d9\u201e\u00d8\u00a8\u00d8\u00b4\u00d8\u00b1\u00d8\u00a9 \u00d8\u00a7\u00d9\u201e\u00d8\u00ad\u00d8\u00b3\u00d8\u00a7\u00d8\u00b3\u00d8\u00a9\u00d8\u0152<br \/>\n\u00e2\u20ac\u00a2 \u00d8\u00aa\u00d8\u00ad\u00d8\u00aa \u00d8\u00b1\u00d8\u00b9\u00d8\u00a7\u00d9\u0160\u00d8\u00a9 \u00d8\u00a3\u00d8\u00b7\u00d8\u00a8\u00d8\u00a7\u00d8\u00a1 \u00d8\u00a7\u00d9\u201e\u00d8\u00ac\u00d9\u201e\u00d8\u00af.<br \/>\n\u00e2\u20ac\u00a2 \u00d8\u00b5\u00d9\u2026\u00d9\u2026\u00d8\u00aa \u00d9\u201e\u00d8\u00aa\u00d9\u0081\u00d8\u00a7\u00d8\u00af\u00d9\u0160 \u00d8\u00a7\u00d9\u201e\u00d8\u00ad\u00d8\u00b3\u00d8\u00a7\u00d8\u00b3\u00d9\u0160\u00d8\u00a9.<br \/>\n\u00e2\u20ac\u00a2 \u00d8\u00ae\u00d8\u00a7\u00d9\u201e\u00d9\u0160\u00d8\u00a9 \u00d9\u2026\u00d9\u2020 \u00d8\u00a7\u00d9\u201e\u00d9\u0192\u00d8\u00ad\u00d9\u02c6\u00d9\u201e.<br \/>\n\u00e2\u20ac\u00a2 \u00d8\u00ae\u00d8\u00a7\u00d9\u201e\u00d9\u0160\u00d8\u00a9 \u00d9\u2026\u00d9\u2020 \u00d8\u00a7\u00d9\u201e\u00d8\u00a8\u00d8\u00a7\u00d8\u00b1\u00d8\u00a7\u00d8\u00a8\u00d9\u0160\u00d9\u2020.<br \/>\n\u00d8\u00b7\u00d8\u00b1\u00d9\u0160\u00d9\u201a\u00d8\u00a9 \u00d8\u00a7\u00d9\u201e\u00d8\u00a5\u00d8\u00b3\u00d8\u00aa\u00d8\u00ae\u00d8\u00af\u00d8\u00a7\u00d9\u2026:<br \/>\n\u00d9\u0160\u00d8\u00ac\u00d8\u00a8 \u00d8\u00aa\u00d8\u00b7\u00d8\u00a8\u00d9\u0160\u00d9\u201a\u00d9\u2021 \u00d9\u0160\u00d9\u02c6\u00d9\u2026\u00d9\u0160\u00d8\u00a7\u00d9\u2039 \u00d8\u00b9\u00d9\u201e\u00d9\u2030 \u00d8\u00a5\u00d8\u00a8\u00d8\u00b7\u00d9\u0160\u00d9\u2020 \u00d9\u2020\u00d8\u00b8\u00d9\u0160\u00d9\u0081\u00d9\u0160\u00d9\u2020 \u00d9\u02c6\u00d8\u00ac\u00d8\u00a7\u00d9\u0081\u00d9\u0160\u00d9\u2020.<\/p>\n","protected":false},"excerpt":{"rendered":"<p>Long-term anti-perspiration efficacy with no discomfort for skin. The micro-refined anti-perspirant active ingredients mean increased targeting of sweat pores for protection for up to 48 hours. Vichy Roll-On 48-hour anti-perspirant intensitve treatment has a long-term anti-perspiration efficacy with no discomfort for skin. The micro-refined antiperspirant active ingredients increase targeting of sweat pores for protection for&#8230;<\/p>\n","protected":false},"featured_media":1366,"comment_status":"closed","ping_status":"open","template":"","meta":{"rs_blank_template":"","rs_page_bg_color":"","slide_template_v7":"","_bst_post_transparent":"","_bst_post_title":"","_bst_post_layout":"","_bst_post_sidebar_id":"","_bst_post_content_style":"","_bst_post_vertical_padding":"","_bst_post_feature":"","_bst_post_feature_position":"","_bst_post_header":false,"_bst_post_footer":false},"product_brand":[],"product_cat":[15],"product_tag":[],"product_brands":[],"class_list":{"0":"post-1365","1":"product","2":"type-product","3":"status-publish","4":"has-post-thumbnail","6":"product_cat-uncategorized","8":"first","9":"instock","10":"purchasable","11":"product-type-simple","12":"entry","13":"content-bg","14":"loop-entry"},"_links":{"self":[{"href":"https:\/\/nawarpharmacy.com\/ru\/wp-json\/wp\/v2\/product\/1365","targetHints":{"allow":["GET"]}}],"collection":[{"href":"https:\/\/nawarpharmacy.com\/ru\/wp-json\/wp\/v2\/product"}],"about":[{"href":"https:\/\/nawarpharmacy.com\/ru\/wp-json\/wp\/v2\/types\/product"}],"replies":[{"embeddable":true,"href":"https:\/\/nawarpharmacy.com\/ru\/wp-json\/wp\/v2\/comments?post=1365"}],"wp:featuredmedia":[{"embeddable":true,"href":"https:\/\/nawarpharmacy.com\/ru\/wp-json\/wp\/v2\/media\/1366"}],"wp:attachment":[{"href":"https:\/\/nawarpharmacy.com\/ru\/wp-json\/wp\/v2\/media?parent=1365"}],"wp:term":[{"taxonomy":"product_brand","embeddable":true,"href":"https:\/\/nawarpharmacy.com\/ru\/wp-json\/wp\/v2\/product_brand?post=1365"},{"taxonomy":"product_cat","embeddable":true,"href":"https:\/\/nawarpharmacy.com\/ru\/wp-json\/wp\/v2\/product_cat?post=1365"},{"taxonomy":"product_tag","embeddable":true,"href":"https:\/\/nawarpharmacy.com\/ru\/wp-json\/wp\/v2\/product_tag?post=1365"},{"taxonomy":"product_brands","embeddable":true,"href":"https:\/\/nawarpharmacy.com\/ru\/wp-json\/wp\/v2\/product_brands?post=1365"}],"curies":[{"name":"wp","href":"https:\/\/api.w.org\/{rel}","templated":true}]}}