{"id":1344,"date":"2025-07-21T23:56:42","date_gmt":"2025-07-21T23:56:42","guid":{"rendered":"https:\/\/nawarpharmacy.com\/product\/vichy-dercos-anti-dandruff-shampoo-for-dry-hair-200ml\/"},"modified":"2025-07-21T23:58:33","modified_gmt":"2025-07-21T23:58:33","slug":"vichy-dercos-anti-dandruff-shampoo-for-dry-hair-200ml","status":"publish","type":"product","link":"https:\/\/nawarpharmacy.com\/ru\/product\/vichy-dercos-anti-dandruff-shampoo-for-dry-hair-200ml\/","title":{"rendered":"Vichy Dercos Anti Dandruff Shampoo For Dry Hair &#8212; 200ml"},"content":{"rendered":"<p>Vichy\u00e2\u20ac\u2122s Dercos Anti-Dandruff shampoo introduces a groundbreaking formula, based on the microbiome technology with Selenium DS, clears 100% visible dandruff from the first application, while calming itchiness and irritation, controlling fungus and bacteria growth by rebalancing the scalp microbiome and restoring the skin\u00e2\u20ac\u2122s natural barrier function. The effects are clear; with dandruff recurrence prevented even six weeks after the treatment has stopped. Prevents dandruff recurrence even 6-weeks after stopping the treatment.<br \/>\nRe-balance the scalp\u00e2\u20ac\u2122s microbiome for a global action on dandruff<br \/>\nEliminates 100% visible dandruff.<br \/>\nIntensely soothes itching.<br \/>\nPrevents dandruff recurrence even 6-weeks after stopping the treatment.<br \/>\nHow to use:<br \/>\nFor first application, leave on the hair for 2 minutes, then rinse thoroughly.<br \/>\nFor subsequent washes, massage into hair, then rinse.<br \/>\nUse as a 4 week programme. In case of contact with eyes, rinse them immediately.<br \/>\nIngredients:<br \/>\nAqua \/ water, sodium laureth sulfate, coco-betaine, glycerin, dimethicone, cetyl alcohol, hydroxystearyl cetyl ether, carbomer, ci 19140 \/ yellow 5, citric acid, 2-oleamido-1, 3-octadecanediol, ppg-5-ceteth-20, propylene glycol, salicylic acid, selenium sulfide, sodium chloride, sodium hydroxide, sodium hypochlorite, parfum \/ fragrance.<br \/>\n\u00d9\u0081\u00d8\u00b9\u00d8\u00a7\u00d9\u201e\u00d9\u0160\u00d8\u00a9 \u00d9\u2026\u00d8\u00b2\u00d8\u00af\u00d9\u02c6\u00d8\u00ac\u00d8\u00a9 \u00d8\u00b6\u00d8\u00af \u00d8\u00a7\u00d9\u201e\u00d9\u201a\u00d8\u00b4\u00d8\u00b1\u00d8\u00a9 \u00d9\u02c6 \u00d8\u00b8\u00d9\u2021\u00d9\u02c6\u00d8\u00b1\u00d9\u2021\u00d8\u00a7. \u00d9\u201e\u00d9\u201e\u00d9\u2020\u00d8\u00b3\u00d8\u00a7\u00d8\u00a1 \u00d9\u02c6 \u00d8\u00a7\u00d9\u201e\u00d8\u00b1\u00d8\u00ac\u00d8\u00a7\u00d9\u201e \u00d8\u00a7\u00d9\u201e\u00d8\u00b0\u00d9\u0160\u00d9\u2020 \u00d9\u0160\u00d8\u00b1\u00d8\u00af\u00d9\u02c6\u00d9\u2020 \u00d8\u00a7\u00d9\u201e\u00d9\u201a\u00d8\u00b6\u00d8\u00a7\u00d8\u00a1 \u00d8\u00b9\u00d9\u201e\u00d9\u2030 \u00d8\u00a7\u00d9\u201e\u00d8\u00ad\u00d9\u0192\u00d8\u00a9 \u00d9\u02c6 \u00d9\u201a\u00d8\u00b4\u00d8\u00b1\u00d8\u00a9 \u00d8\u00a7\u00d9\u201e\u00d8\u00b1\u00d8\u00a3\u00d8\u00b3.<br \/>\n\u00e2\u20ac\u00a2 \u00d8\u00aa\u00d8\u00b9\u00d9\u02c6\u00d8\u00af \u00d9\u0081\u00d8\u00b1\u00d9\u02c6\u00d8\u00a9 \u00d8\u00a7\u00d9\u201e\u00d8\u00b1\u00d8\u00a3\u00d8\u00b3 \u00d8\u00a7\u00d9\u201e\u00d9\u2030 \u00d8\u00b5\u00d8\u00ad\u00d8\u00aa\u00d9\u2021\u00d8\u00a7 \u00d8\u00a8\u00d8\u00b9\u00d8\u00af \u00d8\u00b0\u00d9\u201e\u00d9\u0192:<br \/>\n\u00e2\u20ac\u00a2 \u00d9\u0160\u00d8\u00b2\u00d9\u0160\u00d9\u201e \u00d9\u201a\u00d8\u00b4\u00d8\u00b1\u00d8\u00a9 \u00d8\u00a7\u00d9\u201e\u00d8\u00b1\u00d8\u00a3\u00d8\u00b3 \u00d9\u2026\u00d9\u2020\u00d8\u00b0 \u00d8\u00a3\u00d9\u02c6\u00d9\u201e \u00d8\u00a7\u00d8\u00b3\u00d8\u00aa\u00d8\u00b9\u00d9\u2026\u00d8\u00a7\u00d9\u201e\u00d8\u0152 \u00d9\u0160\u00d8\u00b9\u00d9\u2026\u00d9\u201e \u00d8\u00b9\u00d9\u201e\u00d9\u2030 \u00d8\u00a3\u00d8\u00b5\u00d8\u00b9\u00d8\u00a8 \u00d8\u00ad\u00d8\u00a7\u00d9\u201e\u00d8\u00a7\u00d8\u00aa \u00d8\u00a7\u00d9\u201e\u00d9\u201a\u00d8\u00b4\u00d8\u00b1\u00d8\u00a9.<br \/>\n\u00e2\u20ac\u00a2 \u00d9\u0160\u00d9\u2020\u00d8\u00b8\u00d9\u2026 \u00d8\u00a7\u00d9\u201e\u00d8\u00aa\u00d9\u201a\u00d8\u00b4\u00d8\u00b1 \u00d9\u02c6\u00d9\u0160\u00d9\u2026\u00d9\u2020\u00d8\u00b9 \u00d9\u2026\u00d8\u00b9\u00d8\u00a7\u00d9\u02c6\u00d8\u00af\u00d8\u00a9 \u00d8\u00b8\u00d9\u2021\u00d9\u02c6\u00d8\u00b1 \u00d8\u00a7\u00d9\u201e\u00d9\u201a\u00d8\u00b4\u00d8\u00b1\u00d8\u00a9 \u00d8\u00ad\u00d8\u00aa\u00d9\u2030 \u00d8\u00b3\u00d8\u00aa\u00d8\u00a9 \u00d8\u00a3\u00d8\u00b3\u00d8\u00a7\u00d8\u00a8\u00d9\u0160\u00d8\u00b9.<br \/>\n\u00e2\u20ac\u00a2 \u00d8\u00aa\u00d8\u00ae\u00d9\u0081 \u00d8\u00a7\u00d9\u201e\u00d8\u00ad\u00d9\u0192\u00d8\u00a9 \u00d9\u2026\u00d9\u2020 \u00d8\u00a3\u00d9\u02c6\u00d9\u201e \u00d8\u00a7\u00d8\u00b3\u00d8\u00aa\u00d8\u00ae\u00d8\u00af\u00d8\u00a7\u00d9\u2026.<br \/>\n\u00d8\u00b7\u00d8\u00b1\u00d9\u0160\u00d9\u201a\u00d8\u00a9 \u00d8\u00a7\u00d9\u201e\u00d8\u00a5\u00d8\u00b3\u00d8\u00aa\u00d8\u00ae\u00d8\u00af\u00d8\u00a7\u00d9\u2026:<br \/>\n\u00d8\u00b9\u00d9\u2020\u00d8\u00af \u00d8\u00a7\u00d8\u00b3\u00d8\u00aa\u00d8\u00ae\u00d8\u00af\u00d8\u00a7\u00d9\u2026\u00d9\u2021 \u00d9\u201e\u00d9\u201e\u00d9\u2026\u00d8\u00b1\u00d8\u00a9 \u00d8\u00a7\u00d9\u201e\u00d8\u00a3\u00d9\u02c6\u00d9\u201e\u00d9\u2030\u00d8\u0152 \u00d9\u0160\u00d9\u008f\u00d8\u00aa\u00d8\u00b1\u00d9\u0192 \u00d9\u0081\u00d9\u02c6\u00d9\u201a \u00d8\u00a7\u00d9\u201e\u00d8\u00b4\u00d8\u00b9\u00d8\u00b1 \u00d9\u201e\u00d9\u2026\u00d8\u00af\u00d8\u00a9 \u00d8\u00af\u00d9\u201a\u00d9\u0160\u00d9\u201a\u00d8\u00aa\u00d9\u0160\u00d9\u2020 \u00d8\u00ab\u00d9\u2026 \u00d9\u0160\u00d9\u008f\u00d8\u00b4\u00d8\u00b7\u00d9\u0081 \u00d8\u00a8\u00d8\u00a7\u00d9\u201e\u00d9\u2026\u00d8\u00a7\u00d8\u00a1.\u00d8\u00b9\u00d9\u2020\u00d8\u00af \u00d8\u00a7\u00d8\u00b3\u00d8\u00aa\u00d8\u00ae\u00d8\u00af\u00d8\u00a7\u00d9\u2026\u00d9\u2021 \u00d8\u00a7\u00d9\u201e\u00d9\u2026\u00d8\u00aa\u00d9\u0192\u00d8\u00b1\u00d8\u00b1 \u00d9\u201e\u00d8\u00ba\u00d8\u00b3\u00d9\u201e \u00d8\u00a7\u00d9\u201e\u00d8\u00b4\u00d8\u00b9\u00d8\u00b1\u00d8\u0152 \u00d9\u0160\u00d8\u00aa\u00d9\u2026 \u00d8\u00aa\u00d8\u00af\u00d9\u201e\u00d9\u0160\u00d9\u0192\u00d9\u2021 \u00d8\u00ab\u00d9\u2026 \u00d8\u00b4\u00d8\u00b7\u00d9\u0081\u00d9\u2021 \u00d8\u00a8\u00d8\u00a7\u00d9\u201e\u00d9\u2026\u00d8\u00a7\u00d8\u00a1.\u00d8\u00b9\u00d9\u2020\u00d8\u00a7\u00d9\u0160\u00d8\u00a9 \u00d9\u2026\u00d8\u00af\u00d8\u00aa\u00d9\u2021\u00d8\u00a7 4 \u00d8\u00a3\u00d8\u00b3\u00d8\u00a7\u00d8\u00a8\u00d9\u0160\u00d8\u00b9.<\/p>\n","protected":false},"excerpt":{"rendered":"<p>Vichy\u00e2\u20ac\u2122s Dercos Anti-Dandruff shampoo introduces a groundbreaking formula, based on the microbiome technology with Selenium DS, clears 100% visible dandruff from the first application, while calming itchiness and irritation, controlling fungus and bacteria growth by rebalancing the scalp microbiome and restoring the skin\u00e2\u20ac\u2122s natural barrier function. The effects are clear; with dandruff recurrence prevented even&#8230;<\/p>\n","protected":false},"featured_media":1345,"comment_status":"closed","ping_status":"open","template":"","meta":{"rs_blank_template":"","rs_page_bg_color":"","slide_template_v7":"","_bst_post_transparent":"","_bst_post_title":"","_bst_post_layout":"","_bst_post_sidebar_id":"","_bst_post_content_style":"","_bst_post_vertical_padding":"","_bst_post_feature":"","_bst_post_feature_position":"","_bst_post_header":false,"_bst_post_footer":false},"product_brand":[],"product_cat":[15],"product_tag":[],"product_brands":[],"class_list":{"0":"post-1344","1":"product","2":"type-product","3":"status-publish","4":"has-post-thumbnail","6":"product_cat-uncategorized","8":"first","9":"instock","10":"purchasable","11":"product-type-simple","12":"entry","13":"content-bg","14":"loop-entry"},"_links":{"self":[{"href":"https:\/\/nawarpharmacy.com\/ru\/wp-json\/wp\/v2\/product\/1344","targetHints":{"allow":["GET"]}}],"collection":[{"href":"https:\/\/nawarpharmacy.com\/ru\/wp-json\/wp\/v2\/product"}],"about":[{"href":"https:\/\/nawarpharmacy.com\/ru\/wp-json\/wp\/v2\/types\/product"}],"replies":[{"embeddable":true,"href":"https:\/\/nawarpharmacy.com\/ru\/wp-json\/wp\/v2\/comments?post=1344"}],"wp:featuredmedia":[{"embeddable":true,"href":"https:\/\/nawarpharmacy.com\/ru\/wp-json\/wp\/v2\/media\/1345"}],"wp:attachment":[{"href":"https:\/\/nawarpharmacy.com\/ru\/wp-json\/wp\/v2\/media?parent=1344"}],"wp:term":[{"taxonomy":"product_brand","embeddable":true,"href":"https:\/\/nawarpharmacy.com\/ru\/wp-json\/wp\/v2\/product_brand?post=1344"},{"taxonomy":"product_cat","embeddable":true,"href":"https:\/\/nawarpharmacy.com\/ru\/wp-json\/wp\/v2\/product_cat?post=1344"},{"taxonomy":"product_tag","embeddable":true,"href":"https:\/\/nawarpharmacy.com\/ru\/wp-json\/wp\/v2\/product_tag?post=1344"},{"taxonomy":"product_brands","embeddable":true,"href":"https:\/\/nawarpharmacy.com\/ru\/wp-json\/wp\/v2\/product_brands?post=1344"}],"curies":[{"name":"wp","href":"https:\/\/api.w.org\/{rel}","templated":true}]}}