{"id":9998,"date":"2025-11-22T13:28:56","date_gmt":"2025-11-22T13:28:56","guid":{"rendered":"https:\/\/nawarpharmacy.com\/?post_type=product&#038;p=9998"},"modified":"2026-02-23T18:05:35","modified_gmt":"2026-02-23T18:05:35","slug":"efalex-30-capsules","status":"publish","type":"product","link":"https:\/\/nawarpharmacy.com\/de\/produkt\/efalex-30-capsules\/","title":{"rendered":"Efalex\u00a0 30 Weichgelatinekapseln"},"content":{"rendered":"<article class=\"text-token-text-primary w-full focus:outline-none [--shadow-height:45px] has-data-writing-block:pointer-events-none has-data-writing-block:-mt-(--shadow-height) has-data-writing-block:pt-(--shadow-height) [&amp;:has([data-writing-block])&gt;*]:pointer-events-auto [content-visibility:auto] supports-[content-visibility:auto]:[contain-intrinsic-size:auto_100lvh] scroll-mt-[calc(var(--header-height)+min(200px,max(70px,20svh)))]\" dir=\"auto\" data-turn-id=\"request-692073f5-3f80-832c-872f-7626d4388ea8-50\" data-testid=\"conversation-turn-118\" data-scroll-anchor=\"true\" data-turn=\"assistant\">\n<div class=\"text-base my-auto mx-auto pb-10 [--thread-content-margin:--spacing(4)] thread-sm:[--thread-content-margin:--spacing(6)] thread-lg:[--thread-content-margin:--spacing(16)] px-(--thread-content-margin)\">\n<div class=\"[--thread-content-max-width:40rem] thread-lg:[--thread-content-max-width:48rem] mx-auto max-w-(--thread-content-max-width) flex-1 group\/turn-messages focus-visible:outline-hidden relative flex w-full min-w-0 flex-col agent-turn\">\n<div class=\"flex max-w-full flex-col grow\">\n<div class=\"min-h-8 text-message relative flex w-full flex-col items-end gap-2 text-start break-words whitespace-normal [.text-message+&amp;]:mt-1\" dir=\"auto\" data-message-author-role=\"assistant\" data-message-id=\"76d7e83d-36fb-4d28-9807-0e686dada42b\" data-message-model-slug=\"gpt-5-mini\">\n<div class=\"flex w-full flex-col gap-1 empty:hidden first:pt-[1px]\">\n<div class=\"markdown prose dark:prose-invert w-full break-words light markdown-new-styling\">\n<div class=\"flex flex-col text-sm pb-25\">\n<article class=\"text-token-text-primary w-full focus:outline-none [--shadow-height:45px] has-data-writing-block:pointer-events-none has-data-writing-block:-mt-(--shadow-height) has-data-writing-block:pt-(--shadow-height) [&amp;:has([data-writing-block])&gt;*]:pointer-events-auto scroll-mt-[calc(var(--header-height)+min(200px,max(70px,20svh)))]\" dir=\"auto\" tabindex=\"-1\" data-turn-id=\"request-WEB:209e3289-63e4-414b-883e-c54fb0e043f1-56\" data-testid=\"conversation-turn-38\" data-scroll-anchor=\"true\" data-turn=\"assistant\">\n<div class=\"text-base my-auto mx-auto pb-10 [--thread-content-margin:--spacing(4)] @w-sm\/main:[--thread-content-margin:--spacing(6)] @w-lg\/main:[--thread-content-margin:--spacing(16)] px-(--thread-content-margin)\">\n<div class=\"[--thread-content-max-width:40rem] @w-lg\/main:[--thread-content-max-width:48rem] mx-auto max-w-(--thread-content-max-width) flex-1 group\/turn-messages focus-visible:outline-hidden relative flex w-full min-w-0 flex-col agent-turn\" tabindex=\"-1\">\n<div class=\"flex max-w-full flex-col grow\">\n<div class=\"min-h-8 text-message relative flex w-full flex-col items-end gap-2 text-start break-words whitespace-normal [.text-message+&amp;]:mt-1\" dir=\"auto\" data-message-author-role=\"assistant\" data-message-id=\"4908436d-70cd-414b-bd04-f4cf7bad7432\" data-message-model-slug=\"gpt-5-2\">\n<div class=\"flex w-full flex-col gap-1 empty:hidden first:pt-[1px]\">\n<div class=\"markdown prose dark:prose-invert w-full wrap-break-word dark markdown-new-styling\">\n<p data-start=\"1548\" data-end=\"1636\"><strong data-start=\"1548\" data-end=\"1583\">Efalex\u00a0 30 Weichgelatinekapseln<\/strong><br data-start=\"1583\" data-end=\"1586\" \/>Darreichungsform: Weichkapseln (Softgel-Kapseln)<\/p>\n<h3 data-start=\"1638\" data-end=\"1665\">Wirkstoffe (pro Kapsel)<\/h3>\n<ul data-start=\"1667\" data-end=\"1762\">\n<li data-start=\"1667\" data-end=\"1703\">\n<p data-start=\"1669\" data-end=\"1703\">DHA (Docosahexaens\u00e4ure) \u2014 250 mg<\/p>\n<\/li>\n<li data-start=\"1704\" data-end=\"1740\">\n<p data-start=\"1706\" data-end=\"1740\">EPA (Eicosapentaens\u00e4ure) \u2014 50 mg<\/p>\n<\/li>\n<li data-start=\"1741\" data-end=\"1762\">\n<p data-start=\"1743\" data-end=\"1762\">Vitamin E \u2014 10 mg<\/p>\n<\/li>\n<\/ul>\n<h3 data-start=\"1764\" data-end=\"1800\">Anwendungsgebiete \/ Indikationen<\/h3>\n<ul data-start=\"1802\" data-end=\"2071\">\n<li data-start=\"1802\" data-end=\"1874\">\n<p data-start=\"1804\" data-end=\"1874\">Unterst\u00fctzung der Gehirnfunktion, des Lernens und des Ged\u00e4chtnisses.<\/p>\n<\/li>\n<li data-start=\"1875\" data-end=\"1916\">\n<p data-start=\"1877\" data-end=\"1916\">F\u00f6rderung einer gesunden Sehfunktion.<\/p>\n<\/li>\n<li data-start=\"1917\" data-end=\"1965\">\n<p data-start=\"1919\" data-end=\"1965\">Unterst\u00fctzung der Herz-Kreislauf-Gesundheit.<\/p>\n<\/li>\n<li data-start=\"1966\" data-end=\"1995\">\n<p data-start=\"1968\" data-end=\"1995\">Wirkt entz\u00fcndungshemmend.<\/p>\n<\/li>\n<li data-start=\"1996\" data-end=\"2071\">\n<p data-start=\"1998\" data-end=\"2071\">Unterst\u00fctzung der allgemeinen kognitiven und neurologischen Gesundheit.<\/p>\n<\/li>\n<\/ul>\n<h3 data-start=\"2073\" data-end=\"2098\">Anwendung \/ Dosierung<\/h3>\n<ul data-start=\"2100\" data-end=\"2195\">\n<li data-start=\"2100\" data-end=\"2195\">\n<p data-start=\"2102\" data-end=\"2195\">1 Kapsel t\u00e4glich, vorzugsweise zu einer Mahlzeit einnehmen, oder nach \u00e4rztlicher Anweisung.<\/p>\n<\/li>\n<\/ul>\n<h3 data-start=\"2197\" data-end=\"2214\">Gegenanzeigen<\/h3>\n<ul data-start=\"2216\" data-end=\"2305\">\n<li data-start=\"2216\" data-end=\"2305\">\n<p data-start=\"2218\" data-end=\"2305\">\u00dcberempfindlichkeit gegen Fisch, Fisch\u00f6l oder einen sonstigen Bestandteil der Kapsel.<\/p>\n<\/li>\n<\/ul>\n<h3 data-start=\"2307\" data-end=\"2344\">Warnhinweise \/ Vorsichtsma\u00dfnahmen<\/h3>\n<ul data-start=\"2346\" data-end=\"2604\">\n<li data-start=\"2346\" data-end=\"2444\">\n<p data-start=\"2348\" data-end=\"2444\">Vorsicht bei gleichzeitiger Einnahme von Antikoagulanzien oder blutverd\u00fcnnenden Arzneimitteln.<\/p>\n<\/li>\n<li data-start=\"2445\" data-end=\"2522\">\n<p data-start=\"2447\" data-end=\"2522\">Schwangerschaft und Stillzeit: vor der Anwendung \u00e4rztlichen Rat einholen.<\/p>\n<\/li>\n<li data-start=\"2523\" data-end=\"2604\">\n<p data-start=\"2525\" data-end=\"2604\">Kein Ersatz f\u00fcr eine ausgewogene Ern\u00e4hrung oder eine medizinische Behandlung.<\/p>\n<\/li>\n<\/ul>\n<h3 data-start=\"2606\" data-end=\"2624\">Nebenwirkungen<\/h3>\n<ul data-start=\"2626\" data-end=\"2788\">\n<li data-start=\"2626\" data-end=\"2661\">\n<p data-start=\"2628\" data-end=\"2661\">Im Allgemeinen gut vertr\u00e4glich.<\/p>\n<\/li>\n<li data-start=\"2662\" data-end=\"2752\">\n<p data-start=\"2664\" data-end=\"2752\">M\u00f6glich: leichte gastrointestinale Beschwerden, fischiger Nachgeschmack oder \u00dcbelkeit.<\/p>\n<\/li>\n<li data-start=\"2753\" data-end=\"2788\">\n<p data-start=\"2755\" data-end=\"2788\">Selten: allergische Reaktionen.<\/p>\n<\/li>\n<\/ul>\n<h3 data-start=\"2790\" data-end=\"2802\">Lagerung<\/h3>\n<ul data-start=\"2804\" data-end=\"2913\" data-is-last-node=\"\" data-is-only-node=\"\">\n<li data-start=\"2804\" data-end=\"2874\">\n<p data-start=\"2806\" data-end=\"2874\">K\u00fchl und trocken lagern, vor direkter Sonneneinstrahlung sch\u00fctzen.<\/p>\n<\/li>\n<li data-start=\"2875\" data-end=\"2913\" data-is-last-node=\"\">\n<p data-start=\"2877\" data-end=\"2913\" data-is-last-node=\"\">F\u00fcr Kinder unzug\u00e4nglich aufbewahren.<\/p>\n<\/li>\n<\/ul>\n<\/div>\n<\/div>\n<\/div>\n<\/div>\n<div class=\"z-0 flex min-h-[46px] justify-start\"><\/div>\n<div class=\"mt-3 w-full empty:hidden\">\n<div class=\"text-center\"><\/div>\n<\/div>\n<\/div>\n<\/div>\n<\/article>\n<\/div>\n<div class=\"pointer-events-none h-px w-px absolute bottom-0\" aria-hidden=\"true\" data-edge=\"true\"><\/div>\n<\/div>\n<\/div>\n<\/div>\n<\/div>\n<\/div>\n<\/div>\n<\/article>\n","protected":false},"excerpt":{"rendered":"<p>Efalex\u00a0 30 WeichgelatinekapselnDarreichungsform: Weichkapseln (Softgel-Kapseln) Wirkstoffe (pro Kapsel) DHA (Docosahexaens\u00e4ure) \u2014 250 mg EPA (Eicosapentaens\u00e4ure) \u2014 50 mg Vitamin E \u2014 10 mg Anwendungsgebiete \/ Indikationen Unterst\u00fctzung der Gehirnfunktion, des Lernens und des Ged\u00e4chtnisses. F\u00f6rderung einer gesunden Sehfunktion. Unterst\u00fctzung der Herz-Kreislauf-Gesundheit. Wirkt entz\u00fcndungshemmend. Unterst\u00fctzung der allgemeinen kognitiven und neurologischen Gesundheit. Anwendung \/ Dosierung 1 Kapsel&#8230;<\/p>\n","protected":false},"featured_media":9997,"comment_status":"open","ping_status":"closed","template":"","meta":{"rs_blank_template":"","rs_page_bg_color":"","slide_template_v7":"","_bst_post_transparent":"default","_bst_post_title":"","_bst_post_layout":"default","_bst_post_sidebar_id":"","_bst_post_content_style":"default","_bst_post_vertical_padding":"default","_bst_post_feature":"","_bst_post_feature_position":"","_bst_post_header":false,"_bst_post_footer":false},"product_brand":[],"product_cat":[351,217,457,229],"product_tag":[],"product_brands":[],"class_list":{"0":"post-9998","1":"product","2":"type-product","3":"status-publish","4":"has-post-thumbnail","6":"product_cat-medical-forms","7":"product_cat-medicines","8":"product_cat-tablets-capsules","9":"product_cat-vitamins-general-supplements","11":"first","12":"instock","13":"shipping-taxable","14":"purchasable","15":"product-type-simple","16":"entry","17":"content-bg","18":"loop-entry"},"_links":{"self":[{"href":"https:\/\/nawarpharmacy.com\/de\/wp-json\/wp\/v2\/product\/9998","targetHints":{"allow":["GET"]}}],"collection":[{"href":"https:\/\/nawarpharmacy.com\/de\/wp-json\/wp\/v2\/product"}],"about":[{"href":"https:\/\/nawarpharmacy.com\/de\/wp-json\/wp\/v2\/types\/product"}],"replies":[{"embeddable":true,"href":"https:\/\/nawarpharmacy.com\/de\/wp-json\/wp\/v2\/comments?post=9998"}],"wp:featuredmedia":[{"embeddable":true,"href":"https:\/\/nawarpharmacy.com\/de\/wp-json\/wp\/v2\/media\/9997"}],"wp:attachment":[{"href":"https:\/\/nawarpharmacy.com\/de\/wp-json\/wp\/v2\/media?parent=9998"}],"wp:term":[{"taxonomy":"product_brand","embeddable":true,"href":"https:\/\/nawarpharmacy.com\/de\/wp-json\/wp\/v2\/product_brand?post=9998"},{"taxonomy":"product_cat","embeddable":true,"href":"https:\/\/nawarpharmacy.com\/de\/wp-json\/wp\/v2\/product_cat?post=9998"},{"taxonomy":"product_tag","embeddable":true,"href":"https:\/\/nawarpharmacy.com\/de\/wp-json\/wp\/v2\/product_tag?post=9998"},{"taxonomy":"product_brands","embeddable":true,"href":"https:\/\/nawarpharmacy.com\/de\/wp-json\/wp\/v2\/product_brands?post=9998"}],"curies":[{"name":"wp","href":"https:\/\/api.w.org\/{rel}","templated":true}]}}