{"id":9993,"date":"2025-11-22T13:30:02","date_gmt":"2025-11-22T13:30:02","guid":{"rendered":"https:\/\/nawarpharmacy.com\/?post_type=product&#038;p=9993"},"modified":"2026-02-23T18:03:09","modified_gmt":"2026-02-23T18:03:09","slug":"elevit-breastfeeding-30-capsules","status":"publish","type":"product","link":"https:\/\/nawarpharmacy.com\/de\/produkt\/elevit-breastfeeding-30-capsules\/","title":{"rendered":"Elevit Breastfeeding 30 Kapseln"},"content":{"rendered":"<article class=\"text-token-text-primary w-full focus:outline-none [--shadow-height:45px] has-data-writing-block:pointer-events-none has-data-writing-block:-mt-(--shadow-height) has-data-writing-block:pt-(--shadow-height) [&amp;:has([data-writing-block])&gt;*]:pointer-events-auto [content-visibility:auto] supports-[content-visibility:auto]:[contain-intrinsic-size:auto_100lvh] scroll-mt-[calc(var(--header-height)+min(200px,max(70px,20svh)))]\" dir=\"auto\" data-turn-id=\"request-692073f5-3f80-832c-872f-7626d4388ea8-51\" data-testid=\"conversation-turn-120\" data-scroll-anchor=\"true\" data-turn=\"assistant\">\n<div class=\"text-base my-auto mx-auto pb-10 [--thread-content-margin:--spacing(4)] thread-sm:[--thread-content-margin:--spacing(6)] thread-lg:[--thread-content-margin:--spacing(16)] px-(--thread-content-margin)\">\n<div class=\"[--thread-content-max-width:40rem] thread-lg:[--thread-content-max-width:48rem] mx-auto max-w-(--thread-content-max-width) flex-1 group\/turn-messages focus-visible:outline-hidden relative flex w-full min-w-0 flex-col agent-turn\">\n<div class=\"flex max-w-full flex-col grow\">\n<div class=\"min-h-8 text-message relative flex w-full flex-col items-end gap-2 text-start break-words whitespace-normal [.text-message+&amp;]:mt-1\" dir=\"auto\" data-message-author-role=\"assistant\" data-message-id=\"871e1a22-cf97-489b-ba8a-ce12541c6a73\" data-message-model-slug=\"gpt-5-mini\">\n<div class=\"flex w-full flex-col gap-1 empty:hidden first:pt-[1px]\">\n<div class=\"markdown prose dark:prose-invert w-full break-words light markdown-new-styling\">\n<div class=\"flex flex-col text-sm pb-25\">\n<article class=\"text-token-text-primary w-full focus:outline-none [--shadow-height:45px] has-data-writing-block:pointer-events-none has-data-writing-block:-mt-(--shadow-height) has-data-writing-block:pt-(--shadow-height) [&amp;:has([data-writing-block])&gt;*]:pointer-events-auto scroll-mt-[calc(var(--header-height)+min(200px,max(70px,20svh)))]\" dir=\"auto\" tabindex=\"-1\" data-turn-id=\"request-WEB:209e3289-63e4-414b-883e-c54fb0e043f1-55\" data-testid=\"conversation-turn-36\" data-scroll-anchor=\"true\" data-turn=\"assistant\">\n<div class=\"text-base my-auto mx-auto pb-10 [--thread-content-margin:--spacing(4)] @w-sm\/main:[--thread-content-margin:--spacing(6)] @w-lg\/main:[--thread-content-margin:--spacing(16)] px-(--thread-content-margin)\">\n<div class=\"[--thread-content-max-width:40rem] @w-lg\/main:[--thread-content-max-width:48rem] mx-auto max-w-(--thread-content-max-width) flex-1 group\/turn-messages focus-visible:outline-hidden relative flex w-full min-w-0 flex-col agent-turn\" tabindex=\"-1\">\n<div class=\"flex max-w-full flex-col grow\">\n<div class=\"min-h-8 text-message relative flex w-full flex-col items-end gap-2 text-start break-words whitespace-normal [.text-message+&amp;]:mt-1\" dir=\"auto\" data-message-author-role=\"assistant\" data-message-id=\"b3a676a5-8d32-4fcd-8617-fdae032f2f12\" data-message-model-slug=\"gpt-5-2\">\n<div class=\"flex w-full flex-col gap-1 empty:hidden first:pt-[1px]\">\n<div class=\"markdown prose dark:prose-invert w-full wrap-break-word dark markdown-new-styling\">\n<p data-start=\"1821\" data-end=\"1887\"><strong data-start=\"1821\" data-end=\"1857\">Elevit Breastfeeding 30 Kapseln<\/strong><br data-start=\"1857\" data-end=\"1860\" \/>Darreichungsform: Kapseln<\/p>\n<h3 data-start=\"1889\" data-end=\"1916\">Wirkstoffe (pro Kapsel)<\/h3>\n<ul data-start=\"1918\" data-end=\"2407\">\n<li data-start=\"1918\" data-end=\"1939\">\n<p data-start=\"1920\" data-end=\"1939\">Fols\u00e4ure \u2014 400 \u00b5g<\/p>\n<\/li>\n<li data-start=\"1940\" data-end=\"1962\">\n<p data-start=\"1942\" data-end=\"1962\">Vitamin A \u2014 800 \u00b5g<\/p>\n<\/li>\n<li data-start=\"1963\" data-end=\"1984\">\n<p data-start=\"1965\" data-end=\"1984\">Vitamin C \u2014 85 mg<\/p>\n<\/li>\n<li data-start=\"1985\" data-end=\"2006\">\n<p data-start=\"1987\" data-end=\"2006\">Vitamin D \u2014 10 \u00b5g<\/p>\n<\/li>\n<li data-start=\"2007\" data-end=\"2028\">\n<p data-start=\"2009\" data-end=\"2028\">Vitamin E \u2014 10 mg<\/p>\n<\/li>\n<li data-start=\"2029\" data-end=\"2062\">\n<p data-start=\"2031\" data-end=\"2062\">Vitamin B1 (Thiamin) \u2014 1,4 mg<\/p>\n<\/li>\n<li data-start=\"2063\" data-end=\"2099\">\n<p data-start=\"2065\" data-end=\"2099\">Vitamin B2 (Riboflavin) \u2014 1,4 mg<\/p>\n<\/li>\n<li data-start=\"2100\" data-end=\"2131\">\n<p data-start=\"2102\" data-end=\"2131\">Vitamin B3 (Niacin) \u2014 18 mg<\/p>\n<\/li>\n<li data-start=\"2132\" data-end=\"2170\">\n<p data-start=\"2134\" data-end=\"2170\">Vitamin B5 (Pantothens\u00e4ure) \u2014 6 mg<\/p>\n<\/li>\n<li data-start=\"2171\" data-end=\"2206\">\n<p data-start=\"2173\" data-end=\"2206\">Vitamin B6 (Pyridoxin) \u2014 1,9 mg<\/p>\n<\/li>\n<li data-start=\"2207\" data-end=\"2243\">\n<p data-start=\"2209\" data-end=\"2243\">Vitamin B12 (Cobalamin) \u2014 2,6 \u00b5g<\/p>\n<\/li>\n<li data-start=\"2244\" data-end=\"2262\">\n<p data-start=\"2246\" data-end=\"2262\">Biotin \u2014 35 \u00b5g<\/p>\n<\/li>\n<li data-start=\"2263\" data-end=\"2279\">\n<p data-start=\"2265\" data-end=\"2279\">Jod \u2014 150 \u00b5g<\/p>\n<\/li>\n<li data-start=\"2280\" data-end=\"2297\">\n<p data-start=\"2282\" data-end=\"2297\">Eisen \u2014 27 mg<\/p>\n<\/li>\n<li data-start=\"2298\" data-end=\"2314\">\n<p data-start=\"2300\" data-end=\"2314\">Zink \u2014 11 mg<\/p>\n<\/li>\n<li data-start=\"2315\" data-end=\"2332\">\n<p data-start=\"2317\" data-end=\"2332\">Selen \u2014 60 \u00b5g<\/p>\n<\/li>\n<li data-start=\"2333\" data-end=\"2350\">\n<p data-start=\"2335\" data-end=\"2350\">Kupfer \u2014 1 mg<\/p>\n<\/li>\n<li data-start=\"2351\" data-end=\"2368\">\n<p data-start=\"2353\" data-end=\"2368\">Mangan \u2014 2 mg<\/p>\n<\/li>\n<li data-start=\"2369\" data-end=\"2386\">\n<p data-start=\"2371\" data-end=\"2386\">Chrom \u2014 30 \u00b5g<\/p>\n<\/li>\n<li data-start=\"2387\" data-end=\"2407\">\n<p data-start=\"2389\" data-end=\"2407\">Molybd\u00e4n \u2014 50 \u00b5g<\/p>\n<\/li>\n<\/ul>\n<h3 data-start=\"2409\" data-end=\"2445\">Anwendungsgebiete \/ Indikationen<\/h3>\n<ul data-start=\"2447\" data-end=\"2812\">\n<li data-start=\"2447\" data-end=\"2533\">\n<p data-start=\"2449\" data-end=\"2533\">Unterst\u00fctzung des erh\u00f6hten Vitamin- und Mineralstoffbedarfs w\u00e4hrend der Stillzeit.<\/p>\n<\/li>\n<li data-start=\"2534\" data-end=\"2606\">\n<p data-start=\"2536\" data-end=\"2606\">Unterst\u00fctzung des Energiestoffwechsels und der Vitalit\u00e4t der Mutter.<\/p>\n<\/li>\n<li data-start=\"2607\" data-end=\"2712\">\n<p data-start=\"2609\" data-end=\"2712\">Beitrag zu einem gesunden Wachstum und einer normalen Entwicklung des S\u00e4uglings \u00fcber die Muttermilch.<\/p>\n<\/li>\n<li data-start=\"2713\" data-end=\"2812\">\n<p data-start=\"2715\" data-end=\"2812\">Versorgung mit essenziellen Mikron\u00e4hrstoffen f\u00fcr die allgemeine Gesundheit von Mutter und Kind.<\/p>\n<\/li>\n<\/ul>\n<h3 data-start=\"2814\" data-end=\"2839\">Anwendung \/ Dosierung<\/h3>\n<ul data-start=\"2841\" data-end=\"2936\">\n<li data-start=\"2841\" data-end=\"2936\">\n<p data-start=\"2843\" data-end=\"2936\">1 Kapsel t\u00e4glich, vorzugsweise zu einer Mahlzeit einnehmen, oder nach \u00e4rztlicher Anweisung.<\/p>\n<\/li>\n<\/ul>\n<h3 data-start=\"2938\" data-end=\"2955\">Gegenanzeigen<\/h3>\n<ul data-start=\"2957\" data-end=\"3021\">\n<li data-start=\"2957\" data-end=\"3021\">\n<p data-start=\"2959\" data-end=\"3021\">\u00dcberempfindlichkeit gegen einen der Bestandteile der Kapsel.<\/p>\n<\/li>\n<\/ul>\n<h3 data-start=\"3023\" data-end=\"3060\">Warnhinweise \/ Vorsichtsma\u00dfnahmen<\/h3>\n<ul data-start=\"3062\" data-end=\"3296\">\n<li data-start=\"3062\" data-end=\"3132\">\n<p data-start=\"3064\" data-end=\"3132\">Kein Ersatz f\u00fcr eine ausgewogene und abwechslungsreiche Ern\u00e4hrung.<\/p>\n<\/li>\n<li data-start=\"3133\" data-end=\"3255\">\n<p data-start=\"3135\" data-end=\"3255\">Bei gleichzeitiger Einnahme anderer Nahrungserg\u00e4nzungsmittel oder Arzneimittel sollte \u00e4rztlicher Rat eingeholt werden.<\/p>\n<\/li>\n<li data-start=\"3256\" data-end=\"3296\">\n<p data-start=\"3258\" data-end=\"3296\">F\u00fcr Kinder unzug\u00e4nglich aufbewahren.<\/p>\n<\/li>\n<\/ul>\n<h3 data-start=\"3298\" data-end=\"3316\">Nebenwirkungen<\/h3>\n<ul data-start=\"3318\" data-end=\"3442\">\n<li data-start=\"3318\" data-end=\"3353\">\n<p data-start=\"3320\" data-end=\"3353\">Im Allgemeinen gut vertr\u00e4glich.<\/p>\n<\/li>\n<li data-start=\"3354\" data-end=\"3442\">\n<p data-start=\"3356\" data-end=\"3442\">Selten: leichte gastrointestinale Beschwerden, \u00dcbelkeit oder allergische Reaktionen.<\/p>\n<\/li>\n<\/ul>\n<h3 data-start=\"3444\" data-end=\"3456\">Lagerung<\/h3>\n<ul data-start=\"3458\" data-end=\"3526\" data-is-last-node=\"\" data-is-only-node=\"\">\n<li data-start=\"3458\" data-end=\"3526\" data-is-last-node=\"\">\n<p data-start=\"3460\" data-end=\"3526\" data-is-last-node=\"\">K\u00fchl und trocken lagern, vor direkter Sonneneinstrahlung sch\u00fctzen.<\/p>\n<\/li>\n<\/ul>\n<\/div>\n<\/div>\n<\/div>\n<\/div>\n<div class=\"z-0 flex min-h-[46px] justify-start\"><\/div>\n<div class=\"mt-3 w-full empty:hidden\">\n<div class=\"text-center\"><\/div>\n<\/div>\n<\/div>\n<\/div>\n<\/article>\n<\/div>\n<div class=\"pointer-events-none h-px w-px absolute bottom-0\" aria-hidden=\"true\" data-edge=\"true\"><\/div>\n<\/div>\n<\/div>\n<\/div>\n<\/div>\n<\/div>\n<\/div>\n<\/article>\n","protected":false},"excerpt":{"rendered":"<p>Elevit Breastfeeding 30 KapselnDarreichungsform: Kapseln Wirkstoffe (pro Kapsel) Fols\u00e4ure \u2014 400 \u00b5g Vitamin A \u2014 800 \u00b5g Vitamin C \u2014 85 mg Vitamin D \u2014 10 \u00b5g Vitamin E \u2014 10 mg Vitamin B1 (Thiamin) \u2014 1,4 mg Vitamin B2 (Riboflavin) \u2014 1,4 mg Vitamin B3 (Niacin) \u2014 18 mg Vitamin B5 (Pantothens\u00e4ure) \u2014 6&#8230;<\/p>\n","protected":false},"featured_media":9992,"comment_status":"open","ping_status":"closed","template":"","meta":{"rs_blank_template":"","rs_page_bg_color":"","slide_template_v7":"","_bst_post_transparent":"default","_bst_post_title":"","_bst_post_layout":"default","_bst_post_sidebar_id":"","_bst_post_content_style":"default","_bst_post_vertical_padding":"default","_bst_post_feature":"","_bst_post_feature_position":"","_bst_post_header":false,"_bst_post_footer":false},"product_brand":[],"product_cat":[351,217,457,229],"product_tag":[],"product_brands":[],"class_list":{"0":"post-9993","1":"product","2":"type-product","3":"status-publish","4":"has-post-thumbnail","6":"product_cat-medical-forms","7":"product_cat-medicines","8":"product_cat-tablets-capsules","9":"product_cat-vitamins-general-supplements","11":"first","12":"instock","13":"shipping-taxable","14":"purchasable","15":"product-type-simple","16":"entry","17":"content-bg","18":"loop-entry"},"_links":{"self":[{"href":"https:\/\/nawarpharmacy.com\/de\/wp-json\/wp\/v2\/product\/9993","targetHints":{"allow":["GET"]}}],"collection":[{"href":"https:\/\/nawarpharmacy.com\/de\/wp-json\/wp\/v2\/product"}],"about":[{"href":"https:\/\/nawarpharmacy.com\/de\/wp-json\/wp\/v2\/types\/product"}],"replies":[{"embeddable":true,"href":"https:\/\/nawarpharmacy.com\/de\/wp-json\/wp\/v2\/comments?post=9993"}],"wp:featuredmedia":[{"embeddable":true,"href":"https:\/\/nawarpharmacy.com\/de\/wp-json\/wp\/v2\/media\/9992"}],"wp:attachment":[{"href":"https:\/\/nawarpharmacy.com\/de\/wp-json\/wp\/v2\/media?parent=9993"}],"wp:term":[{"taxonomy":"product_brand","embeddable":true,"href":"https:\/\/nawarpharmacy.com\/de\/wp-json\/wp\/v2\/product_brand?post=9993"},{"taxonomy":"product_cat","embeddable":true,"href":"https:\/\/nawarpharmacy.com\/de\/wp-json\/wp\/v2\/product_cat?post=9993"},{"taxonomy":"product_tag","embeddable":true,"href":"https:\/\/nawarpharmacy.com\/de\/wp-json\/wp\/v2\/product_tag?post=9993"},{"taxonomy":"product_brands","embeddable":true,"href":"https:\/\/nawarpharmacy.com\/de\/wp-json\/wp\/v2\/product_brands?post=9993"}],"curies":[{"name":"wp","href":"https:\/\/api.w.org\/{rel}","templated":true}]}}