{"id":9989,"date":"2025-11-22T13:30:55","date_gmt":"2025-11-22T13:30:55","guid":{"rendered":"https:\/\/nawarpharmacy.com\/?post_type=product&#038;p=9989"},"modified":"2026-02-23T18:02:18","modified_gmt":"2026-02-23T18:02:18","slug":"elevit-pregnancy-30-capsules","status":"publish","type":"product","link":"https:\/\/nawarpharmacy.com\/de\/produkt\/elevit-pregnancy-30-capsules\/","title":{"rendered":"Elevit Pregnancy 30 Kapseln"},"content":{"rendered":"<article class=\"text-token-text-primary w-full focus:outline-none [--shadow-height:45px] has-data-writing-block:pointer-events-none has-data-writing-block:-mt-(--shadow-height) has-data-writing-block:pt-(--shadow-height) [&amp;:has([data-writing-block])&gt;*]:pointer-events-auto [content-visibility:auto] supports-[content-visibility:auto]:[contain-intrinsic-size:auto_100lvh] scroll-mt-[calc(var(--header-height)+min(200px,max(70px,20svh)))]\" dir=\"auto\" data-turn-id=\"request-692073f5-3f80-832c-872f-7626d4388ea8-52\" data-testid=\"conversation-turn-122\" data-scroll-anchor=\"true\" data-turn=\"assistant\">\n<div class=\"text-base my-auto mx-auto pb-10 [--thread-content-margin:--spacing(4)] thread-sm:[--thread-content-margin:--spacing(6)] thread-lg:[--thread-content-margin:--spacing(16)] px-(--thread-content-margin)\">\n<div class=\"[--thread-content-max-width:40rem] thread-lg:[--thread-content-max-width:48rem] mx-auto max-w-(--thread-content-max-width) flex-1 group\/turn-messages focus-visible:outline-hidden relative flex w-full min-w-0 flex-col agent-turn\">\n<div class=\"flex max-w-full flex-col grow\">\n<div class=\"min-h-8 text-message relative flex w-full flex-col items-end gap-2 text-start break-words whitespace-normal [.text-message+&amp;]:mt-1\" dir=\"auto\" data-message-author-role=\"assistant\" data-message-id=\"aa281b2d-8e92-4b4f-8ed1-e6b79640ece5\" data-message-model-slug=\"gpt-5-mini\">\n<div class=\"flex w-full flex-col gap-1 empty:hidden first:pt-[1px]\">\n<div class=\"markdown prose dark:prose-invert w-full break-words light markdown-new-styling\">\n<div class=\"flex flex-col text-sm pb-25\">\n<article class=\"text-token-text-primary w-full focus:outline-none [--shadow-height:45px] has-data-writing-block:pointer-events-none has-data-writing-block:-mt-(--shadow-height) has-data-writing-block:pt-(--shadow-height) [&amp;:has([data-writing-block])&gt;*]:pointer-events-auto scroll-mt-[calc(var(--header-height)+min(200px,max(70px,20svh)))]\" dir=\"auto\" tabindex=\"-1\" data-turn-id=\"request-WEB:209e3289-63e4-414b-883e-c54fb0e043f1-54\" data-testid=\"conversation-turn-34\" data-scroll-anchor=\"true\" data-turn=\"assistant\">\n<div class=\"text-base my-auto mx-auto pb-10 [--thread-content-margin:--spacing(4)] @w-sm\/main:[--thread-content-margin:--spacing(6)] @w-lg\/main:[--thread-content-margin:--spacing(16)] px-(--thread-content-margin)\">\n<div class=\"[--thread-content-max-width:40rem] @w-lg\/main:[--thread-content-max-width:48rem] mx-auto max-w-(--thread-content-max-width) flex-1 group\/turn-messages focus-visible:outline-hidden relative flex w-full min-w-0 flex-col agent-turn\" tabindex=\"-1\">\n<div class=\"flex max-w-full flex-col grow\">\n<div class=\"min-h-8 text-message relative flex w-full flex-col items-end gap-2 text-start break-words whitespace-normal [.text-message+&amp;]:mt-1\" dir=\"auto\" data-message-author-role=\"assistant\" data-message-id=\"3029cfd5-c76c-427d-a462-63519e4f3464\" data-message-model-slug=\"gpt-5-2\">\n<div class=\"flex w-full flex-col gap-1 empty:hidden first:pt-[1px]\">\n<div class=\"markdown prose dark:prose-invert w-full wrap-break-word dark markdown-new-styling\">\n<p data-start=\"1805\" data-end=\"1867\"><strong data-start=\"1805\" data-end=\"1837\">Elevit Pregnancy 30 Kapseln<\/strong><br data-start=\"1837\" data-end=\"1840\" \/>Darreichungsform: Kapseln<\/p>\n<h3 data-start=\"1869\" data-end=\"1896\">Wirkstoffe (pro Kapsel)<\/h3>\n<ul data-start=\"1898\" data-end=\"2387\">\n<li data-start=\"1898\" data-end=\"1919\">\n<p data-start=\"1900\" data-end=\"1919\">Fols\u00e4ure \u2014 800 \u00b5g<\/p>\n<\/li>\n<li data-start=\"1920\" data-end=\"1942\">\n<p data-start=\"1922\" data-end=\"1942\">Vitamin A \u2014 800 \u00b5g<\/p>\n<\/li>\n<li data-start=\"1943\" data-end=\"1964\">\n<p data-start=\"1945\" data-end=\"1964\">Vitamin C \u2014 85 mg<\/p>\n<\/li>\n<li data-start=\"1965\" data-end=\"1986\">\n<p data-start=\"1967\" data-end=\"1986\">Vitamin D \u2014 10 \u00b5g<\/p>\n<\/li>\n<li data-start=\"1987\" data-end=\"2008\">\n<p data-start=\"1989\" data-end=\"2008\">Vitamin E \u2014 10 mg<\/p>\n<\/li>\n<li data-start=\"2009\" data-end=\"2042\">\n<p data-start=\"2011\" data-end=\"2042\">Vitamin B1 (Thiamin) \u2014 1,4 mg<\/p>\n<\/li>\n<li data-start=\"2043\" data-end=\"2079\">\n<p data-start=\"2045\" data-end=\"2079\">Vitamin B2 (Riboflavin) \u2014 1,4 mg<\/p>\n<\/li>\n<li data-start=\"2080\" data-end=\"2111\">\n<p data-start=\"2082\" data-end=\"2111\">Vitamin B3 (Niacin) \u2014 18 mg<\/p>\n<\/li>\n<li data-start=\"2112\" data-end=\"2150\">\n<p data-start=\"2114\" data-end=\"2150\">Vitamin B5 (Pantothens\u00e4ure) \u2014 6 mg<\/p>\n<\/li>\n<li data-start=\"2151\" data-end=\"2186\">\n<p data-start=\"2153\" data-end=\"2186\">Vitamin B6 (Pyridoxin) \u2014 1,9 mg<\/p>\n<\/li>\n<li data-start=\"2187\" data-end=\"2223\">\n<p data-start=\"2189\" data-end=\"2223\">Vitamin B12 (Cobalamin) \u2014 2,6 \u00b5g<\/p>\n<\/li>\n<li data-start=\"2224\" data-end=\"2242\">\n<p data-start=\"2226\" data-end=\"2242\">Biotin \u2014 35 \u00b5g<\/p>\n<\/li>\n<li data-start=\"2243\" data-end=\"2259\">\n<p data-start=\"2245\" data-end=\"2259\">Jod \u2014 150 \u00b5g<\/p>\n<\/li>\n<li data-start=\"2260\" data-end=\"2277\">\n<p data-start=\"2262\" data-end=\"2277\">Eisen \u2014 60 mg<\/p>\n<\/li>\n<li data-start=\"2278\" data-end=\"2294\">\n<p data-start=\"2280\" data-end=\"2294\">Zink \u2014 11 mg<\/p>\n<\/li>\n<li data-start=\"2295\" data-end=\"2312\">\n<p data-start=\"2297\" data-end=\"2312\">Selen \u2014 60 \u00b5g<\/p>\n<\/li>\n<li data-start=\"2313\" data-end=\"2330\">\n<p data-start=\"2315\" data-end=\"2330\">Kupfer \u2014 1 mg<\/p>\n<\/li>\n<li data-start=\"2331\" data-end=\"2348\">\n<p data-start=\"2333\" data-end=\"2348\">Mangan \u2014 2 mg<\/p>\n<\/li>\n<li data-start=\"2349\" data-end=\"2366\">\n<p data-start=\"2351\" data-end=\"2366\">Chrom \u2014 30 \u00b5g<\/p>\n<\/li>\n<li data-start=\"2367\" data-end=\"2387\">\n<p data-start=\"2369\" data-end=\"2387\">Molybd\u00e4n \u2014 50 \u00b5g<\/p>\n<\/li>\n<\/ul>\n<h3 data-start=\"2389\" data-end=\"2425\">Anwendungsgebiete \/ Indikationen<\/h3>\n<ul data-start=\"2427\" data-end=\"2805\">\n<li data-start=\"2427\" data-end=\"2519\">\n<p data-start=\"2429\" data-end=\"2519\">Unterst\u00fctzung des erh\u00f6hten Vitamin- und Mineralstoffbedarfs w\u00e4hrend der Schwangerschaft.<\/p>\n<\/li>\n<li data-start=\"2520\" data-end=\"2614\">\n<p data-start=\"2522\" data-end=\"2614\">Beitrag zur Verringerung des Risikos von Neuralrohrdefekten beim sich entwickelnden F\u00f6tus.<\/p>\n<\/li>\n<li data-start=\"2615\" data-end=\"2700\">\n<p data-start=\"2617\" data-end=\"2700\">Unterst\u00fctzung des Energiestoffwechsels und der allgemeinen Gesundheit der Mutter.<\/p>\n<\/li>\n<li data-start=\"2701\" data-end=\"2805\">\n<p data-start=\"2703\" data-end=\"2805\">Versorgung mit essenziellen Mikron\u00e4hrstoffen f\u00fcr das normale Wachstum und die Entwicklung des F\u00f6tus.<\/p>\n<\/li>\n<\/ul>\n<h3 data-start=\"2807\" data-end=\"2832\">Anwendung \/ Dosierung<\/h3>\n<ul data-start=\"2834\" data-end=\"2929\">\n<li data-start=\"2834\" data-end=\"2929\">\n<p data-start=\"2836\" data-end=\"2929\">1 Kapsel t\u00e4glich, vorzugsweise zu einer Mahlzeit einnehmen, oder nach \u00e4rztlicher Anweisung.<\/p>\n<\/li>\n<\/ul>\n<h3 data-start=\"2931\" data-end=\"2948\">Gegenanzeigen<\/h3>\n<ul data-start=\"2950\" data-end=\"3014\">\n<li data-start=\"2950\" data-end=\"3014\">\n<p data-start=\"2952\" data-end=\"3014\">\u00dcberempfindlichkeit gegen einen der Bestandteile der Kapsel.<\/p>\n<\/li>\n<\/ul>\n<h3 data-start=\"3016\" data-end=\"3053\">Warnhinweise \/ Vorsichtsma\u00dfnahmen<\/h3>\n<ul data-start=\"3055\" data-end=\"3289\">\n<li data-start=\"3055\" data-end=\"3125\">\n<p data-start=\"3057\" data-end=\"3125\">Kein Ersatz f\u00fcr eine ausgewogene und abwechslungsreiche Ern\u00e4hrung.<\/p>\n<\/li>\n<li data-start=\"3126\" data-end=\"3248\">\n<p data-start=\"3128\" data-end=\"3248\">Bei gleichzeitiger Einnahme anderer Nahrungserg\u00e4nzungsmittel oder Arzneimittel sollte \u00e4rztlicher Rat eingeholt werden.<\/p>\n<\/li>\n<li data-start=\"3249\" data-end=\"3289\">\n<p data-start=\"3251\" data-end=\"3289\">F\u00fcr Kinder unzug\u00e4nglich aufbewahren.<\/p>\n<\/li>\n<\/ul>\n<h3 data-start=\"3291\" data-end=\"3309\">Nebenwirkungen<\/h3>\n<ul data-start=\"3311\" data-end=\"3435\">\n<li data-start=\"3311\" data-end=\"3346\">\n<p data-start=\"3313\" data-end=\"3346\">Im Allgemeinen gut vertr\u00e4glich.<\/p>\n<\/li>\n<li data-start=\"3347\" data-end=\"3435\">\n<p data-start=\"3349\" data-end=\"3435\">Selten: leichte gastrointestinale Beschwerden, \u00dcbelkeit oder allergische Reaktionen.<\/p>\n<\/li>\n<\/ul>\n<h3 data-start=\"3437\" data-end=\"3449\">Lagerung<\/h3>\n<ul data-start=\"3451\" data-end=\"3519\" data-is-last-node=\"\" data-is-only-node=\"\">\n<li data-start=\"3451\" data-end=\"3519\" data-is-last-node=\"\">\n<p data-start=\"3453\" data-end=\"3519\" data-is-last-node=\"\">K\u00fchl und trocken lagern, vor direkter Sonneneinstrahlung sch\u00fctzen.<\/p>\n<\/li>\n<\/ul>\n<\/div>\n<\/div>\n<\/div>\n<\/div>\n<div class=\"z-0 flex min-h-[46px] justify-start\"><\/div>\n<div class=\"mt-3 w-full empty:hidden\">\n<div class=\"text-center\"><\/div>\n<\/div>\n<\/div>\n<\/div>\n<\/article>\n<\/div>\n<div class=\"pointer-events-none h-px w-px absolute bottom-0\" aria-hidden=\"true\" data-edge=\"true\"><\/div>\n<\/div>\n<\/div>\n<\/div>\n<\/div>\n<\/div>\n<\/div>\n<\/article>\n","protected":false},"excerpt":{"rendered":"<p>Elevit Pregnancy 30 KapselnDarreichungsform: Kapseln Wirkstoffe (pro Kapsel) Fols\u00e4ure \u2014 800 \u00b5g Vitamin A \u2014 800 \u00b5g Vitamin C \u2014 85 mg Vitamin D \u2014 10 \u00b5g Vitamin E \u2014 10 mg Vitamin B1 (Thiamin) \u2014 1,4 mg Vitamin B2 (Riboflavin) \u2014 1,4 mg Vitamin B3 (Niacin) \u2014 18 mg Vitamin B5 (Pantothens\u00e4ure) \u2014 6&#8230;<\/p>\n","protected":false},"featured_media":9988,"comment_status":"open","ping_status":"closed","template":"","meta":{"rs_blank_template":"","rs_page_bg_color":"","slide_template_v7":"","_bst_post_transparent":"default","_bst_post_title":"","_bst_post_layout":"default","_bst_post_sidebar_id":"","_bst_post_content_style":"default","_bst_post_vertical_padding":"default","_bst_post_feature":"","_bst_post_feature_position":"","_bst_post_header":false,"_bst_post_footer":false},"product_brand":[],"product_cat":[351,217,457,229],"product_tag":[],"product_brands":[],"class_list":{"0":"post-9989","1":"product","2":"type-product","3":"status-publish","4":"has-post-thumbnail","6":"product_cat-medical-forms","7":"product_cat-medicines","8":"product_cat-tablets-capsules","9":"product_cat-vitamins-general-supplements","11":"first","12":"instock","13":"shipping-taxable","14":"purchasable","15":"product-type-simple","16":"entry","17":"content-bg","18":"loop-entry"},"_links":{"self":[{"href":"https:\/\/nawarpharmacy.com\/de\/wp-json\/wp\/v2\/product\/9989","targetHints":{"allow":["GET"]}}],"collection":[{"href":"https:\/\/nawarpharmacy.com\/de\/wp-json\/wp\/v2\/product"}],"about":[{"href":"https:\/\/nawarpharmacy.com\/de\/wp-json\/wp\/v2\/types\/product"}],"replies":[{"embeddable":true,"href":"https:\/\/nawarpharmacy.com\/de\/wp-json\/wp\/v2\/comments?post=9989"}],"wp:featuredmedia":[{"embeddable":true,"href":"https:\/\/nawarpharmacy.com\/de\/wp-json\/wp\/v2\/media\/9988"}],"wp:attachment":[{"href":"https:\/\/nawarpharmacy.com\/de\/wp-json\/wp\/v2\/media?parent=9989"}],"wp:term":[{"taxonomy":"product_brand","embeddable":true,"href":"https:\/\/nawarpharmacy.com\/de\/wp-json\/wp\/v2\/product_brand?post=9989"},{"taxonomy":"product_cat","embeddable":true,"href":"https:\/\/nawarpharmacy.com\/de\/wp-json\/wp\/v2\/product_cat?post=9989"},{"taxonomy":"product_tag","embeddable":true,"href":"https:\/\/nawarpharmacy.com\/de\/wp-json\/wp\/v2\/product_tag?post=9989"},{"taxonomy":"product_brands","embeddable":true,"href":"https:\/\/nawarpharmacy.com\/de\/wp-json\/wp\/v2\/product_brands?post=9989"}],"curies":[{"name":"wp","href":"https:\/\/api.w.org\/{rel}","templated":true}]}}