{"id":9985,"date":"2025-11-22T13:31:39","date_gmt":"2025-11-22T13:31:39","guid":{"rendered":"https:\/\/nawarpharmacy.com\/?post_type=product&#038;p=9985"},"modified":"2026-02-23T18:01:07","modified_gmt":"2026-02-23T18:01:07","slug":"elevit-pronatal-30-tablets","status":"publish","type":"product","link":"https:\/\/nawarpharmacy.com\/de\/produkt\/elevit-pronatal-30-tablets\/","title":{"rendered":"Elevit Pronatal 30 Tabletten"},"content":{"rendered":"<article class=\"text-token-text-primary w-full focus:outline-none [--shadow-height:45px] has-data-writing-block:pointer-events-none has-data-writing-block:-mt-(--shadow-height) has-data-writing-block:pt-(--shadow-height) [&amp;:has([data-writing-block])&gt;*]:pointer-events-auto [content-visibility:auto] supports-[content-visibility:auto]:[contain-intrinsic-size:auto_100lvh] scroll-mt-[calc(var(--header-height)+min(200px,max(70px,20svh)))]\" dir=\"auto\" data-turn-id=\"request-692073f5-3f80-832c-872f-7626d4388ea8-53\" data-testid=\"conversation-turn-124\" data-scroll-anchor=\"true\" data-turn=\"assistant\">\n<div class=\"text-base my-auto mx-auto pb-10 [--thread-content-margin:--spacing(4)] thread-sm:[--thread-content-margin:--spacing(6)] thread-lg:[--thread-content-margin:--spacing(16)] px-(--thread-content-margin)\">\n<div class=\"[--thread-content-max-width:40rem] thread-lg:[--thread-content-max-width:48rem] mx-auto max-w-(--thread-content-max-width) flex-1 group\/turn-messages focus-visible:outline-hidden relative flex w-full min-w-0 flex-col agent-turn\">\n<div class=\"flex max-w-full flex-col grow\">\n<div class=\"min-h-8 text-message relative flex w-full flex-col items-end gap-2 text-start break-words whitespace-normal [.text-message+&amp;]:mt-1\" dir=\"auto\" data-message-author-role=\"assistant\" data-message-id=\"637e508e-920c-46de-9daa-05aecfd8dbe6\" data-message-model-slug=\"gpt-5-mini\">\n<div class=\"flex w-full flex-col gap-1 empty:hidden first:pt-[1px]\">\n<div class=\"markdown prose dark:prose-invert w-full break-words light markdown-new-styling\">\n<div class=\"flex flex-col text-sm pb-25\">\n<article class=\"text-token-text-primary w-full focus:outline-none [--shadow-height:45px] has-data-writing-block:pointer-events-none has-data-writing-block:-mt-(--shadow-height) has-data-writing-block:pt-(--shadow-height) [&amp;:has([data-writing-block])&gt;*]:pointer-events-auto scroll-mt-[calc(var(--header-height)+min(200px,max(70px,20svh)))]\" dir=\"auto\" tabindex=\"-1\" data-turn-id=\"request-WEB:209e3289-63e4-414b-883e-c54fb0e043f1-53\" data-testid=\"conversation-turn-32\" data-scroll-anchor=\"true\" data-turn=\"assistant\">\n<div class=\"text-base my-auto mx-auto pb-10 [--thread-content-margin:--spacing(4)] @w-sm\/main:[--thread-content-margin:--spacing(6)] @w-lg\/main:[--thread-content-margin:--spacing(16)] px-(--thread-content-margin)\">\n<div class=\"[--thread-content-max-width:40rem] @w-lg\/main:[--thread-content-max-width:48rem] mx-auto max-w-(--thread-content-max-width) flex-1 group\/turn-messages focus-visible:outline-hidden relative flex w-full min-w-0 flex-col agent-turn\" tabindex=\"-1\">\n<div class=\"flex max-w-full flex-col grow\">\n<div class=\"min-h-8 text-message relative flex w-full flex-col items-end gap-2 text-start break-words whitespace-normal [.text-message+&amp;]:mt-1\" dir=\"auto\" data-message-author-role=\"assistant\" data-message-id=\"a649507a-7839-403e-a4fa-7293ae1d9af5\" data-message-model-slug=\"gpt-5-2\">\n<div class=\"flex w-full flex-col gap-1 empty:hidden first:pt-[1px]\">\n<div class=\"markdown prose dark:prose-invert w-full wrap-break-word dark markdown-new-styling\">\n<p data-start=\"1858\" data-end=\"1923\"><strong data-start=\"1858\" data-end=\"1891\">Elevit Pronatal 30 Tabletten<\/strong><br data-start=\"1891\" data-end=\"1894\" \/>Darreichungsform: Tabletten<\/p>\n<h3 data-start=\"1925\" data-end=\"1954\">Wirkstoffe (pro Tablette)<\/h3>\n<ul data-start=\"1956\" data-end=\"2445\">\n<li data-start=\"1956\" data-end=\"1977\">\n<p data-start=\"1958\" data-end=\"1977\">Fols\u00e4ure \u2014 800 \u00b5g<\/p>\n<\/li>\n<li data-start=\"1978\" data-end=\"2000\">\n<p data-start=\"1980\" data-end=\"2000\">Vitamin A \u2014 800 \u00b5g<\/p>\n<\/li>\n<li data-start=\"2001\" data-end=\"2022\">\n<p data-start=\"2003\" data-end=\"2022\">Vitamin C \u2014 85 mg<\/p>\n<\/li>\n<li data-start=\"2023\" data-end=\"2044\">\n<p data-start=\"2025\" data-end=\"2044\">Vitamin D \u2014 10 \u00b5g<\/p>\n<\/li>\n<li data-start=\"2045\" data-end=\"2066\">\n<p data-start=\"2047\" data-end=\"2066\">Vitamin E \u2014 10 mg<\/p>\n<\/li>\n<li data-start=\"2067\" data-end=\"2100\">\n<p data-start=\"2069\" data-end=\"2100\">Vitamin B1 (Thiamin) \u2014 1,4 mg<\/p>\n<\/li>\n<li data-start=\"2101\" data-end=\"2137\">\n<p data-start=\"2103\" data-end=\"2137\">Vitamin B2 (Riboflavin) \u2014 1,4 mg<\/p>\n<\/li>\n<li data-start=\"2138\" data-end=\"2169\">\n<p data-start=\"2140\" data-end=\"2169\">Vitamin B3 (Niacin) \u2014 18 mg<\/p>\n<\/li>\n<li data-start=\"2170\" data-end=\"2208\">\n<p data-start=\"2172\" data-end=\"2208\">Vitamin B5 (Pantothens\u00e4ure) \u2014 6 mg<\/p>\n<\/li>\n<li data-start=\"2209\" data-end=\"2244\">\n<p data-start=\"2211\" data-end=\"2244\">Vitamin B6 (Pyridoxin) \u2014 1,9 mg<\/p>\n<\/li>\n<li data-start=\"2245\" data-end=\"2281\">\n<p data-start=\"2247\" data-end=\"2281\">Vitamin B12 (Cobalamin) \u2014 2,6 \u00b5g<\/p>\n<\/li>\n<li data-start=\"2282\" data-end=\"2300\">\n<p data-start=\"2284\" data-end=\"2300\">Biotin \u2014 35 \u00b5g<\/p>\n<\/li>\n<li data-start=\"2301\" data-end=\"2317\">\n<p data-start=\"2303\" data-end=\"2317\">Jod \u2014 150 \u00b5g<\/p>\n<\/li>\n<li data-start=\"2318\" data-end=\"2335\">\n<p data-start=\"2320\" data-end=\"2335\">Eisen \u2014 60 mg<\/p>\n<\/li>\n<li data-start=\"2336\" data-end=\"2352\">\n<p data-start=\"2338\" data-end=\"2352\">Zink \u2014 11 mg<\/p>\n<\/li>\n<li data-start=\"2353\" data-end=\"2370\">\n<p data-start=\"2355\" data-end=\"2370\">Selen \u2014 60 \u00b5g<\/p>\n<\/li>\n<li data-start=\"2371\" data-end=\"2388\">\n<p data-start=\"2373\" data-end=\"2388\">Kupfer \u2014 1 mg<\/p>\n<\/li>\n<li data-start=\"2389\" data-end=\"2406\">\n<p data-start=\"2391\" data-end=\"2406\">Mangan \u2014 2 mg<\/p>\n<\/li>\n<li data-start=\"2407\" data-end=\"2424\">\n<p data-start=\"2409\" data-end=\"2424\">Chrom \u2014 30 \u00b5g<\/p>\n<\/li>\n<li data-start=\"2425\" data-end=\"2445\">\n<p data-start=\"2427\" data-end=\"2445\">Molybd\u00e4n \u2014 50 \u00b5g<\/p>\n<\/li>\n<\/ul>\n<h3 data-start=\"2447\" data-end=\"2483\">Anwendungsgebiete \/ Indikationen<\/h3>\n<ul data-start=\"2485\" data-end=\"2936\">\n<li data-start=\"2485\" data-end=\"2619\">\n<p data-start=\"2487\" data-end=\"2619\">Unterst\u00fctzung des erh\u00f6hten N\u00e4hrstoffbedarfs von Frauen in der Phase der Schwangerschaftsplanung sowie w\u00e4hrend der Schwangerschaft.<\/p>\n<\/li>\n<li data-start=\"2620\" data-end=\"2714\">\n<p data-start=\"2622\" data-end=\"2714\">Beitrag zur Verringerung des Risikos von Neuralrohrdefekten beim sich entwickelnden F\u00f6tus.<\/p>\n<\/li>\n<li data-start=\"2715\" data-end=\"2819\">\n<p data-start=\"2717\" data-end=\"2819\">Unterst\u00fctzung des Energiestoffwechsels, der Immunfunktion und der allgemeinen Gesundheit der Mutter.<\/p>\n<\/li>\n<li data-start=\"2820\" data-end=\"2936\">\n<p data-start=\"2822\" data-end=\"2936\">Versorgung mit essenziellen Vitaminen und Mineralstoffen f\u00fcr das normale Wachstum und die Entwicklung des F\u00f6tus.<\/p>\n<\/li>\n<\/ul>\n<h3 data-start=\"2938\" data-end=\"2963\">Anwendung \/ Dosierung<\/h3>\n<ul data-start=\"2965\" data-end=\"3062\">\n<li data-start=\"2965\" data-end=\"3062\">\n<p data-start=\"2967\" data-end=\"3062\">1 Tablette t\u00e4glich, vorzugsweise zu einer Mahlzeit einnehmen, oder nach \u00e4rztlicher Anweisung.<\/p>\n<\/li>\n<\/ul>\n<h3 data-start=\"3064\" data-end=\"3081\">Gegenanzeigen<\/h3>\n<ul data-start=\"3083\" data-end=\"3149\">\n<li data-start=\"3083\" data-end=\"3149\">\n<p data-start=\"3085\" data-end=\"3149\">\u00dcberempfindlichkeit gegen einen der Bestandteile der Tablette.<\/p>\n<\/li>\n<\/ul>\n<h3 data-start=\"3151\" data-end=\"3188\">Warnhinweise \/ Vorsichtsma\u00dfnahmen<\/h3>\n<ul data-start=\"3190\" data-end=\"3424\">\n<li data-start=\"3190\" data-end=\"3260\">\n<p data-start=\"3192\" data-end=\"3260\">Kein Ersatz f\u00fcr eine ausgewogene und abwechslungsreiche Ern\u00e4hrung.<\/p>\n<\/li>\n<li data-start=\"3261\" data-end=\"3383\">\n<p data-start=\"3263\" data-end=\"3383\">Bei gleichzeitiger Einnahme anderer Nahrungserg\u00e4nzungsmittel oder Arzneimittel sollte \u00e4rztlicher Rat eingeholt werden.<\/p>\n<\/li>\n<li data-start=\"3384\" data-end=\"3424\">\n<p data-start=\"3386\" data-end=\"3424\">F\u00fcr Kinder unzug\u00e4nglich aufbewahren.<\/p>\n<\/li>\n<\/ul>\n<h3 data-start=\"3426\" data-end=\"3444\">Nebenwirkungen<\/h3>\n<ul data-start=\"3446\" data-end=\"3570\">\n<li data-start=\"3446\" data-end=\"3481\">\n<p data-start=\"3448\" data-end=\"3481\">Im Allgemeinen gut vertr\u00e4glich.<\/p>\n<\/li>\n<li data-start=\"3482\" data-end=\"3570\">\n<p data-start=\"3484\" data-end=\"3570\">Selten: leichte gastrointestinale Beschwerden, \u00dcbelkeit oder allergische Reaktionen.<\/p>\n<\/li>\n<\/ul>\n<h3 data-start=\"3572\" data-end=\"3584\">Lagerung<\/h3>\n<ul data-start=\"3586\" data-end=\"3654\" data-is-last-node=\"\" data-is-only-node=\"\">\n<li data-start=\"3586\" data-end=\"3654\" data-is-last-node=\"\">\n<p data-start=\"3588\" data-end=\"3654\" data-is-last-node=\"\">K\u00fchl und trocken lagern, vor direkter Sonneneinstrahlung sch\u00fctzen.<\/p>\n<\/li>\n<\/ul>\n<\/div>\n<\/div>\n<\/div>\n<\/div>\n<div class=\"z-0 flex min-h-[46px] justify-start\"><\/div>\n<div class=\"mt-3 w-full empty:hidden\">\n<div class=\"text-center\"><\/div>\n<\/div>\n<\/div>\n<\/div>\n<\/article>\n<\/div>\n<div class=\"pointer-events-none h-px w-px absolute bottom-0\" aria-hidden=\"true\" data-edge=\"true\"><\/div>\n<\/div>\n<\/div>\n<\/div>\n<\/div>\n<\/div>\n<\/div>\n<\/article>\n","protected":false},"excerpt":{"rendered":"<p>Elevit Pronatal 30 TablettenDarreichungsform: Tabletten Wirkstoffe (pro Tablette) Fols\u00e4ure \u2014 800 \u00b5g Vitamin A \u2014 800 \u00b5g Vitamin C \u2014 85 mg Vitamin D \u2014 10 \u00b5g Vitamin E \u2014 10 mg Vitamin B1 (Thiamin) \u2014 1,4 mg Vitamin B2 (Riboflavin) \u2014 1,4 mg Vitamin B3 (Niacin) \u2014 18 mg Vitamin B5 (Pantothens\u00e4ure) \u2014 6&#8230;<\/p>\n","protected":false},"featured_media":9984,"comment_status":"open","ping_status":"closed","template":"","meta":{"rs_blank_template":"","rs_page_bg_color":"","slide_template_v7":"","_bst_post_transparent":"default","_bst_post_title":"","_bst_post_layout":"default","_bst_post_sidebar_id":"","_bst_post_content_style":"default","_bst_post_vertical_padding":"default","_bst_post_feature":"","_bst_post_feature_position":"","_bst_post_header":false,"_bst_post_footer":false},"product_brand":[],"product_cat":[351,217,457,229],"product_tag":[],"product_brands":[],"class_list":{"0":"post-9985","1":"product","2":"type-product","3":"status-publish","4":"has-post-thumbnail","6":"product_cat-medical-forms","7":"product_cat-medicines","8":"product_cat-tablets-capsules","9":"product_cat-vitamins-general-supplements","11":"first","12":"instock","13":"shipping-taxable","14":"purchasable","15":"product-type-simple","16":"entry","17":"content-bg","18":"loop-entry"},"_links":{"self":[{"href":"https:\/\/nawarpharmacy.com\/de\/wp-json\/wp\/v2\/product\/9985","targetHints":{"allow":["GET"]}}],"collection":[{"href":"https:\/\/nawarpharmacy.com\/de\/wp-json\/wp\/v2\/product"}],"about":[{"href":"https:\/\/nawarpharmacy.com\/de\/wp-json\/wp\/v2\/types\/product"}],"replies":[{"embeddable":true,"href":"https:\/\/nawarpharmacy.com\/de\/wp-json\/wp\/v2\/comments?post=9985"}],"wp:featuredmedia":[{"embeddable":true,"href":"https:\/\/nawarpharmacy.com\/de\/wp-json\/wp\/v2\/media\/9984"}],"wp:attachment":[{"href":"https:\/\/nawarpharmacy.com\/de\/wp-json\/wp\/v2\/media?parent=9985"}],"wp:term":[{"taxonomy":"product_brand","embeddable":true,"href":"https:\/\/nawarpharmacy.com\/de\/wp-json\/wp\/v2\/product_brand?post=9985"},{"taxonomy":"product_cat","embeddable":true,"href":"https:\/\/nawarpharmacy.com\/de\/wp-json\/wp\/v2\/product_cat?post=9985"},{"taxonomy":"product_tag","embeddable":true,"href":"https:\/\/nawarpharmacy.com\/de\/wp-json\/wp\/v2\/product_tag?post=9985"},{"taxonomy":"product_brands","embeddable":true,"href":"https:\/\/nawarpharmacy.com\/de\/wp-json\/wp\/v2\/product_brands?post=9985"}],"curies":[{"name":"wp","href":"https:\/\/api.w.org\/{rel}","templated":true}]}}