{"id":9981,"date":"2025-11-22T13:35:56","date_gmt":"2025-11-22T13:35:56","guid":{"rendered":"https:\/\/nawarpharmacy.com\/?post_type=product&#038;p=9981"},"modified":"2026-02-23T18:00:06","modified_gmt":"2026-02-23T18:00:06","slug":"immulant-20-capsules","status":"publish","type":"product","link":"https:\/\/nawarpharmacy.com\/de\/produkt\/immulant-20-capsules\/","title":{"rendered":"Immulant 20 Kapseln"},"content":{"rendered":"<article class=\"text-token-text-primary w-full focus:outline-none [--shadow-height:45px] has-data-writing-block:pointer-events-none has-data-writing-block:-mt-(--shadow-height) has-data-writing-block:pt-(--shadow-height) [&amp;:has([data-writing-block])&gt;*]:pointer-events-auto [content-visibility:auto] supports-[content-visibility:auto]:[contain-intrinsic-size:auto_100lvh] scroll-mt-[calc(var(--header-height)+min(200px,max(70px,20svh)))]\" dir=\"auto\" data-turn-id=\"request-692073f5-3f80-832c-872f-7626d4388ea8-54\" data-testid=\"conversation-turn-126\" data-scroll-anchor=\"true\" data-turn=\"assistant\">\n<div class=\"text-base my-auto mx-auto pb-10 [--thread-content-margin:--spacing(4)] thread-sm:[--thread-content-margin:--spacing(6)] thread-lg:[--thread-content-margin:--spacing(16)] px-(--thread-content-margin)\">\n<div class=\"[--thread-content-max-width:40rem] thread-lg:[--thread-content-max-width:48rem] mx-auto max-w-(--thread-content-max-width) flex-1 group\/turn-messages focus-visible:outline-hidden relative flex w-full min-w-0 flex-col agent-turn\">\n<div class=\"flex max-w-full flex-col grow\">\n<div class=\"min-h-8 text-message relative flex w-full flex-col items-end gap-2 text-start break-words whitespace-normal [.text-message+&amp;]:mt-1\" dir=\"auto\" data-message-author-role=\"assistant\" data-message-id=\"688e780d-9d56-44bf-8acd-f04deaf2f0f0\" data-message-model-slug=\"gpt-5-mini\">\n<div class=\"flex w-full flex-col gap-1 empty:hidden first:pt-[1px]\">\n<div class=\"markdown prose dark:prose-invert w-full break-words light markdown-new-styling\">\n<p data-start=\"1519\" data-end=\"1573\"><strong data-start=\"1519\" data-end=\"1543\">Immulant 20 Kapseln<\/strong><br data-start=\"1543\" data-end=\"1546\" \/>Darreichungsform: Kapseln<\/p>\n<h3 data-start=\"1575\" data-end=\"1602\">Wirkstoffe (pro Kapsel)<\/h3>\n<ul data-start=\"1604\" data-end=\"1691\">\n<li data-start=\"1604\" data-end=\"1634\">\n<p data-start=\"1606\" data-end=\"1634\">Echinacea-Extrakt \u2014 150 mg<\/p>\n<\/li>\n<li data-start=\"1635\" data-end=\"1656\">\n<p data-start=\"1637\" data-end=\"1656\">Vitamin C \u2014 60 mg<\/p>\n<\/li>\n<li data-start=\"1657\" data-end=\"1673\">\n<p data-start=\"1659\" data-end=\"1673\">Zink \u2014 10 mg<\/p>\n<\/li>\n<li data-start=\"1674\" data-end=\"1691\">\n<p data-start=\"1676\" data-end=\"1691\">Selen \u2014 50 \u00b5g<\/p>\n<\/li>\n<\/ul>\n<h3 data-start=\"1693\" data-end=\"1729\">Anwendungsgebiete \/ Indikationen<\/h3>\n<ul data-start=\"1731\" data-end=\"1967\">\n<li data-start=\"1731\" data-end=\"1788\">\n<p data-start=\"1733\" data-end=\"1788\">Unterst\u00fctzung der normalen Funktion des Immunsystems.<\/p>\n<\/li>\n<li data-start=\"1789\" data-end=\"1879\">\n<p data-start=\"1791\" data-end=\"1879\">Kann zur Verringerung der Schwere und Dauer von Erk\u00e4ltungen und Infektionen beitragen.<\/p>\n<\/li>\n<li data-start=\"1880\" data-end=\"1903\">\n<p data-start=\"1882\" data-end=\"1903\">Wirkt antioxidativ.<\/p>\n<\/li>\n<li data-start=\"1904\" data-end=\"1967\">\n<p data-start=\"1906\" data-end=\"1967\">Unterst\u00fctzt das allgemeine Wohlbefinden und die Gesundheit.<\/p>\n<\/li>\n<\/ul>\n<h3 data-start=\"1969\" data-end=\"1994\">Anwendung \/ Dosierung<\/h3>\n<ul data-start=\"1996\" data-end=\"2091\">\n<li data-start=\"1996\" data-end=\"2091\">\n<p data-start=\"1998\" data-end=\"2091\">1 Kapsel t\u00e4glich, vorzugsweise zu einer Mahlzeit einnehmen, oder nach \u00e4rztlicher Anweisung.<\/p>\n<\/li>\n<\/ul>\n<h3 data-start=\"2093\" data-end=\"2110\">Gegenanzeigen<\/h3>\n<ul data-start=\"2112\" data-end=\"2276\">\n<li data-start=\"2112\" data-end=\"2209\">\n<p data-start=\"2114\" data-end=\"2209\">\u00dcberempfindlichkeit gegen Echinacea, Zink, Selen oder einen sonstigen Bestandteil der Kapsel.<\/p>\n<\/li>\n<li data-start=\"2210\" data-end=\"2276\">\n<p data-start=\"2212\" data-end=\"2276\">Ohne \u00e4rztlichen Rat nicht empfohlen bei Autoimmunerkrankungen.<\/p>\n<\/li>\n<\/ul>\n<h3 data-start=\"2278\" data-end=\"2315\">Warnhinweise \/ Vorsichtsma\u00dfnahmen<\/h3>\n<ul data-start=\"2317\" data-end=\"2554\">\n<li data-start=\"2317\" data-end=\"2394\">\n<p data-start=\"2319\" data-end=\"2394\">Schwangerschaft und Stillzeit: vor der Anwendung \u00e4rztlichen Rat einholen.<\/p>\n<\/li>\n<li data-start=\"2395\" data-end=\"2472\">\n<p data-start=\"2397\" data-end=\"2472\">Vorsicht bei gleichzeitiger Einnahme von immunsuppressiven Arzneimitteln.<\/p>\n<\/li>\n<li data-start=\"2473\" data-end=\"2554\">\n<p data-start=\"2475\" data-end=\"2554\">Kein Ersatz f\u00fcr eine ausgewogene Ern\u00e4hrung oder eine medizinische Behandlung.<\/p>\n<\/li>\n<\/ul>\n<h3 data-start=\"2556\" data-end=\"2574\">Nebenwirkungen<\/h3>\n<ul data-start=\"2576\" data-end=\"2743\">\n<li data-start=\"2576\" data-end=\"2611\">\n<p data-start=\"2578\" data-end=\"2611\">Im Allgemeinen gut vertr\u00e4glich.<\/p>\n<\/li>\n<li data-start=\"2612\" data-end=\"2701\">\n<p data-start=\"2614\" data-end=\"2701\">M\u00f6glich: leichte gastrointestinale Beschwerden, \u00dcbelkeit oder allergische Reaktionen.<\/p>\n<\/li>\n<li data-start=\"2702\" data-end=\"2743\">\n<p data-start=\"2704\" data-end=\"2743\">Selten: Hautausschlag oder Schwindel.<\/p>\n<\/li>\n<\/ul>\n<h3 data-start=\"2745\" data-end=\"2757\">Lagerung<\/h3>\n<ul data-start=\"2759\" data-end=\"2868\" data-is-last-node=\"\" data-is-only-node=\"\">\n<li data-start=\"2759\" data-end=\"2829\">\n<p data-start=\"2761\" data-end=\"2829\">K\u00fchl und trocken lagern, vor direkter Sonneneinstrahlung sch\u00fctzen.<\/p>\n<\/li>\n<li data-start=\"2830\" data-end=\"2868\" data-is-last-node=\"\">\n<p data-start=\"2832\" data-end=\"2868\" data-is-last-node=\"\">F\u00fcr Kinder unzug\u00e4nglich aufbewahren.<\/p>\n<\/li>\n<\/ul>\n<\/div>\n<\/div>\n<\/div>\n<\/div>\n<\/div>\n<\/div>\n<\/article>\n","protected":false},"excerpt":{"rendered":"<p>Immulant 20 KapselnDarreichungsform: Kapseln Wirkstoffe (pro Kapsel) Echinacea-Extrakt \u2014 150 mg Vitamin C \u2014 60 mg Zink \u2014 10 mg Selen \u2014 50 \u00b5g Anwendungsgebiete \/ Indikationen Unterst\u00fctzung der normalen Funktion des Immunsystems. Kann zur Verringerung der Schwere und Dauer von Erk\u00e4ltungen und Infektionen beitragen. Wirkt antioxidativ. Unterst\u00fctzt das allgemeine Wohlbefinden und die Gesundheit. Anwendung&#8230;<\/p>\n","protected":false},"featured_media":9980,"comment_status":"open","ping_status":"closed","template":"","meta":{"rs_blank_template":"","rs_page_bg_color":"","slide_template_v7":"","_bst_post_transparent":"default","_bst_post_title":"","_bst_post_layout":"default","_bst_post_sidebar_id":"","_bst_post_content_style":"default","_bst_post_vertical_padding":"default","_bst_post_feature":"","_bst_post_feature_position":"","_bst_post_header":false,"_bst_post_footer":false},"product_brand":[],"product_cat":[351,217,457,271],"product_tag":[],"product_brands":[],"class_list":{"0":"post-9981","1":"product","2":"type-product","3":"status-publish","4":"has-post-thumbnail","6":"product_cat-medical-forms","7":"product_cat-medicines","8":"product_cat-tablets-capsules","9":"product_cat-immunity-support","11":"first","12":"instock","13":"shipping-taxable","14":"purchasable","15":"product-type-simple","16":"entry","17":"content-bg","18":"loop-entry"},"_links":{"self":[{"href":"https:\/\/nawarpharmacy.com\/de\/wp-json\/wp\/v2\/product\/9981","targetHints":{"allow":["GET"]}}],"collection":[{"href":"https:\/\/nawarpharmacy.com\/de\/wp-json\/wp\/v2\/product"}],"about":[{"href":"https:\/\/nawarpharmacy.com\/de\/wp-json\/wp\/v2\/types\/product"}],"replies":[{"embeddable":true,"href":"https:\/\/nawarpharmacy.com\/de\/wp-json\/wp\/v2\/comments?post=9981"}],"wp:featuredmedia":[{"embeddable":true,"href":"https:\/\/nawarpharmacy.com\/de\/wp-json\/wp\/v2\/media\/9980"}],"wp:attachment":[{"href":"https:\/\/nawarpharmacy.com\/de\/wp-json\/wp\/v2\/media?parent=9981"}],"wp:term":[{"taxonomy":"product_brand","embeddable":true,"href":"https:\/\/nawarpharmacy.com\/de\/wp-json\/wp\/v2\/product_brand?post=9981"},{"taxonomy":"product_cat","embeddable":true,"href":"https:\/\/nawarpharmacy.com\/de\/wp-json\/wp\/v2\/product_cat?post=9981"},{"taxonomy":"product_tag","embeddable":true,"href":"https:\/\/nawarpharmacy.com\/de\/wp-json\/wp\/v2\/product_tag?post=9981"},{"taxonomy":"product_brands","embeddable":true,"href":"https:\/\/nawarpharmacy.com\/de\/wp-json\/wp\/v2\/product_brands?post=9981"}],"curies":[{"name":"wp","href":"https:\/\/api.w.org\/{rel}","templated":true}]}}