{"id":9977,"date":"2025-11-22T13:36:10","date_gmt":"2025-11-22T13:36:10","guid":{"rendered":"https:\/\/nawarpharmacy.com\/?post_type=product&#038;p=9977"},"modified":"2026-02-23T17:59:09","modified_gmt":"2026-02-23T17:59:09","slug":"immulant-plus-20-capsules","status":"publish","type":"product","link":"https:\/\/nawarpharmacy.com\/de\/produkt\/immulant-plus-20-capsules\/","title":{"rendered":"Immulant Plus 20 Kapseln"},"content":{"rendered":"<article class=\"text-token-text-primary w-full focus:outline-none [--shadow-height:45px] has-data-writing-block:pointer-events-none has-data-writing-block:-mt-(--shadow-height) has-data-writing-block:pt-(--shadow-height) [&amp;:has([data-writing-block])&gt;*]:pointer-events-auto [content-visibility:auto] supports-[content-visibility:auto]:[contain-intrinsic-size:auto_100lvh] scroll-mt-[calc(var(--header-height)+min(200px,max(70px,20svh)))]\" dir=\"auto\" data-turn-id=\"request-692073f5-3f80-832c-872f-7626d4388ea8-55\" data-testid=\"conversation-turn-128\" data-scroll-anchor=\"true\" data-turn=\"assistant\">\n<div class=\"text-base my-auto mx-auto pb-10 [--thread-content-margin:--spacing(4)] thread-sm:[--thread-content-margin:--spacing(6)] thread-lg:[--thread-content-margin:--spacing(16)] px-(--thread-content-margin)\">\n<div class=\"[--thread-content-max-width:40rem] thread-lg:[--thread-content-max-width:48rem] mx-auto max-w-(--thread-content-max-width) flex-1 group\/turn-messages focus-visible:outline-hidden relative flex w-full min-w-0 flex-col agent-turn\">\n<div class=\"flex max-w-full flex-col grow\">\n<div class=\"min-h-8 text-message relative flex w-full flex-col items-end gap-2 text-start break-words whitespace-normal [.text-message+&amp;]:mt-1\" dir=\"auto\" data-message-author-role=\"assistant\" data-message-id=\"276c66a8-b9db-4036-857a-1f96170c94d4\" data-message-model-slug=\"gpt-5-mini\">\n<div class=\"flex w-full flex-col gap-1 empty:hidden first:pt-[1px]\">\n<div class=\"markdown prose dark:prose-invert w-full break-words light markdown-new-styling\">\n<p data-start=\"1555\" data-end=\"1614\"><strong data-start=\"1555\" data-end=\"1584\">Immulant Plus 20 Kapseln<\/strong><br data-start=\"1584\" data-end=\"1587\" \/>Darreichungsform: Kapseln<\/p>\n<h3 data-start=\"1616\" data-end=\"1643\">Wirkstoffe (pro Kapsel)<\/h3>\n<ul data-start=\"1645\" data-end=\"1767\">\n<li data-start=\"1645\" data-end=\"1675\">\n<p data-start=\"1647\" data-end=\"1675\">Echinacea-Extrakt \u2014 150 mg<\/p>\n<\/li>\n<li data-start=\"1676\" data-end=\"1698\">\n<p data-start=\"1678\" data-end=\"1698\">Vitamin C \u2014 100 mg<\/p>\n<\/li>\n<li data-start=\"1699\" data-end=\"1715\">\n<p data-start=\"1701\" data-end=\"1715\">Zink \u2014 15 mg<\/p>\n<\/li>\n<li data-start=\"1716\" data-end=\"1733\">\n<p data-start=\"1718\" data-end=\"1733\">Selen \u2014 60 \u00b5g<\/p>\n<\/li>\n<li data-start=\"1734\" data-end=\"1767\">\n<p data-start=\"1736\" data-end=\"1767\">Holunderbeer-Extrakt \u2014 100 mg<\/p>\n<\/li>\n<\/ul>\n<h3 data-start=\"1769\" data-end=\"1805\">Anwendungsgebiete \/ Indikationen<\/h3>\n<ul data-start=\"1807\" data-end=\"2051\">\n<li data-start=\"1807\" data-end=\"1864\">\n<p data-start=\"1809\" data-end=\"1864\">Unterst\u00fctzung der normalen Funktion des Immunsystems.<\/p>\n<\/li>\n<li data-start=\"1865\" data-end=\"1963\">\n<p data-start=\"1867\" data-end=\"1963\">Kann zur Verringerung der Schwere und Dauer von Erk\u00e4ltungen und viralen Infektionen beitragen.<\/p>\n<\/li>\n<li data-start=\"1964\" data-end=\"1987\">\n<p data-start=\"1966\" data-end=\"1987\">Wirkt antioxidativ.<\/p>\n<\/li>\n<li data-start=\"1988\" data-end=\"2051\">\n<p data-start=\"1990\" data-end=\"2051\">Unterst\u00fctzt das allgemeine Wohlbefinden und die Gesundheit.<\/p>\n<\/li>\n<\/ul>\n<h3 data-start=\"2053\" data-end=\"2078\">Anwendung \/ Dosierung<\/h3>\n<ul data-start=\"2080\" data-end=\"2175\">\n<li data-start=\"2080\" data-end=\"2175\">\n<p data-start=\"2082\" data-end=\"2175\">1 Kapsel t\u00e4glich, vorzugsweise zu einer Mahlzeit einnehmen, oder nach \u00e4rztlicher Anweisung.<\/p>\n<\/li>\n<\/ul>\n<h3 data-start=\"2177\" data-end=\"2194\">Gegenanzeigen<\/h3>\n<ul data-start=\"2196\" data-end=\"2370\">\n<li data-start=\"2196\" data-end=\"2303\">\n<p data-start=\"2198\" data-end=\"2303\">\u00dcberempfindlichkeit gegen Echinacea, Holunder, Zink, Selen oder einen sonstigen Bestandteil der Kapsel.<\/p>\n<\/li>\n<li data-start=\"2304\" data-end=\"2370\">\n<p data-start=\"2306\" data-end=\"2370\">Ohne \u00e4rztlichen Rat nicht empfohlen bei Autoimmunerkrankungen.<\/p>\n<\/li>\n<\/ul>\n<h3 data-start=\"2372\" data-end=\"2409\">Warnhinweise \/ Vorsichtsma\u00dfnahmen<\/h3>\n<ul data-start=\"2411\" data-end=\"2648\">\n<li data-start=\"2411\" data-end=\"2488\">\n<p data-start=\"2413\" data-end=\"2488\">Schwangerschaft und Stillzeit: vor der Anwendung \u00e4rztlichen Rat einholen.<\/p>\n<\/li>\n<li data-start=\"2489\" data-end=\"2566\">\n<p data-start=\"2491\" data-end=\"2566\">Vorsicht bei gleichzeitiger Einnahme von immunsuppressiven Arzneimitteln.<\/p>\n<\/li>\n<li data-start=\"2567\" data-end=\"2648\">\n<p data-start=\"2569\" data-end=\"2648\">Kein Ersatz f\u00fcr eine ausgewogene Ern\u00e4hrung oder eine medizinische Behandlung.<\/p>\n<\/li>\n<\/ul>\n<h3 data-start=\"2650\" data-end=\"2668\">Nebenwirkungen<\/h3>\n<ul data-start=\"2670\" data-end=\"2837\">\n<li data-start=\"2670\" data-end=\"2705\">\n<p data-start=\"2672\" data-end=\"2705\">Im Allgemeinen gut vertr\u00e4glich.<\/p>\n<\/li>\n<li data-start=\"2706\" data-end=\"2795\">\n<p data-start=\"2708\" data-end=\"2795\">M\u00f6glich: leichte gastrointestinale Beschwerden, \u00dcbelkeit oder allergische Reaktionen.<\/p>\n<\/li>\n<li data-start=\"2796\" data-end=\"2837\">\n<p data-start=\"2798\" data-end=\"2837\">Selten: Hautausschlag oder Schwindel.<\/p>\n<\/li>\n<\/ul>\n<h3 data-start=\"2839\" data-end=\"2851\">Lagerung<\/h3>\n<ul data-start=\"2853\" data-end=\"2962\" data-is-last-node=\"\" data-is-only-node=\"\">\n<li data-start=\"2853\" data-end=\"2923\">\n<p data-start=\"2855\" data-end=\"2923\">K\u00fchl und trocken lagern, vor direkter Sonneneinstrahlung sch\u00fctzen.<\/p>\n<\/li>\n<li data-start=\"2924\" data-end=\"2962\" data-is-last-node=\"\">\n<p data-start=\"2926\" data-end=\"2962\" data-is-last-node=\"\">F\u00fcr Kinder unzug\u00e4nglich aufbewahren.<\/p>\n<\/li>\n<\/ul>\n<\/div>\n<\/div>\n<\/div>\n<\/div>\n<\/div>\n<\/div>\n<\/article>\n","protected":false},"excerpt":{"rendered":"<p>Immulant Plus 20 KapselnDarreichungsform: Kapseln Wirkstoffe (pro Kapsel) Echinacea-Extrakt \u2014 150 mg Vitamin C \u2014 100 mg Zink \u2014 15 mg Selen \u2014 60 \u00b5g Holunderbeer-Extrakt \u2014 100 mg Anwendungsgebiete \/ Indikationen Unterst\u00fctzung der normalen Funktion des Immunsystems. Kann zur Verringerung der Schwere und Dauer von Erk\u00e4ltungen und viralen Infektionen beitragen. Wirkt antioxidativ. Unterst\u00fctzt das&#8230;<\/p>\n","protected":false},"featured_media":9976,"comment_status":"open","ping_status":"closed","template":"","meta":{"rs_blank_template":"","rs_page_bg_color":"","slide_template_v7":"","_bst_post_transparent":"default","_bst_post_title":"","_bst_post_layout":"default","_bst_post_sidebar_id":"","_bst_post_content_style":"default","_bst_post_vertical_padding":"default","_bst_post_feature":"","_bst_post_feature_position":"","_bst_post_header":false,"_bst_post_footer":false},"product_brand":[],"product_cat":[351,217,457,271],"product_tag":[],"product_brands":[],"class_list":{"0":"post-9977","1":"product","2":"type-product","3":"status-publish","4":"has-post-thumbnail","6":"product_cat-medical-forms","7":"product_cat-medicines","8":"product_cat-tablets-capsules","9":"product_cat-immunity-support","11":"first","12":"instock","13":"shipping-taxable","14":"purchasable","15":"product-type-simple","16":"entry","17":"content-bg","18":"loop-entry"},"_links":{"self":[{"href":"https:\/\/nawarpharmacy.com\/de\/wp-json\/wp\/v2\/product\/9977","targetHints":{"allow":["GET"]}}],"collection":[{"href":"https:\/\/nawarpharmacy.com\/de\/wp-json\/wp\/v2\/product"}],"about":[{"href":"https:\/\/nawarpharmacy.com\/de\/wp-json\/wp\/v2\/types\/product"}],"replies":[{"embeddable":true,"href":"https:\/\/nawarpharmacy.com\/de\/wp-json\/wp\/v2\/comments?post=9977"}],"wp:featuredmedia":[{"embeddable":true,"href":"https:\/\/nawarpharmacy.com\/de\/wp-json\/wp\/v2\/media\/9976"}],"wp:attachment":[{"href":"https:\/\/nawarpharmacy.com\/de\/wp-json\/wp\/v2\/media?parent=9977"}],"wp:term":[{"taxonomy":"product_brand","embeddable":true,"href":"https:\/\/nawarpharmacy.com\/de\/wp-json\/wp\/v2\/product_brand?post=9977"},{"taxonomy":"product_cat","embeddable":true,"href":"https:\/\/nawarpharmacy.com\/de\/wp-json\/wp\/v2\/product_cat?post=9977"},{"taxonomy":"product_tag","embeddable":true,"href":"https:\/\/nawarpharmacy.com\/de\/wp-json\/wp\/v2\/product_tag?post=9977"},{"taxonomy":"product_brands","embeddable":true,"href":"https:\/\/nawarpharmacy.com\/de\/wp-json\/wp\/v2\/product_brands?post=9977"}],"curies":[{"name":"wp","href":"https:\/\/api.w.org\/{rel}","templated":true}]}}