{"id":9966,"date":"2025-11-22T13:42:25","date_gmt":"2025-11-22T13:42:25","guid":{"rendered":"https:\/\/nawarpharmacy.com\/?post_type=product&#038;p=9966"},"modified":"2026-02-23T17:56:06","modified_gmt":"2026-02-23T17:56:06","slug":"black-seed-oil-60-caspules","status":"publish","type":"product","link":"https:\/\/nawarpharmacy.com\/de\/produkt\/black-seed-oil-60-caspules\/","title":{"rendered":"Schwarzk\u00fcmmel\u00f6l 60 Weichgelatinekapseln"},"content":{"rendered":"<article class=\"text-token-text-primary w-full focus:outline-none [--shadow-height:45px] has-data-writing-block:pointer-events-none has-data-writing-block:-mt-(--shadow-height) has-data-writing-block:pt-(--shadow-height) [&amp;:has([data-writing-block])&gt;*]:pointer-events-auto [content-visibility:auto] supports-[content-visibility:auto]:[contain-intrinsic-size:auto_100lvh] scroll-mt-[calc(var(--header-height)+min(200px,max(70px,20svh)))]\" dir=\"auto\" data-turn-id=\"request-692073f5-3f80-832c-872f-7626d4388ea8-58\" data-testid=\"conversation-turn-134\" data-scroll-anchor=\"true\" data-turn=\"assistant\">\n<div class=\"text-base my-auto mx-auto pb-10 [--thread-content-margin:--spacing(4)] thread-sm:[--thread-content-margin:--spacing(6)] thread-lg:[--thread-content-margin:--spacing(16)] px-(--thread-content-margin)\">\n<div class=\"[--thread-content-max-width:40rem] thread-lg:[--thread-content-max-width:48rem] mx-auto max-w-(--thread-content-max-width) flex-1 group\/turn-messages focus-visible:outline-hidden relative flex w-full min-w-0 flex-col agent-turn\">\n<div class=\"flex max-w-full flex-col grow\">\n<div class=\"min-h-8 text-message relative flex w-full flex-col items-end gap-2 text-start break-words whitespace-normal [.text-message+&amp;]:mt-1\" dir=\"auto\" data-message-author-role=\"assistant\" data-message-id=\"65163a96-247f-4603-be22-993977cca308\" data-message-model-slug=\"gpt-5-mini\">\n<div class=\"flex w-full flex-col gap-1 empty:hidden first:pt-[1px]\">\n<div class=\"markdown prose dark:prose-invert w-full break-words light markdown-new-styling\">\n<div class=\"flex flex-col text-sm pb-25\">\n<article class=\"text-token-text-primary w-full focus:outline-none [--shadow-height:45px] has-data-writing-block:pointer-events-none has-data-writing-block:-mt-(--shadow-height) has-data-writing-block:pt-(--shadow-height) [&amp;:has([data-writing-block])&gt;*]:pointer-events-auto scroll-mt-[calc(var(--header-height)+min(200px,max(70px,20svh)))]\" dir=\"auto\" tabindex=\"-1\" data-turn-id=\"request-WEB:209e3289-63e4-414b-883e-c54fb0e043f1-48\" data-testid=\"conversation-turn-22\" data-scroll-anchor=\"true\" data-turn=\"assistant\">\n<div class=\"text-base my-auto mx-auto pb-10 [--thread-content-margin:--spacing(4)] @w-sm\/main:[--thread-content-margin:--spacing(6)] @w-lg\/main:[--thread-content-margin:--spacing(16)] px-(--thread-content-margin)\">\n<div class=\"[--thread-content-max-width:40rem] @w-lg\/main:[--thread-content-max-width:48rem] mx-auto max-w-(--thread-content-max-width) flex-1 group\/turn-messages focus-visible:outline-hidden relative flex w-full min-w-0 flex-col agent-turn\" tabindex=\"-1\">\n<div class=\"flex max-w-full flex-col grow\">\n<div class=\"min-h-8 text-message relative flex w-full flex-col items-end gap-2 text-start break-words whitespace-normal [.text-message+&amp;]:mt-1\" dir=\"auto\" data-message-author-role=\"assistant\" data-message-id=\"d6b6de75-619b-44fe-a299-e85c0ce9a98b\" data-message-model-slug=\"gpt-5-2\">\n<div class=\"flex w-full flex-col gap-1 empty:hidden first:pt-[1px]\">\n<div class=\"markdown prose dark:prose-invert w-full wrap-break-word dark markdown-new-styling\">\n<p data-start=\"1469\" data-end=\"1566\"><strong data-start=\"1469\" data-end=\"1513\">Schwarzk\u00fcmmel\u00f6l 60 Weichgelatinekapseln<\/strong><br data-start=\"1513\" data-end=\"1516\" \/>Darreichungsform: Weichkapseln (Softgel-Kapseln)<\/p>\n<p data-start=\"1568\" data-end=\"1639\"><strong data-start=\"1568\" data-end=\"1595\">Wirkstoff (pro Kapsel):<\/strong> Schwarzk\u00fcmmel\u00f6l (Nigella sativa) \u2014 500 mg<\/p>\n<h3 data-start=\"1641\" data-end=\"1677\">Anwendungsgebiete \/ Indikationen<\/h3>\n<ul data-start=\"1678\" data-end=\"1964\">\n<li data-start=\"1678\" data-end=\"1735\">\n<p data-start=\"1680\" data-end=\"1735\">Unterst\u00fctzung der normalen Funktion des Immunsystems.<\/p>\n<\/li>\n<li data-start=\"1736\" data-end=\"1782\">\n<p data-start=\"1738\" data-end=\"1782\">Wirkt antioxidativ und entz\u00fcndungshemmend.<\/p>\n<\/li>\n<li data-start=\"1783\" data-end=\"1856\">\n<p data-start=\"1785\" data-end=\"1856\">Kann zur Aufrechterhaltung einer gesunden Atemwegsfunktion beitragen.<\/p>\n<\/li>\n<li data-start=\"1857\" data-end=\"1905\">\n<p data-start=\"1859\" data-end=\"1905\">Unterst\u00fctzung der Herz-Kreislauf-Gesundheit.<\/p>\n<\/li>\n<li data-start=\"1906\" data-end=\"1964\">\n<p data-start=\"1908\" data-end=\"1964\">F\u00f6rdert das allgemeine Wohlbefinden und die Vitalit\u00e4t.<\/p>\n<\/li>\n<\/ul>\n<h3 data-start=\"1966\" data-end=\"1991\">Anwendung \/ Dosierung<\/h3>\n<ul data-start=\"1992\" data-end=\"2087\">\n<li data-start=\"1992\" data-end=\"2087\">\n<p data-start=\"1994\" data-end=\"2087\">1 Kapsel t\u00e4glich, vorzugsweise zu einer Mahlzeit einnehmen, oder nach \u00e4rztlicher Anweisung.<\/p>\n<\/li>\n<\/ul>\n<h3 data-start=\"2089\" data-end=\"2106\">Gegenanzeigen<\/h3>\n<ul data-start=\"2107\" data-end=\"2195\">\n<li data-start=\"2107\" data-end=\"2195\">\n<p data-start=\"2109\" data-end=\"2195\">\u00dcberempfindlichkeit gegen Schwarzk\u00fcmmel oder einen sonstigen Bestandteil der Kapsel.<\/p>\n<\/li>\n<\/ul>\n<h3 data-start=\"2197\" data-end=\"2234\">Warnhinweise \/ Vorsichtsma\u00dfnahmen<\/h3>\n<ul data-start=\"2235\" data-end=\"2493\">\n<li data-start=\"2235\" data-end=\"2312\">\n<p data-start=\"2237\" data-end=\"2312\">Schwangerschaft und Stillzeit: vor der Anwendung \u00e4rztlichen Rat einholen.<\/p>\n<\/li>\n<li data-start=\"2313\" data-end=\"2411\">\n<p data-start=\"2315\" data-end=\"2411\">Vorsicht bei gleichzeitiger Einnahme von Antikoagulanzien oder blutverd\u00fcnnenden Arzneimitteln.<\/p>\n<\/li>\n<li data-start=\"2412\" data-end=\"2493\">\n<p data-start=\"2414\" data-end=\"2493\">Kein Ersatz f\u00fcr eine ausgewogene Ern\u00e4hrung oder eine medizinische Behandlung.<\/p>\n<\/li>\n<\/ul>\n<h3 data-start=\"2495\" data-end=\"2513\">Nebenwirkungen<\/h3>\n<ul data-start=\"2514\" data-end=\"2638\">\n<li data-start=\"2514\" data-end=\"2549\">\n<p data-start=\"2516\" data-end=\"2549\">Im Allgemeinen gut vertr\u00e4glich.<\/p>\n<\/li>\n<li data-start=\"2550\" data-end=\"2638\">\n<p data-start=\"2552\" data-end=\"2638\">Selten: leichte gastrointestinale Beschwerden, \u00dcbelkeit oder allergische Reaktionen.<\/p>\n<\/li>\n<\/ul>\n<h3 data-start=\"2640\" data-end=\"2652\">Lagerung<\/h3>\n<ul data-start=\"2653\" data-end=\"2762\" data-is-last-node=\"\" data-is-only-node=\"\">\n<li data-start=\"2653\" data-end=\"2723\">\n<p data-start=\"2655\" data-end=\"2723\">K\u00fchl und trocken lagern, vor direkter Sonneneinstrahlung sch\u00fctzen.<\/p>\n<\/li>\n<li data-start=\"2724\" data-end=\"2762\" data-is-last-node=\"\">\n<p data-start=\"2726\" data-end=\"2762\" data-is-last-node=\"\">F\u00fcr Kinder unzug\u00e4nglich aufbewahren.<\/p>\n<\/li>\n<\/ul>\n<\/div>\n<\/div>\n<\/div>\n<\/div>\n<div class=\"z-0 flex min-h-[46px] justify-start\"><\/div>\n<div class=\"mt-3 w-full empty:hidden\">\n<div class=\"text-center\"><\/div>\n<\/div>\n<\/div>\n<\/div>\n<\/article>\n<\/div>\n<div class=\"pointer-events-none h-px w-px absolute bottom-0\" aria-hidden=\"true\" data-edge=\"true\"><\/div>\n<\/div>\n<\/div>\n<\/div>\n<\/div>\n<\/div>\n<\/div>\n<\/article>\n","protected":false},"excerpt":{"rendered":"<p>Schwarzk\u00fcmmel\u00f6l 60 WeichgelatinekapselnDarreichungsform: Weichkapseln (Softgel-Kapseln) Wirkstoff (pro Kapsel): Schwarzk\u00fcmmel\u00f6l (Nigella sativa) \u2014 500 mg Anwendungsgebiete \/ Indikationen Unterst\u00fctzung der normalen Funktion des Immunsystems. Wirkt antioxidativ und entz\u00fcndungshemmend. Kann zur Aufrechterhaltung einer gesunden Atemwegsfunktion beitragen. Unterst\u00fctzung der Herz-Kreislauf-Gesundheit. F\u00f6rdert das allgemeine Wohlbefinden und die Vitalit\u00e4t. Anwendung \/ Dosierung 1 Kapsel t\u00e4glich, vorzugsweise zu einer Mahlzeit einnehmen,&#8230;<\/p>\n","protected":false},"featured_media":9964,"comment_status":"open","ping_status":"closed","template":"","meta":{"rs_blank_template":"","rs_page_bg_color":"","slide_template_v7":"","_bst_post_transparent":"default","_bst_post_title":"","_bst_post_layout":"default","_bst_post_sidebar_id":"","_bst_post_content_style":"default","_bst_post_vertical_padding":"default","_bst_post_feature":"","_bst_post_feature_position":"","_bst_post_header":false,"_bst_post_footer":false},"product_brand":[],"product_cat":[351,217,457,271,229],"product_tag":[],"product_brands":[],"class_list":{"0":"post-9966","1":"product","2":"type-product","3":"status-publish","4":"has-post-thumbnail","6":"product_cat-medical-forms","7":"product_cat-medicines","8":"product_cat-tablets-capsules","9":"product_cat-immunity-support","10":"product_cat-vitamins-general-supplements","12":"first","13":"instock","14":"shipping-taxable","15":"purchasable","16":"product-type-simple","17":"entry","18":"content-bg","19":"loop-entry"},"_links":{"self":[{"href":"https:\/\/nawarpharmacy.com\/de\/wp-json\/wp\/v2\/product\/9966","targetHints":{"allow":["GET"]}}],"collection":[{"href":"https:\/\/nawarpharmacy.com\/de\/wp-json\/wp\/v2\/product"}],"about":[{"href":"https:\/\/nawarpharmacy.com\/de\/wp-json\/wp\/v2\/types\/product"}],"replies":[{"embeddable":true,"href":"https:\/\/nawarpharmacy.com\/de\/wp-json\/wp\/v2\/comments?post=9966"}],"wp:featuredmedia":[{"embeddable":true,"href":"https:\/\/nawarpharmacy.com\/de\/wp-json\/wp\/v2\/media\/9964"}],"wp:attachment":[{"href":"https:\/\/nawarpharmacy.com\/de\/wp-json\/wp\/v2\/media?parent=9966"}],"wp:term":[{"taxonomy":"product_brand","embeddable":true,"href":"https:\/\/nawarpharmacy.com\/de\/wp-json\/wp\/v2\/product_brand?post=9966"},{"taxonomy":"product_cat","embeddable":true,"href":"https:\/\/nawarpharmacy.com\/de\/wp-json\/wp\/v2\/product_cat?post=9966"},{"taxonomy":"product_tag","embeddable":true,"href":"https:\/\/nawarpharmacy.com\/de\/wp-json\/wp\/v2\/product_tag?post=9966"},{"taxonomy":"product_brands","embeddable":true,"href":"https:\/\/nawarpharmacy.com\/de\/wp-json\/wp\/v2\/product_brands?post=9966"}],"curies":[{"name":"wp","href":"https:\/\/api.w.org\/{rel}","templated":true}]}}