{"id":9960,"date":"2025-11-22T13:45:55","date_gmt":"2025-11-22T13:45:55","guid":{"rendered":"https:\/\/nawarpharmacy.com\/?post_type=product&#038;p=9960"},"modified":"2026-02-23T17:54:46","modified_gmt":"2026-02-23T17:54:46","slug":"pregtility-60-capsules","status":"publish","type":"product","link":"https:\/\/nawarpharmacy.com\/de\/produkt\/pregtility-60-capsules\/","title":{"rendered":"Pregtility 60 Kapseln"},"content":{"rendered":"<article class=\"text-token-text-primary w-full focus:outline-none [--shadow-height:45px] has-data-writing-block:pointer-events-none has-data-writing-block:-mt-(--shadow-height) has-data-writing-block:pt-(--shadow-height) [&amp;:has([data-writing-block])&gt;*]:pointer-events-auto [content-visibility:auto] supports-[content-visibility:auto]:[contain-intrinsic-size:auto_100lvh] scroll-mt-[calc(var(--header-height)+min(200px,max(70px,20svh)))]\" dir=\"auto\" data-turn-id=\"request-692073f5-3f80-832c-872f-7626d4388ea8-109\" data-testid=\"conversation-turn-236\" data-scroll-anchor=\"true\" data-turn=\"assistant\">\n<div class=\"text-base my-auto mx-auto pb-10 [--thread-content-margin:--spacing(4)] thread-sm:[--thread-content-margin:--spacing(6)] thread-lg:[--thread-content-margin:--spacing(16)] px-(--thread-content-margin)\">\n<div class=\"[--thread-content-max-width:40rem] thread-lg:[--thread-content-max-width:48rem] mx-auto max-w-(--thread-content-max-width) flex-1 group\/turn-messages focus-visible:outline-hidden relative flex w-full min-w-0 flex-col agent-turn\">\n<div class=\"flex max-w-full flex-col grow\">\n<div class=\"min-h-8 text-message relative flex w-full flex-col items-end gap-2 text-start break-words whitespace-normal [.text-message+&amp;]:mt-1\" dir=\"auto\" data-message-author-role=\"assistant\" data-message-id=\"95a20ca1-f898-48bc-b5d9-e75ce872f57c\" data-message-model-slug=\"gpt-5-mini\">\n<div class=\"flex w-full flex-col gap-1 empty:hidden first:pt-[1px]\">\n<div class=\"markdown prose dark:prose-invert w-full break-words light markdown-new-styling\">\n<div class=\"flex flex-col text-sm pb-25\">\n<article class=\"text-token-text-primary w-full focus:outline-none [--shadow-height:45px] has-data-writing-block:pointer-events-none has-data-writing-block:-mt-(--shadow-height) has-data-writing-block:pt-(--shadow-height) [&amp;:has([data-writing-block])&gt;*]:pointer-events-auto scroll-mt-[calc(var(--header-height)+min(200px,max(70px,20svh)))]\" dir=\"auto\" tabindex=\"-1\" data-turn-id=\"request-WEB:209e3289-63e4-414b-883e-c54fb0e043f1-47\" data-testid=\"conversation-turn-20\" data-scroll-anchor=\"true\" data-turn=\"assistant\">\n<div class=\"text-base my-auto mx-auto pb-10 [--thread-content-margin:--spacing(4)] @w-sm\/main:[--thread-content-margin:--spacing(6)] @w-lg\/main:[--thread-content-margin:--spacing(16)] px-(--thread-content-margin)\">\n<div class=\"[--thread-content-max-width:40rem] @w-lg\/main:[--thread-content-max-width:48rem] mx-auto max-w-(--thread-content-max-width) flex-1 group\/turn-messages focus-visible:outline-hidden relative flex w-full min-w-0 flex-col agent-turn\" tabindex=\"-1\">\n<div class=\"flex max-w-full flex-col grow\">\n<div class=\"min-h-8 text-message relative flex w-full flex-col items-end gap-2 text-start break-words whitespace-normal [.text-message+&amp;]:mt-1\" dir=\"auto\" data-message-author-role=\"assistant\" data-message-id=\"e6d2d610-10c4-4ae2-992c-f4936c565597\" data-message-model-slug=\"gpt-5-2\">\n<div class=\"flex w-full flex-col gap-1 empty:hidden first:pt-[1px]\">\n<div class=\"markdown prose dark:prose-invert w-full wrap-break-word dark markdown-new-styling\">\n<p data-start=\"1341\" data-end=\"1397\"><strong data-start=\"1341\" data-end=\"1367\">Pregtility 60 Kapseln<\/strong><br data-start=\"1367\" data-end=\"1370\" \/>Darreichungsform: Kapseln<\/p>\n<h3 data-start=\"1399\" data-end=\"1426\">Wirkstoffe (pro Kapsel)<\/h3>\n<ul data-start=\"1428\" data-end=\"1565\">\n<li data-start=\"1428\" data-end=\"1446\">\n<p data-start=\"1430\" data-end=\"1446\">Inositol \u2014 2 g<\/p>\n<\/li>\n<li data-start=\"1447\" data-end=\"1468\">\n<p data-start=\"1449\" data-end=\"1468\">Fols\u00e4ure \u2014 200 \u00b5g<\/p>\n<\/li>\n<li data-start=\"1469\" data-end=\"1565\">\n<p data-start=\"1471\" data-end=\"1565\">Weitere unterst\u00fctzende Vitamine und Mineralstoffe zur F\u00f6rderung der reproduktiven Gesundheit<\/p>\n<\/li>\n<\/ul>\n<h3 data-start=\"1567\" data-end=\"1603\">Anwendungsgebiete \/ Indikationen<\/h3>\n<ul data-start=\"1605\" data-end=\"1915\">\n<li data-start=\"1605\" data-end=\"1682\">\n<p data-start=\"1607\" data-end=\"1682\">Unterst\u00fctzung der weiblichen Fertilit\u00e4t und der reproduktiven Gesundheit.<\/p>\n<\/li>\n<li data-start=\"1683\" data-end=\"1760\">\n<p data-start=\"1685\" data-end=\"1760\">Kann zur Regulierung des Menstruationszyklus und der Ovulation beitragen.<\/p>\n<\/li>\n<li data-start=\"1761\" data-end=\"1845\">\n<p data-start=\"1763\" data-end=\"1845\">Bietet antioxidative Unterst\u00fctzung f\u00fcr das allgemeine reproduktive Wohlbefinden.<\/p>\n<\/li>\n<li data-start=\"1846\" data-end=\"1915\">\n<p data-start=\"1848\" data-end=\"1915\">Unterst\u00fctzt das hormonelle Gleichgewicht und die Ovarialfunktion.<\/p>\n<\/li>\n<\/ul>\n<h3 data-start=\"1917\" data-end=\"1942\">Anwendung \/ Dosierung<\/h3>\n<ul data-start=\"1944\" data-end=\"2040\">\n<li data-start=\"1944\" data-end=\"2040\">\n<p data-start=\"1946\" data-end=\"2040\">2 Kapseln t\u00e4glich, vorzugsweise zu den Mahlzeiten einnehmen, oder nach \u00e4rztlicher Anweisung.<\/p>\n<\/li>\n<\/ul>\n<h3 data-start=\"2042\" data-end=\"2059\">Gegenanzeigen<\/h3>\n<ul data-start=\"2061\" data-end=\"2126\">\n<li data-start=\"2061\" data-end=\"2126\">\n<p data-start=\"2063\" data-end=\"2126\">\u00dcberempfindlichkeit gegen einen der Bestandteile der Kapseln.<\/p>\n<\/li>\n<\/ul>\n<h3 data-start=\"2128\" data-end=\"2165\">Warnhinweise \/ Vorsichtsma\u00dfnahmen<\/h3>\n<ul data-start=\"2167\" data-end=\"2315\">\n<li data-start=\"2167\" data-end=\"2244\">\n<p data-start=\"2169\" data-end=\"2244\">Schwangerschaft und Stillzeit: vor der Anwendung \u00e4rztlichen Rat einholen.<\/p>\n<\/li>\n<li data-start=\"2245\" data-end=\"2315\">\n<p data-start=\"2247\" data-end=\"2315\">Kein Ersatz f\u00fcr eine ausgewogene und abwechslungsreiche Ern\u00e4hrung.<\/p>\n<\/li>\n<\/ul>\n<h3 data-start=\"2317\" data-end=\"2335\">Nebenwirkungen<\/h3>\n<ul data-start=\"2337\" data-end=\"2461\">\n<li data-start=\"2337\" data-end=\"2372\">\n<p data-start=\"2339\" data-end=\"2372\">Im Allgemeinen gut vertr\u00e4glich.<\/p>\n<\/li>\n<li data-start=\"2373\" data-end=\"2461\">\n<p data-start=\"2375\" data-end=\"2461\">Selten: leichte gastrointestinale Beschwerden, \u00dcbelkeit oder allergische Reaktionen.<\/p>\n<\/li>\n<\/ul>\n<h3 data-start=\"2463\" data-end=\"2475\">Lagerung<\/h3>\n<ul data-start=\"2477\" data-end=\"2586\" data-is-last-node=\"\" data-is-only-node=\"\">\n<li data-start=\"2477\" data-end=\"2547\">\n<p data-start=\"2479\" data-end=\"2547\">K\u00fchl und trocken lagern, vor direkter Sonneneinstrahlung sch\u00fctzen.<\/p>\n<\/li>\n<li data-start=\"2548\" data-end=\"2586\" data-is-last-node=\"\">\n<p data-start=\"2550\" data-end=\"2586\" data-is-last-node=\"\">F\u00fcr Kinder unzug\u00e4nglich aufbewahren.<\/p>\n<\/li>\n<\/ul>\n<\/div>\n<\/div>\n<\/div>\n<\/div>\n<div class=\"z-0 flex min-h-[46px] justify-start\"><\/div>\n<div class=\"mt-3 w-full empty:hidden\">\n<div class=\"text-center\"><\/div>\n<\/div>\n<\/div>\n<\/div>\n<\/article>\n<\/div>\n<div class=\"pointer-events-none h-px w-px absolute bottom-0\" aria-hidden=\"true\" data-edge=\"true\"><\/div>\n<\/div>\n<\/div>\n<\/div>\n<\/div>\n<\/div>\n<\/div>\n<\/article>\n","protected":false},"excerpt":{"rendered":"<p>Pregtility 60 KapselnDarreichungsform: Kapseln Wirkstoffe (pro Kapsel) Inositol \u2014 2 g Fols\u00e4ure \u2014 200 \u00b5g Weitere unterst\u00fctzende Vitamine und Mineralstoffe zur F\u00f6rderung der reproduktiven Gesundheit Anwendungsgebiete \/ Indikationen Unterst\u00fctzung der weiblichen Fertilit\u00e4t und der reproduktiven Gesundheit. Kann zur Regulierung des Menstruationszyklus und der Ovulation beitragen. Bietet antioxidative Unterst\u00fctzung f\u00fcr das allgemeine reproduktive Wohlbefinden. Unterst\u00fctzt das&#8230;<\/p>\n","protected":false},"featured_media":9959,"comment_status":"open","ping_status":"closed","template":"","meta":{"rs_blank_template":"","rs_page_bg_color":"","slide_template_v7":"","_bst_post_transparent":"default","_bst_post_title":"","_bst_post_layout":"default","_bst_post_sidebar_id":"","_bst_post_content_style":"default","_bst_post_vertical_padding":"default","_bst_post_feature":"","_bst_post_feature_position":"","_bst_post_header":false,"_bst_post_footer":false},"product_brand":[],"product_cat":[351,217,457,229],"product_tag":[],"product_brands":[],"class_list":{"0":"post-9960","1":"product","2":"type-product","3":"status-publish","4":"has-post-thumbnail","6":"product_cat-medical-forms","7":"product_cat-medicines","8":"product_cat-tablets-capsules","9":"product_cat-vitamins-general-supplements","11":"first","12":"instock","13":"shipping-taxable","14":"purchasable","15":"product-type-simple","16":"entry","17":"content-bg","18":"loop-entry"},"_links":{"self":[{"href":"https:\/\/nawarpharmacy.com\/de\/wp-json\/wp\/v2\/product\/9960","targetHints":{"allow":["GET"]}}],"collection":[{"href":"https:\/\/nawarpharmacy.com\/de\/wp-json\/wp\/v2\/product"}],"about":[{"href":"https:\/\/nawarpharmacy.com\/de\/wp-json\/wp\/v2\/types\/product"}],"replies":[{"embeddable":true,"href":"https:\/\/nawarpharmacy.com\/de\/wp-json\/wp\/v2\/comments?post=9960"}],"wp:featuredmedia":[{"embeddable":true,"href":"https:\/\/nawarpharmacy.com\/de\/wp-json\/wp\/v2\/media\/9959"}],"wp:attachment":[{"href":"https:\/\/nawarpharmacy.com\/de\/wp-json\/wp\/v2\/media?parent=9960"}],"wp:term":[{"taxonomy":"product_brand","embeddable":true,"href":"https:\/\/nawarpharmacy.com\/de\/wp-json\/wp\/v2\/product_brand?post=9960"},{"taxonomy":"product_cat","embeddable":true,"href":"https:\/\/nawarpharmacy.com\/de\/wp-json\/wp\/v2\/product_cat?post=9960"},{"taxonomy":"product_tag","embeddable":true,"href":"https:\/\/nawarpharmacy.com\/de\/wp-json\/wp\/v2\/product_tag?post=9960"},{"taxonomy":"product_brands","embeddable":true,"href":"https:\/\/nawarpharmacy.com\/de\/wp-json\/wp\/v2\/product_brands?post=9960"}],"curies":[{"name":"wp","href":"https:\/\/api.w.org\/{rel}","templated":true}]}}