{"id":9956,"date":"2025-11-22T13:47:27","date_gmt":"2025-11-22T13:47:27","guid":{"rendered":"https:\/\/nawarpharmacy.com\/?post_type=product&#038;p=9956"},"modified":"2026-02-23T17:53:54","modified_gmt":"2026-02-23T17:53:54","slug":"pregnacare-30-tablets","status":"publish","type":"product","link":"https:\/\/nawarpharmacy.com\/de\/produkt\/pregnacare-30-tablets\/","title":{"rendered":"Pregnacare 30 Tabletten"},"content":{"rendered":"<article class=\"text-token-text-primary w-full focus:outline-none [--shadow-height:45px] has-data-writing-block:pointer-events-none has-data-writing-block:-mt-(--shadow-height) has-data-writing-block:pt-(--shadow-height) [&amp;:has([data-writing-block])&gt;*]:pointer-events-auto [content-visibility:auto] supports-[content-visibility:auto]:[contain-intrinsic-size:auto_100lvh] scroll-mt-[calc(var(--header-height)+min(200px,max(70px,20svh)))]\" dir=\"auto\" data-turn-id=\"request-692073f5-3f80-832c-872f-7626d4388ea8-59\" data-testid=\"conversation-turn-136\" data-scroll-anchor=\"true\" data-turn=\"assistant\">\n<div class=\"text-base my-auto mx-auto pb-10 [--thread-content-margin:--spacing(4)] thread-sm:[--thread-content-margin:--spacing(6)] thread-lg:[--thread-content-margin:--spacing(16)] px-(--thread-content-margin)\">\n<div class=\"[--thread-content-max-width:40rem] thread-lg:[--thread-content-max-width:48rem] mx-auto max-w-(--thread-content-max-width) flex-1 group\/turn-messages focus-visible:outline-hidden relative flex w-full min-w-0 flex-col agent-turn\">\n<div class=\"flex max-w-full flex-col grow\">\n<div class=\"min-h-8 text-message relative flex w-full flex-col items-end gap-2 text-start break-words whitespace-normal [.text-message+&amp;]:mt-1\" dir=\"auto\" data-message-author-role=\"assistant\" data-message-id=\"7f7cf02d-d258-4b0d-8dc3-9ef0787bfdf2\" data-message-model-slug=\"gpt-5-mini\">\n<div class=\"flex w-full flex-col gap-1 empty:hidden first:pt-[1px]\">\n<div class=\"markdown prose dark:prose-invert w-full break-words light markdown-new-styling\">\n<div class=\"flex flex-col text-sm pb-25\">\n<article class=\"text-token-text-primary w-full focus:outline-none [--shadow-height:45px] has-data-writing-block:pointer-events-none has-data-writing-block:-mt-(--shadow-height) has-data-writing-block:pt-(--shadow-height) [&amp;:has([data-writing-block])&gt;*]:pointer-events-auto scroll-mt-[calc(var(--header-height)+min(200px,max(70px,20svh)))]\" dir=\"auto\" tabindex=\"-1\" data-turn-id=\"request-WEB:209e3289-63e4-414b-883e-c54fb0e043f1-46\" data-testid=\"conversation-turn-18\" data-scroll-anchor=\"true\" data-turn=\"assistant\">\n<div class=\"text-base my-auto mx-auto pb-10 [--thread-content-margin:--spacing(4)] @w-sm\/main:[--thread-content-margin:--spacing(6)] @w-lg\/main:[--thread-content-margin:--spacing(16)] px-(--thread-content-margin)\">\n<div class=\"[--thread-content-max-width:40rem] @w-lg\/main:[--thread-content-max-width:48rem] mx-auto max-w-(--thread-content-max-width) flex-1 group\/turn-messages focus-visible:outline-hidden relative flex w-full min-w-0 flex-col agent-turn\" tabindex=\"-1\">\n<div class=\"flex max-w-full flex-col grow\">\n<div class=\"min-h-8 text-message relative flex w-full flex-col items-end gap-2 text-start break-words whitespace-normal [.text-message+&amp;]:mt-1\" dir=\"auto\" data-message-author-role=\"assistant\" data-message-id=\"18946212-da3c-46a7-9978-ded65e29517e\" data-message-model-slug=\"gpt-5-2\">\n<div class=\"flex w-full flex-col gap-1 empty:hidden first:pt-[1px]\">\n<div class=\"markdown prose dark:prose-invert w-full wrap-break-word dark markdown-new-styling\">\n<p data-start=\"1811\" data-end=\"1871\"><strong data-start=\"1811\" data-end=\"1839\">Pregnacare 30 Tabletten<\/strong><br data-start=\"1839\" data-end=\"1842\" \/>Darreichungsform: Tabletten<\/p>\n<h3 data-start=\"1873\" data-end=\"1902\">Wirkstoffe (pro Tablette)<\/h3>\n<ul data-start=\"1904\" data-end=\"2354\">\n<li data-start=\"1904\" data-end=\"1925\">\n<p data-start=\"1906\" data-end=\"1925\">Fols\u00e4ure \u2014 400 \u00b5g<\/p>\n<\/li>\n<li data-start=\"1926\" data-end=\"1948\">\n<p data-start=\"1928\" data-end=\"1948\">Vitamin A \u2014 800 \u00b5g<\/p>\n<\/li>\n<li data-start=\"1949\" data-end=\"1970\">\n<p data-start=\"1951\" data-end=\"1970\">Vitamin C \u2014 85 mg<\/p>\n<\/li>\n<li data-start=\"1971\" data-end=\"1992\">\n<p data-start=\"1973\" data-end=\"1992\">Vitamin D \u2014 10 \u00b5g<\/p>\n<\/li>\n<li data-start=\"1993\" data-end=\"2014\">\n<p data-start=\"1995\" data-end=\"2014\">Vitamin E \u2014 10 mg<\/p>\n<\/li>\n<li data-start=\"2015\" data-end=\"2048\">\n<p data-start=\"2017\" data-end=\"2048\">Vitamin B1 (Thiamin) \u2014 1,4 mg<\/p>\n<\/li>\n<li data-start=\"2049\" data-end=\"2085\">\n<p data-start=\"2051\" data-end=\"2085\">Vitamin B2 (Riboflavin) \u2014 1,4 mg<\/p>\n<\/li>\n<li data-start=\"2086\" data-end=\"2117\">\n<p data-start=\"2088\" data-end=\"2117\">Vitamin B3 (Niacin) \u2014 18 mg<\/p>\n<\/li>\n<li data-start=\"2118\" data-end=\"2156\">\n<p data-start=\"2120\" data-end=\"2156\">Vitamin B5 (Pantothens\u00e4ure) \u2014 6 mg<\/p>\n<\/li>\n<li data-start=\"2157\" data-end=\"2192\">\n<p data-start=\"2159\" data-end=\"2192\">Vitamin B6 (Pyridoxin) \u2014 1,9 mg<\/p>\n<\/li>\n<li data-start=\"2193\" data-end=\"2229\">\n<p data-start=\"2195\" data-end=\"2229\">Vitamin B12 (Cobalamin) \u2014 2,6 \u00b5g<\/p>\n<\/li>\n<li data-start=\"2230\" data-end=\"2248\">\n<p data-start=\"2232\" data-end=\"2248\">Biotin \u2014 35 \u00b5g<\/p>\n<\/li>\n<li data-start=\"2249\" data-end=\"2266\">\n<p data-start=\"2251\" data-end=\"2266\">Eisen \u2014 14 mg<\/p>\n<\/li>\n<li data-start=\"2267\" data-end=\"2283\">\n<p data-start=\"2269\" data-end=\"2283\">Zink \u2014 11 mg<\/p>\n<\/li>\n<li data-start=\"2284\" data-end=\"2300\">\n<p data-start=\"2286\" data-end=\"2300\">Jod \u2014 150 \u00b5g<\/p>\n<\/li>\n<li data-start=\"2301\" data-end=\"2318\">\n<p data-start=\"2303\" data-end=\"2318\">Kupfer \u2014 1 mg<\/p>\n<\/li>\n<li data-start=\"2319\" data-end=\"2336\">\n<p data-start=\"2321\" data-end=\"2336\">Selen \u2014 60 \u00b5g<\/p>\n<\/li>\n<li data-start=\"2337\" data-end=\"2354\">\n<p data-start=\"2339\" data-end=\"2354\">Mangan \u2014 2 mg<\/p>\n<\/li>\n<\/ul>\n<h3 data-start=\"2356\" data-end=\"2392\">Anwendungsgebiete \/ Indikationen<\/h3>\n<ul data-start=\"2394\" data-end=\"2845\">\n<li data-start=\"2394\" data-end=\"2528\">\n<p data-start=\"2396\" data-end=\"2528\">Unterst\u00fctzung des erh\u00f6hten N\u00e4hrstoffbedarfs von Frauen in der Phase der Schwangerschaftsplanung sowie w\u00e4hrend der Schwangerschaft.<\/p>\n<\/li>\n<li data-start=\"2529\" data-end=\"2623\">\n<p data-start=\"2531\" data-end=\"2623\">Beitrag zur Verringerung des Risikos von Neuralrohrdefekten beim sich entwickelnden F\u00f6tus.<\/p>\n<\/li>\n<li data-start=\"2624\" data-end=\"2728\">\n<p data-start=\"2626\" data-end=\"2728\">Unterst\u00fctzung des Energiestoffwechsels, der Immunfunktion und der allgemeinen Gesundheit der Mutter.<\/p>\n<\/li>\n<li data-start=\"2729\" data-end=\"2845\">\n<p data-start=\"2731\" data-end=\"2845\">Versorgung mit essenziellen Vitaminen und Mineralstoffen f\u00fcr das normale Wachstum und die Entwicklung des F\u00f6tus.<\/p>\n<\/li>\n<\/ul>\n<h3 data-start=\"2847\" data-end=\"2872\">Anwendung \/ Dosierung<\/h3>\n<ul data-start=\"2874\" data-end=\"2971\">\n<li data-start=\"2874\" data-end=\"2971\">\n<p data-start=\"2876\" data-end=\"2971\">1 Tablette t\u00e4glich, vorzugsweise zu einer Mahlzeit einnehmen, oder nach \u00e4rztlicher Anweisung.<\/p>\n<\/li>\n<\/ul>\n<h3 data-start=\"2973\" data-end=\"2990\">Gegenanzeigen<\/h3>\n<ul data-start=\"2992\" data-end=\"3058\">\n<li data-start=\"2992\" data-end=\"3058\">\n<p data-start=\"2994\" data-end=\"3058\">\u00dcberempfindlichkeit gegen einen der Bestandteile der Tablette.<\/p>\n<\/li>\n<\/ul>\n<h3 data-start=\"3060\" data-end=\"3097\">Warnhinweise \/ Vorsichtsma\u00dfnahmen<\/h3>\n<ul data-start=\"3099\" data-end=\"3333\">\n<li data-start=\"3099\" data-end=\"3169\">\n<p data-start=\"3101\" data-end=\"3169\">Kein Ersatz f\u00fcr eine ausgewogene und abwechslungsreiche Ern\u00e4hrung.<\/p>\n<\/li>\n<li data-start=\"3170\" data-end=\"3292\">\n<p data-start=\"3172\" data-end=\"3292\">Bei gleichzeitiger Einnahme anderer Nahrungserg\u00e4nzungsmittel oder Arzneimittel sollte \u00e4rztlicher Rat eingeholt werden.<\/p>\n<\/li>\n<li data-start=\"3293\" data-end=\"3333\">\n<p data-start=\"3295\" data-end=\"3333\">F\u00fcr Kinder unzug\u00e4nglich aufbewahren.<\/p>\n<\/li>\n<\/ul>\n<h3 data-start=\"3335\" data-end=\"3353\">Nebenwirkungen<\/h3>\n<ul data-start=\"3355\" data-end=\"3479\">\n<li data-start=\"3355\" data-end=\"3390\">\n<p data-start=\"3357\" data-end=\"3390\">Im Allgemeinen gut vertr\u00e4glich.<\/p>\n<\/li>\n<li data-start=\"3391\" data-end=\"3479\">\n<p data-start=\"3393\" data-end=\"3479\">Selten: leichte gastrointestinale Beschwerden, \u00dcbelkeit oder allergische Reaktionen.<\/p>\n<\/li>\n<\/ul>\n<h3 data-start=\"3481\" data-end=\"3493\">Lagerung<\/h3>\n<ul data-start=\"3495\" data-end=\"3563\" data-is-last-node=\"\" data-is-only-node=\"\">\n<li data-start=\"3495\" data-end=\"3563\" data-is-last-node=\"\">\n<p data-start=\"3497\" data-end=\"3563\" data-is-last-node=\"\">K\u00fchl und trocken lagern, vor direkter Sonneneinstrahlung sch\u00fctzen.<\/p>\n<\/li>\n<\/ul>\n<\/div>\n<\/div>\n<\/div>\n<\/div>\n<div class=\"z-0 flex min-h-[46px] justify-start\"><\/div>\n<div class=\"mt-3 w-full empty:hidden\">\n<div class=\"text-center\"><\/div>\n<\/div>\n<\/div>\n<\/div>\n<\/article>\n<\/div>\n<div class=\"pointer-events-none h-px w-px absolute bottom-0\" aria-hidden=\"true\" data-edge=\"true\"><\/div>\n<\/div>\n<\/div>\n<\/div>\n<\/div>\n<\/div>\n<\/div>\n<\/article>\n","protected":false},"excerpt":{"rendered":"<p>Pregnacare 30 TablettenDarreichungsform: Tabletten Wirkstoffe (pro Tablette) Fols\u00e4ure \u2014 400 \u00b5g Vitamin A \u2014 800 \u00b5g Vitamin C \u2014 85 mg Vitamin D \u2014 10 \u00b5g Vitamin E \u2014 10 mg Vitamin B1 (Thiamin) \u2014 1,4 mg Vitamin B2 (Riboflavin) \u2014 1,4 mg Vitamin B3 (Niacin) \u2014 18 mg Vitamin B5 (Pantothens\u00e4ure) \u2014 6 mg&#8230;<\/p>\n","protected":false},"featured_media":9955,"comment_status":"open","ping_status":"closed","template":"","meta":{"rs_blank_template":"","rs_page_bg_color":"","slide_template_v7":"","_bst_post_transparent":"default","_bst_post_title":"","_bst_post_layout":"default","_bst_post_sidebar_id":"","_bst_post_content_style":"default","_bst_post_vertical_padding":"default","_bst_post_feature":"","_bst_post_feature_position":"","_bst_post_header":false,"_bst_post_footer":false},"product_brand":[],"product_cat":[351,313,217,457,229],"product_tag":[],"product_brands":[],"class_list":{"0":"post-9956","1":"product","2":"type-product","3":"status-publish","4":"has-post-thumbnail","6":"product_cat-medical-forms","7":"product_cat-feminine-care","8":"product_cat-medicines","9":"product_cat-tablets-capsules","10":"product_cat-vitamins-general-supplements","12":"first","13":"instock","14":"shipping-taxable","15":"purchasable","16":"product-type-simple","17":"entry","18":"content-bg","19":"loop-entry"},"_links":{"self":[{"href":"https:\/\/nawarpharmacy.com\/de\/wp-json\/wp\/v2\/product\/9956","targetHints":{"allow":["GET"]}}],"collection":[{"href":"https:\/\/nawarpharmacy.com\/de\/wp-json\/wp\/v2\/product"}],"about":[{"href":"https:\/\/nawarpharmacy.com\/de\/wp-json\/wp\/v2\/types\/product"}],"replies":[{"embeddable":true,"href":"https:\/\/nawarpharmacy.com\/de\/wp-json\/wp\/v2\/comments?post=9956"}],"wp:featuredmedia":[{"embeddable":true,"href":"https:\/\/nawarpharmacy.com\/de\/wp-json\/wp\/v2\/media\/9955"}],"wp:attachment":[{"href":"https:\/\/nawarpharmacy.com\/de\/wp-json\/wp\/v2\/media?parent=9956"}],"wp:term":[{"taxonomy":"product_brand","embeddable":true,"href":"https:\/\/nawarpharmacy.com\/de\/wp-json\/wp\/v2\/product_brand?post=9956"},{"taxonomy":"product_cat","embeddable":true,"href":"https:\/\/nawarpharmacy.com\/de\/wp-json\/wp\/v2\/product_cat?post=9956"},{"taxonomy":"product_tag","embeddable":true,"href":"https:\/\/nawarpharmacy.com\/de\/wp-json\/wp\/v2\/product_tag?post=9956"},{"taxonomy":"product_brands","embeddable":true,"href":"https:\/\/nawarpharmacy.com\/de\/wp-json\/wp\/v2\/product_brands?post=9956"}],"curies":[{"name":"wp","href":"https:\/\/api.w.org\/{rel}","templated":true}]}}