{"id":9945,"date":"2025-11-22T13:51:28","date_gmt":"2025-11-22T13:51:28","guid":{"rendered":"https:\/\/nawarpharmacy.com\/?post_type=product&#038;p=9945"},"modified":"2026-02-23T17:42:17","modified_gmt":"2026-02-23T17:42:17","slug":"bloomville-iron-30-capsules","status":"publish","type":"product","link":"https:\/\/nawarpharmacy.com\/de\/produkt\/bloomville-iron-30-capsules\/","title":{"rendered":"Bloomville Iron 30 Kapseln"},"content":{"rendered":"<article class=\"text-token-text-primary w-full focus:outline-none [--shadow-height:45px] has-data-writing-block:pointer-events-none has-data-writing-block:-mt-(--shadow-height) has-data-writing-block:pt-(--shadow-height) [&amp;:has([data-writing-block])&gt;*]:pointer-events-auto [content-visibility:auto] supports-[content-visibility:auto]:[contain-intrinsic-size:auto_100lvh] scroll-mt-[calc(var(--header-height)+min(200px,max(70px,20svh)))]\" dir=\"auto\" data-turn-id=\"request-692073f5-3f80-832c-872f-7626d4388ea8-61\" data-testid=\"conversation-turn-140\" data-scroll-anchor=\"true\" data-turn=\"assistant\">\n<div class=\"text-base my-auto mx-auto pb-10 [--thread-content-margin:--spacing(4)] thread-sm:[--thread-content-margin:--spacing(6)] thread-lg:[--thread-content-margin:--spacing(16)] px-(--thread-content-margin)\">\n<div class=\"[--thread-content-max-width:40rem] thread-lg:[--thread-content-max-width:48rem] mx-auto max-w-(--thread-content-max-width) flex-1 group\/turn-messages focus-visible:outline-hidden relative flex w-full min-w-0 flex-col agent-turn\">\n<div class=\"flex max-w-full flex-col grow\">\n<div class=\"min-h-8 text-message relative flex w-full flex-col items-end gap-2 text-start break-words whitespace-normal [.text-message+&amp;]:mt-1\" dir=\"auto\" data-message-author-role=\"assistant\" data-message-id=\"6f5ed3aa-f504-4ffe-ac5f-d74c30c7b3c3\" data-message-model-slug=\"gpt-5-mini\">\n<div class=\"flex w-full flex-col gap-1 empty:hidden first:pt-[1px]\">\n<div class=\"markdown prose dark:prose-invert w-full break-words light markdown-new-styling\">\n<div class=\"flex flex-col text-sm pb-25\">\n<article class=\"text-token-text-primary w-full focus:outline-none [--shadow-height:45px] has-data-writing-block:pointer-events-none has-data-writing-block:-mt-(--shadow-height) has-data-writing-block:pt-(--shadow-height) [&amp;:has([data-writing-block])&gt;*]:pointer-events-auto scroll-mt-[calc(var(--header-height)+min(200px,max(70px,20svh)))]\" dir=\"auto\" tabindex=\"-1\" data-turn-id=\"request-WEB:209e3289-63e4-414b-883e-c54fb0e043f1-27\" data-testid=\"conversation-turn-50\" data-scroll-anchor=\"true\" data-turn=\"assistant\">\n<div class=\"text-base my-auto mx-auto pb-10 [--thread-content-margin:--spacing(4)] @w-sm\/main:[--thread-content-margin:--spacing(6)] @w-lg\/main:[--thread-content-margin:--spacing(16)] px-(--thread-content-margin)\">\n<div class=\"[--thread-content-max-width:40rem] @w-lg\/main:[--thread-content-max-width:48rem] mx-auto max-w-(--thread-content-max-width) flex-1 group\/turn-messages focus-visible:outline-hidden relative flex w-full min-w-0 flex-col agent-turn\" tabindex=\"-1\">\n<div class=\"flex max-w-full flex-col grow\">\n<div class=\"min-h-8 text-message relative flex w-full flex-col items-end gap-2 text-start break-words whitespace-normal [.text-message+&amp;]:mt-1\" dir=\"auto\" data-message-author-role=\"assistant\" data-message-id=\"6d066a61-f741-41ae-b894-3035dc239a99\" data-message-model-slug=\"gpt-5-2\">\n<div class=\"flex w-full flex-col gap-1 empty:hidden first:pt-[1px]\">\n<div class=\"markdown prose dark:prose-invert w-full wrap-break-word dark markdown-new-styling\">\n<p data-start=\"1595\" data-end=\"1660\"><strong data-start=\"1595\" data-end=\"1626\">Bloomville Iron 30 Kapseln<\/strong><\/p>\n<p data-start=\"1595\" data-end=\"1660\"><strong data-start=\"1629\" data-end=\"1650\">Darreichungsform:<\/strong> Kapseln<\/p>\n<p data-start=\"1662\" data-end=\"1692\"><strong data-start=\"1662\" data-end=\"1690\">Wirkstoffe (pro Kapsel):<\/strong><\/p>\n<ul>\n<li data-start=\"1693\" data-end=\"1730\">\n<p data-start=\"1695\" data-end=\"1730\">Eisen (als Eisenfumarat) \u2014 100 mg<\/p>\n<\/li>\n<li data-start=\"1731\" data-end=\"1752\">\n<p data-start=\"1733\" data-end=\"1752\">Fols\u00e4ure \u2014 400 \u00b5g<\/p>\n<\/li>\n<li data-start=\"1753\" data-end=\"1777\">\n<p data-start=\"1755\" data-end=\"1777\">Vitamin B12 \u2014 2,6 \u00b5g<\/p>\n<\/li>\n<li data-start=\"1778\" data-end=\"1799\">\n<p data-start=\"1780\" data-end=\"1799\">Vitamin C \u2014 85 mg<\/p>\n<\/li>\n<\/ul>\n<p>Anwendungsgebiete \/ Indikationen<\/p>\n<ul>\n<li data-start=\"1838\" data-end=\"1915\">\n<p data-start=\"1840\" data-end=\"1915\">Unterst\u00fctzung der Bildung roter Blutk\u00f6rperchen und Vorbeugung von An\u00e4mie.<\/p>\n<\/li>\n<li data-start=\"1916\" data-end=\"2027\">\n<p data-start=\"1918\" data-end=\"2027\">Unterst\u00fctzung der m\u00fctterlichen Gesundheit in der Phase der Familienplanung und w\u00e4hrend der Schwangerschaft.<\/p>\n<\/li>\n<li data-start=\"2028\" data-end=\"2093\">\n<p data-start=\"2030\" data-end=\"2093\">Tr\u00e4gt zur Aufrechterhaltung eines normalen Energielevels bei.<\/p>\n<\/li>\n<li data-start=\"2094\" data-end=\"2180\">\n<p data-start=\"2096\" data-end=\"2180\">Unterst\u00fctzt das allgemeine Wohlbefinden und die normale Funktion des Immunsystems.<\/p>\n<\/li>\n<\/ul>\n<p>Anwendung \/ Dosierung<\/p>\n<ul>\n<li data-start=\"2208\" data-end=\"2307\">\n<p data-start=\"2210\" data-end=\"2307\"><strong data-start=\"2210\" data-end=\"2230\">1 Kapsel t\u00e4glich<\/strong>, vorzugsweise zu einer Mahlzeit einnehmen, oder nach \u00e4rztlicher Anweisung.<\/p>\n<\/li>\n<li data-start=\"2308\" data-end=\"2445\">\n<p data-start=\"2310\" data-end=\"2445\">Mit Wasser einnehmen. Nicht gleichzeitig mit Tee, Kaffee oder Milchprodukten einnehmen, da diese die Eisenaufnahme verringern k\u00f6nnen.<\/p>\n<\/li>\n<\/ul>\n<p>Gegenanzeigen<\/p>\n<ul>\n<li data-start=\"2465\" data-end=\"2546\">\n<p data-start=\"2467\" data-end=\"2546\">\u00dcberempfindlichkeit gegen Eisen oder einen sonstigen Bestandteil der Kapseln.<\/p>\n<\/li>\n<li data-start=\"2547\" data-end=\"2607\">\n<p data-start=\"2549\" data-end=\"2607\">Nicht empfohlen bei H\u00e4mochromatose oder Eisen\u00fcberladung.<\/p>\n<\/li>\n<\/ul>\n<p>Warnhinweise \/ Vorsichtsma\u00dfnahmen<\/p>\n<ul>\n<li data-start=\"2647\" data-end=\"2724\">\n<p data-start=\"2649\" data-end=\"2724\">Schwangerschaft und Stillzeit: vor der Anwendung \u00e4rztlichen Rat einholen.<\/p>\n<\/li>\n<li data-start=\"2725\" data-end=\"2765\">\n<p data-start=\"2727\" data-end=\"2765\">F\u00fcr Kinder unzug\u00e4nglich aufbewahren.<\/p>\n<\/li>\n<li data-start=\"2766\" data-end=\"2813\">\n<p data-start=\"2768\" data-end=\"2813\">Kein Ersatz f\u00fcr eine ausgewogene Ern\u00e4hrung.<\/p>\n<\/li>\n<\/ul>\n<p>Nebenwirkungen<\/p>\n<ul>\n<li data-start=\"2834\" data-end=\"2936\">\n<p data-start=\"2836\" data-end=\"2936\">M\u00f6glich: leichte gastrointestinale Beschwerden, Verstopfung, \u00dcbelkeit oder dunkel gef\u00e4rbter Stuhl.<\/p>\n<\/li>\n<li data-start=\"2937\" data-end=\"2972\">\n<p data-start=\"2939\" data-end=\"2972\">Selten: allergische Reaktionen.<\/p>\n<\/li>\n<\/ul>\n<h3 data-start=\"2974\" data-end=\"2986\">Lagerung<\/h3>\n<ul data-start=\"2987\" data-end=\"3055\" data-is-last-node=\"\" data-is-only-node=\"\">\n<li data-start=\"2987\" data-end=\"3055\" data-is-last-node=\"\">\n<p data-start=\"2989\" data-end=\"3055\" data-is-last-node=\"\">K\u00fchl und trocken lagern, vor direkter Sonneneinstrahlung sch\u00fctzen.<\/p>\n<\/li>\n<\/ul>\n<\/div>\n<\/div>\n<\/div>\n<\/div>\n<div class=\"z-0 flex min-h-[46px] justify-start\"><\/div>\n<div class=\"mt-3 w-full empty:hidden\">\n<div class=\"text-center\"><\/div>\n<\/div>\n<\/div>\n<\/div>\n<\/article>\n<\/div>\n<div class=\"pointer-events-none h-px w-px absolute bottom-0\" aria-hidden=\"true\" data-edge=\"true\"><\/div>\n<\/div>\n<\/div>\n<\/div>\n<\/div>\n<\/div>\n<\/div>\n<\/article>\n","protected":false},"excerpt":{"rendered":"<p>Bloomville Iron 30 Kapseln Darreichungsform: Kapseln Wirkstoffe (pro Kapsel): Eisen (als Eisenfumarat) \u2014 100 mg Fols\u00e4ure \u2014 400 \u00b5g Vitamin B12 \u2014 2,6 \u00b5g Vitamin C \u2014 85 mg Anwendungsgebiete \/ Indikationen Unterst\u00fctzung der Bildung roter Blutk\u00f6rperchen und Vorbeugung von An\u00e4mie. Unterst\u00fctzung der m\u00fctterlichen Gesundheit in der Phase der Familienplanung und w\u00e4hrend der Schwangerschaft. Tr\u00e4gt&#8230;<\/p>\n","protected":false},"featured_media":9944,"comment_status":"open","ping_status":"closed","template":"","meta":{"rs_blank_template":"","rs_page_bg_color":"","slide_template_v7":"","_bst_post_transparent":"default","_bst_post_title":"","_bst_post_layout":"default","_bst_post_sidebar_id":"","_bst_post_content_style":"default","_bst_post_vertical_padding":"default","_bst_post_feature":"","_bst_post_feature_position":"","_bst_post_header":false,"_bst_post_footer":false},"product_brand":[],"product_cat":[351,217,457,229],"product_tag":[],"product_brands":[],"class_list":{"0":"post-9945","1":"product","2":"type-product","3":"status-publish","4":"has-post-thumbnail","6":"product_cat-medical-forms","7":"product_cat-medicines","8":"product_cat-tablets-capsules","9":"product_cat-vitamins-general-supplements","11":"first","12":"instock","13":"shipping-taxable","14":"purchasable","15":"product-type-simple","16":"entry","17":"content-bg","18":"loop-entry"},"_links":{"self":[{"href":"https:\/\/nawarpharmacy.com\/de\/wp-json\/wp\/v2\/product\/9945","targetHints":{"allow":["GET"]}}],"collection":[{"href":"https:\/\/nawarpharmacy.com\/de\/wp-json\/wp\/v2\/product"}],"about":[{"href":"https:\/\/nawarpharmacy.com\/de\/wp-json\/wp\/v2\/types\/product"}],"replies":[{"embeddable":true,"href":"https:\/\/nawarpharmacy.com\/de\/wp-json\/wp\/v2\/comments?post=9945"}],"wp:featuredmedia":[{"embeddable":true,"href":"https:\/\/nawarpharmacy.com\/de\/wp-json\/wp\/v2\/media\/9944"}],"wp:attachment":[{"href":"https:\/\/nawarpharmacy.com\/de\/wp-json\/wp\/v2\/media?parent=9945"}],"wp:term":[{"taxonomy":"product_brand","embeddable":true,"href":"https:\/\/nawarpharmacy.com\/de\/wp-json\/wp\/v2\/product_brand?post=9945"},{"taxonomy":"product_cat","embeddable":true,"href":"https:\/\/nawarpharmacy.com\/de\/wp-json\/wp\/v2\/product_cat?post=9945"},{"taxonomy":"product_tag","embeddable":true,"href":"https:\/\/nawarpharmacy.com\/de\/wp-json\/wp\/v2\/product_tag?post=9945"},{"taxonomy":"product_brands","embeddable":true,"href":"https:\/\/nawarpharmacy.com\/de\/wp-json\/wp\/v2\/product_brands?post=9945"}],"curies":[{"name":"wp","href":"https:\/\/api.w.org\/{rel}","templated":true}]}}