{"id":9942,"date":"2025-11-22T22:36:12","date_gmt":"2025-11-22T22:36:12","guid":{"rendered":"https:\/\/nawarpharmacy.com\/?post_type=product&#038;p=9942"},"modified":"2026-02-23T17:40:21","modified_gmt":"2026-02-23T17:40:21","slug":"antox-30-tablets","status":"publish","type":"product","link":"https:\/\/nawarpharmacy.com\/de\/produkt\/antox-30-tablets\/","title":{"rendered":"Antox 30 Tabletten"},"content":{"rendered":"<article class=\"text-token-text-primary w-full focus:outline-none [--shadow-height:45px] has-data-writing-block:pointer-events-none has-data-writing-block:-mt-(--shadow-height) has-data-writing-block:pt-(--shadow-height) [&amp;:has([data-writing-block])&gt;*]:pointer-events-auto [content-visibility:auto] supports-[content-visibility:auto]:[contain-intrinsic-size:auto_100lvh] scroll-mt-[calc(var(--header-height)+min(200px,max(70px,20svh)))]\" dir=\"auto\" data-turn-id=\"request-692073f5-3f80-832c-872f-7626d4388ea8-108\" data-testid=\"conversation-turn-234\" data-scroll-anchor=\"true\" data-turn=\"assistant\">\n<div class=\"text-base my-auto mx-auto pb-10 [--thread-content-margin:--spacing(4)] thread-sm:[--thread-content-margin:--spacing(6)] thread-lg:[--thread-content-margin:--spacing(16)] px-(--thread-content-margin)\">\n<div class=\"[--thread-content-max-width:40rem] thread-lg:[--thread-content-max-width:48rem] mx-auto max-w-(--thread-content-max-width) flex-1 group\/turn-messages focus-visible:outline-hidden relative flex w-full min-w-0 flex-col agent-turn\">\n<div class=\"flex max-w-full flex-col grow\">\n<div class=\"min-h-8 text-message relative flex w-full flex-col items-end gap-2 text-start break-words whitespace-normal [.text-message+&amp;]:mt-1\" dir=\"auto\" data-message-author-role=\"assistant\" data-message-id=\"7c27273e-4eb2-4398-bbad-252b513fcdb5\" data-message-model-slug=\"gpt-5-mini\">\n<div class=\"flex w-full flex-col gap-1 empty:hidden first:pt-[1px]\">\n<div class=\"markdown prose dark:prose-invert w-full break-words light markdown-new-styling\">\n<div class=\"flex flex-col text-sm pb-25\">\n<article class=\"text-token-text-primary w-full focus:outline-none [--shadow-height:45px] has-data-writing-block:pointer-events-none has-data-writing-block:-mt-(--shadow-height) has-data-writing-block:pt-(--shadow-height) [&amp;:has([data-writing-block])&gt;*]:pointer-events-auto scroll-mt-[calc(var(--header-height)+min(200px,max(70px,20svh)))]\" dir=\"auto\" tabindex=\"-1\" data-turn-id=\"request-WEB:209e3289-63e4-414b-883e-c54fb0e043f1-26\" data-testid=\"conversation-turn-48\" data-scroll-anchor=\"true\" data-turn=\"assistant\">\n<div class=\"text-base my-auto mx-auto pb-10 [--thread-content-margin:--spacing(4)] @w-sm\/main:[--thread-content-margin:--spacing(6)] @w-lg\/main:[--thread-content-margin:--spacing(16)] px-(--thread-content-margin)\">\n<div class=\"[--thread-content-max-width:40rem] @w-lg\/main:[--thread-content-max-width:48rem] mx-auto max-w-(--thread-content-max-width) flex-1 group\/turn-messages focus-visible:outline-hidden relative flex w-full min-w-0 flex-col agent-turn\" tabindex=\"-1\">\n<div class=\"flex max-w-full flex-col grow\">\n<div class=\"min-h-8 text-message relative flex w-full flex-col items-end gap-2 text-start break-words whitespace-normal [.text-message+&amp;]:mt-1\" dir=\"auto\" data-message-author-role=\"assistant\" data-message-id=\"6d3e9de0-3605-4931-9c78-adaf7cb3626a\" data-message-model-slug=\"gpt-5-2\">\n<div class=\"flex w-full flex-col gap-1 empty:hidden first:pt-[1px]\">\n<div class=\"markdown prose dark:prose-invert w-full wrap-break-word dark markdown-new-styling\">\n<p data-start=\"1352\" data-end=\"1411\"><strong data-start=\"1352\" data-end=\"1375\">Antox 30 Tabletten<\/strong><br data-start=\"1375\" data-end=\"1378\" \/><strong data-start=\"1378\" data-end=\"1399\">Darreichungsform:<\/strong> Tabletten<\/p>\n<p data-start=\"1413\" data-end=\"1554\"><strong data-start=\"1413\" data-end=\"1443\">Wirkstoffe (pro Tablette):<\/strong><br data-start=\"1443\" data-end=\"1446\" \/>Multivitamine und Mineralstoffe (k\u00f6nnen Vitamin A, B-Komplex, C, D, E, Zink, Selen, Eisen usw. enthalten).<\/p>\n<h3 data-start=\"1556\" data-end=\"1592\">Anwendungsgebiete \/ Indikationen<\/h3>\n<ul data-start=\"1593\" data-end=\"1878\">\n<li data-start=\"1593\" data-end=\"1660\">\n<p data-start=\"1595\" data-end=\"1660\">Unterst\u00fctzung der allgemeinen Gesundheit und des Wohlbefindens.<\/p>\n<\/li>\n<li data-start=\"1661\" data-end=\"1733\">\n<p data-start=\"1663\" data-end=\"1733\">Zum Ausgleich ern\u00e4hrungsbedingter Vitamin- und Mineralstoffdefizite.<\/p>\n<\/li>\n<li data-start=\"1734\" data-end=\"1844\">\n<p data-start=\"1736\" data-end=\"1844\">Unterst\u00fctzt die normale Funktion des Immunsystems, den Energiestoffwechsel sowie die allgemeine Vitalit\u00e4t.<\/p>\n<\/li>\n<li data-start=\"1845\" data-end=\"1878\">\n<p data-start=\"1847\" data-end=\"1878\">Bietet antioxidativen Schutz.<\/p>\n<\/li>\n<\/ul>\n<h3 data-start=\"1880\" data-end=\"1905\">Anwendung \/ Dosierung<\/h3>\n<ul data-start=\"1906\" data-end=\"2007\">\n<li data-start=\"1906\" data-end=\"2007\">\n<p data-start=\"1908\" data-end=\"2007\"><strong data-start=\"1908\" data-end=\"1930\">1 Tablette t\u00e4glich<\/strong>, vorzugsweise zu einer Mahlzeit einnehmen, oder nach \u00e4rztlicher Anweisung.<\/p>\n<\/li>\n<\/ul>\n<h3 data-start=\"2009\" data-end=\"2026\">Gegenanzeigen<\/h3>\n<ul data-start=\"2027\" data-end=\"2094\">\n<li data-start=\"2027\" data-end=\"2094\">\n<p data-start=\"2029\" data-end=\"2094\">\u00dcberempfindlichkeit gegen einen der Bestandteile der Tabletten.<\/p>\n<\/li>\n<\/ul>\n<h3 data-start=\"2096\" data-end=\"2133\">Warnhinweise \/ Vorsichtsma\u00dfnahmen<\/h3>\n<ul data-start=\"2134\" data-end=\"2259\">\n<li data-start=\"2134\" data-end=\"2181\">\n<p data-start=\"2136\" data-end=\"2181\">Kein Ersatz f\u00fcr eine ausgewogene Ern\u00e4hrung.<\/p>\n<\/li>\n<li data-start=\"2182\" data-end=\"2259\">\n<p data-start=\"2184\" data-end=\"2259\">Schwangerschaft und Stillzeit: vor der Anwendung \u00e4rztlichen Rat einholen.<\/p>\n<\/li>\n<\/ul>\n<h3 data-start=\"2261\" data-end=\"2279\">Nebenwirkungen<\/h3>\n<ul data-start=\"2280\" data-end=\"2404\">\n<li data-start=\"2280\" data-end=\"2315\">\n<p data-start=\"2282\" data-end=\"2315\">Im Allgemeinen gut vertr\u00e4glich.<\/p>\n<\/li>\n<li data-start=\"2316\" data-end=\"2404\">\n<p data-start=\"2318\" data-end=\"2404\">Selten: leichte gastrointestinale Beschwerden, \u00dcbelkeit oder allergische Reaktionen.<\/p>\n<\/li>\n<\/ul>\n<h3 data-start=\"2406\" data-end=\"2418\">Lagerung<\/h3>\n<ul data-start=\"2419\" data-end=\"2528\" data-is-last-node=\"\" data-is-only-node=\"\">\n<li data-start=\"2419\" data-end=\"2489\">\n<p data-start=\"2421\" data-end=\"2489\">K\u00fchl und trocken lagern, vor direkter Sonneneinstrahlung sch\u00fctzen.<\/p>\n<\/li>\n<li data-start=\"2490\" data-end=\"2528\" data-is-last-node=\"\">\n<p data-start=\"2492\" data-end=\"2528\" data-is-last-node=\"\">F\u00fcr Kinder unzug\u00e4nglich aufbewahren.<\/p>\n<\/li>\n<\/ul>\n<\/div>\n<\/div>\n<\/div>\n<\/div>\n<div class=\"z-0 flex min-h-[46px] justify-start\"><\/div>\n<div class=\"mt-3 w-full empty:hidden\">\n<div class=\"text-center\"><\/div>\n<\/div>\n<\/div>\n<\/div>\n<\/article>\n<\/div>\n<div class=\"pointer-events-none h-px w-px absolute bottom-0\" aria-hidden=\"true\" data-edge=\"true\"><\/div>\n<\/div>\n<\/div>\n<\/div>\n<\/div>\n<\/div>\n<\/div>\n<\/article>\n","protected":false},"excerpt":{"rendered":"<p>Antox 30 TablettenDarreichungsform: Tabletten Wirkstoffe (pro Tablette):Multivitamine und Mineralstoffe (k\u00f6nnen Vitamin A, B-Komplex, C, D, E, Zink, Selen, Eisen usw. enthalten). Anwendungsgebiete \/ Indikationen Unterst\u00fctzung der allgemeinen Gesundheit und des Wohlbefindens. Zum Ausgleich ern\u00e4hrungsbedingter Vitamin- und Mineralstoffdefizite. Unterst\u00fctzt die normale Funktion des Immunsystems, den Energiestoffwechsel sowie die allgemeine Vitalit\u00e4t. Bietet antioxidativen Schutz. Anwendung \/ Dosierung&#8230;<\/p>\n","protected":false},"featured_media":9941,"comment_status":"open","ping_status":"closed","template":"","meta":{"rs_blank_template":"","rs_page_bg_color":"","slide_template_v7":"","_bst_post_transparent":"default","_bst_post_title":"","_bst_post_layout":"default","_bst_post_sidebar_id":"","_bst_post_content_style":"default","_bst_post_vertical_padding":"default","_bst_post_feature":"","_bst_post_feature_position":"","_bst_post_header":false,"_bst_post_footer":false},"product_brand":[],"product_cat":[351,217,457,229],"product_tag":[],"product_brands":[],"class_list":{"0":"post-9942","1":"product","2":"type-product","3":"status-publish","4":"has-post-thumbnail","6":"product_cat-medical-forms","7":"product_cat-medicines","8":"product_cat-tablets-capsules","9":"product_cat-vitamins-general-supplements","11":"first","12":"instock","13":"shipping-taxable","14":"purchasable","15":"product-type-simple","16":"entry","17":"content-bg","18":"loop-entry"},"_links":{"self":[{"href":"https:\/\/nawarpharmacy.com\/de\/wp-json\/wp\/v2\/product\/9942","targetHints":{"allow":["GET"]}}],"collection":[{"href":"https:\/\/nawarpharmacy.com\/de\/wp-json\/wp\/v2\/product"}],"about":[{"href":"https:\/\/nawarpharmacy.com\/de\/wp-json\/wp\/v2\/types\/product"}],"replies":[{"embeddable":true,"href":"https:\/\/nawarpharmacy.com\/de\/wp-json\/wp\/v2\/comments?post=9942"}],"wp:featuredmedia":[{"embeddable":true,"href":"https:\/\/nawarpharmacy.com\/de\/wp-json\/wp\/v2\/media\/9941"}],"wp:attachment":[{"href":"https:\/\/nawarpharmacy.com\/de\/wp-json\/wp\/v2\/media?parent=9942"}],"wp:term":[{"taxonomy":"product_brand","embeddable":true,"href":"https:\/\/nawarpharmacy.com\/de\/wp-json\/wp\/v2\/product_brand?post=9942"},{"taxonomy":"product_cat","embeddable":true,"href":"https:\/\/nawarpharmacy.com\/de\/wp-json\/wp\/v2\/product_cat?post=9942"},{"taxonomy":"product_tag","embeddable":true,"href":"https:\/\/nawarpharmacy.com\/de\/wp-json\/wp\/v2\/product_tag?post=9942"},{"taxonomy":"product_brands","embeddable":true,"href":"https:\/\/nawarpharmacy.com\/de\/wp-json\/wp\/v2\/product_brands?post=9942"}],"curies":[{"name":"wp","href":"https:\/\/api.w.org\/{rel}","templated":true}]}}