{"id":9926,"date":"2025-11-22T22:46:13","date_gmt":"2025-11-22T22:46:13","guid":{"rendered":"https:\/\/nawarpharmacy.com\/?post_type=product&#038;p=9926"},"modified":"2026-02-23T17:37:16","modified_gmt":"2026-02-23T17:37:16","slug":"bone-care-1mcg-30-capsules","status":"publish","type":"product","link":"https:\/\/nawarpharmacy.com\/de\/produkt\/bone-care-1mcg-30-capsules\/","title":{"rendered":"Bone Care 1 mcg 30 Kapseln"},"content":{"rendered":"<article class=\"text-token-text-primary w-full focus:outline-none [--shadow-height:45px] has-data-writing-block:pointer-events-none has-data-writing-block:-mt-(--shadow-height) has-data-writing-block:pt-(--shadow-height) [&amp;:has([data-writing-block])&gt;*]:pointer-events-auto [content-visibility:auto] supports-[content-visibility:auto]:[contain-intrinsic-size:auto_100lvh] scroll-mt-[calc(var(--header-height)+min(200px,max(70px,20svh)))]\" dir=\"auto\" data-turn-id=\"request-692073f5-3f80-832c-872f-7626d4388ea8-105\" data-testid=\"conversation-turn-228\" data-scroll-anchor=\"true\" data-turn=\"assistant\">\n<div class=\"text-base my-auto mx-auto pb-10 [--thread-content-margin:--spacing(4)] thread-sm:[--thread-content-margin:--spacing(6)] thread-lg:[--thread-content-margin:--spacing(16)] px-(--thread-content-margin)\">\n<div class=\"[--thread-content-max-width:40rem] thread-lg:[--thread-content-max-width:48rem] mx-auto max-w-(--thread-content-max-width) flex-1 group\/turn-messages focus-visible:outline-hidden relative flex w-full min-w-0 flex-col agent-turn\">\n<div class=\"flex max-w-full flex-col grow\">\n<div class=\"min-h-8 text-message relative flex w-full flex-col items-end gap-2 text-start break-words whitespace-normal [.text-message+&amp;]:mt-1\" dir=\"auto\" data-message-author-role=\"assistant\" data-message-id=\"369ccc9a-4f3b-4ab8-8444-1c270bd9746e\" data-message-model-slug=\"gpt-5-mini\">\n<div class=\"flex w-full flex-col gap-1 empty:hidden first:pt-[1px]\">\n<div class=\"markdown prose dark:prose-invert w-full break-words light markdown-new-styling\">\n<p data-start=\"1451\" data-end=\"1516\"><strong data-start=\"1451\" data-end=\"1482\">Bone Care 1 mcg 30 Kapseln<\/strong><\/p>\n<p data-start=\"1451\" data-end=\"1516\"><strong data-start=\"1485\" data-end=\"1506\">Darreichungsform:<\/strong> Kapseln<\/p>\n<p data-start=\"1518\" data-end=\"1566\"><strong data-start=\"1518\" data-end=\"1545\">Wirkstoff (pro Kapsel):<\/strong> Alfacalcidol 1 mcg<\/p>\n<h3 data-start=\"1568\" data-end=\"1604\">Anwendungsgebiete \/ Indikationen<\/h3>\n<ul data-start=\"1605\" data-end=\"1883\">\n<li data-start=\"1605\" data-end=\"1669\">\n<p data-start=\"1607\" data-end=\"1669\">Unterst\u00fctzt die Calciumresorption und die Knochengesundheit.<\/p>\n<\/li>\n<li data-start=\"1670\" data-end=\"1738\">\n<p data-start=\"1672\" data-end=\"1738\">Wird zur Behandlung von Osteoporose und Osteomalazie eingesetzt.<\/p>\n<\/li>\n<li data-start=\"1739\" data-end=\"1827\">\n<p data-start=\"1741\" data-end=\"1827\">Hilft, ein normales Calcium- und Phosphatgleichgewicht im K\u00f6rper aufrechtzuerhalten.<\/p>\n<\/li>\n<li data-start=\"1828\" data-end=\"1883\">\n<p data-start=\"1830\" data-end=\"1883\">Unterst\u00fctzt die allgemeine Stabilit\u00e4t des Skeletts.<\/p>\n<\/li>\n<\/ul>\n<h3 data-start=\"1885\" data-end=\"1910\">Anwendung \/ Dosierung<\/h3>\n<ul data-start=\"1911\" data-end=\"2071\">\n<li data-start=\"1911\" data-end=\"2010\">\n<p data-start=\"1913\" data-end=\"2010\"><strong data-start=\"1913\" data-end=\"1933\">1 Kapsel t\u00e4glich<\/strong>, vorzugsweise zu einer Mahlzeit einnehmen, oder nach \u00e4rztlicher Anweisung.<\/p>\n<\/li>\n<li data-start=\"2011\" data-end=\"2071\">\n<p data-start=\"2013\" data-end=\"2071\">Eine Dosisanpassung erfolgt gem\u00e4\u00df \u00e4rztlicher Empfehlung.<\/p>\n<\/li>\n<\/ul>\n<h3 data-start=\"2073\" data-end=\"2090\">Gegenanzeigen<\/h3>\n<ul data-start=\"2091\" data-end=\"2228\">\n<li data-start=\"2091\" data-end=\"2179\">\n<p data-start=\"2093\" data-end=\"2179\">\u00dcberempfindlichkeit gegen Alfacalcidol oder einen sonstigen Bestandteil der Kapseln.<\/p>\n<\/li>\n<li data-start=\"2180\" data-end=\"2228\">\n<p data-start=\"2182\" data-end=\"2228\">Hyperkalz\u00e4mie oder schwere Nierenerkrankung.<\/p>\n<\/li>\n<\/ul>\n<h3 data-start=\"2230\" data-end=\"2267\">Warnhinweise \/ Vorsichtsma\u00dfnahmen<\/h3>\n<ul data-start=\"2268\" data-end=\"2476\">\n<li data-start=\"2268\" data-end=\"2345\">\n<p data-start=\"2270\" data-end=\"2345\">Schwangerschaft und Stillzeit: vor der Anwendung \u00e4rztlichen Rat einholen.<\/p>\n<\/li>\n<li data-start=\"2346\" data-end=\"2428\">\n<p data-start=\"2348\" data-end=\"2428\">Eine regelm\u00e4\u00dfige Kontrolle des Calciumspiegels im Blut kann erforderlich sein.<\/p>\n<\/li>\n<li data-start=\"2429\" data-end=\"2476\">\n<p data-start=\"2431\" data-end=\"2476\">Kein Ersatz f\u00fcr eine ausgewogene Ern\u00e4hrung.<\/p>\n<\/li>\n<\/ul>\n<h3 data-start=\"2478\" data-end=\"2496\">Nebenwirkungen<\/h3>\n<ul data-start=\"2497\" data-end=\"2633\">\n<li data-start=\"2497\" data-end=\"2532\">\n<p data-start=\"2499\" data-end=\"2532\">Im Allgemeinen gut vertr\u00e4glich.<\/p>\n<\/li>\n<li data-start=\"2533\" data-end=\"2597\">\n<p data-start=\"2535\" data-end=\"2597\">M\u00f6glich: leichte Hyperkalz\u00e4mie, \u00dcbelkeit oder Kopfschmerzen.<\/p>\n<\/li>\n<li data-start=\"2598\" data-end=\"2633\">\n<p data-start=\"2600\" data-end=\"2633\">Selten: allergische Reaktionen.<\/p>\n<\/li>\n<\/ul>\n<h3 data-start=\"2635\" data-end=\"2647\">Lagerung<\/h3>\n<ul data-start=\"2648\" data-end=\"2757\" data-is-last-node=\"\" data-is-only-node=\"\">\n<li data-start=\"2648\" data-end=\"2718\">\n<p data-start=\"2650\" data-end=\"2718\">K\u00fchl und trocken lagern, vor direkter Sonneneinstrahlung sch\u00fctzen.<\/p>\n<\/li>\n<li data-start=\"2719\" data-end=\"2757\" data-is-last-node=\"\">\n<p data-start=\"2721\" data-end=\"2757\" data-is-last-node=\"\">F\u00fcr Kinder unzug\u00e4nglich aufbewahren.<\/p>\n<\/li>\n<\/ul>\n<\/div>\n<\/div>\n<\/div>\n<\/div>\n<\/div>\n<\/div>\n<\/article>\n","protected":false},"excerpt":{"rendered":"<p>Bone Care 1 mcg 30 Kapseln Darreichungsform: Kapseln Wirkstoff (pro Kapsel): Alfacalcidol 1 mcg Anwendungsgebiete \/ Indikationen Unterst\u00fctzt die Calciumresorption und die Knochengesundheit. Wird zur Behandlung von Osteoporose und Osteomalazie eingesetzt. Hilft, ein normales Calcium- und Phosphatgleichgewicht im K\u00f6rper aufrechtzuerhalten. Unterst\u00fctzt die allgemeine Stabilit\u00e4t des Skeletts. Anwendung \/ Dosierung 1 Kapsel t\u00e4glich, vorzugsweise zu einer&#8230;<\/p>\n","protected":false},"featured_media":9925,"comment_status":"open","ping_status":"closed","template":"","meta":{"rs_blank_template":"","rs_page_bg_color":"","slide_template_v7":"","_bst_post_transparent":"default","_bst_post_title":"","_bst_post_layout":"default","_bst_post_sidebar_id":"","_bst_post_content_style":"default","_bst_post_vertical_padding":"default","_bst_post_feature":"","_bst_post_feature_position":"","_bst_post_header":false,"_bst_post_footer":false},"product_brand":[],"product_cat":[351,239,217,457,229],"product_tag":[],"product_brands":[],"class_list":{"0":"post-9926","1":"product","2":"type-product","3":"status-publish","4":"has-post-thumbnail","6":"product_cat-medical-forms","7":"product_cat-bone-joint-health","8":"product_cat-medicines","9":"product_cat-tablets-capsules","10":"product_cat-vitamins-general-supplements","12":"first","13":"instock","14":"shipping-taxable","15":"purchasable","16":"product-type-simple","17":"entry","18":"content-bg","19":"loop-entry"},"_links":{"self":[{"href":"https:\/\/nawarpharmacy.com\/de\/wp-json\/wp\/v2\/product\/9926","targetHints":{"allow":["GET"]}}],"collection":[{"href":"https:\/\/nawarpharmacy.com\/de\/wp-json\/wp\/v2\/product"}],"about":[{"href":"https:\/\/nawarpharmacy.com\/de\/wp-json\/wp\/v2\/types\/product"}],"replies":[{"embeddable":true,"href":"https:\/\/nawarpharmacy.com\/de\/wp-json\/wp\/v2\/comments?post=9926"}],"wp:featuredmedia":[{"embeddable":true,"href":"https:\/\/nawarpharmacy.com\/de\/wp-json\/wp\/v2\/media\/9925"}],"wp:attachment":[{"href":"https:\/\/nawarpharmacy.com\/de\/wp-json\/wp\/v2\/media?parent=9926"}],"wp:term":[{"taxonomy":"product_brand","embeddable":true,"href":"https:\/\/nawarpharmacy.com\/de\/wp-json\/wp\/v2\/product_brand?post=9926"},{"taxonomy":"product_cat","embeddable":true,"href":"https:\/\/nawarpharmacy.com\/de\/wp-json\/wp\/v2\/product_cat?post=9926"},{"taxonomy":"product_tag","embeddable":true,"href":"https:\/\/nawarpharmacy.com\/de\/wp-json\/wp\/v2\/product_tag?post=9926"},{"taxonomy":"product_brands","embeddable":true,"href":"https:\/\/nawarpharmacy.com\/de\/wp-json\/wp\/v2\/product_brands?post=9926"}],"curies":[{"name":"wp","href":"https:\/\/api.w.org\/{rel}","templated":true}]}}