{"id":9922,"date":"2025-11-22T22:47:03","date_gmt":"2025-11-22T22:47:03","guid":{"rendered":"https:\/\/nawarpharmacy.com\/?post_type=product&#038;p=9922"},"modified":"2026-02-23T17:35:33","modified_gmt":"2026-02-23T17:35:33","slug":"bone-care-0-5mcg-30-capsules","status":"publish","type":"product","link":"https:\/\/nawarpharmacy.com\/de\/produkt\/bone-care-0-5mcg-30-capsules\/","title":{"rendered":"Bone Care 0.5 mcg 30 Kapseln"},"content":{"rendered":"<article class=\"text-token-text-primary w-full focus:outline-none [--shadow-height:45px] has-data-writing-block:pointer-events-none has-data-writing-block:-mt-(--shadow-height) has-data-writing-block:pt-(--shadow-height) [&amp;:has([data-writing-block])&gt;*]:pointer-events-auto [content-visibility:auto] supports-[content-visibility:auto]:[contain-intrinsic-size:auto_100lvh] scroll-mt-[calc(var(--header-height)+min(200px,max(70px,20svh)))]\" dir=\"auto\" data-turn-id=\"request-692073f5-3f80-832c-872f-7626d4388ea8-104\" data-testid=\"conversation-turn-226\" data-scroll-anchor=\"true\" data-turn=\"assistant\">\n<div class=\"text-base my-auto mx-auto pb-10 [--thread-content-margin:--spacing(4)] thread-sm:[--thread-content-margin:--spacing(6)] thread-lg:[--thread-content-margin:--spacing(16)] px-(--thread-content-margin)\">\n<div class=\"[--thread-content-max-width:40rem] thread-lg:[--thread-content-max-width:48rem] mx-auto max-w-(--thread-content-max-width) flex-1 group\/turn-messages focus-visible:outline-hidden relative flex w-full min-w-0 flex-col agent-turn\">\n<div class=\"flex max-w-full flex-col grow\">\n<div class=\"min-h-8 text-message relative flex w-full flex-col items-end gap-2 text-start break-words whitespace-normal [.text-message+&amp;]:mt-1\" dir=\"auto\" data-message-author-role=\"assistant\" data-message-id=\"f8889e79-ccc6-42da-bb5d-b5440a968e15\" data-message-model-slug=\"gpt-5-mini\">\n<div class=\"flex w-full flex-col gap-1 empty:hidden first:pt-[1px]\">\n<div class=\"markdown prose dark:prose-invert w-full break-words light markdown-new-styling\">\n<p data-start=\"1455\" data-end=\"1522\"><strong data-start=\"1455\" data-end=\"1488\">Bone Care 0.5 mcg 30 Kapseln<\/strong><\/p>\n<p data-start=\"1455\" data-end=\"1522\"><strong data-start=\"1491\" data-end=\"1512\">Darreichungsform:<\/strong> Kapseln<\/p>\n<p data-start=\"1524\" data-end=\"1574\"><strong data-start=\"1524\" data-end=\"1551\">Wirkstoff (pro Kapsel):<\/strong> Alfacalcidol 0.5 mcg<\/p>\n<h3 data-start=\"1576\" data-end=\"1612\">Anwendungsgebiete \/ Indikationen<\/h3>\n<ul data-start=\"1613\" data-end=\"1891\">\n<li data-start=\"1613\" data-end=\"1677\">\n<p data-start=\"1615\" data-end=\"1677\">Unterst\u00fctzt die Calciumresorption und die Knochengesundheit.<\/p>\n<\/li>\n<li data-start=\"1678\" data-end=\"1746\">\n<p data-start=\"1680\" data-end=\"1746\">Wird zur Behandlung von Osteoporose und Osteomalazie eingesetzt.<\/p>\n<\/li>\n<li data-start=\"1747\" data-end=\"1835\">\n<p data-start=\"1749\" data-end=\"1835\">Hilft, ein normales Calcium- und Phosphatgleichgewicht im K\u00f6rper aufrechtzuerhalten.<\/p>\n<\/li>\n<li data-start=\"1836\" data-end=\"1891\">\n<p data-start=\"1838\" data-end=\"1891\">Unterst\u00fctzt die allgemeine Stabilit\u00e4t des Skeletts.<\/p>\n<\/li>\n<\/ul>\n<h3 data-start=\"1893\" data-end=\"1918\">Anwendung \/ Dosierung<\/h3>\n<ul data-start=\"1919\" data-end=\"2079\">\n<li data-start=\"1919\" data-end=\"2018\">\n<p data-start=\"1921\" data-end=\"2018\"><strong data-start=\"1921\" data-end=\"1941\">1 Kapsel t\u00e4glich<\/strong>, vorzugsweise zu einer Mahlzeit einnehmen, oder nach \u00e4rztlicher Anweisung.<\/p>\n<\/li>\n<li data-start=\"2019\" data-end=\"2079\">\n<p data-start=\"2021\" data-end=\"2079\">Eine Dosisanpassung erfolgt gem\u00e4\u00df \u00e4rztlicher Empfehlung.<\/p>\n<\/li>\n<\/ul>\n<h3 data-start=\"2081\" data-end=\"2098\">Gegenanzeigen<\/h3>\n<ul data-start=\"2099\" data-end=\"2236\">\n<li data-start=\"2099\" data-end=\"2187\">\n<p data-start=\"2101\" data-end=\"2187\">\u00dcberempfindlichkeit gegen Alfacalcidol oder einen sonstigen Bestandteil der Kapseln.<\/p>\n<\/li>\n<li data-start=\"2188\" data-end=\"2236\">\n<p data-start=\"2190\" data-end=\"2236\">Hyperkalz\u00e4mie oder schwere Nierenerkrankung.<\/p>\n<\/li>\n<\/ul>\n<h3 data-start=\"2238\" data-end=\"2275\">Warnhinweise \/ Vorsichtsma\u00dfnahmen<\/h3>\n<ul data-start=\"2276\" data-end=\"2484\">\n<li data-start=\"2276\" data-end=\"2353\">\n<p data-start=\"2278\" data-end=\"2353\">Schwangerschaft und Stillzeit: vor der Anwendung \u00e4rztlichen Rat einholen.<\/p>\n<\/li>\n<li data-start=\"2354\" data-end=\"2436\">\n<p data-start=\"2356\" data-end=\"2436\">Eine regelm\u00e4\u00dfige Kontrolle des Calciumspiegels im Blut kann erforderlich sein.<\/p>\n<\/li>\n<li data-start=\"2437\" data-end=\"2484\">\n<p data-start=\"2439\" data-end=\"2484\">Kein Ersatz f\u00fcr eine ausgewogene Ern\u00e4hrung.<\/p>\n<\/li>\n<\/ul>\n<h3 data-start=\"2486\" data-end=\"2504\">Nebenwirkungen<\/h3>\n<ul data-start=\"2505\" data-end=\"2641\">\n<li data-start=\"2505\" data-end=\"2540\">\n<p data-start=\"2507\" data-end=\"2540\">Im Allgemeinen gut vertr\u00e4glich.<\/p>\n<\/li>\n<li data-start=\"2541\" data-end=\"2605\">\n<p data-start=\"2543\" data-end=\"2605\">M\u00f6glich: leichte Hyperkalz\u00e4mie, \u00dcbelkeit oder Kopfschmerzen.<\/p>\n<\/li>\n<li data-start=\"2606\" data-end=\"2641\">\n<p data-start=\"2608\" data-end=\"2641\">Selten: allergische Reaktionen.<\/p>\n<\/li>\n<\/ul>\n<h3 data-start=\"2643\" data-end=\"2655\">Lagerung<\/h3>\n<ul data-start=\"2656\" data-end=\"2765\" data-is-last-node=\"\" data-is-only-node=\"\">\n<li data-start=\"2656\" data-end=\"2726\">\n<p data-start=\"2658\" data-end=\"2726\">K\u00fchl und trocken lagern, vor direkter Sonneneinstrahlung sch\u00fctzen.<\/p>\n<\/li>\n<li data-start=\"2727\" data-end=\"2765\" data-is-last-node=\"\">\n<p data-start=\"2729\" data-end=\"2765\" data-is-last-node=\"\">F\u00fcr Kinder unzug\u00e4nglich aufbewahren.<\/p>\n<\/li>\n<\/ul>\n<\/div>\n<\/div>\n<\/div>\n<\/div>\n<\/div>\n<\/div>\n<\/article>\n","protected":false},"excerpt":{"rendered":"<p>Bone Care 0.5 mcg 30 Kapseln Darreichungsform: Kapseln Wirkstoff (pro Kapsel): Alfacalcidol 0.5 mcg Anwendungsgebiete \/ Indikationen Unterst\u00fctzt die Calciumresorption und die Knochengesundheit. Wird zur Behandlung von Osteoporose und Osteomalazie eingesetzt. Hilft, ein normales Calcium- und Phosphatgleichgewicht im K\u00f6rper aufrechtzuerhalten. Unterst\u00fctzt die allgemeine Stabilit\u00e4t des Skeletts. Anwendung \/ Dosierung 1 Kapsel t\u00e4glich, vorzugsweise zu einer&#8230;<\/p>\n","protected":false},"featured_media":9921,"comment_status":"open","ping_status":"closed","template":"","meta":{"rs_blank_template":"","rs_page_bg_color":"","slide_template_v7":"","_bst_post_transparent":"default","_bst_post_title":"","_bst_post_layout":"default","_bst_post_sidebar_id":"","_bst_post_content_style":"default","_bst_post_vertical_padding":"default","_bst_post_feature":"","_bst_post_feature_position":"","_bst_post_header":false,"_bst_post_footer":false},"product_brand":[],"product_cat":[351,239,217,457,229],"product_tag":[],"product_brands":[],"class_list":{"0":"post-9922","1":"product","2":"type-product","3":"status-publish","4":"has-post-thumbnail","6":"product_cat-medical-forms","7":"product_cat-bone-joint-health","8":"product_cat-medicines","9":"product_cat-tablets-capsules","10":"product_cat-vitamins-general-supplements","12":"first","13":"instock","14":"shipping-taxable","15":"purchasable","16":"product-type-simple","17":"entry","18":"content-bg","19":"loop-entry"},"_links":{"self":[{"href":"https:\/\/nawarpharmacy.com\/de\/wp-json\/wp\/v2\/product\/9922","targetHints":{"allow":["GET"]}}],"collection":[{"href":"https:\/\/nawarpharmacy.com\/de\/wp-json\/wp\/v2\/product"}],"about":[{"href":"https:\/\/nawarpharmacy.com\/de\/wp-json\/wp\/v2\/types\/product"}],"replies":[{"embeddable":true,"href":"https:\/\/nawarpharmacy.com\/de\/wp-json\/wp\/v2\/comments?post=9922"}],"wp:featuredmedia":[{"embeddable":true,"href":"https:\/\/nawarpharmacy.com\/de\/wp-json\/wp\/v2\/media\/9921"}],"wp:attachment":[{"href":"https:\/\/nawarpharmacy.com\/de\/wp-json\/wp\/v2\/media?parent=9922"}],"wp:term":[{"taxonomy":"product_brand","embeddable":true,"href":"https:\/\/nawarpharmacy.com\/de\/wp-json\/wp\/v2\/product_brand?post=9922"},{"taxonomy":"product_cat","embeddable":true,"href":"https:\/\/nawarpharmacy.com\/de\/wp-json\/wp\/v2\/product_cat?post=9922"},{"taxonomy":"product_tag","embeddable":true,"href":"https:\/\/nawarpharmacy.com\/de\/wp-json\/wp\/v2\/product_tag?post=9922"},{"taxonomy":"product_brands","embeddable":true,"href":"https:\/\/nawarpharmacy.com\/de\/wp-json\/wp\/v2\/product_brands?post=9922"}],"curies":[{"name":"wp","href":"https:\/\/api.w.org\/{rel}","templated":true}]}}