{"id":9912,"date":"2025-11-22T22:48:41","date_gmt":"2025-11-22T22:48:41","guid":{"rendered":"https:\/\/nawarpharmacy.com\/?post_type=product&#038;p=9912"},"modified":"2026-02-23T17:33:22","modified_gmt":"2026-02-23T17:33:22","slug":"bon-one-0-5mcg-30-tablets","status":"publish","type":"product","link":"https:\/\/nawarpharmacy.com\/de\/produkt\/bon-one-0-5mcg-30-tablets\/","title":{"rendered":"Bon-One 0.5 mcg 30 Tabletten"},"content":{"rendered":"<article class=\"text-token-text-primary w-full focus:outline-none [--shadow-height:45px] has-data-writing-block:pointer-events-none has-data-writing-block:-mt-(--shadow-height) has-data-writing-block:pt-(--shadow-height) [&amp;:has([data-writing-block])&gt;*]:pointer-events-auto [content-visibility:auto] supports-[content-visibility:auto]:[contain-intrinsic-size:auto_100lvh] scroll-mt-[calc(var(--header-height)+min(200px,max(70px,20svh)))]\" dir=\"auto\" data-turn-id=\"request-692073f5-3f80-832c-872f-7626d4388ea8-102\" data-testid=\"conversation-turn-222\" data-scroll-anchor=\"true\" data-turn=\"assistant\">\n<div class=\"text-base my-auto mx-auto pb-10 [--thread-content-margin:--spacing(4)] thread-sm:[--thread-content-margin:--spacing(6)] thread-lg:[--thread-content-margin:--spacing(16)] px-(--thread-content-margin)\">\n<div class=\"[--thread-content-max-width:40rem] thread-lg:[--thread-content-max-width:48rem] mx-auto max-w-(--thread-content-max-width) flex-1 group\/turn-messages focus-visible:outline-hidden relative flex w-full min-w-0 flex-col agent-turn\">\n<div class=\"flex max-w-full flex-col grow\">\n<div class=\"min-h-8 text-message relative flex w-full flex-col items-end gap-2 text-start break-words whitespace-normal [.text-message+&amp;]:mt-1\" dir=\"auto\" data-message-author-role=\"assistant\" data-message-id=\"e2f051b6-c4af-4e3d-b71d-d7870abdf4fa\" data-message-model-slug=\"gpt-5-mini\">\n<div class=\"flex w-full flex-col gap-1 empty:hidden first:pt-[1px]\">\n<div class=\"markdown prose dark:prose-invert w-full break-words light markdown-new-styling\">\n<p data-start=\"1462\" data-end=\"1531\"><strong data-start=\"1462\" data-end=\"1495\">Bon-One 0.5 mcg 30 Tabletten<\/strong><\/p>\n<p data-start=\"1462\" data-end=\"1531\"><strong data-start=\"1498\" data-end=\"1519\">Darreichungsform:<\/strong> Tabletten<\/p>\n<p data-start=\"1533\" data-end=\"1585\"><strong data-start=\"1533\" data-end=\"1562\">Wirkstoff (pro Tablette):<\/strong> Alfacalcidol 0.5 mcg<\/p>\n<h3 data-start=\"1587\" data-end=\"1623\">Anwendungsgebiete \/ Indikationen<\/h3>\n<ul data-start=\"1624\" data-end=\"1902\">\n<li data-start=\"1624\" data-end=\"1688\">\n<p data-start=\"1626\" data-end=\"1688\">Unterst\u00fctzt die Calciumresorption und die Knochengesundheit.<\/p>\n<\/li>\n<li data-start=\"1689\" data-end=\"1757\">\n<p data-start=\"1691\" data-end=\"1757\">Wird zur Behandlung von Osteoporose und Osteomalazie eingesetzt.<\/p>\n<\/li>\n<li data-start=\"1758\" data-end=\"1846\">\n<p data-start=\"1760\" data-end=\"1846\">Hilft, ein normales Calcium- und Phosphatgleichgewicht im K\u00f6rper aufrechtzuerhalten.<\/p>\n<\/li>\n<li data-start=\"1847\" data-end=\"1902\">\n<p data-start=\"1849\" data-end=\"1902\">Unterst\u00fctzt die allgemeine Stabilit\u00e4t des Skeletts.<\/p>\n<\/li>\n<\/ul>\n<h3 data-start=\"1904\" data-end=\"1929\">Anwendung \/ Dosierung<\/h3>\n<ul data-start=\"1930\" data-end=\"2092\">\n<li data-start=\"1930\" data-end=\"2031\">\n<p data-start=\"1932\" data-end=\"2031\"><strong data-start=\"1932\" data-end=\"1954\">1 Tablette t\u00e4glich<\/strong>, vorzugsweise zu einer Mahlzeit einnehmen, oder nach \u00e4rztlicher Anweisung.<\/p>\n<\/li>\n<li data-start=\"2032\" data-end=\"2092\">\n<p data-start=\"2034\" data-end=\"2092\">Eine Dosisanpassung erfolgt gem\u00e4\u00df \u00e4rztlicher Empfehlung.<\/p>\n<\/li>\n<\/ul>\n<h3 data-start=\"2094\" data-end=\"2111\">Gegenanzeigen<\/h3>\n<ul data-start=\"2112\" data-end=\"2251\">\n<li data-start=\"2112\" data-end=\"2202\">\n<p data-start=\"2114\" data-end=\"2202\">\u00dcberempfindlichkeit gegen Alfacalcidol oder einen sonstigen Bestandteil der Tabletten.<\/p>\n<\/li>\n<li data-start=\"2203\" data-end=\"2251\">\n<p data-start=\"2205\" data-end=\"2251\">Hyperkalz\u00e4mie oder schwere Nierenerkrankung.<\/p>\n<\/li>\n<\/ul>\n<h3 data-start=\"2253\" data-end=\"2290\">Warnhinweise \/ Vorsichtsma\u00dfnahmen<\/h3>\n<ul data-start=\"2291\" data-end=\"2499\">\n<li data-start=\"2291\" data-end=\"2368\">\n<p data-start=\"2293\" data-end=\"2368\">Schwangerschaft und Stillzeit: vor der Anwendung \u00e4rztlichen Rat einholen.<\/p>\n<\/li>\n<li data-start=\"2369\" data-end=\"2451\">\n<p data-start=\"2371\" data-end=\"2451\">Eine regelm\u00e4\u00dfige Kontrolle des Calciumspiegels im Blut kann erforderlich sein.<\/p>\n<\/li>\n<li data-start=\"2452\" data-end=\"2499\">\n<p data-start=\"2454\" data-end=\"2499\">Kein Ersatz f\u00fcr eine ausgewogene Ern\u00e4hrung.<\/p>\n<\/li>\n<\/ul>\n<h3 data-start=\"2501\" data-end=\"2519\">Nebenwirkungen<\/h3>\n<ul data-start=\"2520\" data-end=\"2656\">\n<li data-start=\"2520\" data-end=\"2555\">\n<p data-start=\"2522\" data-end=\"2555\">Im Allgemeinen gut vertr\u00e4glich.<\/p>\n<\/li>\n<li data-start=\"2556\" data-end=\"2620\">\n<p data-start=\"2558\" data-end=\"2620\">M\u00f6glich: leichte Hyperkalz\u00e4mie, \u00dcbelkeit oder Kopfschmerzen.<\/p>\n<\/li>\n<li data-start=\"2621\" data-end=\"2656\">\n<p data-start=\"2623\" data-end=\"2656\">Selten: allergische Reaktionen.<\/p>\n<\/li>\n<\/ul>\n<h3 data-start=\"2658\" data-end=\"2670\">Lagerung<\/h3>\n<ul data-start=\"2671\" data-end=\"2780\" data-is-last-node=\"\" data-is-only-node=\"\">\n<li data-start=\"2671\" data-end=\"2741\">\n<p data-start=\"2673\" data-end=\"2741\">K\u00fchl und trocken lagern, vor direkter Sonneneinstrahlung sch\u00fctzen.<\/p>\n<\/li>\n<li data-start=\"2742\" data-end=\"2780\" data-is-last-node=\"\">\n<p data-start=\"2744\" data-end=\"2780\" data-is-last-node=\"\">F\u00fcr Kinder unzug\u00e4nglich aufbewahren.<\/p>\n<\/li>\n<\/ul>\n<\/div>\n<\/div>\n<\/div>\n<\/div>\n<\/div>\n<\/div>\n<\/article>\n","protected":false},"excerpt":{"rendered":"<p>Bon-One 0.5 mcg 30 Tabletten Darreichungsform: Tabletten Wirkstoff (pro Tablette): Alfacalcidol 0.5 mcg Anwendungsgebiete \/ Indikationen Unterst\u00fctzt die Calciumresorption und die Knochengesundheit. Wird zur Behandlung von Osteoporose und Osteomalazie eingesetzt. Hilft, ein normales Calcium- und Phosphatgleichgewicht im K\u00f6rper aufrechtzuerhalten. Unterst\u00fctzt die allgemeine Stabilit\u00e4t des Skeletts. Anwendung \/ Dosierung 1 Tablette t\u00e4glich, vorzugsweise zu einer Mahlzeit&#8230;<\/p>\n","protected":false},"featured_media":9911,"comment_status":"open","ping_status":"closed","template":"","meta":{"rs_blank_template":"","rs_page_bg_color":"","slide_template_v7":"","_bst_post_transparent":"default","_bst_post_title":"","_bst_post_layout":"default","_bst_post_sidebar_id":"","_bst_post_content_style":"default","_bst_post_vertical_padding":"default","_bst_post_feature":"","_bst_post_feature_position":"","_bst_post_header":false,"_bst_post_footer":false},"product_brand":[],"product_cat":[351,239,217,457,229],"product_tag":[],"product_brands":[],"class_list":{"0":"post-9912","1":"product","2":"type-product","3":"status-publish","4":"has-post-thumbnail","6":"product_cat-medical-forms","7":"product_cat-bone-joint-health","8":"product_cat-medicines","9":"product_cat-tablets-capsules","10":"product_cat-vitamins-general-supplements","12":"first","13":"instock","14":"shipping-taxable","15":"purchasable","16":"product-type-simple","17":"entry","18":"content-bg","19":"loop-entry"},"_links":{"self":[{"href":"https:\/\/nawarpharmacy.com\/de\/wp-json\/wp\/v2\/product\/9912","targetHints":{"allow":["GET"]}}],"collection":[{"href":"https:\/\/nawarpharmacy.com\/de\/wp-json\/wp\/v2\/product"}],"about":[{"href":"https:\/\/nawarpharmacy.com\/de\/wp-json\/wp\/v2\/types\/product"}],"replies":[{"embeddable":true,"href":"https:\/\/nawarpharmacy.com\/de\/wp-json\/wp\/v2\/comments?post=9912"}],"wp:featuredmedia":[{"embeddable":true,"href":"https:\/\/nawarpharmacy.com\/de\/wp-json\/wp\/v2\/media\/9911"}],"wp:attachment":[{"href":"https:\/\/nawarpharmacy.com\/de\/wp-json\/wp\/v2\/media?parent=9912"}],"wp:term":[{"taxonomy":"product_brand","embeddable":true,"href":"https:\/\/nawarpharmacy.com\/de\/wp-json\/wp\/v2\/product_brand?post=9912"},{"taxonomy":"product_cat","embeddable":true,"href":"https:\/\/nawarpharmacy.com\/de\/wp-json\/wp\/v2\/product_cat?post=9912"},{"taxonomy":"product_tag","embeddable":true,"href":"https:\/\/nawarpharmacy.com\/de\/wp-json\/wp\/v2\/product_tag?post=9912"},{"taxonomy":"product_brands","embeddable":true,"href":"https:\/\/nawarpharmacy.com\/de\/wp-json\/wp\/v2\/product_brands?post=9912"}],"curies":[{"name":"wp","href":"https:\/\/api.w.org\/{rel}","templated":true}]}}