{"id":9899,"date":"2025-11-22T22:51:07","date_gmt":"2025-11-22T22:51:07","guid":{"rendered":"https:\/\/nawarpharmacy.com\/?post_type=product&#038;p=9899"},"modified":"2026-02-23T15:48:47","modified_gmt":"2026-02-23T15:48:47","slug":"beta-carotene-forte-15mg-20-capsules","status":"publish","type":"product","link":"https:\/\/nawarpharmacy.com\/de\/produkt\/beta-carotene-forte-15mg-20-capsules\/","title":{"rendered":"Beta Carotene Forte 15mg 20 Kapseln"},"content":{"rendered":"<article class=\"text-token-text-primary w-full focus:outline-none [--shadow-height:45px] has-data-writing-block:pointer-events-none has-data-writing-block:-mt-(--shadow-height) has-data-writing-block:pt-(--shadow-height) [&amp;:has([data-writing-block])&gt;*]:pointer-events-auto [content-visibility:auto] supports-[content-visibility:auto]:[contain-intrinsic-size:auto_100lvh] scroll-mt-[calc(var(--header-height)+min(200px,max(70px,20svh)))]\" dir=\"auto\" data-turn-id=\"request-692073f5-3f80-832c-872f-7626d4388ea8-99\" data-testid=\"conversation-turn-216\" data-scroll-anchor=\"true\" data-turn=\"assistant\">\n<div class=\"text-base my-auto mx-auto pb-10 [--thread-content-margin:--spacing(4)] thread-sm:[--thread-content-margin:--spacing(6)] thread-lg:[--thread-content-margin:--spacing(16)] px-(--thread-content-margin)\">\n<div class=\"[--thread-content-max-width:40rem] thread-lg:[--thread-content-max-width:48rem] mx-auto max-w-(--thread-content-max-width) flex-1 group\/turn-messages focus-visible:outline-hidden relative flex w-full min-w-0 flex-col agent-turn\">\n<div class=\"flex max-w-full flex-col grow\">\n<div class=\"min-h-8 text-message relative flex w-full flex-col items-end gap-2 text-start break-words whitespace-normal [.text-message+&amp;]:mt-1\" dir=\"auto\" data-message-author-role=\"assistant\" data-message-id=\"a6935f1a-38c3-4f8a-b99e-a06e037803ba\" data-message-model-slug=\"gpt-5-mini\">\n<div class=\"flex w-full flex-col gap-1 empty:hidden first:pt-[1px]\">\n<div class=\"markdown prose dark:prose-invert w-full break-words light markdown-new-styling\">\n<p data-start=\"1376\" data-end=\"1451\"><strong data-start=\"1376\" data-end=\"1417\">Beta Carotene Forte 15mg 20 Kapseln<\/strong><\/p>\n<p data-start=\"1376\" data-end=\"1451\"><strong data-start=\"1420\" data-end=\"1441\">Darreichungsform:<\/strong> Kapseln<\/p>\n<p data-start=\"1453\" data-end=\"1501\"><strong data-start=\"1453\" data-end=\"1480\">Wirkstoff (pro Kapsel):<\/strong> Beta-Carotin 15 mg<\/p>\n<h3 data-start=\"1503\" data-end=\"1539\">Anwendungsgebiete \/ Indikationen<\/h3>\n<ul data-start=\"1540\" data-end=\"1819\">\n<li data-start=\"1540\" data-end=\"1595\">\n<p data-start=\"1542\" data-end=\"1595\">Unterst\u00fctzung der Augengesundheit und der Sehkraft.<\/p>\n<\/li>\n<li data-start=\"1596\" data-end=\"1671\">\n<p data-start=\"1598\" data-end=\"1671\">Wirkt als starkes Antioxidans und sch\u00fctzt Zellen vor oxidativem Stress.<\/p>\n<\/li>\n<li data-start=\"1672\" data-end=\"1751\">\n<p data-start=\"1674\" data-end=\"1751\">Unterst\u00fctzt die Hautgesundheit sowie die normale Funktion des Immunsystems.<\/p>\n<\/li>\n<li data-start=\"1752\" data-end=\"1819\">\n<p data-start=\"1754\" data-end=\"1819\">Tr\u00e4gt zur bedarfsgerechten Bildung von Vitamin A im K\u00f6rper bei.<\/p>\n<\/li>\n<\/ul>\n<h3 data-start=\"1821\" data-end=\"1846\">Anwendung \/ Dosierung<\/h3>\n<ul data-start=\"1847\" data-end=\"1959\">\n<li data-start=\"1847\" data-end=\"1959\">\n<p data-start=\"1849\" data-end=\"1959\"><strong data-start=\"1849\" data-end=\"1869\">1 Kapsel t\u00e4glich<\/strong>, vorzugsweise zu einer fetthaltigen Mahlzeit einnehmen, oder nach \u00e4rztlicher Anweisung.<\/p>\n<\/li>\n<\/ul>\n<h3 data-start=\"1961\" data-end=\"1978\">Gegenanzeigen<\/h3>\n<ul data-start=\"1979\" data-end=\"2121\">\n<li data-start=\"1979\" data-end=\"2067\">\n<p data-start=\"1981\" data-end=\"2067\">\u00dcberempfindlichkeit gegen Beta-Carotin oder einen sonstigen Bestandteil der Kapseln.<\/p>\n<\/li>\n<li data-start=\"2068\" data-end=\"2121\">\n<p data-start=\"2070\" data-end=\"2121\">In hohen Dosierungen f\u00fcr Raucher nicht empfohlen.<\/p>\n<\/li>\n<\/ul>\n<h3 data-start=\"2123\" data-end=\"2160\">Warnhinweise \/ Vorsichtsma\u00dfnahmen<\/h3>\n<ul data-start=\"2161\" data-end=\"2286\">\n<li data-start=\"2161\" data-end=\"2238\">\n<p data-start=\"2163\" data-end=\"2238\">Schwangerschaft und Stillzeit: vor der Anwendung \u00e4rztlichen Rat einholen.<\/p>\n<\/li>\n<li data-start=\"2239\" data-end=\"2286\">\n<p data-start=\"2241\" data-end=\"2286\">Kein Ersatz f\u00fcr eine ausgewogene Ern\u00e4hrung.<\/p>\n<\/li>\n<\/ul>\n<h3 data-start=\"2288\" data-end=\"2306\">Nebenwirkungen<\/h3>\n<ul data-start=\"2307\" data-end=\"2441\">\n<li data-start=\"2307\" data-end=\"2342\">\n<p data-start=\"2309\" data-end=\"2342\">Im Allgemeinen gut vertr\u00e4glich.<\/p>\n<\/li>\n<li data-start=\"2343\" data-end=\"2441\">\n<p data-start=\"2345\" data-end=\"2441\">Selten: leichte gastrointestinale Beschwerden oder Gelbf\u00e4rbung der Haut bei hohen Dosierungen.<\/p>\n<\/li>\n<\/ul>\n<h3 data-start=\"2443\" data-end=\"2455\">Lagerung<\/h3>\n<ul data-start=\"2456\" data-end=\"2565\" data-is-last-node=\"\" data-is-only-node=\"\">\n<li data-start=\"2456\" data-end=\"2526\">\n<p data-start=\"2458\" data-end=\"2526\">K\u00fchl und trocken lagern, vor direkter Sonneneinstrahlung sch\u00fctzen.<\/p>\n<\/li>\n<li data-start=\"2527\" data-end=\"2565\" data-is-last-node=\"\">\n<p data-start=\"2529\" data-end=\"2565\" data-is-last-node=\"\">F\u00fcr Kinder unzug\u00e4nglich aufbewahren.<\/p>\n<\/li>\n<\/ul>\n<\/div>\n<\/div>\n<\/div>\n<\/div>\n<\/div>\n<\/div>\n<\/article>\n","protected":false},"excerpt":{"rendered":"<p>Beta Carotene Forte 15mg 20 Kapseln Darreichungsform: Kapseln Wirkstoff (pro Kapsel): Beta-Carotin 15 mg Anwendungsgebiete \/ Indikationen Unterst\u00fctzung der Augengesundheit und der Sehkraft. Wirkt als starkes Antioxidans und sch\u00fctzt Zellen vor oxidativem Stress. Unterst\u00fctzt die Hautgesundheit sowie die normale Funktion des Immunsystems. Tr\u00e4gt zur bedarfsgerechten Bildung von Vitamin A im K\u00f6rper bei. Anwendung \/ Dosierung&#8230;<\/p>\n","protected":false},"featured_media":9898,"comment_status":"open","ping_status":"closed","template":"","meta":{"rs_blank_template":"","rs_page_bg_color":"","slide_template_v7":"","_bst_post_transparent":"default","_bst_post_title":"","_bst_post_layout":"default","_bst_post_sidebar_id":"","_bst_post_content_style":"default","_bst_post_vertical_padding":"default","_bst_post_feature":"","_bst_post_feature_position":"","_bst_post_header":false,"_bst_post_footer":false},"product_brand":[],"product_cat":[351,217,457,229],"product_tag":[],"product_brands":[],"class_list":{"0":"post-9899","1":"product","2":"type-product","3":"status-publish","4":"has-post-thumbnail","6":"product_cat-medical-forms","7":"product_cat-medicines","8":"product_cat-tablets-capsules","9":"product_cat-vitamins-general-supplements","11":"first","12":"instock","13":"shipping-taxable","14":"purchasable","15":"product-type-simple","16":"entry","17":"content-bg","18":"loop-entry"},"_links":{"self":[{"href":"https:\/\/nawarpharmacy.com\/de\/wp-json\/wp\/v2\/product\/9899","targetHints":{"allow":["GET"]}}],"collection":[{"href":"https:\/\/nawarpharmacy.com\/de\/wp-json\/wp\/v2\/product"}],"about":[{"href":"https:\/\/nawarpharmacy.com\/de\/wp-json\/wp\/v2\/types\/product"}],"replies":[{"embeddable":true,"href":"https:\/\/nawarpharmacy.com\/de\/wp-json\/wp\/v2\/comments?post=9899"}],"wp:featuredmedia":[{"embeddable":true,"href":"https:\/\/nawarpharmacy.com\/de\/wp-json\/wp\/v2\/media\/9898"}],"wp:attachment":[{"href":"https:\/\/nawarpharmacy.com\/de\/wp-json\/wp\/v2\/media?parent=9899"}],"wp:term":[{"taxonomy":"product_brand","embeddable":true,"href":"https:\/\/nawarpharmacy.com\/de\/wp-json\/wp\/v2\/product_brand?post=9899"},{"taxonomy":"product_cat","embeddable":true,"href":"https:\/\/nawarpharmacy.com\/de\/wp-json\/wp\/v2\/product_cat?post=9899"},{"taxonomy":"product_tag","embeddable":true,"href":"https:\/\/nawarpharmacy.com\/de\/wp-json\/wp\/v2\/product_tag?post=9899"},{"taxonomy":"product_brands","embeddable":true,"href":"https:\/\/nawarpharmacy.com\/de\/wp-json\/wp\/v2\/product_brands?post=9899"}],"curies":[{"name":"wp","href":"https:\/\/api.w.org\/{rel}","templated":true}]}}