{"id":9895,"date":"2025-11-22T22:52:56","date_gmt":"2025-11-22T22:52:56","guid":{"rendered":"https:\/\/nawarpharmacy.com\/?post_type=product&#038;p=9895"},"modified":"2026-02-23T15:47:16","modified_gmt":"2026-02-23T15:47:16","slug":"perfectil-original-30-tablets","status":"publish","type":"product","link":"https:\/\/nawarpharmacy.com\/de\/produkt\/perfectil-original-30-tablets\/","title":{"rendered":"Perfectil Original 30 Tabletten"},"content":{"rendered":"<article class=\"text-token-text-primary w-full focus:outline-none [--shadow-height:45px] has-data-writing-block:pointer-events-none has-data-writing-block:-mt-(--shadow-height) has-data-writing-block:pt-(--shadow-height) [&amp;:has([data-writing-block])&gt;*]:pointer-events-auto [content-visibility:auto] supports-[content-visibility:auto]:[contain-intrinsic-size:auto_100lvh] scroll-mt-[calc(var(--header-height)+min(200px,max(70px,20svh)))]\" dir=\"auto\" data-turn-id=\"request-692073f5-3f80-832c-872f-7626d4388ea8-98\" data-testid=\"conversation-turn-214\" data-scroll-anchor=\"true\" data-turn=\"assistant\">\n<div class=\"text-base my-auto mx-auto pb-10 [--thread-content-margin:--spacing(4)] thread-sm:[--thread-content-margin:--spacing(6)] thread-lg:[--thread-content-margin:--spacing(16)] px-(--thread-content-margin)\">\n<div class=\"[--thread-content-max-width:40rem] thread-lg:[--thread-content-max-width:48rem] mx-auto max-w-(--thread-content-max-width) flex-1 group\/turn-messages focus-visible:outline-hidden relative flex w-full min-w-0 flex-col agent-turn\">\n<div class=\"flex max-w-full flex-col grow\">\n<div class=\"min-h-8 text-message relative flex w-full flex-col items-end gap-2 text-start break-words whitespace-normal [.text-message+&amp;]:mt-1\" dir=\"auto\" data-message-author-role=\"assistant\" data-message-id=\"2d53d12a-39b0-40fe-b647-f0638ff0e1ed\" data-message-model-slug=\"gpt-5-mini\">\n<div class=\"flex w-full flex-col gap-1 empty:hidden first:pt-[1px]\">\n<div class=\"markdown prose dark:prose-invert w-full break-words light markdown-new-styling\">\n<div class=\"flex flex-col text-sm pb-25\">\n<article class=\"text-token-text-primary w-full focus:outline-none [--shadow-height:45px] has-data-writing-block:pointer-events-none has-data-writing-block:-mt-(--shadow-height) has-data-writing-block:pt-(--shadow-height) [&amp;:has([data-writing-block])&gt;*]:pointer-events-auto scroll-mt-[calc(var(--header-height)+min(200px,max(70px,20svh)))]\" dir=\"auto\" tabindex=\"-1\" data-turn-id=\"request-WEB:209e3289-63e4-414b-883e-c54fb0e043f1-16\" data-testid=\"conversation-turn-28\" data-scroll-anchor=\"true\" data-turn=\"assistant\">\n<div class=\"text-base my-auto mx-auto pb-10 [--thread-content-margin:--spacing(4)] @w-sm\/main:[--thread-content-margin:--spacing(6)] @w-lg\/main:[--thread-content-margin:--spacing(16)] px-(--thread-content-margin)\">\n<div class=\"[--thread-content-max-width:40rem] @w-lg\/main:[--thread-content-max-width:48rem] mx-auto max-w-(--thread-content-max-width) flex-1 group\/turn-messages focus-visible:outline-hidden relative flex w-full min-w-0 flex-col agent-turn\" tabindex=\"-1\">\n<div class=\"flex max-w-full flex-col grow\">\n<div class=\"min-h-8 text-message relative flex w-full flex-col items-end gap-2 text-start break-words whitespace-normal [.text-message+&amp;]:mt-1\" dir=\"auto\" data-message-author-role=\"assistant\" data-message-id=\"62c746bf-b3ca-4c24-8c36-fc2ce48d51ce\" data-message-model-slug=\"gpt-5-2\">\n<div class=\"flex w-full flex-col gap-1 empty:hidden first:pt-[1px]\">\n<div class=\"markdown prose dark:prose-invert w-full wrap-break-word dark markdown-new-styling\">\n<p data-start=\"1298\" data-end=\"1370\"><strong data-start=\"1298\" data-end=\"1334\">Perfectil Original 30 Tabletten<\/strong><\/p>\n<p data-start=\"1298\" data-end=\"1370\"><strong data-start=\"1337\" data-end=\"1358\">Darreichungsform:<\/strong> Tabletten<\/p>\n<p data-start=\"1372\" data-end=\"1404\"><strong data-start=\"1372\" data-end=\"1402\">Wirkstoffe (pro Tablette):<\/strong><\/p>\n<ul data-start=\"1405\" data-end=\"1572\">\n<li data-start=\"1405\" data-end=\"1440\">\n<p data-start=\"1407\" data-end=\"1440\">Vitamine: A, C, D, E, B-Komplex<\/p>\n<\/li>\n<li data-start=\"1441\" data-end=\"1487\">\n<p data-start=\"1443\" data-end=\"1487\">Mineralstoffe: Zink, Selen, Kupfer, Mangan<\/p>\n<\/li>\n<li data-start=\"1488\" data-end=\"1572\">\n<p data-start=\"1490\" data-end=\"1572\">Aminos\u00e4uren und weitere N\u00e4hrstoffe zur Unterst\u00fctzung von Haut, Haaren und N\u00e4geln<\/p>\n<\/li>\n<\/ul>\n<h3 data-start=\"1574\" data-end=\"1610\">Anwendungsgebiete \/ Indikationen<\/h3>\n<ul data-start=\"1611\" data-end=\"1771\">\n<li data-start=\"1611\" data-end=\"1660\">\n<p data-start=\"1613\" data-end=\"1660\">Unterst\u00fctzung gesunder Haut, Haare und N\u00e4gel.<\/p>\n<\/li>\n<li data-start=\"1661\" data-end=\"1694\">\n<p data-start=\"1663\" data-end=\"1694\">Bietet antioxidativen Schutz.<\/p>\n<\/li>\n<li data-start=\"1695\" data-end=\"1771\">\n<p data-start=\"1697\" data-end=\"1771\">Tr\u00e4gt zur Erhaltung der allgemeinen Vitalit\u00e4t und des Wohlbefindens bei.<\/p>\n<\/li>\n<\/ul>\n<h3 data-start=\"1773\" data-end=\"1798\">Anwendung \/ Dosierung<\/h3>\n<ul data-start=\"1799\" data-end=\"1900\">\n<li data-start=\"1799\" data-end=\"1900\">\n<p data-start=\"1801\" data-end=\"1900\"><strong data-start=\"1801\" data-end=\"1823\">1 Tablette t\u00e4glich<\/strong>, vorzugsweise zu einer Mahlzeit einnehmen, oder nach \u00e4rztlicher Anweisung.<\/p>\n<\/li>\n<\/ul>\n<h3 data-start=\"1902\" data-end=\"1919\">Gegenanzeigen<\/h3>\n<ul data-start=\"1920\" data-end=\"1987\">\n<li data-start=\"1920\" data-end=\"1987\">\n<p data-start=\"1922\" data-end=\"1987\">\u00dcberempfindlichkeit gegen einen der Bestandteile der Tabletten.<\/p>\n<\/li>\n<\/ul>\n<h3 data-start=\"1989\" data-end=\"2026\">Warnhinweise \/ Vorsichtsma\u00dfnahmen<\/h3>\n<ul data-start=\"2027\" data-end=\"2152\">\n<li data-start=\"2027\" data-end=\"2074\">\n<p data-start=\"2029\" data-end=\"2074\">Kein Ersatz f\u00fcr eine ausgewogene Ern\u00e4hrung.<\/p>\n<\/li>\n<li data-start=\"2075\" data-end=\"2152\">\n<p data-start=\"2077\" data-end=\"2152\">Schwangerschaft und Stillzeit: vor der Anwendung \u00e4rztlichen Rat einholen.<\/p>\n<\/li>\n<\/ul>\n<h3 data-start=\"2154\" data-end=\"2172\">Nebenwirkungen<\/h3>\n<ul data-start=\"2173\" data-end=\"2287\">\n<li data-start=\"2173\" data-end=\"2208\">\n<p data-start=\"2175\" data-end=\"2208\">Im Allgemeinen gut vertr\u00e4glich.<\/p>\n<\/li>\n<li data-start=\"2209\" data-end=\"2287\">\n<p data-start=\"2211\" data-end=\"2287\">Selten: leichte gastrointestinale Beschwerden oder allergische Reaktionen.<\/p>\n<\/li>\n<\/ul>\n<h3 data-start=\"2289\" data-end=\"2301\">Lagerung<\/h3>\n<ul data-start=\"2302\" data-end=\"2411\" data-is-last-node=\"\" data-is-only-node=\"\">\n<li data-start=\"2302\" data-end=\"2372\">\n<p data-start=\"2304\" data-end=\"2372\">K\u00fchl und trocken lagern, vor direkter Sonneneinstrahlung sch\u00fctzen.<\/p>\n<\/li>\n<li data-start=\"2373\" data-end=\"2411\" data-is-last-node=\"\">\n<p data-start=\"2375\" data-end=\"2411\" data-is-last-node=\"\">F\u00fcr Kinder unzug\u00e4nglich aufbewahren.<\/p>\n<\/li>\n<\/ul>\n<\/div>\n<\/div>\n<\/div>\n<\/div>\n<\/div>\n<\/div>\n<\/article>\n<\/div>\n<\/div>\n<\/div>\n<\/div>\n<\/div>\n<\/div>\n<\/div>\n<\/article>\n","protected":false},"excerpt":{"rendered":"<p>Perfectil Original 30 Tabletten Darreichungsform: Tabletten Wirkstoffe (pro Tablette): Vitamine: A, C, D, E, B-Komplex Mineralstoffe: Zink, Selen, Kupfer, Mangan Aminos\u00e4uren und weitere N\u00e4hrstoffe zur Unterst\u00fctzung von Haut, Haaren und N\u00e4geln Anwendungsgebiete \/ Indikationen Unterst\u00fctzung gesunder Haut, Haare und N\u00e4gel. Bietet antioxidativen Schutz. Tr\u00e4gt zur Erhaltung der allgemeinen Vitalit\u00e4t und des Wohlbefindens bei. Anwendung \/&#8230;<\/p>\n","protected":false},"featured_media":9894,"comment_status":"open","ping_status":"closed","template":"","meta":{"rs_blank_template":"","rs_page_bg_color":"","slide_template_v7":"","_bst_post_transparent":"default","_bst_post_title":"","_bst_post_layout":"default","_bst_post_sidebar_id":"","_bst_post_content_style":"default","_bst_post_vertical_padding":"default","_bst_post_feature":"","_bst_post_feature_position":"","_bst_post_header":false,"_bst_post_footer":false},"product_brand":[],"product_cat":[315,217,231,229],"product_tag":[],"product_brands":[],"class_list":{"0":"post-9895","1":"product","2":"type-product","3":"status-publish","4":"has-post-thumbnail","6":"product_cat-hair-care","7":"product_cat-medicines","8":"product_cat-mineral-supplements","9":"product_cat-vitamins-general-supplements","11":"first","12":"instock","13":"shipping-taxable","14":"purchasable","15":"product-type-simple","16":"entry","17":"content-bg","18":"loop-entry"},"_links":{"self":[{"href":"https:\/\/nawarpharmacy.com\/de\/wp-json\/wp\/v2\/product\/9895","targetHints":{"allow":["GET"]}}],"collection":[{"href":"https:\/\/nawarpharmacy.com\/de\/wp-json\/wp\/v2\/product"}],"about":[{"href":"https:\/\/nawarpharmacy.com\/de\/wp-json\/wp\/v2\/types\/product"}],"replies":[{"embeddable":true,"href":"https:\/\/nawarpharmacy.com\/de\/wp-json\/wp\/v2\/comments?post=9895"}],"wp:featuredmedia":[{"embeddable":true,"href":"https:\/\/nawarpharmacy.com\/de\/wp-json\/wp\/v2\/media\/9894"}],"wp:attachment":[{"href":"https:\/\/nawarpharmacy.com\/de\/wp-json\/wp\/v2\/media?parent=9895"}],"wp:term":[{"taxonomy":"product_brand","embeddable":true,"href":"https:\/\/nawarpharmacy.com\/de\/wp-json\/wp\/v2\/product_brand?post=9895"},{"taxonomy":"product_cat","embeddable":true,"href":"https:\/\/nawarpharmacy.com\/de\/wp-json\/wp\/v2\/product_cat?post=9895"},{"taxonomy":"product_tag","embeddable":true,"href":"https:\/\/nawarpharmacy.com\/de\/wp-json\/wp\/v2\/product_tag?post=9895"},{"taxonomy":"product_brands","embeddable":true,"href":"https:\/\/nawarpharmacy.com\/de\/wp-json\/wp\/v2\/product_brands?post=9895"}],"curies":[{"name":"wp","href":"https:\/\/api.w.org\/{rel}","templated":true}]}}