{"id":9891,"date":"2025-11-22T22:55:01","date_gmt":"2025-11-22T22:55:01","guid":{"rendered":"https:\/\/nawarpharmacy.com\/?post_type=product&#038;p=9891"},"modified":"2026-02-23T15:46:10","modified_gmt":"2026-02-23T15:46:10","slug":"biostrong-21-capsules","status":"publish","type":"product","link":"https:\/\/nawarpharmacy.com\/de\/produkt\/biostrong-21-capsules\/","title":{"rendered":"Biostrong 21 Kapseln"},"content":{"rendered":"<article class=\"text-token-text-primary w-full focus:outline-none [--shadow-height:45px] has-data-writing-block:pointer-events-none has-data-writing-block:-mt-(--shadow-height) has-data-writing-block:pt-(--shadow-height) [&amp;:has([data-writing-block])&gt;*]:pointer-events-auto [content-visibility:auto] supports-[content-visibility:auto]:[contain-intrinsic-size:auto_100lvh] scroll-mt-[calc(var(--header-height)+min(200px,max(70px,20svh)))]\" dir=\"auto\" data-turn-id=\"request-692073f5-3f80-832c-872f-7626d4388ea8-97\" data-testid=\"conversation-turn-212\" data-scroll-anchor=\"true\" data-turn=\"assistant\">\n<div class=\"text-base my-auto mx-auto pb-10 [--thread-content-margin:--spacing(4)] thread-sm:[--thread-content-margin:--spacing(6)] thread-lg:[--thread-content-margin:--spacing(16)] px-(--thread-content-margin)\">\n<div class=\"[--thread-content-max-width:40rem] thread-lg:[--thread-content-max-width:48rem] mx-auto max-w-(--thread-content-max-width) flex-1 group\/turn-messages focus-visible:outline-hidden relative flex w-full min-w-0 flex-col agent-turn\">\n<div class=\"flex max-w-full flex-col grow\">\n<div class=\"min-h-8 text-message relative flex w-full flex-col items-end gap-2 text-start break-words whitespace-normal [.text-message+&amp;]:mt-1\" dir=\"auto\" data-message-author-role=\"assistant\" data-message-id=\"b44bbb07-99c5-4d92-8651-22b64e670b7d\" data-message-model-slug=\"gpt-5-mini\">\n<div class=\"flex w-full flex-col gap-1 empty:hidden first:pt-[1px]\">\n<div class=\"markdown prose dark:prose-invert w-full break-words light markdown-new-styling\">\n<p data-start=\"1354\" data-end=\"1413\"><strong data-start=\"1354\" data-end=\"1379\">Biostrong 21 Kapseln<\/strong><\/p>\n<p data-start=\"1354\" data-end=\"1413\"><strong data-start=\"1382\" data-end=\"1403\">Darreichungsform:<\/strong> Kapseln<\/p>\n<p data-start=\"1415\" data-end=\"1554\"><strong data-start=\"1415\" data-end=\"1443\">Wirkstoffe (pro Kapsel):<\/strong><br data-start=\"1443\" data-end=\"1446\" \/>Multivitamine und Mineralstoffe (k\u00f6nnen Vitamin A, B-Komplex, C, D, E, Zink, Selen, Eisen usw. enthalten).<\/p>\n<h3 data-start=\"1556\" data-end=\"1592\">Anwendungsgebiete \/ Indikationen<\/h3>\n<ul data-start=\"1593\" data-end=\"1891\">\n<li data-start=\"1593\" data-end=\"1660\">\n<p data-start=\"1595\" data-end=\"1660\">Unterst\u00fctzung der allgemeinen Gesundheit und des Wohlbefindens.<\/p>\n<\/li>\n<li data-start=\"1661\" data-end=\"1733\">\n<p data-start=\"1663\" data-end=\"1733\">Zum Ausgleich ern\u00e4hrungsbedingter Vitamin- und Mineralstoffdefizite.<\/p>\n<\/li>\n<li data-start=\"1734\" data-end=\"1803\">\n<p data-start=\"1736\" data-end=\"1803\">Unterst\u00fctzt den Energiestoffwechsel und die allgemeine Vitalit\u00e4t.<\/p>\n<\/li>\n<li data-start=\"1804\" data-end=\"1891\">\n<p data-start=\"1806\" data-end=\"1891\">Unterst\u00fctzt die normale Funktion des Immunsystems und bietet antioxidativen Schutz.<\/p>\n<\/li>\n<\/ul>\n<h3 data-start=\"1893\" data-end=\"1918\">Anwendung \/ Dosierung<\/h3>\n<ul data-start=\"1919\" data-end=\"2018\">\n<li data-start=\"1919\" data-end=\"2018\">\n<p data-start=\"1921\" data-end=\"2018\"><strong data-start=\"1921\" data-end=\"1941\">1 Kapsel t\u00e4glich<\/strong>, vorzugsweise zu einer Mahlzeit einnehmen, oder nach \u00e4rztlicher Anweisung.<\/p>\n<\/li>\n<\/ul>\n<h3 data-start=\"2020\" data-end=\"2037\">Gegenanzeigen<\/h3>\n<ul data-start=\"2038\" data-end=\"2103\">\n<li data-start=\"2038\" data-end=\"2103\">\n<p data-start=\"2040\" data-end=\"2103\">\u00dcberempfindlichkeit gegen einen der Bestandteile der Kapseln.<\/p>\n<\/li>\n<\/ul>\n<h3 data-start=\"2105\" data-end=\"2142\">Warnhinweise \/ Vorsichtsma\u00dfnahmen<\/h3>\n<ul data-start=\"2143\" data-end=\"2268\">\n<li data-start=\"2143\" data-end=\"2190\">\n<p data-start=\"2145\" data-end=\"2190\">Kein Ersatz f\u00fcr eine ausgewogene Ern\u00e4hrung.<\/p>\n<\/li>\n<li data-start=\"2191\" data-end=\"2268\">\n<p data-start=\"2193\" data-end=\"2268\">Schwangerschaft und Stillzeit: vor der Anwendung \u00e4rztlichen Rat einholen.<\/p>\n<\/li>\n<\/ul>\n<h3 data-start=\"2270\" data-end=\"2288\">Nebenwirkungen<\/h3>\n<ul data-start=\"2289\" data-end=\"2413\">\n<li data-start=\"2289\" data-end=\"2324\">\n<p data-start=\"2291\" data-end=\"2324\">Im Allgemeinen gut vertr\u00e4glich.<\/p>\n<\/li>\n<li data-start=\"2325\" data-end=\"2413\">\n<p data-start=\"2327\" data-end=\"2413\">Selten: leichte gastrointestinale Beschwerden, \u00dcbelkeit oder allergische Reaktionen.<\/p>\n<\/li>\n<\/ul>\n<h3 data-start=\"2415\" data-end=\"2427\">Lagerung<\/h3>\n<ul data-start=\"2428\" data-end=\"2537\" data-is-last-node=\"\" data-is-only-node=\"\">\n<li data-start=\"2428\" data-end=\"2498\">\n<p data-start=\"2430\" data-end=\"2498\">K\u00fchl und trocken lagern, vor direkter Sonneneinstrahlung sch\u00fctzen.<\/p>\n<\/li>\n<li data-start=\"2499\" data-end=\"2537\" data-is-last-node=\"\">\n<p data-start=\"2501\" data-end=\"2537\" data-is-last-node=\"\">F\u00fcr Kinder unzug\u00e4nglich aufbewahren.<\/p>\n<\/li>\n<\/ul>\n<\/div>\n<\/div>\n<\/div>\n<\/div>\n<\/div>\n<\/div>\n<\/article>\n","protected":false},"excerpt":{"rendered":"<p>Biostrong 21 Kapseln Darreichungsform: Kapseln Wirkstoffe (pro Kapsel):Multivitamine und Mineralstoffe (k\u00f6nnen Vitamin A, B-Komplex, C, D, E, Zink, Selen, Eisen usw. enthalten). Anwendungsgebiete \/ Indikationen Unterst\u00fctzung der allgemeinen Gesundheit und des Wohlbefindens. Zum Ausgleich ern\u00e4hrungsbedingter Vitamin- und Mineralstoffdefizite. Unterst\u00fctzt den Energiestoffwechsel und die allgemeine Vitalit\u00e4t. Unterst\u00fctzt die normale Funktion des Immunsystems und bietet antioxidativen Schutz&#8230;.<\/p>\n","protected":false},"featured_media":9890,"comment_status":"open","ping_status":"closed","template":"","meta":{"rs_blank_template":"","rs_page_bg_color":"","slide_template_v7":"","_bst_post_transparent":"default","_bst_post_title":"","_bst_post_layout":"default","_bst_post_sidebar_id":"","_bst_post_content_style":"default","_bst_post_vertical_padding":"default","_bst_post_feature":"","_bst_post_feature_position":"","_bst_post_header":false,"_bst_post_footer":false},"product_brand":[],"product_cat":[351,217,275,457,229],"product_tag":[],"product_brands":[],"class_list":{"0":"post-9891","1":"product","2":"type-product","3":"status-publish","4":"has-post-thumbnail","6":"product_cat-medical-forms","7":"product_cat-medicines","8":"product_cat-sexual-intercourse-medications","9":"product_cat-tablets-capsules","10":"product_cat-vitamins-general-supplements","12":"first","13":"instock","14":"shipping-taxable","15":"purchasable","16":"product-type-simple","17":"entry","18":"content-bg","19":"loop-entry"},"_links":{"self":[{"href":"https:\/\/nawarpharmacy.com\/de\/wp-json\/wp\/v2\/product\/9891","targetHints":{"allow":["GET"]}}],"collection":[{"href":"https:\/\/nawarpharmacy.com\/de\/wp-json\/wp\/v2\/product"}],"about":[{"href":"https:\/\/nawarpharmacy.com\/de\/wp-json\/wp\/v2\/types\/product"}],"replies":[{"embeddable":true,"href":"https:\/\/nawarpharmacy.com\/de\/wp-json\/wp\/v2\/comments?post=9891"}],"wp:featuredmedia":[{"embeddable":true,"href":"https:\/\/nawarpharmacy.com\/de\/wp-json\/wp\/v2\/media\/9890"}],"wp:attachment":[{"href":"https:\/\/nawarpharmacy.com\/de\/wp-json\/wp\/v2\/media?parent=9891"}],"wp:term":[{"taxonomy":"product_brand","embeddable":true,"href":"https:\/\/nawarpharmacy.com\/de\/wp-json\/wp\/v2\/product_brand?post=9891"},{"taxonomy":"product_cat","embeddable":true,"href":"https:\/\/nawarpharmacy.com\/de\/wp-json\/wp\/v2\/product_cat?post=9891"},{"taxonomy":"product_tag","embeddable":true,"href":"https:\/\/nawarpharmacy.com\/de\/wp-json\/wp\/v2\/product_tag?post=9891"},{"taxonomy":"product_brands","embeddable":true,"href":"https:\/\/nawarpharmacy.com\/de\/wp-json\/wp\/v2\/product_brands?post=9891"}],"curies":[{"name":"wp","href":"https:\/\/api.w.org\/{rel}","templated":true}]}}