{"id":9887,"date":"2025-11-22T22:55:28","date_gmt":"2025-11-22T22:55:28","guid":{"rendered":"https:\/\/nawarpharmacy.com\/?post_type=product&#038;p=9887"},"modified":"2026-02-23T15:44:52","modified_gmt":"2026-02-23T15:44:52","slug":"biogar-60-tablets","status":"publish","type":"product","link":"https:\/\/nawarpharmacy.com\/de\/produkt\/biogar-60-tablets\/","title":{"rendered":"Biogar 60 Tabletten"},"content":{"rendered":"<article class=\"text-token-text-primary w-full focus:outline-none [--shadow-height:45px] has-data-writing-block:pointer-events-none has-data-writing-block:-mt-(--shadow-height) has-data-writing-block:pt-(--shadow-height) [&amp;:has([data-writing-block])&gt;*]:pointer-events-auto [content-visibility:auto] supports-[content-visibility:auto]:[contain-intrinsic-size:auto_100lvh] scroll-mt-[calc(var(--header-height)+min(200px,max(70px,20svh)))]\" dir=\"auto\" data-turn-id=\"request-692073f5-3f80-832c-872f-7626d4388ea8-96\" data-testid=\"conversation-turn-210\" data-scroll-anchor=\"true\" data-turn=\"assistant\">\n<div class=\"text-base my-auto mx-auto pb-10 [--thread-content-margin:--spacing(4)] thread-sm:[--thread-content-margin:--spacing(6)] thread-lg:[--thread-content-margin:--spacing(16)] px-(--thread-content-margin)\">\n<div class=\"[--thread-content-max-width:40rem] thread-lg:[--thread-content-max-width:48rem] mx-auto max-w-(--thread-content-max-width) flex-1 group\/turn-messages focus-visible:outline-hidden relative flex w-full min-w-0 flex-col agent-turn\">\n<div class=\"flex max-w-full flex-col grow\">\n<div class=\"min-h-8 text-message relative flex w-full flex-col items-end gap-2 text-start break-words whitespace-normal [.text-message+&amp;]:mt-1\" dir=\"auto\" data-message-author-role=\"assistant\" data-message-id=\"ff202bce-800b-47a9-bc28-eef5621e76a9\" data-message-model-slug=\"gpt-5-mini\">\n<div class=\"flex w-full flex-col gap-1 empty:hidden first:pt-[1px]\">\n<div class=\"markdown prose dark:prose-invert w-full break-words light markdown-new-styling\">\n<p data-start=\"1359\" data-end=\"1419\"><strong data-start=\"1359\" data-end=\"1383\">Biogar 60 Tabletten<\/strong><br data-start=\"1383\" data-end=\"1386\" \/><strong data-start=\"1386\" data-end=\"1407\">Darreichungsform:<\/strong> Tabletten<\/p>\n<p data-start=\"1421\" data-end=\"1562\"><strong data-start=\"1421\" data-end=\"1451\">Wirkstoffe (pro Tablette):<\/strong><br data-start=\"1451\" data-end=\"1454\" \/>Multivitamine und Mineralstoffe (k\u00f6nnen Vitamin A, B-Komplex, C, D, E, Zink, Selen, Eisen usw. enthalten).<\/p>\n<h3 data-start=\"1564\" data-end=\"1600\">Anwendungsgebiete \/ Indikationen<\/h3>\n<ul data-start=\"1601\" data-end=\"1912\">\n<li data-start=\"1601\" data-end=\"1668\">\n<p data-start=\"1603\" data-end=\"1668\">Unterst\u00fctzung der allgemeinen Gesundheit und des Wohlbefindens.<\/p>\n<\/li>\n<li data-start=\"1669\" data-end=\"1741\">\n<p data-start=\"1671\" data-end=\"1741\">Zum Ausgleich ern\u00e4hrungsbedingter Vitamin- und Mineralstoffdefizite.<\/p>\n<\/li>\n<li data-start=\"1742\" data-end=\"1852\">\n<p data-start=\"1744\" data-end=\"1852\">Unterst\u00fctzt die normale Funktion des Immunsystems, den Energiestoffwechsel sowie die allgemeine Vitalit\u00e4t.<\/p>\n<\/li>\n<li data-start=\"1853\" data-end=\"1912\">\n<p data-start=\"1855\" data-end=\"1912\">Tr\u00e4gt zur Erhaltung gesunder Haut, Haare und N\u00e4gel bei.<\/p>\n<\/li>\n<\/ul>\n<h3 data-start=\"1914\" data-end=\"1939\">Anwendung \/ Dosierung<\/h3>\n<ul data-start=\"1940\" data-end=\"2041\">\n<li data-start=\"1940\" data-end=\"2041\">\n<p data-start=\"1942\" data-end=\"2041\"><strong data-start=\"1942\" data-end=\"1964\">1 Tablette t\u00e4glich<\/strong>, vorzugsweise zu einer Mahlzeit einnehmen, oder nach \u00e4rztlicher Anweisung.<\/p>\n<\/li>\n<\/ul>\n<h3 data-start=\"2043\" data-end=\"2060\">Gegenanzeigen<\/h3>\n<ul data-start=\"2061\" data-end=\"2128\">\n<li data-start=\"2061\" data-end=\"2128\">\n<p data-start=\"2063\" data-end=\"2128\">\u00dcberempfindlichkeit gegen einen der Bestandteile der Tabletten.<\/p>\n<\/li>\n<\/ul>\n<h3 data-start=\"2130\" data-end=\"2167\">Warnhinweise \/ Vorsichtsma\u00dfnahmen<\/h3>\n<ul data-start=\"2168\" data-end=\"2293\">\n<li data-start=\"2168\" data-end=\"2215\">\n<p data-start=\"2170\" data-end=\"2215\">Kein Ersatz f\u00fcr eine ausgewogene Ern\u00e4hrung.<\/p>\n<\/li>\n<li data-start=\"2216\" data-end=\"2293\">\n<p data-start=\"2218\" data-end=\"2293\">Schwangerschaft und Stillzeit: vor der Anwendung \u00e4rztlichen Rat einholen.<\/p>\n<\/li>\n<\/ul>\n<h3 data-start=\"2295\" data-end=\"2313\">Nebenwirkungen<\/h3>\n<ul data-start=\"2314\" data-end=\"2438\">\n<li data-start=\"2314\" data-end=\"2349\">\n<p data-start=\"2316\" data-end=\"2349\">Im Allgemeinen gut vertr\u00e4glich.<\/p>\n<\/li>\n<li data-start=\"2350\" data-end=\"2438\">\n<p data-start=\"2352\" data-end=\"2438\">Selten: leichte gastrointestinale Beschwerden, \u00dcbelkeit oder allergische Reaktionen.<\/p>\n<\/li>\n<\/ul>\n<h3 data-start=\"2440\" data-end=\"2452\">Lagerung<\/h3>\n<ul data-start=\"2453\" data-end=\"2562\" data-is-last-node=\"\" data-is-only-node=\"\">\n<li data-start=\"2453\" data-end=\"2523\">\n<p data-start=\"2455\" data-end=\"2523\">K\u00fchl und trocken lagern, vor direkter Sonneneinstrahlung sch\u00fctzen.<\/p>\n<\/li>\n<li data-start=\"2524\" data-end=\"2562\" data-is-last-node=\"\">\n<p data-start=\"2526\" data-end=\"2562\" data-is-last-node=\"\">F\u00fcr Kinder unzug\u00e4nglich aufbewahren.<\/p>\n<\/li>\n<\/ul>\n<\/div>\n<\/div>\n<\/div>\n<\/div>\n<\/div>\n<\/div>\n<\/article>\n","protected":false},"excerpt":{"rendered":"<p>Biogar 60 TablettenDarreichungsform: Tabletten Wirkstoffe (pro Tablette):Multivitamine und Mineralstoffe (k\u00f6nnen Vitamin A, B-Komplex, C, D, E, Zink, Selen, Eisen usw. enthalten). Anwendungsgebiete \/ Indikationen Unterst\u00fctzung der allgemeinen Gesundheit und des Wohlbefindens. Zum Ausgleich ern\u00e4hrungsbedingter Vitamin- und Mineralstoffdefizite. Unterst\u00fctzt die normale Funktion des Immunsystems, den Energiestoffwechsel sowie die allgemeine Vitalit\u00e4t. Tr\u00e4gt zur Erhaltung gesunder Haut, Haare&#8230;<\/p>\n","protected":false},"featured_media":9886,"comment_status":"open","ping_status":"closed","template":"","meta":{"rs_blank_template":"","rs_page_bg_color":"","slide_template_v7":"","_bst_post_transparent":"default","_bst_post_title":"","_bst_post_layout":"default","_bst_post_sidebar_id":"","_bst_post_content_style":"default","_bst_post_vertical_padding":"default","_bst_post_feature":"","_bst_post_feature_position":"","_bst_post_header":false,"_bst_post_footer":false},"product_brand":[],"product_cat":[315,217,231,229],"product_tag":[],"product_brands":[],"class_list":{"0":"post-9887","1":"product","2":"type-product","3":"status-publish","4":"has-post-thumbnail","6":"product_cat-hair-care","7":"product_cat-medicines","8":"product_cat-mineral-supplements","9":"product_cat-vitamins-general-supplements","11":"first","12":"instock","13":"shipping-taxable","14":"purchasable","15":"product-type-simple","16":"entry","17":"content-bg","18":"loop-entry"},"_links":{"self":[{"href":"https:\/\/nawarpharmacy.com\/de\/wp-json\/wp\/v2\/product\/9887","targetHints":{"allow":["GET"]}}],"collection":[{"href":"https:\/\/nawarpharmacy.com\/de\/wp-json\/wp\/v2\/product"}],"about":[{"href":"https:\/\/nawarpharmacy.com\/de\/wp-json\/wp\/v2\/types\/product"}],"replies":[{"embeddable":true,"href":"https:\/\/nawarpharmacy.com\/de\/wp-json\/wp\/v2\/comments?post=9887"}],"wp:featuredmedia":[{"embeddable":true,"href":"https:\/\/nawarpharmacy.com\/de\/wp-json\/wp\/v2\/media\/9886"}],"wp:attachment":[{"href":"https:\/\/nawarpharmacy.com\/de\/wp-json\/wp\/v2\/media?parent=9887"}],"wp:term":[{"taxonomy":"product_brand","embeddable":true,"href":"https:\/\/nawarpharmacy.com\/de\/wp-json\/wp\/v2\/product_brand?post=9887"},{"taxonomy":"product_cat","embeddable":true,"href":"https:\/\/nawarpharmacy.com\/de\/wp-json\/wp\/v2\/product_cat?post=9887"},{"taxonomy":"product_tag","embeddable":true,"href":"https:\/\/nawarpharmacy.com\/de\/wp-json\/wp\/v2\/product_tag?post=9887"},{"taxonomy":"product_brands","embeddable":true,"href":"https:\/\/nawarpharmacy.com\/de\/wp-json\/wp\/v2\/product_brands?post=9887"}],"curies":[{"name":"wp","href":"https:\/\/api.w.org\/{rel}","templated":true}]}}