{"id":9883,"date":"2025-11-22T22:56:32","date_gmt":"2025-11-22T22:56:32","guid":{"rendered":"https:\/\/nawarpharmacy.com\/?post_type=product&#038;p=9883"},"modified":"2026-02-23T15:43:45","modified_gmt":"2026-02-23T15:43:45","slug":"bion-gold-10000mcg-30-tablets","status":"publish","type":"product","link":"https:\/\/nawarpharmacy.com\/de\/produkt\/bion-gold-10000mcg-30-tablets\/","title":{"rendered":"Bion Gold 10000mcg 30 Tabletten"},"content":{"rendered":"<article class=\"text-token-text-primary w-full focus:outline-none [--shadow-height:45px] has-data-writing-block:pointer-events-none has-data-writing-block:-mt-(--shadow-height) has-data-writing-block:pt-(--shadow-height) [&amp;:has([data-writing-block])&gt;*]:pointer-events-auto [content-visibility:auto] supports-[content-visibility:auto]:[contain-intrinsic-size:auto_100lvh] scroll-mt-[calc(var(--header-height)+min(200px,max(70px,20svh)))]\" dir=\"auto\" data-turn-id=\"request-692073f5-3f80-832c-872f-7626d4388ea8-95\" data-testid=\"conversation-turn-208\" data-scroll-anchor=\"true\" data-turn=\"assistant\">\n<div class=\"text-base my-auto mx-auto pb-10 [--thread-content-margin:--spacing(4)] thread-sm:[--thread-content-margin:--spacing(6)] thread-lg:[--thread-content-margin:--spacing(16)] px-(--thread-content-margin)\">\n<div class=\"[--thread-content-max-width:40rem] thread-lg:[--thread-content-max-width:48rem] mx-auto max-w-(--thread-content-max-width) flex-1 group\/turn-messages focus-visible:outline-hidden relative flex w-full min-w-0 flex-col agent-turn\">\n<div class=\"flex max-w-full flex-col grow\">\n<div class=\"min-h-8 text-message relative flex w-full flex-col items-end gap-2 text-start break-words whitespace-normal [.text-message+&amp;]:mt-1\" dir=\"auto\" data-message-author-role=\"assistant\" data-message-id=\"50341b2f-114b-4ba6-bc53-ce788fd4d5a5\" data-message-model-slug=\"gpt-5-mini\">\n<div class=\"flex w-full flex-col gap-1 empty:hidden first:pt-[1px]\">\n<div class=\"markdown prose dark:prose-invert w-full break-words light markdown-new-styling\">\n<div class=\"flex flex-col text-sm pb-25\">\n<article class=\"text-token-text-primary w-full focus:outline-none [--shadow-height:45px] has-data-writing-block:pointer-events-none has-data-writing-block:-mt-(--shadow-height) has-data-writing-block:pt-(--shadow-height) [&amp;:has([data-writing-block])&gt;*]:pointer-events-auto scroll-mt-[calc(var(--header-height)+min(200px,max(70px,20svh)))]\" dir=\"auto\" tabindex=\"-1\" data-turn-id=\"request-WEB:209e3289-63e4-414b-883e-c54fb0e043f1-13\" data-testid=\"conversation-turn-22\" data-scroll-anchor=\"true\" data-turn=\"assistant\">\n<div class=\"text-base my-auto mx-auto pb-10 [--thread-content-margin:--spacing(4)] @w-sm\/main:[--thread-content-margin:--spacing(6)] @w-lg\/main:[--thread-content-margin:--spacing(16)] px-(--thread-content-margin)\">\n<div class=\"[--thread-content-max-width:40rem] @w-lg\/main:[--thread-content-max-width:48rem] mx-auto max-w-(--thread-content-max-width) flex-1 group\/turn-messages focus-visible:outline-hidden relative flex w-full min-w-0 flex-col agent-turn\" tabindex=\"-1\">\n<div class=\"flex max-w-full flex-col grow\">\n<div class=\"min-h-8 text-message relative flex w-full flex-col items-end gap-2 text-start break-words whitespace-normal [.text-message+&amp;]:mt-1\" dir=\"auto\" data-message-author-role=\"assistant\" data-message-id=\"b5afa8bf-04d2-47a0-85f7-ac3128c09e3a\" data-message-model-slug=\"gpt-5-2\">\n<div class=\"flex w-full flex-col gap-1 empty:hidden first:pt-[1px]\">\n<div class=\"markdown prose dark:prose-invert w-full wrap-break-word dark markdown-new-styling\">\n<p data-start=\"1278\" data-end=\"1351\"><strong data-start=\"1278\" data-end=\"1315\">Bion Gold 10000mcg 30 Tabletten<\/strong><\/p>\n<p data-start=\"1278\" data-end=\"1351\"><strong data-start=\"1318\" data-end=\"1339\">Darreichungsform:<\/strong> Tabletten<\/p>\n<p data-start=\"1353\" data-end=\"1423\"><strong data-start=\"1353\" data-end=\"1382\">Wirkstoff (pro Tablette):<\/strong> Vitamin B12 (Cyanocobalamin) 10000 mcg<\/p>\n<h3 data-start=\"1425\" data-end=\"1461\">Anwendungsgebiete \/ Indikationen<\/h3>\n<ul data-start=\"1462\" data-end=\"1737\">\n<li data-start=\"1462\" data-end=\"1539\">\n<p data-start=\"1464\" data-end=\"1539\">Unterst\u00fctzung der Bildung roter Blutk\u00f6rperchen und Vorbeugung von An\u00e4mie.<\/p>\n<\/li>\n<li data-start=\"1540\" data-end=\"1622\">\n<p data-start=\"1542\" data-end=\"1622\">Unterst\u00fctzung der Nervengesundheit und einer normalen neurologischen Funktion.<\/p>\n<\/li>\n<li data-start=\"1623\" data-end=\"1660\">\n<p data-start=\"1625\" data-end=\"1660\">Beteiligt am Energiestoffwechsel.<\/p>\n<\/li>\n<li data-start=\"1661\" data-end=\"1737\">\n<p data-start=\"1663\" data-end=\"1737\">Tr\u00e4gt zur Erhaltung der allgemeinen Vitalit\u00e4t und des Wohlbefindens bei.<\/p>\n<\/li>\n<\/ul>\n<h3 data-start=\"1739\" data-end=\"1764\">Anwendung \/ Dosierung<\/h3>\n<ul data-start=\"1765\" data-end=\"1866\">\n<li data-start=\"1765\" data-end=\"1866\">\n<p data-start=\"1767\" data-end=\"1866\"><strong data-start=\"1767\" data-end=\"1789\">1 Tablette t\u00e4glich<\/strong>, vorzugsweise zu einer Mahlzeit einnehmen, oder nach \u00e4rztlicher Anweisung.<\/p>\n<\/li>\n<\/ul>\n<h3 data-start=\"1868\" data-end=\"1885\">Gegenanzeigen<\/h3>\n<ul data-start=\"1886\" data-end=\"1975\">\n<li data-start=\"1886\" data-end=\"1975\">\n<p data-start=\"1888\" data-end=\"1975\">\u00dcberempfindlichkeit gegen Vitamin B12 oder einen sonstigen Bestandteil der Tabletten.<\/p>\n<\/li>\n<\/ul>\n<h3 data-start=\"1977\" data-end=\"2014\">Warnhinweise \/ Vorsichtsma\u00dfnahmen<\/h3>\n<ul data-start=\"2015\" data-end=\"2140\">\n<li data-start=\"2015\" data-end=\"2092\">\n<p data-start=\"2017\" data-end=\"2092\">Schwangerschaft und Stillzeit: vor der Anwendung \u00e4rztlichen Rat einholen.<\/p>\n<\/li>\n<li data-start=\"2093\" data-end=\"2140\">\n<p data-start=\"2095\" data-end=\"2140\">Kein Ersatz f\u00fcr eine ausgewogene Ern\u00e4hrung.<\/p>\n<\/li>\n<\/ul>\n<h3 data-start=\"2142\" data-end=\"2160\">Nebenwirkungen<\/h3>\n<ul data-start=\"2161\" data-end=\"2290\">\n<li data-start=\"2161\" data-end=\"2196\">\n<p data-start=\"2163\" data-end=\"2196\">Im Allgemeinen gut vertr\u00e4glich.<\/p>\n<\/li>\n<li data-start=\"2197\" data-end=\"2290\">\n<p data-start=\"2199\" data-end=\"2290\">Selten: leichte gastrointestinale Beschwerden, Kopfschmerzen oder allergische Reaktionen.<\/p>\n<\/li>\n<\/ul>\n<h3 data-start=\"2292\" data-end=\"2304\">Lagerung<\/h3>\n<ul data-start=\"2305\" data-end=\"2414\" data-is-last-node=\"\" data-is-only-node=\"\">\n<li data-start=\"2305\" data-end=\"2375\">\n<p data-start=\"2307\" data-end=\"2375\">K\u00fchl und trocken lagern, vor direkter Sonneneinstrahlung sch\u00fctzen.<\/p>\n<\/li>\n<li data-start=\"2376\" data-end=\"2414\" data-is-last-node=\"\">\n<p data-start=\"2378\" data-end=\"2414\" data-is-last-node=\"\">F\u00fcr Kinder unzug\u00e4nglich aufbewahren.<\/p>\n<\/li>\n<\/ul>\n<\/div>\n<\/div>\n<\/div>\n<\/div>\n<div class=\"z-0 flex min-h-[46px] justify-start\"><\/div>\n<div class=\"mt-3 w-full empty:hidden\">\n<div class=\"text-center\"><\/div>\n<\/div>\n<\/div>\n<\/div>\n<\/article>\n<\/div>\n<div class=\"pointer-events-none h-px w-px absolute bottom-0\" aria-hidden=\"true\" data-edge=\"true\"><\/div>\n<\/div>\n<\/div>\n<\/div>\n<\/div>\n<\/div>\n<\/div>\n<\/article>\n","protected":false},"excerpt":{"rendered":"<p>Bion Gold 10000mcg 30 Tabletten Darreichungsform: Tabletten Wirkstoff (pro Tablette): Vitamin B12 (Cyanocobalamin) 10000 mcg Anwendungsgebiete \/ Indikationen Unterst\u00fctzung der Bildung roter Blutk\u00f6rperchen und Vorbeugung von An\u00e4mie. Unterst\u00fctzung der Nervengesundheit und einer normalen neurologischen Funktion. Beteiligt am Energiestoffwechsel. Tr\u00e4gt zur Erhaltung der allgemeinen Vitalit\u00e4t und des Wohlbefindens bei. Anwendung \/ Dosierung 1 Tablette t\u00e4glich, vorzugsweise&#8230;<\/p>\n","protected":false},"featured_media":9882,"comment_status":"open","ping_status":"closed","template":"","meta":{"rs_blank_template":"","rs_page_bg_color":"","slide_template_v7":"","_bst_post_transparent":"default","_bst_post_title":"","_bst_post_layout":"default","_bst_post_sidebar_id":"","_bst_post_content_style":"default","_bst_post_vertical_padding":"default","_bst_post_feature":"","_bst_post_feature_position":"","_bst_post_header":false,"_bst_post_footer":false},"product_brand":[],"product_cat":[351,217,457,229],"product_tag":[],"product_brands":[],"class_list":{"0":"post-9883","1":"product","2":"type-product","3":"status-publish","4":"has-post-thumbnail","6":"product_cat-medical-forms","7":"product_cat-medicines","8":"product_cat-tablets-capsules","9":"product_cat-vitamins-general-supplements","11":"first","12":"instock","13":"shipping-taxable","14":"purchasable","15":"product-type-simple","16":"entry","17":"content-bg","18":"loop-entry"},"_links":{"self":[{"href":"https:\/\/nawarpharmacy.com\/de\/wp-json\/wp\/v2\/product\/9883","targetHints":{"allow":["GET"]}}],"collection":[{"href":"https:\/\/nawarpharmacy.com\/de\/wp-json\/wp\/v2\/product"}],"about":[{"href":"https:\/\/nawarpharmacy.com\/de\/wp-json\/wp\/v2\/types\/product"}],"replies":[{"embeddable":true,"href":"https:\/\/nawarpharmacy.com\/de\/wp-json\/wp\/v2\/comments?post=9883"}],"wp:featuredmedia":[{"embeddable":true,"href":"https:\/\/nawarpharmacy.com\/de\/wp-json\/wp\/v2\/media\/9882"}],"wp:attachment":[{"href":"https:\/\/nawarpharmacy.com\/de\/wp-json\/wp\/v2\/media?parent=9883"}],"wp:term":[{"taxonomy":"product_brand","embeddable":true,"href":"https:\/\/nawarpharmacy.com\/de\/wp-json\/wp\/v2\/product_brand?post=9883"},{"taxonomy":"product_cat","embeddable":true,"href":"https:\/\/nawarpharmacy.com\/de\/wp-json\/wp\/v2\/product_cat?post=9883"},{"taxonomy":"product_tag","embeddable":true,"href":"https:\/\/nawarpharmacy.com\/de\/wp-json\/wp\/v2\/product_tag?post=9883"},{"taxonomy":"product_brands","embeddable":true,"href":"https:\/\/nawarpharmacy.com\/de\/wp-json\/wp\/v2\/product_brands?post=9883"}],"curies":[{"name":"wp","href":"https:\/\/api.w.org\/{rel}","templated":true}]}}