{"id":9879,"date":"2025-11-22T22:57:47","date_gmt":"2025-11-22T22:57:47","guid":{"rendered":"https:\/\/nawarpharmacy.com\/?post_type=product&#038;p=9879"},"modified":"2026-02-23T15:41:58","modified_gmt":"2026-02-23T15:41:58","slug":"trib-gold-30-capsules","status":"publish","type":"product","link":"https:\/\/nawarpharmacy.com\/de\/produkt\/trib-gold-30-capsules\/","title":{"rendered":"Trib Gold 30 Kapseln"},"content":{"rendered":"<article class=\"text-token-text-primary w-full focus:outline-none [--shadow-height:45px] has-data-writing-block:pointer-events-none has-data-writing-block:-mt-(--shadow-height) has-data-writing-block:pt-(--shadow-height) [&amp;:has([data-writing-block])&gt;*]:pointer-events-auto [content-visibility:auto] supports-[content-visibility:auto]:[contain-intrinsic-size:auto_100lvh] scroll-mt-[calc(var(--header-height)+min(200px,max(70px,20svh)))]\" dir=\"auto\" data-turn-id=\"request-692073f5-3f80-832c-872f-7626d4388ea8-94\" data-testid=\"conversation-turn-206\" data-scroll-anchor=\"true\" data-turn=\"assistant\">\n<div class=\"text-base my-auto mx-auto pb-10 [--thread-content-margin:--spacing(4)] thread-sm:[--thread-content-margin:--spacing(6)] thread-lg:[--thread-content-margin:--spacing(16)] px-(--thread-content-margin)\">\n<div class=\"[--thread-content-max-width:40rem] thread-lg:[--thread-content-max-width:48rem] mx-auto max-w-(--thread-content-max-width) flex-1 group\/turn-messages focus-visible:outline-hidden relative flex w-full min-w-0 flex-col agent-turn\">\n<div class=\"flex max-w-full flex-col grow\">\n<div class=\"min-h-8 text-message relative flex w-full flex-col items-end gap-2 text-start break-words whitespace-normal [.text-message+&amp;]:mt-1\" dir=\"auto\" data-message-author-role=\"assistant\" data-message-id=\"39718344-840b-45eb-b8da-da9950a3cdfa\" data-message-model-slug=\"gpt-5-mini\">\n<div class=\"flex w-full flex-col gap-1 empty:hidden first:pt-[1px]\">\n<div class=\"markdown prose dark:prose-invert w-full break-words light markdown-new-styling\">\n<p data-start=\"1351\" data-end=\"1410\"><strong data-start=\"1351\" data-end=\"1376\">Trib Gold 30 Kapseln<\/strong><\/p>\n<p data-start=\"1351\" data-end=\"1410\"><strong data-start=\"1379\" data-end=\"1400\">Darreichungsform:<\/strong> Kapseln<\/p>\n<p data-start=\"1412\" data-end=\"1476\"><strong data-start=\"1412\" data-end=\"1439\">Wirkstoff (pro Kapsel):<\/strong> Tribulus-terrestris-Extrakt 500 mg<\/p>\n<h3 data-start=\"1478\" data-end=\"1514\">Anwendungsgebiete \/ Indikationen<\/h3>\n<ul data-start=\"1515\" data-end=\"1828\">\n<li data-start=\"1515\" data-end=\"1601\">\n<p data-start=\"1517\" data-end=\"1601\">Unterst\u00fctzung der m\u00e4nnlichen reproduktiven Gesundheit und des Testosteronspiegels.<\/p>\n<\/li>\n<li data-start=\"1602\" data-end=\"1701\">\n<p data-start=\"1604\" data-end=\"1701\">Kann zur Steigerung der Libido und zur Verbesserung der sexuellen Leistungsf\u00e4higkeit beitragen.<\/p>\n<\/li>\n<li data-start=\"1702\" data-end=\"1760\">\n<p data-start=\"1704\" data-end=\"1760\">F\u00f6rdert die allgemeine Vitalit\u00e4t und das Energielevel.<\/p>\n<\/li>\n<li data-start=\"1761\" data-end=\"1828\">\n<p data-start=\"1763\" data-end=\"1828\">Unterst\u00fctzt die k\u00f6rperliche Leistungsf\u00e4higkeit und Muskelkraft.<\/p>\n<\/li>\n<\/ul>\n<h3 data-start=\"1830\" data-end=\"1855\">Anwendung \/ Dosierung<\/h3>\n<ul data-start=\"1856\" data-end=\"1955\">\n<li data-start=\"1856\" data-end=\"1955\">\n<p data-start=\"1858\" data-end=\"1955\"><strong data-start=\"1858\" data-end=\"1878\">1 Kapsel t\u00e4glich<\/strong>, vorzugsweise zu den Mahlzeiten einnehmen, oder nach \u00e4rztlicher Anweisung.<\/p>\n<\/li>\n<\/ul>\n<h3 data-start=\"1957\" data-end=\"1974\">Gegenanzeigen<\/h3>\n<ul data-start=\"1975\" data-end=\"2124\">\n<li data-start=\"1975\" data-end=\"2069\">\n<p data-start=\"1977\" data-end=\"2069\">\u00dcberempfindlichkeit gegen Tribulus terrestris oder einen sonstigen Bestandteil der Kapsel.<\/p>\n<\/li>\n<li data-start=\"2070\" data-end=\"2124\">\n<p data-start=\"2072\" data-end=\"2124\">Nicht empfohlen bei hormonabh\u00e4ngigen Erkrankungen.<\/p>\n<\/li>\n<\/ul>\n<h3 data-start=\"2126\" data-end=\"2163\">Warnhinweise \/ Vorsichtsma\u00dfnahmen<\/h3>\n<ul data-start=\"2164\" data-end=\"2312\">\n<li data-start=\"2164\" data-end=\"2219\">\n<p data-start=\"2166\" data-end=\"2219\">Schwangerschaft und Stillzeit: Anwendung vermeiden.<\/p>\n<\/li>\n<li data-start=\"2220\" data-end=\"2312\">\n<p data-start=\"2222\" data-end=\"2312\">Kein Ersatz f\u00fcr eine ausgewogene Ern\u00e4hrung oder eine verordnete medizinische Behandlung.<\/p>\n<\/li>\n<\/ul>\n<h3 data-start=\"2314\" data-end=\"2332\">Nebenwirkungen<\/h3>\n<ul data-start=\"2333\" data-end=\"2462\">\n<li data-start=\"2333\" data-end=\"2368\">\n<p data-start=\"2335\" data-end=\"2368\">Im Allgemeinen gut vertr\u00e4glich.<\/p>\n<\/li>\n<li data-start=\"2369\" data-end=\"2462\">\n<p data-start=\"2371\" data-end=\"2462\">Selten: leichte gastrointestinale Beschwerden, Kopfschmerzen oder allergische Reaktionen.<\/p>\n<\/li>\n<\/ul>\n<h3 data-start=\"2464\" data-end=\"2476\">Lagerung<\/h3>\n<ul data-start=\"2477\" data-end=\"2586\" data-is-last-node=\"\" data-is-only-node=\"\">\n<li data-start=\"2477\" data-end=\"2547\">\n<p data-start=\"2479\" data-end=\"2547\">K\u00fchl und trocken lagern, vor direkter Sonneneinstrahlung sch\u00fctzen.<\/p>\n<\/li>\n<li data-start=\"2548\" data-end=\"2586\" data-is-last-node=\"\">\n<p data-start=\"2550\" data-end=\"2586\" data-is-last-node=\"\">F\u00fcr Kinder unzug\u00e4nglich aufbewahren.<\/p>\n<\/li>\n<\/ul>\n<\/div>\n<\/div>\n<\/div>\n<\/div>\n<\/div>\n<\/div>\n<\/article>\n","protected":false},"excerpt":{"rendered":"<p>Trib Gold 30 Kapseln Darreichungsform: Kapseln Wirkstoff (pro Kapsel): Tribulus-terrestris-Extrakt 500 mg Anwendungsgebiete \/ Indikationen Unterst\u00fctzung der m\u00e4nnlichen reproduktiven Gesundheit und des Testosteronspiegels. Kann zur Steigerung der Libido und zur Verbesserung der sexuellen Leistungsf\u00e4higkeit beitragen. F\u00f6rdert die allgemeine Vitalit\u00e4t und das Energielevel. Unterst\u00fctzt die k\u00f6rperliche Leistungsf\u00e4higkeit und Muskelkraft. Anwendung \/ Dosierung 1 Kapsel t\u00e4glich, vorzugsweise&#8230;<\/p>\n","protected":false},"featured_media":9878,"comment_status":"open","ping_status":"closed","template":"","meta":{"rs_blank_template":"","rs_page_bg_color":"","slide_template_v7":"","_bst_post_transparent":"default","_bst_post_title":"","_bst_post_layout":"default","_bst_post_sidebar_id":"","_bst_post_content_style":"default","_bst_post_vertical_padding":"default","_bst_post_feature":"","_bst_post_feature_position":"","_bst_post_header":false,"_bst_post_footer":false},"product_brand":[],"product_cat":[351,217,275,457,229],"product_tag":[],"product_brands":[],"class_list":{"0":"post-9879","1":"product","2":"type-product","3":"status-publish","4":"has-post-thumbnail","6":"product_cat-medical-forms","7":"product_cat-medicines","8":"product_cat-sexual-intercourse-medications","9":"product_cat-tablets-capsules","10":"product_cat-vitamins-general-supplements","12":"first","13":"instock","14":"shipping-taxable","15":"purchasable","16":"product-type-simple","17":"entry","18":"content-bg","19":"loop-entry"},"_links":{"self":[{"href":"https:\/\/nawarpharmacy.com\/de\/wp-json\/wp\/v2\/product\/9879","targetHints":{"allow":["GET"]}}],"collection":[{"href":"https:\/\/nawarpharmacy.com\/de\/wp-json\/wp\/v2\/product"}],"about":[{"href":"https:\/\/nawarpharmacy.com\/de\/wp-json\/wp\/v2\/types\/product"}],"replies":[{"embeddable":true,"href":"https:\/\/nawarpharmacy.com\/de\/wp-json\/wp\/v2\/comments?post=9879"}],"wp:featuredmedia":[{"embeddable":true,"href":"https:\/\/nawarpharmacy.com\/de\/wp-json\/wp\/v2\/media\/9878"}],"wp:attachment":[{"href":"https:\/\/nawarpharmacy.com\/de\/wp-json\/wp\/v2\/media?parent=9879"}],"wp:term":[{"taxonomy":"product_brand","embeddable":true,"href":"https:\/\/nawarpharmacy.com\/de\/wp-json\/wp\/v2\/product_brand?post=9879"},{"taxonomy":"product_cat","embeddable":true,"href":"https:\/\/nawarpharmacy.com\/de\/wp-json\/wp\/v2\/product_cat?post=9879"},{"taxonomy":"product_tag","embeddable":true,"href":"https:\/\/nawarpharmacy.com\/de\/wp-json\/wp\/v2\/product_tag?post=9879"},{"taxonomy":"product_brands","embeddable":true,"href":"https:\/\/nawarpharmacy.com\/de\/wp-json\/wp\/v2\/product_brands?post=9879"}],"curies":[{"name":"wp","href":"https:\/\/api.w.org\/{rel}","templated":true}]}}