{"id":9871,"date":"2025-11-22T22:59:49","date_gmt":"2025-11-22T22:59:49","guid":{"rendered":"https:\/\/nawarpharmacy.com\/?post_type=product&#038;p=9871"},"modified":"2026-02-23T15:39:10","modified_gmt":"2026-02-23T15:39:10","slug":"tomex-80-tablets","status":"publish","type":"product","link":"https:\/\/nawarpharmacy.com\/de\/produkt\/tomex-80-tablets\/","title":{"rendered":"Tomex 80 Tabletten"},"content":{"rendered":"<article class=\"text-token-text-primary w-full focus:outline-none [--shadow-height:45px] has-data-writing-block:pointer-events-none has-data-writing-block:-mt-(--shadow-height) has-data-writing-block:pt-(--shadow-height) [&amp;:has([data-writing-block])&gt;*]:pointer-events-auto [content-visibility:auto] supports-[content-visibility:auto]:[contain-intrinsic-size:auto_100lvh] scroll-mt-[calc(var(--header-height)+min(200px,max(70px,20svh)))]\" dir=\"auto\" data-turn-id=\"request-692073f5-3f80-832c-872f-7626d4388ea8-92\" data-testid=\"conversation-turn-202\" data-scroll-anchor=\"true\" data-turn=\"assistant\">\n<div class=\"text-base my-auto mx-auto pb-10 [--thread-content-margin:--spacing(4)] thread-sm:[--thread-content-margin:--spacing(6)] thread-lg:[--thread-content-margin:--spacing(16)] px-(--thread-content-margin)\">\n<div class=\"[--thread-content-max-width:40rem] thread-lg:[--thread-content-max-width:48rem] mx-auto max-w-(--thread-content-max-width) flex-1 group\/turn-messages focus-visible:outline-hidden relative flex w-full min-w-0 flex-col agent-turn\">\n<div class=\"flex max-w-full flex-col grow\">\n<div class=\"min-h-8 text-message relative flex w-full flex-col items-end gap-2 text-start break-words whitespace-normal [.text-message+&amp;]:mt-1\" dir=\"auto\" data-message-author-role=\"assistant\" data-message-id=\"1930aa65-c79c-4aa1-9846-74439ba137e2\" data-message-model-slug=\"gpt-5-mini\">\n<div class=\"flex w-full flex-col gap-1 empty:hidden first:pt-[1px]\">\n<div class=\"markdown prose dark:prose-invert w-full break-words light markdown-new-styling\">\n<p data-start=\"1658\" data-end=\"1717\"><strong data-start=\"1658\" data-end=\"1681\">Tomex 80 Tabletten<\/strong><\/p>\n<p data-start=\"1658\" data-end=\"1717\"><strong data-start=\"1684\" data-end=\"1705\">Darreichungsform:<\/strong> Tabletten<\/p>\n<p data-start=\"1719\" data-end=\"1751\"><strong data-start=\"1719\" data-end=\"1749\">Wirkstoffe (pro Tablette):<\/strong><\/p>\n<ul data-start=\"1752\" data-end=\"1843\">\n<li data-start=\"1752\" data-end=\"1789\">\n<p data-start=\"1754\" data-end=\"1789\">Dextromethorphanhydrobromid 10 mg<\/p>\n<\/li>\n<li data-start=\"1790\" data-end=\"1812\">\n<p data-start=\"1792\" data-end=\"1812\">Guaifenesin 200 mg<\/p>\n<\/li>\n<li data-start=\"1813\" data-end=\"1843\">\n<p data-start=\"1815\" data-end=\"1843\">Chlorpheniraminmaleat 2 mg<\/p>\n<\/li>\n<\/ul>\n<h3 data-start=\"1845\" data-end=\"1881\">Anwendungsgebiete \/ Indikationen<\/h3>\n<ul data-start=\"1882\" data-end=\"2140\">\n<li data-start=\"1882\" data-end=\"1971\">\n<p data-start=\"1884\" data-end=\"1971\">Zur Linderung von Husten und zur F\u00f6rderung des Schleimabtransports aus den Atemwegen.<\/p>\n<\/li>\n<li data-start=\"1972\" data-end=\"2052\">\n<p data-start=\"1974\" data-end=\"2052\">Symptomatische Behandlung von Erk\u00e4ltungs- und allergiebedingten Beschwerden.<\/p>\n<\/li>\n<li data-start=\"2053\" data-end=\"2140\">\n<p data-start=\"2055\" data-end=\"2140\">Erleichtert die Atmung durch Reduktion von Rachenreizungen und Atemwegsverstopfung.<\/p>\n<\/li>\n<\/ul>\n<h3 data-start=\"2142\" data-end=\"2167\">Anwendung \/ Dosierung<\/h3>\n<ul data-start=\"2168\" data-end=\"2316\">\n<li data-start=\"2168\" data-end=\"2270\">\n<p data-start=\"2170\" data-end=\"2270\"><strong data-start=\"2170\" data-end=\"2200\">1 Tablette 2\u20133-mal t\u00e4glich<\/strong>, vorzugsweise mit Wasser einnehmen, oder nach \u00e4rztlicher Anweisung.<\/p>\n<\/li>\n<li data-start=\"2271\" data-end=\"2316\">\n<p data-start=\"2273\" data-end=\"2316\">Die empfohlene Dosis nicht \u00fcberschreiten.<\/p>\n<\/li>\n<\/ul>\n<h3 data-start=\"2318\" data-end=\"2335\">Gegenanzeigen<\/h3>\n<ul data-start=\"2336\" data-end=\"2539\">\n<li data-start=\"2336\" data-end=\"2403\">\n<p data-start=\"2338\" data-end=\"2403\">\u00dcberempfindlichkeit gegen einen der Bestandteile der Tabletten.<\/p>\n<\/li>\n<li data-start=\"2404\" data-end=\"2470\">\n<p data-start=\"2406\" data-end=\"2470\">Nicht empfohlen f\u00fcr Kinder unter 6 Jahren ohne \u00e4rztlichen Rat.<\/p>\n<\/li>\n<li data-start=\"2471\" data-end=\"2539\">\n<p data-start=\"2473\" data-end=\"2539\">Anwendung vermeiden bei schweren Leber- oder Nierenerkrankungen.<\/p>\n<\/li>\n<\/ul>\n<h3 data-start=\"2541\" data-end=\"2578\">Warnhinweise \/ Vorsichtsma\u00dfnahmen<\/h3>\n<ul data-start=\"2579\" data-end=\"2787\">\n<li data-start=\"2579\" data-end=\"2661\">\n<p data-start=\"2581\" data-end=\"2661\">Vorsicht bei gleichzeitiger Einnahme anderer Husten- oder Erk\u00e4ltungspr\u00e4parate.<\/p>\n<\/li>\n<li data-start=\"2662\" data-end=\"2739\">\n<p data-start=\"2664\" data-end=\"2739\">Schwangerschaft und Stillzeit: vor der Anwendung \u00e4rztlichen Rat einholen.<\/p>\n<\/li>\n<li data-start=\"2740\" data-end=\"2787\">\n<p data-start=\"2742\" data-end=\"2787\">Kein Ersatz f\u00fcr eine ausgewogene Ern\u00e4hrung.<\/p>\n<\/li>\n<\/ul>\n<h3 data-start=\"2789\" data-end=\"2807\">Nebenwirkungen<\/h3>\n<ul data-start=\"2808\" data-end=\"2957\">\n<li data-start=\"2808\" data-end=\"2843\">\n<p data-start=\"2810\" data-end=\"2843\">Im Allgemeinen gut vertr\u00e4glich.<\/p>\n<\/li>\n<li data-start=\"2844\" data-end=\"2921\">\n<p data-start=\"2846\" data-end=\"2921\">M\u00f6glich: leichte Schl\u00e4frigkeit, Schwindel, \u00dcbelkeit oder Mundtrockenheit.<\/p>\n<\/li>\n<li data-start=\"2922\" data-end=\"2957\">\n<p data-start=\"2924\" data-end=\"2957\">Selten: allergische Reaktionen.<\/p>\n<\/li>\n<\/ul>\n<h3 data-start=\"2959\" data-end=\"2971\">Lagerung<\/h3>\n<ul data-start=\"2972\" data-end=\"3081\" data-is-last-node=\"\" data-is-only-node=\"\">\n<li data-start=\"2972\" data-end=\"3042\">\n<p data-start=\"2974\" data-end=\"3042\">K\u00fchl und trocken lagern, vor direkter Sonneneinstrahlung sch\u00fctzen.<\/p>\n<\/li>\n<li data-start=\"3043\" data-end=\"3081\" data-is-last-node=\"\">\n<p data-start=\"3045\" data-end=\"3081\" data-is-last-node=\"\">F\u00fcr Kinder unzug\u00e4nglich aufbewahren.<\/p>\n<\/li>\n<\/ul>\n<\/div>\n<\/div>\n<\/div>\n<\/div>\n<\/div>\n<\/div>\n<\/article>\n","protected":false},"excerpt":{"rendered":"<p>Tomex 80 Tabletten Darreichungsform: Tabletten Wirkstoffe (pro Tablette): Dextromethorphanhydrobromid 10 mg Guaifenesin 200 mg Chlorpheniraminmaleat 2 mg Anwendungsgebiete \/ Indikationen Zur Linderung von Husten und zur F\u00f6rderung des Schleimabtransports aus den Atemwegen. Symptomatische Behandlung von Erk\u00e4ltungs- und allergiebedingten Beschwerden. Erleichtert die Atmung durch Reduktion von Rachenreizungen und Atemwegsverstopfung. Anwendung \/ Dosierung 1 Tablette 2\u20133-mal t\u00e4glich,&#8230;<\/p>\n","protected":false},"featured_media":9870,"comment_status":"open","ping_status":"closed","template":"","meta":{"rs_blank_template":"","rs_page_bg_color":"","slide_template_v7":"","_bst_post_transparent":"default","_bst_post_title":"","_bst_post_layout":"default","_bst_post_sidebar_id":"","_bst_post_content_style":"default","_bst_post_vertical_padding":"default","_bst_post_feature":"","_bst_post_feature_position":"","_bst_post_header":false,"_bst_post_footer":false},"product_brand":[],"product_cat":[351,217,457,229],"product_tag":[],"product_brands":[],"class_list":{"0":"post-9871","1":"product","2":"type-product","3":"status-publish","4":"has-post-thumbnail","6":"product_cat-medical-forms","7":"product_cat-medicines","8":"product_cat-tablets-capsules","9":"product_cat-vitamins-general-supplements","11":"first","12":"instock","13":"shipping-taxable","14":"purchasable","15":"product-type-simple","16":"entry","17":"content-bg","18":"loop-entry"},"_links":{"self":[{"href":"https:\/\/nawarpharmacy.com\/de\/wp-json\/wp\/v2\/product\/9871","targetHints":{"allow":["GET"]}}],"collection":[{"href":"https:\/\/nawarpharmacy.com\/de\/wp-json\/wp\/v2\/product"}],"about":[{"href":"https:\/\/nawarpharmacy.com\/de\/wp-json\/wp\/v2\/types\/product"}],"replies":[{"embeddable":true,"href":"https:\/\/nawarpharmacy.com\/de\/wp-json\/wp\/v2\/comments?post=9871"}],"wp:featuredmedia":[{"embeddable":true,"href":"https:\/\/nawarpharmacy.com\/de\/wp-json\/wp\/v2\/media\/9870"}],"wp:attachment":[{"href":"https:\/\/nawarpharmacy.com\/de\/wp-json\/wp\/v2\/media?parent=9871"}],"wp:term":[{"taxonomy":"product_brand","embeddable":true,"href":"https:\/\/nawarpharmacy.com\/de\/wp-json\/wp\/v2\/product_brand?post=9871"},{"taxonomy":"product_cat","embeddable":true,"href":"https:\/\/nawarpharmacy.com\/de\/wp-json\/wp\/v2\/product_cat?post=9871"},{"taxonomy":"product_tag","embeddable":true,"href":"https:\/\/nawarpharmacy.com\/de\/wp-json\/wp\/v2\/product_tag?post=9871"},{"taxonomy":"product_brands","embeddable":true,"href":"https:\/\/nawarpharmacy.com\/de\/wp-json\/wp\/v2\/product_brands?post=9871"}],"curies":[{"name":"wp","href":"https:\/\/api.w.org\/{rel}","templated":true}]}}