{"id":9861,"date":"2025-11-22T23:01:06","date_gmt":"2025-11-22T23:01:06","guid":{"rendered":"https:\/\/nawarpharmacy.com\/?post_type=product&#038;p=9861"},"modified":"2026-02-23T15:35:35","modified_gmt":"2026-02-23T15:35:35","slug":"tebofortin-40mg-30-tablets","status":"publish","type":"product","link":"https:\/\/nawarpharmacy.com\/de\/produkt\/tebofortin-40mg-30-tablets\/","title":{"rendered":"Tebofortin 40mg 30 Tabletten"},"content":{"rendered":"<article class=\"text-token-text-primary w-full focus:outline-none [--shadow-height:45px] has-data-writing-block:pointer-events-none has-data-writing-block:-mt-(--shadow-height) has-data-writing-block:pt-(--shadow-height) [&amp;:has([data-writing-block])&gt;*]:pointer-events-auto [content-visibility:auto] supports-[content-visibility:auto]:[contain-intrinsic-size:auto_100lvh] scroll-mt-[calc(var(--header-height)+min(200px,max(70px,20svh)))]\" dir=\"auto\" data-turn-id=\"request-692073f5-3f80-832c-872f-7626d4388ea8-90\" data-testid=\"conversation-turn-198\" data-scroll-anchor=\"true\" data-turn=\"assistant\">\n<div class=\"text-base my-auto mx-auto pb-10 [--thread-content-margin:--spacing(4)] thread-sm:[--thread-content-margin:--spacing(6)] thread-lg:[--thread-content-margin:--spacing(16)] px-(--thread-content-margin)\">\n<div class=\"[--thread-content-max-width:40rem] thread-lg:[--thread-content-max-width:48rem] mx-auto max-w-(--thread-content-max-width) flex-1 group\/turn-messages focus-visible:outline-hidden relative flex w-full min-w-0 flex-col agent-turn\">\n<div class=\"flex max-w-full flex-col grow\">\n<div class=\"min-h-8 text-message relative flex w-full flex-col items-end gap-2 text-start break-words whitespace-normal [.text-message+&amp;]:mt-1\" dir=\"auto\" data-message-author-role=\"assistant\" data-message-id=\"f9cee880-d28c-4b41-96c0-e7bf64e3d6cf\" data-message-model-slug=\"gpt-5-mini\">\n<div class=\"flex w-full flex-col gap-1 empty:hidden first:pt-[1px]\">\n<div class=\"markdown prose dark:prose-invert w-full break-words light markdown-new-styling\">\n<p data-start=\"1554\" data-end=\"1624\"><strong data-start=\"1554\" data-end=\"1588\">Tebofortin 40 mg, 30 Tabletten<\/strong><\/p>\n<p data-start=\"1554\" data-end=\"1624\"><br data-start=\"1588\" data-end=\"1591\" \/><strong data-start=\"1591\" data-end=\"1612\">Darreichungsform:<\/strong> Tabletten<\/p>\n<p data-start=\"1626\" data-end=\"1690\"><strong data-start=\"1626\" data-end=\"1655\">Wirkstoff (pro Tablette):<\/strong> Ginkgo-biloba-Blattextrakt 40 mg<\/p>\n<h3 data-start=\"1692\" data-end=\"1728\">Anwendungsgebiete \/ Indikationen<\/h3>\n<ul data-start=\"1729\" data-end=\"1984\">\n<li data-start=\"1729\" data-end=\"1803\">\n<p data-start=\"1731\" data-end=\"1803\">Unterst\u00fctzung der kognitiven Leistungsf\u00e4higkeit und des Ged\u00e4chtnisses.<\/p>\n<\/li>\n<li data-start=\"1804\" data-end=\"1866\">\n<p data-start=\"1806\" data-end=\"1866\">F\u00f6rdert eine gesunde periphere und zerebrale Durchblutung.<\/p>\n<\/li>\n<li data-start=\"1867\" data-end=\"1890\">\n<p data-start=\"1869\" data-end=\"1890\">Wirkt antioxidativ.<\/p>\n<\/li>\n<li data-start=\"1891\" data-end=\"1984\">\n<p data-start=\"1893\" data-end=\"1984\">Kann zur Verbesserung von Aufmerksamkeit, Konzentration und geistiger Klarheit beitragen.<\/p>\n<\/li>\n<\/ul>\n<h3 data-start=\"1986\" data-end=\"2011\">Anwendung \/ Dosierung<\/h3>\n<ul data-start=\"2012\" data-end=\"2113\">\n<li data-start=\"2012\" data-end=\"2113\">\n<p data-start=\"2014\" data-end=\"2113\"><strong data-start=\"2014\" data-end=\"2036\">1 Tablette t\u00e4glich<\/strong>, vorzugsweise zu den Mahlzeiten einnehmen, oder nach \u00e4rztlicher Anweisung.<\/p>\n<\/li>\n<\/ul>\n<h3 data-start=\"2115\" data-end=\"2132\">Gegenanzeigen<\/h3>\n<ul data-start=\"2133\" data-end=\"2340\">\n<li data-start=\"2133\" data-end=\"2225\">\n<p data-start=\"2135\" data-end=\"2225\">\u00dcberempfindlichkeit gegen Ginkgo biloba oder einen sonstigen Bestandteil des Pr\u00e4parates.<\/p>\n<\/li>\n<li data-start=\"2226\" data-end=\"2340\">\n<p data-start=\"2228\" data-end=\"2340\">Ohne \u00e4rztlichen Rat nicht empfohlen bei Gerinnungsst\u00f6rungen oder gleichzeitiger Einnahme von Antikoagulanzien.<\/p>\n<\/li>\n<\/ul>\n<h3 data-start=\"2342\" data-end=\"2379\">Warnhinweise \/ Vorsichtsma\u00dfnahmen<\/h3>\n<ul data-start=\"2380\" data-end=\"2601\">\n<li data-start=\"2380\" data-end=\"2457\">\n<p data-start=\"2382\" data-end=\"2457\">Schwangerschaft und Stillzeit: vor der Anwendung \u00e4rztlichen Rat einholen.<\/p>\n<\/li>\n<li data-start=\"2458\" data-end=\"2553\">\n<p data-start=\"2460\" data-end=\"2553\">Vorsicht bei gleichzeitiger Einnahme von Arzneimitteln, die die Blutgerinnung beeinflussen.<\/p>\n<\/li>\n<li data-start=\"2554\" data-end=\"2601\">\n<p data-start=\"2556\" data-end=\"2601\">Kein Ersatz f\u00fcr eine ausgewogene Ern\u00e4hrung.<\/p>\n<\/li>\n<\/ul>\n<h3 data-start=\"2603\" data-end=\"2621\">Nebenwirkungen<\/h3>\n<ul data-start=\"2622\" data-end=\"2800\">\n<li data-start=\"2622\" data-end=\"2657\">\n<p data-start=\"2624\" data-end=\"2657\">Im Allgemeinen gut vertr\u00e4glich.<\/p>\n<\/li>\n<li data-start=\"2658\" data-end=\"2763\">\n<p data-start=\"2660\" data-end=\"2763\">M\u00f6glich: leichte gastrointestinale Beschwerden, Kopfschmerzen, Schwindel oder allergische Reaktionen.<\/p>\n<\/li>\n<li data-start=\"2764\" data-end=\"2800\">\n<p data-start=\"2766\" data-end=\"2800\">Selten: erh\u00f6htes Blutungsrisiko.<\/p>\n<\/li>\n<\/ul>\n<h3 data-start=\"2802\" data-end=\"2814\">Lagerung<\/h3>\n<ul data-start=\"2815\" data-end=\"2924\" data-is-last-node=\"\" data-is-only-node=\"\">\n<li data-start=\"2815\" data-end=\"2885\">\n<p data-start=\"2817\" data-end=\"2885\">K\u00fchl und trocken lagern, vor direkter Sonneneinstrahlung sch\u00fctzen.<\/p>\n<\/li>\n<li data-start=\"2886\" data-end=\"2924\" data-is-last-node=\"\">\n<p data-start=\"2888\" data-end=\"2924\" data-is-last-node=\"\">F\u00fcr Kinder unzug\u00e4nglich aufbewahren.<\/p>\n<\/li>\n<\/ul>\n<\/div>\n<\/div>\n<\/div>\n<\/div>\n<\/div>\n<\/div>\n<\/article>\n","protected":false},"excerpt":{"rendered":"<p>Tebofortin 40 mg, 30 Tabletten Darreichungsform: Tabletten Wirkstoff (pro Tablette): Ginkgo-biloba-Blattextrakt 40 mg Anwendungsgebiete \/ Indikationen Unterst\u00fctzung der kognitiven Leistungsf\u00e4higkeit und des Ged\u00e4chtnisses. F\u00f6rdert eine gesunde periphere und zerebrale Durchblutung. Wirkt antioxidativ. Kann zur Verbesserung von Aufmerksamkeit, Konzentration und geistiger Klarheit beitragen. Anwendung \/ Dosierung 1 Tablette t\u00e4glich, vorzugsweise zu den Mahlzeiten einnehmen, oder nach&#8230;<\/p>\n","protected":false},"featured_media":9860,"comment_status":"open","ping_status":"closed","template":"","meta":{"rs_blank_template":"","rs_page_bg_color":"","slide_template_v7":"","_bst_post_transparent":"default","_bst_post_title":"","_bst_post_layout":"default","_bst_post_sidebar_id":"","_bst_post_content_style":"default","_bst_post_vertical_padding":"default","_bst_post_feature":"","_bst_post_feature_position":"","_bst_post_header":false,"_bst_post_footer":false},"product_brand":[],"product_cat":[351,217,457,229],"product_tag":[],"product_brands":[],"class_list":{"0":"post-9861","1":"product","2":"type-product","3":"status-publish","4":"has-post-thumbnail","6":"product_cat-medical-forms","7":"product_cat-medicines","8":"product_cat-tablets-capsules","9":"product_cat-vitamins-general-supplements","11":"first","12":"instock","13":"shipping-taxable","14":"purchasable","15":"product-type-simple","16":"entry","17":"content-bg","18":"loop-entry"},"_links":{"self":[{"href":"https:\/\/nawarpharmacy.com\/de\/wp-json\/wp\/v2\/product\/9861","targetHints":{"allow":["GET"]}}],"collection":[{"href":"https:\/\/nawarpharmacy.com\/de\/wp-json\/wp\/v2\/product"}],"about":[{"href":"https:\/\/nawarpharmacy.com\/de\/wp-json\/wp\/v2\/types\/product"}],"replies":[{"embeddable":true,"href":"https:\/\/nawarpharmacy.com\/de\/wp-json\/wp\/v2\/comments?post=9861"}],"wp:featuredmedia":[{"embeddable":true,"href":"https:\/\/nawarpharmacy.com\/de\/wp-json\/wp\/v2\/media\/9860"}],"wp:attachment":[{"href":"https:\/\/nawarpharmacy.com\/de\/wp-json\/wp\/v2\/media?parent=9861"}],"wp:term":[{"taxonomy":"product_brand","embeddable":true,"href":"https:\/\/nawarpharmacy.com\/de\/wp-json\/wp\/v2\/product_brand?post=9861"},{"taxonomy":"product_cat","embeddable":true,"href":"https:\/\/nawarpharmacy.com\/de\/wp-json\/wp\/v2\/product_cat?post=9861"},{"taxonomy":"product_tag","embeddable":true,"href":"https:\/\/nawarpharmacy.com\/de\/wp-json\/wp\/v2\/product_tag?post=9861"},{"taxonomy":"product_brands","embeddable":true,"href":"https:\/\/nawarpharmacy.com\/de\/wp-json\/wp\/v2\/product_brands?post=9861"}],"curies":[{"name":"wp","href":"https:\/\/api.w.org\/{rel}","templated":true}]}}