{"id":9857,"date":"2025-11-22T23:01:47","date_gmt":"2025-11-22T23:01:47","guid":{"rendered":"https:\/\/nawarpharmacy.com\/?post_type=product&#038;p=9857"},"modified":"2026-02-23T15:32:08","modified_gmt":"2026-02-23T15:32:08","slug":"tebofortin-forte-80mg-30-tablets","status":"publish","type":"product","link":"https:\/\/nawarpharmacy.com\/de\/produkt\/tebofortin-forte-80mg-30-tablets\/","title":{"rendered":"Tebofortin Forte 80mg 30 Tabletten"},"content":{"rendered":"<article class=\"text-token-text-primary w-full focus:outline-none [--shadow-height:45px] has-data-writing-block:pointer-events-none has-data-writing-block:-mt-(--shadow-height) has-data-writing-block:pt-(--shadow-height) [&amp;:has([data-writing-block])&gt;*]:pointer-events-auto [content-visibility:auto] supports-[content-visibility:auto]:[contain-intrinsic-size:auto_100lvh] scroll-mt-[calc(var(--header-height)+min(200px,max(70px,20svh)))]\" dir=\"auto\" data-turn-id=\"request-692073f5-3f80-832c-872f-7626d4388ea8-89\" data-testid=\"conversation-turn-196\" data-scroll-anchor=\"true\" data-turn=\"assistant\">\n<div class=\"text-base my-auto mx-auto pb-10 [--thread-content-margin:--spacing(4)] thread-sm:[--thread-content-margin:--spacing(6)] thread-lg:[--thread-content-margin:--spacing(16)] px-(--thread-content-margin)\">\n<div class=\"[--thread-content-max-width:40rem] thread-lg:[--thread-content-max-width:48rem] mx-auto max-w-(--thread-content-max-width) flex-1 group\/turn-messages focus-visible:outline-hidden relative flex w-full min-w-0 flex-col agent-turn\">\n<div class=\"flex max-w-full flex-col grow\">\n<div class=\"min-h-8 text-message relative flex w-full flex-col items-end gap-2 text-start break-words whitespace-normal [.text-message+&amp;]:mt-1\" dir=\"auto\" data-message-author-role=\"assistant\" data-message-id=\"f2dc9f12-9b23-495f-a4b6-ebe9c8296028\" data-message-model-slug=\"gpt-5-mini\">\n<div class=\"flex w-full flex-col gap-1 empty:hidden first:pt-[1px]\">\n<div class=\"markdown prose dark:prose-invert w-full break-words light markdown-new-styling\">\n<div class=\"flex flex-col text-sm pb-25\">\n<article class=\"text-token-text-primary w-full focus:outline-none [--shadow-height:45px] has-data-writing-block:pointer-events-none has-data-writing-block:-mt-(--shadow-height) has-data-writing-block:pt-(--shadow-height) [&amp;:has([data-writing-block])&gt;*]:pointer-events-auto scroll-mt-[calc(var(--header-height)+min(200px,max(70px,20svh)))]\" dir=\"auto\" tabindex=\"-1\" data-turn-id=\"request-WEB:209e3289-63e4-414b-883e-c54fb0e043f1-6\" data-testid=\"conversation-turn-8\" data-scroll-anchor=\"true\" data-turn=\"assistant\">\n<div class=\"text-base my-auto mx-auto pb-10 [--thread-content-margin:--spacing(4)] @w-sm\/main:[--thread-content-margin:--spacing(6)] @w-lg\/main:[--thread-content-margin:--spacing(16)] px-(--thread-content-margin)\">\n<div class=\"[--thread-content-max-width:40rem] @w-lg\/main:[--thread-content-max-width:48rem] mx-auto max-w-(--thread-content-max-width) flex-1 group\/turn-messages focus-visible:outline-hidden relative flex w-full min-w-0 flex-col agent-turn\" tabindex=\"-1\">\n<div class=\"flex max-w-full flex-col grow\">\n<div class=\"min-h-8 text-message relative flex w-full flex-col items-end gap-2 text-start break-words whitespace-normal [.text-message+&amp;]:mt-1\" dir=\"auto\" data-message-author-role=\"assistant\" data-message-id=\"ababd379-d454-407e-9900-d26950da2447\" data-message-model-slug=\"gpt-5-2\">\n<div class=\"flex w-full flex-col gap-1 empty:hidden first:pt-[1px]\">\n<div class=\"markdown prose dark:prose-invert w-full wrap-break-word dark markdown-new-styling\">\n<p data-start=\"1613\" data-end=\"1706\"><strong data-start=\"1630\" data-end=\"1670\">Tebofortin Forte 80 mg, 30 Tabletten<\/strong><\/p>\n<p data-start=\"1613\" data-end=\"1706\"><br data-start=\"1670\" data-end=\"1673\" \/><strong data-start=\"1673\" data-end=\"1694\">Darreichungsform:<\/strong> Tabletten<\/p>\n<p data-start=\"1708\" data-end=\"1772\"><strong data-start=\"1708\" data-end=\"1737\">Wirkstoff (pro Tablette):<\/strong> Ginkgo-biloba-Blattextrakt 80 mg<\/p>\n<h3 data-start=\"1774\" data-end=\"1810\">Anwendungsgebiete \/ Indikationen<\/h3>\n<ul data-start=\"1811\" data-end=\"2094\">\n<li data-start=\"1811\" data-end=\"1909\">\n<p data-start=\"1813\" data-end=\"1909\">Unterst\u00fctzung der kognitiven Leistungsf\u00e4higkeit, des Ged\u00e4chtnisses und der geistigen Klarheit.<\/p>\n<\/li>\n<li data-start=\"1910\" data-end=\"1972\">\n<p data-start=\"1912\" data-end=\"1972\">F\u00f6rdert eine gesunde periphere und zerebrale Durchblutung.<\/p>\n<\/li>\n<li data-start=\"1973\" data-end=\"1996\">\n<p data-start=\"1975\" data-end=\"1996\">Wirkt antioxidativ.<\/p>\n<\/li>\n<li data-start=\"1997\" data-end=\"2094\">\n<p data-start=\"1999\" data-end=\"2094\">Kann zur Verringerung von Symptomen leichter Angstzust\u00e4nde oder geistiger Erm\u00fcdung beitragen.<\/p>\n<\/li>\n<\/ul>\n<h3 data-start=\"2096\" data-end=\"2121\">Anwendung \/ Dosierung<\/h3>\n<ul data-start=\"2122\" data-end=\"2223\">\n<li data-start=\"2122\" data-end=\"2223\">\n<p data-start=\"2124\" data-end=\"2223\"><strong data-start=\"2124\" data-end=\"2146\">1 Tablette t\u00e4glich<\/strong>, vorzugsweise zu den Mahlzeiten einnehmen, oder nach \u00e4rztlicher Anweisung.<\/p>\n<\/li>\n<\/ul>\n<h3 data-start=\"2225\" data-end=\"2242\">Gegenanzeigen<\/h3>\n<ul data-start=\"2243\" data-end=\"2461\">\n<li data-start=\"2243\" data-end=\"2346\">\n<p data-start=\"2245\" data-end=\"2346\">\u00dcberempfindlichkeit (Allergie) gegen Ginkgo biloba oder einen sonstigen Bestandteil des Pr\u00e4parates.<\/p>\n<\/li>\n<li data-start=\"2347\" data-end=\"2461\">\n<p data-start=\"2349\" data-end=\"2461\">Ohne \u00e4rztlichen Rat nicht empfohlen bei Gerinnungsst\u00f6rungen oder gleichzeitiger Einnahme von Antikoagulanzien.<\/p>\n<\/li>\n<\/ul>\n<h3 data-start=\"2463\" data-end=\"2500\">Warnhinweise \/ Vorsichtsma\u00dfnahmen<\/h3>\n<ul data-start=\"2501\" data-end=\"2722\">\n<li data-start=\"2501\" data-end=\"2578\">\n<p data-start=\"2503\" data-end=\"2578\">Schwangerschaft und Stillzeit: vor der Anwendung \u00e4rztlichen Rat einholen.<\/p>\n<\/li>\n<li data-start=\"2579\" data-end=\"2674\">\n<p data-start=\"2581\" data-end=\"2674\">Vorsicht bei gleichzeitiger Einnahme von Arzneimitteln, die die Blutgerinnung beeinflussen.<\/p>\n<\/li>\n<li data-start=\"2675\" data-end=\"2722\">\n<p data-start=\"2677\" data-end=\"2722\">Kein Ersatz f\u00fcr eine ausgewogene Ern\u00e4hrung.<\/p>\n<\/li>\n<\/ul>\n<h3 data-start=\"2724\" data-end=\"2742\">Nebenwirkungen<\/h3>\n<ul data-start=\"2743\" data-end=\"2921\">\n<li data-start=\"2743\" data-end=\"2778\">\n<p data-start=\"2745\" data-end=\"2778\">Im Allgemeinen gut vertr\u00e4glich.<\/p>\n<\/li>\n<li data-start=\"2779\" data-end=\"2884\">\n<p data-start=\"2781\" data-end=\"2884\">M\u00f6glich: leichte gastrointestinale Beschwerden, Kopfschmerzen, Schwindel oder allergische Reaktionen.<\/p>\n<\/li>\n<li data-start=\"2885\" data-end=\"2921\">\n<p data-start=\"2887\" data-end=\"2921\">Selten: erh\u00f6htes Blutungsrisiko.<\/p>\n<\/li>\n<\/ul>\n<h3 data-start=\"2923\" data-end=\"2935\">Lagerung<\/h3>\n<ul data-start=\"2936\" data-end=\"3045\" data-is-last-node=\"\" data-is-only-node=\"\">\n<li data-start=\"2936\" data-end=\"3006\">\n<p data-start=\"2938\" data-end=\"3006\">K\u00fchl und trocken lagern, vor direkter Sonneneinstrahlung sch\u00fctzen.<\/p>\n<\/li>\n<li data-start=\"3007\" data-end=\"3045\" data-is-last-node=\"\">\n<p data-start=\"3009\" data-end=\"3045\" data-is-last-node=\"\">F\u00fcr Kinder unzug\u00e4nglich aufbewahren.<\/p>\n<\/li>\n<\/ul>\n<\/div>\n<\/div>\n<\/div>\n<\/div>\n<\/div>\n<\/div>\n<\/article>\n<\/div>\n<\/div>\n<\/div>\n<\/div>\n<\/div>\n<\/div>\n<\/div>\n<\/article>\n","protected":false},"excerpt":{"rendered":"<p>Tebofortin Forte 80 mg, 30 Tabletten Darreichungsform: Tabletten Wirkstoff (pro Tablette): Ginkgo-biloba-Blattextrakt 80 mg Anwendungsgebiete \/ Indikationen Unterst\u00fctzung der kognitiven Leistungsf\u00e4higkeit, des Ged\u00e4chtnisses und der geistigen Klarheit. F\u00f6rdert eine gesunde periphere und zerebrale Durchblutung. Wirkt antioxidativ. Kann zur Verringerung von Symptomen leichter Angstzust\u00e4nde oder geistiger Erm\u00fcdung beitragen. Anwendung \/ Dosierung 1 Tablette t\u00e4glich, vorzugsweise zu&#8230;<\/p>\n","protected":false},"featured_media":9843,"comment_status":"open","ping_status":"closed","template":"","meta":{"rs_blank_template":"","rs_page_bg_color":"","slide_template_v7":"","_bst_post_transparent":"default","_bst_post_title":"","_bst_post_layout":"default","_bst_post_sidebar_id":"","_bst_post_content_style":"default","_bst_post_vertical_padding":"default","_bst_post_feature":"","_bst_post_feature_position":"","_bst_post_header":false,"_bst_post_footer":false},"product_brand":[],"product_cat":[351,217,457,229],"product_tag":[],"product_brands":[],"class_list":{"0":"post-9857","1":"product","2":"type-product","3":"status-publish","4":"has-post-thumbnail","6":"product_cat-medical-forms","7":"product_cat-medicines","8":"product_cat-tablets-capsules","9":"product_cat-vitamins-general-supplements","11":"first","12":"instock","13":"shipping-taxable","14":"purchasable","15":"product-type-simple","16":"entry","17":"content-bg","18":"loop-entry"},"_links":{"self":[{"href":"https:\/\/nawarpharmacy.com\/de\/wp-json\/wp\/v2\/product\/9857","targetHints":{"allow":["GET"]}}],"collection":[{"href":"https:\/\/nawarpharmacy.com\/de\/wp-json\/wp\/v2\/product"}],"about":[{"href":"https:\/\/nawarpharmacy.com\/de\/wp-json\/wp\/v2\/types\/product"}],"replies":[{"embeddable":true,"href":"https:\/\/nawarpharmacy.com\/de\/wp-json\/wp\/v2\/comments?post=9857"}],"wp:featuredmedia":[{"embeddable":true,"href":"https:\/\/nawarpharmacy.com\/de\/wp-json\/wp\/v2\/media\/9843"}],"wp:attachment":[{"href":"https:\/\/nawarpharmacy.com\/de\/wp-json\/wp\/v2\/media?parent=9857"}],"wp:term":[{"taxonomy":"product_brand","embeddable":true,"href":"https:\/\/nawarpharmacy.com\/de\/wp-json\/wp\/v2\/product_brand?post=9857"},{"taxonomy":"product_cat","embeddable":true,"href":"https:\/\/nawarpharmacy.com\/de\/wp-json\/wp\/v2\/product_cat?post=9857"},{"taxonomy":"product_tag","embeddable":true,"href":"https:\/\/nawarpharmacy.com\/de\/wp-json\/wp\/v2\/product_tag?post=9857"},{"taxonomy":"product_brands","embeddable":true,"href":"https:\/\/nawarpharmacy.com\/de\/wp-json\/wp\/v2\/product_brands?post=9857"}],"curies":[{"name":"wp","href":"https:\/\/api.w.org\/{rel}","templated":true}]}}