{"id":9855,"date":"2025-11-22T23:02:23","date_gmt":"2025-11-22T23:02:23","guid":{"rendered":"https:\/\/nawarpharmacy.com\/?post_type=product&#038;p=9855"},"modified":"2026-02-23T15:30:25","modified_gmt":"2026-02-23T15:30:25","slug":"tebonina-forte-40mg-20-tablets","status":"publish","type":"product","link":"https:\/\/nawarpharmacy.com\/de\/produkt\/tebonina-forte-40mg-20-tablets\/","title":{"rendered":"Tebonina Forte 40mg 20 Tabletten"},"content":{"rendered":"<article class=\"text-token-text-primary w-full focus:outline-none [--shadow-height:45px] has-data-writing-block:pointer-events-none has-data-writing-block:-mt-(--shadow-height) has-data-writing-block:pt-(--shadow-height) [&amp;:has([data-writing-block])&gt;*]:pointer-events-auto [content-visibility:auto] supports-[content-visibility:auto]:[contain-intrinsic-size:auto_100lvh] scroll-mt-[calc(var(--header-height)+min(200px,max(70px,20svh)))]\" dir=\"auto\" data-turn-id=\"request-692073f5-3f80-832c-872f-7626d4388ea8-87\" data-testid=\"conversation-turn-192\" data-scroll-anchor=\"true\" data-turn=\"assistant\">\n<div class=\"text-base my-auto mx-auto pb-10 [--thread-content-margin:--spacing(4)] thread-sm:[--thread-content-margin:--spacing(6)] thread-lg:[--thread-content-margin:--spacing(16)] px-(--thread-content-margin)\">\n<div class=\"[--thread-content-max-width:40rem] thread-lg:[--thread-content-max-width:48rem] mx-auto max-w-(--thread-content-max-width) flex-1 group\/turn-messages focus-visible:outline-hidden relative flex w-full min-w-0 flex-col agent-turn\">\n<div class=\"flex max-w-full flex-col grow\">\n<div class=\"min-h-8 text-message relative flex w-full flex-col items-end gap-2 text-start break-words whitespace-normal [.text-message+&amp;]:mt-1\" dir=\"auto\" data-message-author-role=\"assistant\" data-message-id=\"b4fc42b7-6fee-48e1-8a48-909775c1339e\" data-message-model-slug=\"gpt-5-mini\">\n<div class=\"flex w-full flex-col gap-1 empty:hidden first:pt-[1px]\">\n<div class=\"markdown prose dark:prose-invert w-full break-words light markdown-new-styling\">\n<p data-start=\"1572\" data-end=\"1663\"><strong data-start=\"1589\" data-end=\"1627\">Tebonina Forte 40 mg, 20 Tabletten<\/strong><br data-start=\"1627\" data-end=\"1630\" \/><strong data-start=\"1630\" data-end=\"1651\">Darreichungsform:<\/strong> Tabletten<\/p>\n<p data-start=\"1665\" data-end=\"1729\"><strong data-start=\"1665\" data-end=\"1694\">Wirkstoff (pro Tablette):<\/strong> Ginkgo-biloba-Blattextrakt 40 mg<\/p>\n<h3 data-start=\"1731\" data-end=\"1767\">Anwendungsgebiete \/ Indikationen<\/h3>\n<ul data-start=\"1768\" data-end=\"2023\">\n<li data-start=\"1768\" data-end=\"1842\">\n<p data-start=\"1770\" data-end=\"1842\">Unterst\u00fctzung der kognitiven Leistungsf\u00e4higkeit und des Ged\u00e4chtnisses.<\/p>\n<\/li>\n<li data-start=\"1843\" data-end=\"1905\">\n<p data-start=\"1845\" data-end=\"1905\">F\u00f6rdert eine gesunde periphere und zerebrale Durchblutung.<\/p>\n<\/li>\n<li data-start=\"1906\" data-end=\"1929\">\n<p data-start=\"1908\" data-end=\"1929\">Wirkt antioxidativ.<\/p>\n<\/li>\n<li data-start=\"1930\" data-end=\"2023\">\n<p data-start=\"1932\" data-end=\"2023\">Kann zur Verbesserung von Aufmerksamkeit, Konzentration und geistiger Klarheit beitragen.<\/p>\n<\/li>\n<\/ul>\n<h3 data-start=\"2025\" data-end=\"2050\">Anwendung \/ Dosierung<\/h3>\n<ul data-start=\"2051\" data-end=\"2160\">\n<li data-start=\"2051\" data-end=\"2160\">\n<p data-start=\"2053\" data-end=\"2160\"><strong data-start=\"2053\" data-end=\"2083\">1 Tablette 1\u20132-mal t\u00e4glich<\/strong>, vorzugsweise zu den Mahlzeiten einnehmen, oder nach \u00e4rztlicher Anweisung.<\/p>\n<\/li>\n<\/ul>\n<h3 data-start=\"2162\" data-end=\"2179\">Gegenanzeigen<\/h3>\n<ul data-start=\"2180\" data-end=\"2398\">\n<li data-start=\"2180\" data-end=\"2283\">\n<p data-start=\"2182\" data-end=\"2283\">\u00dcberempfindlichkeit (Allergie) gegen Ginkgo biloba oder einen sonstigen Bestandteil des Pr\u00e4parates.<\/p>\n<\/li>\n<li data-start=\"2284\" data-end=\"2398\">\n<p data-start=\"2286\" data-end=\"2398\">Ohne \u00e4rztlichen Rat nicht empfohlen bei Gerinnungsst\u00f6rungen oder gleichzeitiger Einnahme von Antikoagulanzien.<\/p>\n<\/li>\n<\/ul>\n<h3 data-start=\"2400\" data-end=\"2437\">Warnhinweise \/ Vorsichtsma\u00dfnahmen<\/h3>\n<ul data-start=\"2438\" data-end=\"2659\">\n<li data-start=\"2438\" data-end=\"2515\">\n<p data-start=\"2440\" data-end=\"2515\">Schwangerschaft und Stillzeit: vor der Anwendung \u00e4rztlichen Rat einholen.<\/p>\n<\/li>\n<li data-start=\"2516\" data-end=\"2611\">\n<p data-start=\"2518\" data-end=\"2611\">Vorsicht bei gleichzeitiger Einnahme von Arzneimitteln, die die Blutgerinnung beeinflussen.<\/p>\n<\/li>\n<li data-start=\"2612\" data-end=\"2659\">\n<p data-start=\"2614\" data-end=\"2659\">Kein Ersatz f\u00fcr eine ausgewogene Ern\u00e4hrung.<\/p>\n<\/li>\n<\/ul>\n<h3 data-start=\"2661\" data-end=\"2679\">Nebenwirkungen<\/h3>\n<ul data-start=\"2680\" data-end=\"2858\">\n<li data-start=\"2680\" data-end=\"2715\">\n<p data-start=\"2682\" data-end=\"2715\">Im Allgemeinen gut vertr\u00e4glich.<\/p>\n<\/li>\n<li data-start=\"2716\" data-end=\"2821\">\n<p data-start=\"2718\" data-end=\"2821\">M\u00f6glich: leichte gastrointestinale Beschwerden, Kopfschmerzen, Schwindel oder allergische Reaktionen.<\/p>\n<\/li>\n<li data-start=\"2822\" data-end=\"2858\">\n<p data-start=\"2824\" data-end=\"2858\">Selten: erh\u00f6htes Blutungsrisiko.<\/p>\n<\/li>\n<\/ul>\n<h3 data-start=\"2860\" data-end=\"2872\">Lagerung<\/h3>\n<ul data-start=\"2873\" data-end=\"2982\" data-is-last-node=\"\" data-is-only-node=\"\">\n<li data-start=\"2873\" data-end=\"2943\">\n<p data-start=\"2875\" data-end=\"2943\">K\u00fchl und trocken lagern, vor direkter Sonneneinstrahlung sch\u00fctzen.<\/p>\n<\/li>\n<li data-start=\"2944\" data-end=\"2982\" data-is-last-node=\"\">\n<p data-start=\"2946\" data-end=\"2982\" data-is-last-node=\"\">F\u00fcr Kinder unzug\u00e4nglich aufbewahren.<\/p>\n<\/li>\n<\/ul>\n<\/div>\n<\/div>\n<\/div>\n<\/div>\n<\/div>\n<\/div>\n<\/article>\n","protected":false},"excerpt":{"rendered":"<p>Tebonina Forte 40 mg, 20 TablettenDarreichungsform: Tabletten Wirkstoff (pro Tablette): Ginkgo-biloba-Blattextrakt 40 mg Anwendungsgebiete \/ Indikationen Unterst\u00fctzung der kognitiven Leistungsf\u00e4higkeit und des Ged\u00e4chtnisses. F\u00f6rdert eine gesunde periphere und zerebrale Durchblutung. Wirkt antioxidativ. Kann zur Verbesserung von Aufmerksamkeit, Konzentration und geistiger Klarheit beitragen. Anwendung \/ Dosierung 1 Tablette 1\u20132-mal t\u00e4glich, vorzugsweise zu den Mahlzeiten einnehmen, oder&#8230;<\/p>\n","protected":false},"featured_media":9837,"comment_status":"open","ping_status":"closed","template":"","meta":{"rs_blank_template":"","rs_page_bg_color":"","slide_template_v7":"","_bst_post_transparent":"default","_bst_post_title":"","_bst_post_layout":"default","_bst_post_sidebar_id":"","_bst_post_content_style":"default","_bst_post_vertical_padding":"default","_bst_post_feature":"","_bst_post_feature_position":"","_bst_post_header":false,"_bst_post_footer":false},"product_brand":[],"product_cat":[351,217,457,229],"product_tag":[],"product_brands":[],"class_list":{"0":"post-9855","1":"product","2":"type-product","3":"status-publish","4":"has-post-thumbnail","6":"product_cat-medical-forms","7":"product_cat-medicines","8":"product_cat-tablets-capsules","9":"product_cat-vitamins-general-supplements","11":"first","12":"instock","13":"shipping-taxable","14":"purchasable","15":"product-type-simple","16":"entry","17":"content-bg","18":"loop-entry"},"_links":{"self":[{"href":"https:\/\/nawarpharmacy.com\/de\/wp-json\/wp\/v2\/product\/9855","targetHints":{"allow":["GET"]}}],"collection":[{"href":"https:\/\/nawarpharmacy.com\/de\/wp-json\/wp\/v2\/product"}],"about":[{"href":"https:\/\/nawarpharmacy.com\/de\/wp-json\/wp\/v2\/types\/product"}],"replies":[{"embeddable":true,"href":"https:\/\/nawarpharmacy.com\/de\/wp-json\/wp\/v2\/comments?post=9855"}],"wp:featuredmedia":[{"embeddable":true,"href":"https:\/\/nawarpharmacy.com\/de\/wp-json\/wp\/v2\/media\/9837"}],"wp:attachment":[{"href":"https:\/\/nawarpharmacy.com\/de\/wp-json\/wp\/v2\/media?parent=9855"}],"wp:term":[{"taxonomy":"product_brand","embeddable":true,"href":"https:\/\/nawarpharmacy.com\/de\/wp-json\/wp\/v2\/product_brand?post=9855"},{"taxonomy":"product_cat","embeddable":true,"href":"https:\/\/nawarpharmacy.com\/de\/wp-json\/wp\/v2\/product_cat?post=9855"},{"taxonomy":"product_tag","embeddable":true,"href":"https:\/\/nawarpharmacy.com\/de\/wp-json\/wp\/v2\/product_tag?post=9855"},{"taxonomy":"product_brands","embeddable":true,"href":"https:\/\/nawarpharmacy.com\/de\/wp-json\/wp\/v2\/product_brands?post=9855"}],"curies":[{"name":"wp","href":"https:\/\/api.w.org\/{rel}","templated":true}]}}