{"id":9852,"date":"2025-11-22T23:03:34","date_gmt":"2025-11-22T23:03:34","guid":{"rendered":"https:\/\/nawarpharmacy.com\/?post_type=product&#038;p=9852"},"modified":"2026-02-23T15:29:18","modified_gmt":"2026-02-23T15:29:18","slug":"thiotacid-original-300mg-30-tablets","status":"publish","type":"product","link":"https:\/\/nawarpharmacy.com\/de\/produkt\/thiotacid-original-300mg-30-tablets\/","title":{"rendered":"Thiotacid Original 300mg 30 Tablets"},"content":{"rendered":"<article class=\"text-token-text-primary w-full focus:outline-none [--shadow-height:45px] has-data-writing-block:pointer-events-none has-data-writing-block:-mt-(--shadow-height) has-data-writing-block:pt-(--shadow-height) [&amp;:has([data-writing-block])&gt;*]:pointer-events-auto [content-visibility:auto] supports-[content-visibility:auto]:[contain-intrinsic-size:auto_100lvh] scroll-mt-[calc(var(--header-height)+min(200px,max(70px,20svh)))]\" dir=\"auto\" data-turn-id=\"request-692073f5-3f80-832c-872f-7626d4388ea8-86\" data-testid=\"conversation-turn-190\" data-scroll-anchor=\"true\" data-turn=\"assistant\">\n<div class=\"text-base my-auto mx-auto pb-10 [--thread-content-margin:--spacing(4)] thread-sm:[--thread-content-margin:--spacing(6)] thread-lg:[--thread-content-margin:--spacing(16)] px-(--thread-content-margin)\">\n<div class=\"[--thread-content-max-width:40rem] thread-lg:[--thread-content-max-width:48rem] mx-auto max-w-(--thread-content-max-width) flex-1 group\/turn-messages focus-visible:outline-hidden relative flex w-full min-w-0 flex-col agent-turn\">\n<div class=\"flex max-w-full flex-col grow\">\n<div class=\"min-h-8 text-message relative flex w-full flex-col items-end gap-2 text-start break-words whitespace-normal [.text-message+&amp;]:mt-1\" dir=\"auto\" data-message-author-role=\"assistant\" data-message-id=\"6900af67-ad32-407e-9459-05a1f881e1ca\" data-message-model-slug=\"gpt-5-mini\">\n<div class=\"flex w-full flex-col gap-1 empty:hidden first:pt-[1px]\">\n<div class=\"markdown prose dark:prose-invert w-full break-words light markdown-new-styling\">\n<p><strong data-start=\"1764\" data-end=\"1807\">Thiotacid Original 300 mg, 30 Tabletten<\/strong><\/p>\n<p><strong data-start=\"1810\" data-end=\"1831\">Darreichungsform:<\/strong> Tabletten<\/p>\n<p><strong data-start=\"1845\" data-end=\"1874\">Wirkstoff (pro Tablette):<\/strong> N-Acetylcystein (<strong data-start=\"1892\" data-end=\"1899\">NAC<\/strong>) 300 mg<\/p>\n<h3 data-start=\"1911\" data-end=\"1947\">Anwendungsgebiete \/ Indikationen<\/h3>\n<ul data-start=\"1948\" data-end=\"2291\">\n<li data-start=\"1948\" data-end=\"2045\">\n<p data-start=\"1950\" data-end=\"2045\">Unterst\u00fctzt die Atemwege, indem Schleim in der Lunge verfl\u00fcssigt wird (mukolytische Wirkung).<\/p>\n<\/li>\n<li data-start=\"2046\" data-end=\"2110\">\n<p data-start=\"2048\" data-end=\"2110\">Wirkt als Antioxidans und kann oxidativen Stress reduzieren.<\/p>\n<\/li>\n<li data-start=\"2111\" data-end=\"2196\">\n<p data-start=\"2113\" data-end=\"2196\">Unterst\u00fctzt die Entgiftungsfunktion der Leber sowie die allgemeine Leberfunktion.<\/p>\n<\/li>\n<li data-start=\"2197\" data-end=\"2291\">\n<p data-start=\"2199\" data-end=\"2291\">Kann zur Vorbeugung von Atemwegsinfektionen oder zur Verringerung deren Schwere beitragen.<\/p>\n<\/li>\n<\/ul>\n<h3 data-start=\"2293\" data-end=\"2318\">Anwendung \/ Dosierung<\/h3>\n<ul data-start=\"2319\" data-end=\"2427\">\n<li data-start=\"2319\" data-end=\"2427\">\n<p data-start=\"2321\" data-end=\"2427\"><strong data-start=\"2321\" data-end=\"2346\">1\u20132 Tabletten t\u00e4glich<\/strong>, vorzugsweise mit Wasser einnehmen, oder nach Anweisung des Arztes\/der \u00c4rztin.<\/p>\n<\/li>\n<\/ul>\n<h3 data-start=\"2429\" data-end=\"2446\">Gegenanzeigen<\/h3>\n<ul data-start=\"2447\" data-end=\"2677\">\n<li data-start=\"2447\" data-end=\"2551\">\n<p data-start=\"2449\" data-end=\"2551\">\u00dcberempfindlichkeit (Allergie) gegen N-Acetylcystein oder einen sonstigen Bestandteil der Tabletten.<\/p>\n<\/li>\n<li data-start=\"2552\" data-end=\"2677\">\n<p data-start=\"2554\" data-end=\"2677\">Ohne \u00e4rztlichen Rat nicht empfohlen bei <strong data-start=\"2594\" data-end=\"2624\">schwerem Asthma bronchiale<\/strong> oder <strong data-start=\"2630\" data-end=\"2651\">peptischen Ulzera<\/strong> (Magen-\/Duodenalulkus).<\/p>\n<\/li>\n<\/ul>\n<h3 data-start=\"2679\" data-end=\"2716\">Warnhinweise \/ Vorsichtsma\u00dfnahmen<\/h3>\n<ul data-start=\"2717\" data-end=\"2993\">\n<li data-start=\"2717\" data-end=\"2794\">\n<p data-start=\"2719\" data-end=\"2794\">Schwangerschaft und Stillzeit: vor der Anwendung \u00e4rztlichen Rat einholen.<\/p>\n<\/li>\n<li data-start=\"2795\" data-end=\"2900\">\n<p data-start=\"2797\" data-end=\"2900\">M\u00f6gliche Wechselwirkungen mit bestimmten Arzneimitteln (z. B. <strong data-start=\"2859\" data-end=\"2876\">Nitroglycerin<\/strong> oder <strong data-start=\"2882\" data-end=\"2896\">Aktivkohle<\/strong>).<\/p>\n<\/li>\n<li data-start=\"2901\" data-end=\"2993\">\n<p data-start=\"2903\" data-end=\"2993\">Kein Ersatz f\u00fcr eine ausgewogene Ern\u00e4hrung oder eine verordnete medizinische Behandlung.<\/p>\n<\/li>\n<\/ul>\n<h3 data-start=\"2995\" data-end=\"3013\">Nebenwirkungen<\/h3>\n<ul data-start=\"3014\" data-end=\"3189\">\n<li data-start=\"3014\" data-end=\"3049\">\n<p data-start=\"3016\" data-end=\"3049\">Im Allgemeinen gut vertr\u00e4glich.<\/p>\n<\/li>\n<li data-start=\"3050\" data-end=\"3126\">\n<p data-start=\"3052\" data-end=\"3126\">M\u00f6glich: leichte gastrointestinale Beschwerden, \u00dcbelkeit oder Durchfall.<\/p>\n<\/li>\n<li data-start=\"3127\" data-end=\"3189\">\n<p data-start=\"3129\" data-end=\"3189\">Selten: allergische Reaktionen, Hautausschlag oder Fieber.<\/p>\n<\/li>\n<\/ul>\n<h3 data-start=\"3191\" data-end=\"3203\">Lagerung<\/h3>\n<ul data-start=\"3204\" data-end=\"3313\" data-is-last-node=\"\" data-is-only-node=\"\">\n<li data-start=\"3204\" data-end=\"3274\">\n<p data-start=\"3206\" data-end=\"3274\">K\u00fchl und trocken lagern, vor direkter Sonneneinstrahlung sch\u00fctzen.<\/p>\n<\/li>\n<li data-start=\"3275\" data-end=\"3313\" data-is-last-node=\"\">\n<p data-start=\"3277\" data-end=\"3313\" data-is-last-node=\"\">F\u00fcr Kinder unzug\u00e4nglich aufbewahren.<\/p>\n<\/li>\n<\/ul>\n<\/div>\n<\/div>\n<\/div>\n<\/div>\n<\/div>\n<\/div>\n<\/article>\n","protected":false},"excerpt":{"rendered":"<p>Thiotacid Original 300 mg, 30 Tabletten Darreichungsform: Tabletten Wirkstoff (pro Tablette): N-Acetylcystein (NAC) 300 mg Anwendungsgebiete \/ Indikationen Unterst\u00fctzt die Atemwege, indem Schleim in der Lunge verfl\u00fcssigt wird (mukolytische Wirkung). Wirkt als Antioxidans und kann oxidativen Stress reduzieren. Unterst\u00fctzt die Entgiftungsfunktion der Leber sowie die allgemeine Leberfunktion. Kann zur Vorbeugung von Atemwegsinfektionen oder zur Verringerung&#8230;<\/p>\n","protected":false},"featured_media":9832,"comment_status":"open","ping_status":"closed","template":"","meta":{"rs_blank_template":"","rs_page_bg_color":"","slide_template_v7":"","_bst_post_transparent":"default","_bst_post_title":"","_bst_post_layout":"default","_bst_post_sidebar_id":"","_bst_post_content_style":"default","_bst_post_vertical_padding":"default","_bst_post_feature":"","_bst_post_feature_position":"","_bst_post_header":false,"_bst_post_footer":false},"product_brand":[],"product_cat":[351,217,277,457,229],"product_tag":[],"product_brands":[],"class_list":{"0":"post-9852","1":"product","2":"type-product","3":"status-publish","4":"has-post-thumbnail","6":"product_cat-medical-forms","7":"product_cat-medicines","8":"product_cat-nervous-system-medications","9":"product_cat-tablets-capsules","10":"product_cat-vitamins-general-supplements","12":"first","13":"instock","14":"shipping-taxable","15":"purchasable","16":"product-type-simple","17":"entry","18":"content-bg","19":"loop-entry"},"_links":{"self":[{"href":"https:\/\/nawarpharmacy.com\/de\/wp-json\/wp\/v2\/product\/9852","targetHints":{"allow":["GET"]}}],"collection":[{"href":"https:\/\/nawarpharmacy.com\/de\/wp-json\/wp\/v2\/product"}],"about":[{"href":"https:\/\/nawarpharmacy.com\/de\/wp-json\/wp\/v2\/types\/product"}],"replies":[{"embeddable":true,"href":"https:\/\/nawarpharmacy.com\/de\/wp-json\/wp\/v2\/comments?post=9852"}],"wp:featuredmedia":[{"embeddable":true,"href":"https:\/\/nawarpharmacy.com\/de\/wp-json\/wp\/v2\/media\/9832"}],"wp:attachment":[{"href":"https:\/\/nawarpharmacy.com\/de\/wp-json\/wp\/v2\/media?parent=9852"}],"wp:term":[{"taxonomy":"product_brand","embeddable":true,"href":"https:\/\/nawarpharmacy.com\/de\/wp-json\/wp\/v2\/product_brand?post=9852"},{"taxonomy":"product_cat","embeddable":true,"href":"https:\/\/nawarpharmacy.com\/de\/wp-json\/wp\/v2\/product_cat?post=9852"},{"taxonomy":"product_tag","embeddable":true,"href":"https:\/\/nawarpharmacy.com\/de\/wp-json\/wp\/v2\/product_tag?post=9852"},{"taxonomy":"product_brands","embeddable":true,"href":"https:\/\/nawarpharmacy.com\/de\/wp-json\/wp\/v2\/product_brands?post=9852"}],"curies":[{"name":"wp","href":"https:\/\/api.w.org\/{rel}","templated":true}]}}