{"id":9452,"date":"2025-11-22T23:04:35","date_gmt":"2025-11-22T23:04:35","guid":{"rendered":"https:\/\/nawarpharmacy.com\/?post_type=product&#038;p=9452"},"modified":"2026-02-05T19:33:28","modified_gmt":"2026-02-05T19:33:28","slug":"thiotacid-original-600mg-30-tablets","status":"publish","type":"product","link":"https:\/\/nawarpharmacy.com\/de\/produkt\/thiotacid-original-600mg-30-tablets\/","title":{"rendered":"Thiotacid Original 600mg 30 Tabletten"},"content":{"rendered":"<article class=\"text-token-text-primary w-full focus:outline-none [--shadow-height:45px] has-data-writing-block:pointer-events-none has-data-writing-block:-mt-(--shadow-height) has-data-writing-block:pt-(--shadow-height) [&amp;:has([data-writing-block])&gt;*]:pointer-events-auto [content-visibility:auto] supports-[content-visibility:auto]:[contain-intrinsic-size:auto_100lvh] scroll-mt-[calc(var(--header-height)+min(200px,max(70px,20svh)))]\" dir=\"auto\" data-turn-id=\"request-692073f5-3f80-832c-872f-7626d4388ea8-85\" data-testid=\"conversation-turn-188\" data-scroll-anchor=\"true\" data-turn=\"assistant\">\n<div class=\"text-base my-auto mx-auto pb-10 [--thread-content-margin:--spacing(4)] thread-sm:[--thread-content-margin:--spacing(6)] thread-lg:[--thread-content-margin:--spacing(16)] px-(--thread-content-margin)\">\n<div class=\"[--thread-content-max-width:40rem] thread-lg:[--thread-content-max-width:48rem] mx-auto max-w-(--thread-content-max-width) flex-1 group\/turn-messages focus-visible:outline-hidden relative flex w-full min-w-0 flex-col agent-turn\">\n<div class=\"flex max-w-full flex-col grow\">\n<div class=\"min-h-8 text-message relative flex w-full flex-col items-end gap-2 text-start break-words whitespace-normal [.text-message+&amp;]:mt-1\" dir=\"auto\" data-message-author-role=\"assistant\" data-message-id=\"359c2b6e-4cea-4a19-9e09-6d9386ec4969\" data-message-model-slug=\"gpt-5-mini\">\n<div class=\"flex w-full flex-col gap-1 empty:hidden first:pt-[1px]\">\n<div class=\"markdown prose dark:prose-invert w-full break-words light markdown-new-styling\">\n<p><strong data-start=\"1882\" data-end=\"1925\">Thiotacid Original 600mg 30 Tabletten<\/strong><\/p>\n<p data-start=\"1927\" data-end=\"1960\"><strong data-start=\"1927\" data-end=\"1948\">Darreichungsform:<\/strong><br data-start=\"1948\" data-end=\"1951\" \/>Tabletten<\/p>\n<p data-start=\"1962\" data-end=\"2024\"><strong data-start=\"1962\" data-end=\"1991\">Wirkstoff (pro Tablette):<\/strong><br data-start=\"1991\" data-end=\"1994\" \/>N-Acetylcystein (NAC) \u2014 600 mg<\/p>\n<p data-start=\"2026\" data-end=\"2050\"><strong data-start=\"2026\" data-end=\"2048\">Anwendungsgebiete:<\/strong><\/p>\n<ul data-start=\"2051\" data-end=\"2370\">\n<li data-start=\"2051\" data-end=\"2137\">\n<p data-start=\"2053\" data-end=\"2137\">Unterst\u00fctzung der Atemwegsgesundheit durch Verfl\u00fcssigung von Schleim in den Lungen<\/p>\n<\/li>\n<li data-start=\"2138\" data-end=\"2199\">\n<p data-start=\"2140\" data-end=\"2199\">Antioxidative Wirkung zur Reduktion von oxidativem Stress<\/p>\n<\/li>\n<li data-start=\"2200\" data-end=\"2282\">\n<p data-start=\"2202\" data-end=\"2282\">Unterst\u00fctzung der Entgiftungsfunktion und der allgemeinen Gesundheit der Leber<\/p>\n<\/li>\n<li data-start=\"2283\" data-end=\"2370\">\n<p data-start=\"2285\" data-end=\"2370\">Kann zur Vorbeugung oder Verringerung der Schwere von Atemwegsinfektionen beitragen<\/p>\n<\/li>\n<\/ul>\n<p data-start=\"2372\" data-end=\"2402\"><strong data-start=\"2372\" data-end=\"2400\">Dosierung und Anwendung:<\/strong><\/p>\n<ul data-start=\"2403\" data-end=\"2510\">\n<li data-start=\"2403\" data-end=\"2510\">\n<p data-start=\"2405\" data-end=\"2510\">1 Tablette ein- bis zweimal t\u00e4glich, vorzugsweise mit Wasser einnehmen, oder gem\u00e4\u00df \u00e4rztlicher Anweisung<\/p>\n<\/li>\n<\/ul>\n<p data-start=\"2512\" data-end=\"2532\"><strong data-start=\"2512\" data-end=\"2530\">Gegenanzeigen:<\/strong><\/p>\n<ul data-start=\"2533\" data-end=\"2700\">\n<li data-start=\"2533\" data-end=\"2606\">\n<p data-start=\"2535\" data-end=\"2606\">\u00dcberempfindlichkeit gegen N-Acetylcystein oder einen der Bestandteile<\/p>\n<\/li>\n<li data-start=\"2607\" data-end=\"2700\">\n<p data-start=\"2609\" data-end=\"2700\">Nicht empfohlen bei schwerem Asthma bronchiale oder peptischen Ulzera ohne \u00e4rztlichen Rat<\/p>\n<\/li>\n<\/ul>\n<p data-start=\"2702\" data-end=\"2727\"><strong data-start=\"2702\" data-end=\"2725\">Vorsichtsma\u00dfnahmen:<\/strong><\/p>\n<ul data-start=\"2728\" data-end=\"2998\">\n<li data-start=\"2728\" data-end=\"2813\">\n<p data-start=\"2730\" data-end=\"2813\">Schwangere und stillende Frauen sollten vor der Anwendung einen Arzt konsultieren<\/p>\n<\/li>\n<li data-start=\"2814\" data-end=\"2910\">\n<p data-start=\"2816\" data-end=\"2910\">M\u00f6gliche Wechselwirkungen mit bestimmten Arzneimitteln (z. B. Nitroglycerin oder Aktivkohle)<\/p>\n<\/li>\n<li data-start=\"2911\" data-end=\"2998\">\n<p data-start=\"2913\" data-end=\"2998\">Kein Ersatz f\u00fcr eine ausgewogene Ern\u00e4hrung oder eine \u00e4rztlich verordnete Behandlung<\/p>\n<\/li>\n<\/ul>\n<p data-start=\"3000\" data-end=\"3021\"><strong data-start=\"3000\" data-end=\"3019\">Nebenwirkungen:<\/strong><\/p>\n<ul data-start=\"3022\" data-end=\"3189\">\n<li data-start=\"3022\" data-end=\"3054\">\n<p data-start=\"3024\" data-end=\"3054\">In der Regel gut vertr\u00e4glich<\/p>\n<\/li>\n<li data-start=\"3055\" data-end=\"3127\">\n<p data-start=\"3057\" data-end=\"3127\">M\u00f6glich sind leichte Magen-Darm-Beschwerden, \u00dcbelkeit oder Durchfall<\/p>\n<\/li>\n<li data-start=\"3128\" data-end=\"3189\">\n<p data-start=\"3130\" data-end=\"3189\">Selten: allergische Reaktionen, Hautausschlag oder Fieber<\/p>\n<\/li>\n<\/ul>\n<p data-start=\"3191\" data-end=\"3318\"><strong data-start=\"3191\" data-end=\"3204\">Lagerung:<\/strong><br data-start=\"3204\" data-end=\"3207\" \/>K\u00fchl, trocken und vor direkter Sonneneinstrahlung gesch\u00fctzt lagern<br data-start=\"3273\" data-end=\"3276\" \/>Au\u00dfer Reichweite von Kindern aufbewahren<\/p>\n<\/div>\n<\/div>\n<\/div>\n<\/div>\n<\/div>\n<\/div>\n<\/article>\n","protected":false},"excerpt":{"rendered":"<p>Thiotacid Original 600mg 30 Tabletten Darreichungsform:Tabletten Wirkstoff (pro Tablette):N-Acetylcystein (NAC) \u2014 600 mg Anwendungsgebiete: Unterst\u00fctzung der Atemwegsgesundheit durch Verfl\u00fcssigung von Schleim in den Lungen Antioxidative Wirkung zur Reduktion von oxidativem Stress Unterst\u00fctzung der Entgiftungsfunktion und der allgemeinen Gesundheit der Leber Kann zur Vorbeugung oder Verringerung der Schwere von Atemwegsinfektionen beitragen Dosierung und Anwendung: 1 Tablette&#8230;<\/p>\n","protected":false},"featured_media":9451,"comment_status":"open","ping_status":"closed","template":"","meta":{"rs_blank_template":"","rs_page_bg_color":"","slide_template_v7":"","_bst_post_transparent":"default","_bst_post_title":"","_bst_post_layout":"default","_bst_post_sidebar_id":"","_bst_post_content_style":"default","_bst_post_vertical_padding":"default","_bst_post_feature":"","_bst_post_feature_position":"","_bst_post_header":false,"_bst_post_footer":false},"product_brand":[],"product_cat":[351,217,277,457,229],"product_tag":[],"product_brands":[],"class_list":{"0":"post-9452","1":"product","2":"type-product","3":"status-publish","4":"has-post-thumbnail","6":"product_cat-medical-forms","7":"product_cat-medicines","8":"product_cat-nervous-system-medications","9":"product_cat-tablets-capsules","10":"product_cat-vitamins-general-supplements","12":"first","13":"instock","14":"shipping-taxable","15":"purchasable","16":"product-type-simple","17":"entry","18":"content-bg","19":"loop-entry"},"_links":{"self":[{"href":"https:\/\/nawarpharmacy.com\/de\/wp-json\/wp\/v2\/product\/9452","targetHints":{"allow":["GET"]}}],"collection":[{"href":"https:\/\/nawarpharmacy.com\/de\/wp-json\/wp\/v2\/product"}],"about":[{"href":"https:\/\/nawarpharmacy.com\/de\/wp-json\/wp\/v2\/types\/product"}],"replies":[{"embeddable":true,"href":"https:\/\/nawarpharmacy.com\/de\/wp-json\/wp\/v2\/comments?post=9452"}],"wp:featuredmedia":[{"embeddable":true,"href":"https:\/\/nawarpharmacy.com\/de\/wp-json\/wp\/v2\/media\/9451"}],"wp:attachment":[{"href":"https:\/\/nawarpharmacy.com\/de\/wp-json\/wp\/v2\/media?parent=9452"}],"wp:term":[{"taxonomy":"product_brand","embeddable":true,"href":"https:\/\/nawarpharmacy.com\/de\/wp-json\/wp\/v2\/product_brand?post=9452"},{"taxonomy":"product_cat","embeddable":true,"href":"https:\/\/nawarpharmacy.com\/de\/wp-json\/wp\/v2\/product_cat?post=9452"},{"taxonomy":"product_tag","embeddable":true,"href":"https:\/\/nawarpharmacy.com\/de\/wp-json\/wp\/v2\/product_tag?post=9452"},{"taxonomy":"product_brands","embeddable":true,"href":"https:\/\/nawarpharmacy.com\/de\/wp-json\/wp\/v2\/product_brands?post=9452"}],"curies":[{"name":"wp","href":"https:\/\/api.w.org\/{rel}","templated":true}]}}