{"id":9448,"date":"2025-11-22T23:05:09","date_gmt":"2025-11-22T23:05:09","guid":{"rendered":"https:\/\/nawarpharmacy.com\/?post_type=product&#038;p=9448"},"modified":"2026-02-05T19:32:29","modified_gmt":"2026-02-05T19:32:29","slug":"thiotacid-compound-600mg-30-capsules","status":"publish","type":"product","link":"https:\/\/nawarpharmacy.com\/de\/produkt\/thiotacid-compound-600mg-30-capsules\/","title":{"rendered":"Thiotacid Compound 600mg 30 Kapseln"},"content":{"rendered":"<article class=\"text-token-text-primary w-full focus:outline-none [--shadow-height:45px] has-data-writing-block:pointer-events-none has-data-writing-block:-mt-(--shadow-height) has-data-writing-block:pt-(--shadow-height) [&amp;:has([data-writing-block])&gt;*]:pointer-events-auto [content-visibility:auto] supports-[content-visibility:auto]:[contain-intrinsic-size:auto_100lvh] scroll-mt-[calc(var(--header-height)+min(200px,max(70px,20svh)))]\" dir=\"auto\" data-turn-id=\"request-692073f5-3f80-832c-872f-7626d4388ea8-84\" data-testid=\"conversation-turn-186\" data-scroll-anchor=\"true\" data-turn=\"assistant\">\n<div class=\"text-base my-auto mx-auto pb-10 [--thread-content-margin:--spacing(4)] thread-sm:[--thread-content-margin:--spacing(6)] thread-lg:[--thread-content-margin:--spacing(16)] px-(--thread-content-margin)\">\n<div class=\"[--thread-content-max-width:40rem] thread-lg:[--thread-content-max-width:48rem] mx-auto max-w-(--thread-content-max-width) flex-1 group\/turn-messages focus-visible:outline-hidden relative flex w-full min-w-0 flex-col agent-turn\">\n<div class=\"flex max-w-full flex-col grow\">\n<div class=\"min-h-8 text-message relative flex w-full flex-col items-end gap-2 text-start break-words whitespace-normal [.text-message+&amp;]:mt-1\" dir=\"auto\" data-message-author-role=\"assistant\" data-message-id=\"d3f1b6ad-5901-4c60-803c-07865c84b25e\" data-message-model-slug=\"gpt-5-mini\">\n<div class=\"flex w-full flex-col gap-1 empty:hidden first:pt-[1px]\">\n<div class=\"markdown prose dark:prose-invert w-full break-words light markdown-new-styling\">\n<p><strong data-start=\"1961\" data-end=\"2002\">Thiotacid Compound 600mg 30 Kapseln<\/strong><\/p>\n<p data-start=\"2004\" data-end=\"2035\"><strong data-start=\"2004\" data-end=\"2025\">Darreichungsform:<\/strong><br data-start=\"2025\" data-end=\"2028\" \/>Kapseln<\/p>\n<p data-start=\"2037\" data-end=\"2067\"><strong data-start=\"2037\" data-end=\"2065\">Wirkstoffe (pro Kapsel):<\/strong><\/p>\n<ul data-start=\"2068\" data-end=\"2183\">\n<li data-start=\"2068\" data-end=\"2102\">\n<p data-start=\"2070\" data-end=\"2102\">N-Acetylcystein (NAC) \u2014 600 mg<\/p>\n<\/li>\n<li data-start=\"2103\" data-end=\"2183\">\n<p data-start=\"2105\" data-end=\"2183\">Zus\u00e4tzliche unterst\u00fctzende Antioxidantien <em data-start=\"2147\" data-end=\"2181\">(Zusammensetzung kann variieren)<\/em><\/p>\n<\/li>\n<\/ul>\n<p data-start=\"2185\" data-end=\"2209\"><strong data-start=\"2185\" data-end=\"2207\">Anwendungsgebiete:<\/strong><\/p>\n<ul data-start=\"2210\" data-end=\"2529\">\n<li data-start=\"2210\" data-end=\"2296\">\n<p data-start=\"2212\" data-end=\"2296\">Unterst\u00fctzung der Atemwegsgesundheit durch Verfl\u00fcssigung von Schleim in den Lungen<\/p>\n<\/li>\n<li data-start=\"2297\" data-end=\"2358\">\n<p data-start=\"2299\" data-end=\"2358\">Antioxidative Wirkung zur Reduktion von oxidativem Stress<\/p>\n<\/li>\n<li data-start=\"2359\" data-end=\"2441\">\n<p data-start=\"2361\" data-end=\"2441\">Unterst\u00fctzung der Entgiftungsfunktion und der allgemeinen Gesundheit der Leber<\/p>\n<\/li>\n<li data-start=\"2442\" data-end=\"2529\">\n<p data-start=\"2444\" data-end=\"2529\">Kann zur Vorbeugung oder Verringerung der Schwere von Atemwegsinfektionen beitragen<\/p>\n<\/li>\n<\/ul>\n<p data-start=\"2531\" data-end=\"2561\"><strong data-start=\"2531\" data-end=\"2559\">Dosierung und Anwendung:<\/strong><\/p>\n<ul data-start=\"2562\" data-end=\"2667\">\n<li data-start=\"2562\" data-end=\"2667\">\n<p data-start=\"2564\" data-end=\"2667\">1 Kapsel ein- bis zweimal t\u00e4glich, vorzugsweise mit Wasser einnehmen, oder gem\u00e4\u00df \u00e4rztlicher Anweisung<\/p>\n<\/li>\n<\/ul>\n<p data-start=\"2669\" data-end=\"2689\"><strong data-start=\"2669\" data-end=\"2687\">Gegenanzeigen:<\/strong><\/p>\n<ul data-start=\"2690\" data-end=\"2857\">\n<li data-start=\"2690\" data-end=\"2763\">\n<p data-start=\"2692\" data-end=\"2763\">\u00dcberempfindlichkeit gegen N-Acetylcystein oder einen der Bestandteile<\/p>\n<\/li>\n<li data-start=\"2764\" data-end=\"2857\">\n<p data-start=\"2766\" data-end=\"2857\">Nicht empfohlen bei schwerem Asthma bronchiale oder peptischen Ulzera ohne \u00e4rztlichen Rat<\/p>\n<\/li>\n<\/ul>\n<p data-start=\"2859\" data-end=\"2884\"><strong data-start=\"2859\" data-end=\"2882\">Vorsichtsma\u00dfnahmen:<\/strong><\/p>\n<ul data-start=\"2885\" data-end=\"3155\">\n<li data-start=\"2885\" data-end=\"2970\">\n<p data-start=\"2887\" data-end=\"2970\">Schwangere und stillende Frauen sollten vor der Anwendung einen Arzt konsultieren<\/p>\n<\/li>\n<li data-start=\"2971\" data-end=\"3067\">\n<p data-start=\"2973\" data-end=\"3067\">M\u00f6gliche Wechselwirkungen mit bestimmten Arzneimitteln (z. B. Nitroglycerin oder Aktivkohle)<\/p>\n<\/li>\n<li data-start=\"3068\" data-end=\"3155\">\n<p data-start=\"3070\" data-end=\"3155\">Kein Ersatz f\u00fcr eine ausgewogene Ern\u00e4hrung oder eine \u00e4rztlich verordnete Behandlung<\/p>\n<\/li>\n<\/ul>\n<p data-start=\"3157\" data-end=\"3178\"><strong data-start=\"3157\" data-end=\"3176\">Nebenwirkungen:<\/strong><\/p>\n<ul data-start=\"3179\" data-end=\"3346\">\n<li data-start=\"3179\" data-end=\"3211\">\n<p data-start=\"3181\" data-end=\"3211\">In der Regel gut vertr\u00e4glich<\/p>\n<\/li>\n<li data-start=\"3212\" data-end=\"3284\">\n<p data-start=\"3214\" data-end=\"3284\">M\u00f6glich sind leichte Magen-Darm-Beschwerden, \u00dcbelkeit oder Durchfall<\/p>\n<\/li>\n<li data-start=\"3285\" data-end=\"3346\">\n<p data-start=\"3287\" data-end=\"3346\">Selten: allergische Reaktionen, Hautausschlag oder Fieber<\/p>\n<\/li>\n<\/ul>\n<p data-start=\"3348\" data-end=\"3475\"><strong data-start=\"3348\" data-end=\"3361\">Lagerung:<\/strong><br data-start=\"3361\" data-end=\"3364\" \/>K\u00fchl, trocken und vor direkter Sonneneinstrahlung gesch\u00fctzt lagern<br data-start=\"3430\" data-end=\"3433\" \/>Au\u00dfer Reichweite von Kindern aufbewahren<\/p>\n<\/div>\n<\/div>\n<\/div>\n<\/div>\n<\/div>\n<\/div>\n<\/article>\n","protected":false},"excerpt":{"rendered":"<p>Thiotacid Compound 600mg 30 Kapseln Darreichungsform:Kapseln Wirkstoffe (pro Kapsel): N-Acetylcystein (NAC) \u2014 600 mg Zus\u00e4tzliche unterst\u00fctzende Antioxidantien (Zusammensetzung kann variieren) Anwendungsgebiete: Unterst\u00fctzung der Atemwegsgesundheit durch Verfl\u00fcssigung von Schleim in den Lungen Antioxidative Wirkung zur Reduktion von oxidativem Stress Unterst\u00fctzung der Entgiftungsfunktion und der allgemeinen Gesundheit der Leber Kann zur Vorbeugung oder Verringerung der Schwere von&#8230;<\/p>\n","protected":false},"featured_media":9447,"comment_status":"open","ping_status":"closed","template":"","meta":{"rs_blank_template":"","rs_page_bg_color":"","slide_template_v7":"","_bst_post_transparent":"default","_bst_post_title":"","_bst_post_layout":"default","_bst_post_sidebar_id":"","_bst_post_content_style":"default","_bst_post_vertical_padding":"default","_bst_post_feature":"","_bst_post_feature_position":"","_bst_post_header":false,"_bst_post_footer":false},"product_brand":[],"product_cat":[351,217,277,457,229],"product_tag":[],"product_brands":[],"class_list":{"0":"post-9448","1":"product","2":"type-product","3":"status-publish","4":"has-post-thumbnail","6":"product_cat-medical-forms","7":"product_cat-medicines","8":"product_cat-nervous-system-medications","9":"product_cat-tablets-capsules","10":"product_cat-vitamins-general-supplements","12":"first","13":"instock","14":"shipping-taxable","15":"purchasable","16":"product-type-simple","17":"entry","18":"content-bg","19":"loop-entry"},"_links":{"self":[{"href":"https:\/\/nawarpharmacy.com\/de\/wp-json\/wp\/v2\/product\/9448","targetHints":{"allow":["GET"]}}],"collection":[{"href":"https:\/\/nawarpharmacy.com\/de\/wp-json\/wp\/v2\/product"}],"about":[{"href":"https:\/\/nawarpharmacy.com\/de\/wp-json\/wp\/v2\/types\/product"}],"replies":[{"embeddable":true,"href":"https:\/\/nawarpharmacy.com\/de\/wp-json\/wp\/v2\/comments?post=9448"}],"wp:featuredmedia":[{"embeddable":true,"href":"https:\/\/nawarpharmacy.com\/de\/wp-json\/wp\/v2\/media\/9447"}],"wp:attachment":[{"href":"https:\/\/nawarpharmacy.com\/de\/wp-json\/wp\/v2\/media?parent=9448"}],"wp:term":[{"taxonomy":"product_brand","embeddable":true,"href":"https:\/\/nawarpharmacy.com\/de\/wp-json\/wp\/v2\/product_brand?post=9448"},{"taxonomy":"product_cat","embeddable":true,"href":"https:\/\/nawarpharmacy.com\/de\/wp-json\/wp\/v2\/product_cat?post=9448"},{"taxonomy":"product_tag","embeddable":true,"href":"https:\/\/nawarpharmacy.com\/de\/wp-json\/wp\/v2\/product_tag?post=9448"},{"taxonomy":"product_brands","embeddable":true,"href":"https:\/\/nawarpharmacy.com\/de\/wp-json\/wp\/v2\/product_brands?post=9448"}],"curies":[{"name":"wp","href":"https:\/\/api.w.org\/{rel}","templated":true}]}}