{"id":9443,"date":"2025-11-22T23:06:09","date_gmt":"2025-11-22T23:06:09","guid":{"rendered":"https:\/\/nawarpharmacy.com\/?post_type=product&#038;p=9443"},"modified":"2026-02-05T19:31:16","modified_gmt":"2026-02-05T19:31:16","slug":"thiotex-forte-600mg-30-capsules","status":"publish","type":"product","link":"https:\/\/nawarpharmacy.com\/de\/produkt\/thiotex-forte-600mg-30-capsules\/","title":{"rendered":"Thiotex Forte 600mg 30 Kapseln"},"content":{"rendered":"<article class=\"text-token-text-primary w-full focus:outline-none [--shadow-height:45px] has-data-writing-block:pointer-events-none has-data-writing-block:-mt-(--shadow-height) has-data-writing-block:pt-(--shadow-height) [&amp;:has([data-writing-block])&gt;*]:pointer-events-auto [content-visibility:auto] supports-[content-visibility:auto]:[contain-intrinsic-size:auto_100lvh] scroll-mt-[calc(var(--header-height)+min(200px,max(70px,20svh)))]\" dir=\"auto\" data-turn-id=\"request-692073f5-3f80-832c-872f-7626d4388ea8-83\" data-testid=\"conversation-turn-184\" data-scroll-anchor=\"true\" data-turn=\"assistant\">\n<div class=\"text-base my-auto mx-auto pb-10 [--thread-content-margin:--spacing(4)] thread-sm:[--thread-content-margin:--spacing(6)] thread-lg:[--thread-content-margin:--spacing(16)] px-(--thread-content-margin)\">\n<div class=\"[--thread-content-max-width:40rem] thread-lg:[--thread-content-max-width:48rem] mx-auto max-w-(--thread-content-max-width) flex-1 group\/turn-messages focus-visible:outline-hidden relative flex w-full min-w-0 flex-col agent-turn\">\n<div class=\"flex max-w-full flex-col grow\">\n<div class=\"min-h-8 text-message relative flex w-full flex-col items-end gap-2 text-start break-words whitespace-normal [.text-message+&amp;]:mt-1\" dir=\"auto\" data-message-author-role=\"assistant\" data-message-id=\"ef1514f5-ffcb-4dfc-b174-b60e2bab019b\" data-message-model-slug=\"gpt-5-mini\">\n<div class=\"flex w-full flex-col gap-1 empty:hidden first:pt-[1px]\">\n<div class=\"markdown prose dark:prose-invert w-full break-words light markdown-new-styling\">\n<p><strong data-start=\"1854\" data-end=\"1890\">Thiotex Forte 600mg 30 Kapseln<\/strong><\/p>\n<p data-start=\"1892\" data-end=\"1923\"><strong data-start=\"1892\" data-end=\"1913\">Darreichungsform:<\/strong><br data-start=\"1913\" data-end=\"1916\" \/>Kapseln<\/p>\n<p data-start=\"1925\" data-end=\"1985\"><strong data-start=\"1925\" data-end=\"1952\">Wirkstoff (pro Kapsel):<\/strong><br data-start=\"1952\" data-end=\"1955\" \/>N-Acetylcystein (NAC) \u2014 600 mg<\/p>\n<p data-start=\"1987\" data-end=\"2011\"><strong data-start=\"1987\" data-end=\"2009\">Anwendungsgebiete:<\/strong><\/p>\n<ul data-start=\"2012\" data-end=\"2342\">\n<li data-start=\"2012\" data-end=\"2098\">\n<p data-start=\"2014\" data-end=\"2098\">Unterst\u00fctzung der Atemwegsgesundheit durch Verfl\u00fcssigung von Schleim in den Lungen<\/p>\n<\/li>\n<li data-start=\"2099\" data-end=\"2171\">\n<p data-start=\"2101\" data-end=\"2171\">Wirkt antioxidativ und tr\u00e4gt zur Reduktion von oxidativem Stress bei<\/p>\n<\/li>\n<li data-start=\"2172\" data-end=\"2254\">\n<p data-start=\"2174\" data-end=\"2254\">Unterst\u00fctzung der Entgiftungsfunktion und der allgemeinen Gesundheit der Leber<\/p>\n<\/li>\n<li data-start=\"2255\" data-end=\"2342\">\n<p data-start=\"2257\" data-end=\"2342\">Kann zur Vorbeugung oder Verringerung der Schwere von Atemwegsinfektionen beitragen<\/p>\n<\/li>\n<\/ul>\n<p data-start=\"2344\" data-end=\"2374\"><strong data-start=\"2344\" data-end=\"2372\">Dosierung und Anwendung:<\/strong><\/p>\n<ul data-start=\"2375\" data-end=\"2480\">\n<li data-start=\"2375\" data-end=\"2480\">\n<p data-start=\"2377\" data-end=\"2480\">1 Kapsel ein- bis zweimal t\u00e4glich, vorzugsweise mit Wasser einnehmen, oder gem\u00e4\u00df \u00e4rztlicher Anweisung<\/p>\n<\/li>\n<\/ul>\n<p data-start=\"2482\" data-end=\"2502\"><strong data-start=\"2482\" data-end=\"2500\">Gegenanzeigen:<\/strong><\/p>\n<ul data-start=\"2503\" data-end=\"2670\">\n<li data-start=\"2503\" data-end=\"2576\">\n<p data-start=\"2505\" data-end=\"2576\">\u00dcberempfindlichkeit gegen N-Acetylcystein oder einen der Bestandteile<\/p>\n<\/li>\n<li data-start=\"2577\" data-end=\"2670\">\n<p data-start=\"2579\" data-end=\"2670\">Nicht empfohlen bei schwerem Asthma bronchiale oder peptischen Ulzera ohne \u00e4rztlichen Rat<\/p>\n<\/li>\n<\/ul>\n<p data-start=\"2672\" data-end=\"2697\"><strong data-start=\"2672\" data-end=\"2695\">Vorsichtsma\u00dfnahmen:<\/strong><\/p>\n<ul data-start=\"2698\" data-end=\"2968\">\n<li data-start=\"2698\" data-end=\"2783\">\n<p data-start=\"2700\" data-end=\"2783\">Schwangere und stillende Frauen sollten vor der Anwendung einen Arzt konsultieren<\/p>\n<\/li>\n<li data-start=\"2784\" data-end=\"2880\">\n<p data-start=\"2786\" data-end=\"2880\">M\u00f6gliche Wechselwirkungen mit bestimmten Arzneimitteln (z. B. Nitroglycerin oder Aktivkohle)<\/p>\n<\/li>\n<li data-start=\"2881\" data-end=\"2968\">\n<p data-start=\"2883\" data-end=\"2968\">Kein Ersatz f\u00fcr eine ausgewogene Ern\u00e4hrung oder eine \u00e4rztlich verordnete Behandlung<\/p>\n<\/li>\n<\/ul>\n<p data-start=\"2970\" data-end=\"2991\"><strong data-start=\"2970\" data-end=\"2989\">Nebenwirkungen:<\/strong><\/p>\n<ul data-start=\"2992\" data-end=\"3159\">\n<li data-start=\"2992\" data-end=\"3024\">\n<p data-start=\"2994\" data-end=\"3024\">In der Regel gut vertr\u00e4glich<\/p>\n<\/li>\n<li data-start=\"3025\" data-end=\"3097\">\n<p data-start=\"3027\" data-end=\"3097\">M\u00f6glich sind leichte Magen-Darm-Beschwerden, \u00dcbelkeit oder Durchfall<\/p>\n<\/li>\n<li data-start=\"3098\" data-end=\"3159\">\n<p data-start=\"3100\" data-end=\"3159\">Selten: allergische Reaktionen, Hautausschlag oder Fieber<\/p>\n<\/li>\n<\/ul>\n<p data-start=\"3161\" data-end=\"3288\"><strong data-start=\"3161\" data-end=\"3174\">Lagerung:<\/strong><br data-start=\"3174\" data-end=\"3177\" \/>K\u00fchl, trocken und vor direkter Sonneneinstrahlung gesch\u00fctzt lagern<br data-start=\"3243\" data-end=\"3246\" \/>Au\u00dfer Reichweite von Kindern aufbewahren<\/p>\n<\/div>\n<\/div>\n<\/div>\n<\/div>\n<\/div>\n<\/div>\n<\/article>\n","protected":false},"excerpt":{"rendered":"<p>Thiotex Forte 600mg 30 Kapseln Darreichungsform:Kapseln Wirkstoff (pro Kapsel):N-Acetylcystein (NAC) \u2014 600 mg Anwendungsgebiete: Unterst\u00fctzung der Atemwegsgesundheit durch Verfl\u00fcssigung von Schleim in den Lungen Wirkt antioxidativ und tr\u00e4gt zur Reduktion von oxidativem Stress bei Unterst\u00fctzung der Entgiftungsfunktion und der allgemeinen Gesundheit der Leber Kann zur Vorbeugung oder Verringerung der Schwere von Atemwegsinfektionen beitragen Dosierung und&#8230;<\/p>\n","protected":false},"featured_media":9442,"comment_status":"open","ping_status":"closed","template":"","meta":{"rs_blank_template":"","rs_page_bg_color":"","slide_template_v7":"","_bst_post_transparent":"default","_bst_post_title":"","_bst_post_layout":"default","_bst_post_sidebar_id":"","_bst_post_content_style":"default","_bst_post_vertical_padding":"default","_bst_post_feature":"","_bst_post_feature_position":"","_bst_post_header":false,"_bst_post_footer":false},"product_brand":[],"product_cat":[351,217,277,457,229],"product_tag":[],"product_brands":[],"class_list":{"0":"post-9443","1":"product","2":"type-product","3":"status-publish","4":"has-post-thumbnail","6":"product_cat-medical-forms","7":"product_cat-medicines","8":"product_cat-nervous-system-medications","9":"product_cat-tablets-capsules","10":"product_cat-vitamins-general-supplements","12":"first","13":"instock","14":"shipping-taxable","15":"purchasable","16":"product-type-simple","17":"entry","18":"content-bg","19":"loop-entry"},"_links":{"self":[{"href":"https:\/\/nawarpharmacy.com\/de\/wp-json\/wp\/v2\/product\/9443","targetHints":{"allow":["GET"]}}],"collection":[{"href":"https:\/\/nawarpharmacy.com\/de\/wp-json\/wp\/v2\/product"}],"about":[{"href":"https:\/\/nawarpharmacy.com\/de\/wp-json\/wp\/v2\/types\/product"}],"replies":[{"embeddable":true,"href":"https:\/\/nawarpharmacy.com\/de\/wp-json\/wp\/v2\/comments?post=9443"}],"wp:featuredmedia":[{"embeddable":true,"href":"https:\/\/nawarpharmacy.com\/de\/wp-json\/wp\/v2\/media\/9442"}],"wp:attachment":[{"href":"https:\/\/nawarpharmacy.com\/de\/wp-json\/wp\/v2\/media?parent=9443"}],"wp:term":[{"taxonomy":"product_brand","embeddable":true,"href":"https:\/\/nawarpharmacy.com\/de\/wp-json\/wp\/v2\/product_brand?post=9443"},{"taxonomy":"product_cat","embeddable":true,"href":"https:\/\/nawarpharmacy.com\/de\/wp-json\/wp\/v2\/product_cat?post=9443"},{"taxonomy":"product_tag","embeddable":true,"href":"https:\/\/nawarpharmacy.com\/de\/wp-json\/wp\/v2\/product_tag?post=9443"},{"taxonomy":"product_brands","embeddable":true,"href":"https:\/\/nawarpharmacy.com\/de\/wp-json\/wp\/v2\/product_brands?post=9443"}],"curies":[{"name":"wp","href":"https:\/\/api.w.org\/{rel}","templated":true}]}}