{"id":9439,"date":"2025-11-22T23:07:18","date_gmt":"2025-11-22T23:07:18","guid":{"rendered":"https:\/\/nawarpharmacy.com\/?post_type=product&#038;p=9439"},"modified":"2026-02-05T19:29:36","modified_gmt":"2026-02-05T19:29:36","slug":"g-xir-d3-10000iu-30-tablets","status":"publish","type":"product","link":"https:\/\/nawarpharmacy.com\/de\/produkt\/g-xir-d3-10000iu-30-tablets\/","title":{"rendered":"G.Xir D\u2083 10000 I.E. 30 Tabletten"},"content":{"rendered":"<article class=\"text-token-text-primary w-full focus:outline-none [--shadow-height:45px] has-data-writing-block:pointer-events-none has-data-writing-block:-mt-(--shadow-height) has-data-writing-block:pt-(--shadow-height) [&amp;:has([data-writing-block])&gt;*]:pointer-events-auto [content-visibility:auto] supports-[content-visibility:auto]:[contain-intrinsic-size:auto_100lvh] scroll-mt-[calc(var(--header-height)+min(200px,max(70px,20svh)))]\" dir=\"auto\" data-turn-id=\"request-692073f5-3f80-832c-872f-7626d4388ea8-82\" data-testid=\"conversation-turn-182\" data-scroll-anchor=\"true\" data-turn=\"assistant\">\n<div class=\"text-base my-auto mx-auto pb-10 [--thread-content-margin:--spacing(4)] thread-sm:[--thread-content-margin:--spacing(6)] thread-lg:[--thread-content-margin:--spacing(16)] px-(--thread-content-margin)\">\n<div class=\"[--thread-content-max-width:40rem] thread-lg:[--thread-content-max-width:48rem] mx-auto max-w-(--thread-content-max-width) flex-1 group\/turn-messages focus-visible:outline-hidden relative flex w-full min-w-0 flex-col agent-turn\">\n<div class=\"flex max-w-full flex-col grow\">\n<div class=\"min-h-8 text-message relative flex w-full flex-col items-end gap-2 text-start break-words whitespace-normal [.text-message+&amp;]:mt-1\" dir=\"auto\" data-message-author-role=\"assistant\" data-message-id=\"60f195b1-3a3c-45ab-9583-84ea0cb30c36\" data-message-model-slug=\"gpt-5-mini\">\n<div class=\"flex w-full flex-col gap-1 empty:hidden first:pt-[1px]\">\n<div class=\"markdown prose dark:prose-invert w-full break-words light markdown-new-styling\">\n<p><strong data-start=\"1405\" data-end=\"1442\">G.Xir D\u2083 10000 I.E. 30 Tabletten<\/strong><\/p>\n<p data-start=\"1444\" data-end=\"1477\"><strong data-start=\"1444\" data-end=\"1465\">Darreichungsform:<\/strong><br data-start=\"1465\" data-end=\"1468\" \/>Tabletten<\/p>\n<p data-start=\"1479\" data-end=\"1552\"><strong data-start=\"1479\" data-end=\"1508\">Wirkstoff (pro Tablette):<\/strong><br data-start=\"1508\" data-end=\"1511\" \/>Vitamin D\u2083 (Cholecalciferol) \u2014 10000 I.E.<\/p>\n<p data-start=\"1554\" data-end=\"1578\"><strong data-start=\"1554\" data-end=\"1576\">Anwendungsgebiete:<\/strong><\/p>\n<ul data-start=\"1579\" data-end=\"1759\">\n<li data-start=\"1579\" data-end=\"1634\">\n<p data-start=\"1581\" data-end=\"1634\">Unterst\u00fctzung der Gesundheit von Knochen und Z\u00e4hnen<\/p>\n<\/li>\n<li data-start=\"1635\" data-end=\"1668\">\n<p data-start=\"1637\" data-end=\"1668\">F\u00f6rderung der Calciumaufnahme<\/p>\n<\/li>\n<li data-start=\"1669\" data-end=\"1716\">\n<p data-start=\"1671\" data-end=\"1716\">Unterst\u00fctzung der Funktion des Immunsystems<\/p>\n<\/li>\n<li data-start=\"1717\" data-end=\"1759\">\n<p data-start=\"1719\" data-end=\"1759\">Beitrag zur Erhaltung gesunder Muskeln<\/p>\n<\/li>\n<\/ul>\n<p data-start=\"1761\" data-end=\"1791\"><strong data-start=\"1761\" data-end=\"1789\">Dosierung und Anwendung:<\/strong><\/p>\n<ul data-start=\"1792\" data-end=\"1902\">\n<li data-start=\"1792\" data-end=\"1902\">\n<p data-start=\"1794\" data-end=\"1902\">1 Tablette t\u00e4glich einnehmen, vorzugsweise zu einer fetthaltigen Mahlzeit, oder gem\u00e4\u00df \u00e4rztlicher Anweisung<\/p>\n<\/li>\n<\/ul>\n<p data-start=\"1904\" data-end=\"1924\"><strong data-start=\"1904\" data-end=\"1922\">Gegenanzeigen:<\/strong><\/p>\n<ul data-start=\"1925\" data-end=\"2031\">\n<li data-start=\"1925\" data-end=\"1993\">\n<p data-start=\"1927\" data-end=\"1993\">\u00dcberempfindlichkeit gegen Vitamin D\u2083 oder einen der Bestandteile<\/p>\n<\/li>\n<li data-start=\"1994\" data-end=\"2031\">\n<p data-start=\"1996\" data-end=\"2031\">Nicht empfohlen bei Hyperkalz\u00e4mie<\/p>\n<\/li>\n<\/ul>\n<p data-start=\"2033\" data-end=\"2058\"><strong data-start=\"2033\" data-end=\"2056\">Vorsichtsma\u00dfnahmen:<\/strong><\/p>\n<ul data-start=\"2059\" data-end=\"2214\">\n<li data-start=\"2059\" data-end=\"2144\">\n<p data-start=\"2061\" data-end=\"2144\">Schwangere und stillende Frauen sollten vor der Anwendung einen Arzt konsultieren<\/p>\n<\/li>\n<li data-start=\"2145\" data-end=\"2214\">\n<p data-start=\"2147\" data-end=\"2214\">Kein Ersatz f\u00fcr eine ausgewogene und abwechslungsreiche Ern\u00e4hrung<\/p>\n<\/li>\n<\/ul>\n<p data-start=\"2216\" data-end=\"2237\"><strong data-start=\"2216\" data-end=\"2235\">Nebenwirkungen:<\/strong><\/p>\n<ul data-start=\"2238\" data-end=\"2334\">\n<li data-start=\"2238\" data-end=\"2270\">\n<p data-start=\"2240\" data-end=\"2270\">In der Regel gut vertr\u00e4glich<\/p>\n<\/li>\n<li data-start=\"2271\" data-end=\"2334\">\n<p data-start=\"2273\" data-end=\"2334\">Selten: \u00dcbelkeit, Kopfschmerzen oder allergische Reaktionen<\/p>\n<\/li>\n<\/ul>\n<p data-start=\"2336\" data-end=\"2463\"><strong data-start=\"2336\" data-end=\"2349\">Lagerung:<\/strong><br data-start=\"2349\" data-end=\"2352\" \/>K\u00fchl, trocken und vor direkter Sonneneinstrahlung gesch\u00fctzt lagern<br data-start=\"2418\" data-end=\"2421\" \/>Au\u00dfer Reichweite von Kindern aufbewahren<\/p>\n<\/div>\n<\/div>\n<\/div>\n<\/div>\n<\/div>\n<\/div>\n<\/article>\n","protected":false},"excerpt":{"rendered":"<p>G.Xir D\u2083 10000 I.E. 30 Tabletten Darreichungsform:Tabletten Wirkstoff (pro Tablette):Vitamin D\u2083 (Cholecalciferol) \u2014 10000 I.E. Anwendungsgebiete: Unterst\u00fctzung der Gesundheit von Knochen und Z\u00e4hnen F\u00f6rderung der Calciumaufnahme Unterst\u00fctzung der Funktion des Immunsystems Beitrag zur Erhaltung gesunder Muskeln Dosierung und Anwendung: 1 Tablette t\u00e4glich einnehmen, vorzugsweise zu einer fetthaltigen Mahlzeit, oder gem\u00e4\u00df \u00e4rztlicher Anweisung Gegenanzeigen: \u00dcberempfindlichkeit gegen&#8230;<\/p>\n","protected":false},"featured_media":9438,"comment_status":"open","ping_status":"closed","template":"","meta":{"rs_blank_template":"","rs_page_bg_color":"","slide_template_v7":"","_bst_post_transparent":"default","_bst_post_title":"","_bst_post_layout":"default","_bst_post_sidebar_id":"","_bst_post_content_style":"default","_bst_post_vertical_padding":"default","_bst_post_feature":"","_bst_post_feature_position":"","_bst_post_header":false,"_bst_post_footer":false},"product_brand":[],"product_cat":[351,239,217,457,229],"product_tag":[],"product_brands":[],"class_list":{"0":"post-9439","1":"product","2":"type-product","3":"status-publish","4":"has-post-thumbnail","6":"product_cat-medical-forms","7":"product_cat-bone-joint-health","8":"product_cat-medicines","9":"product_cat-tablets-capsules","10":"product_cat-vitamins-general-supplements","12":"first","13":"instock","14":"shipping-taxable","15":"purchasable","16":"product-type-simple","17":"entry","18":"content-bg","19":"loop-entry"},"_links":{"self":[{"href":"https:\/\/nawarpharmacy.com\/de\/wp-json\/wp\/v2\/product\/9439","targetHints":{"allow":["GET"]}}],"collection":[{"href":"https:\/\/nawarpharmacy.com\/de\/wp-json\/wp\/v2\/product"}],"about":[{"href":"https:\/\/nawarpharmacy.com\/de\/wp-json\/wp\/v2\/types\/product"}],"replies":[{"embeddable":true,"href":"https:\/\/nawarpharmacy.com\/de\/wp-json\/wp\/v2\/comments?post=9439"}],"wp:featuredmedia":[{"embeddable":true,"href":"https:\/\/nawarpharmacy.com\/de\/wp-json\/wp\/v2\/media\/9438"}],"wp:attachment":[{"href":"https:\/\/nawarpharmacy.com\/de\/wp-json\/wp\/v2\/media?parent=9439"}],"wp:term":[{"taxonomy":"product_brand","embeddable":true,"href":"https:\/\/nawarpharmacy.com\/de\/wp-json\/wp\/v2\/product_brand?post=9439"},{"taxonomy":"product_cat","embeddable":true,"href":"https:\/\/nawarpharmacy.com\/de\/wp-json\/wp\/v2\/product_cat?post=9439"},{"taxonomy":"product_tag","embeddable":true,"href":"https:\/\/nawarpharmacy.com\/de\/wp-json\/wp\/v2\/product_tag?post=9439"},{"taxonomy":"product_brands","embeddable":true,"href":"https:\/\/nawarpharmacy.com\/de\/wp-json\/wp\/v2\/product_brands?post=9439"}],"curies":[{"name":"wp","href":"https:\/\/api.w.org\/{rel}","templated":true}]}}