{"id":9435,"date":"2025-11-22T23:08:07","date_gmt":"2025-11-22T23:08:07","guid":{"rendered":"https:\/\/nawarpharmacy.com\/?post_type=product&#038;p=9435"},"modified":"2026-02-05T19:28:12","modified_gmt":"2026-02-05T19:28:12","slug":"g-vera-calmg-30-tablets","status":"publish","type":"product","link":"https:\/\/nawarpharmacy.com\/de\/produkt\/g-vera-calmg-30-tablets\/","title":{"rendered":"G.Vera Calcium + Magnesium 30 Tabletten"},"content":{"rendered":"<article class=\"text-token-text-primary w-full focus:outline-none [--shadow-height:45px] has-data-writing-block:pointer-events-none has-data-writing-block:-mt-(--shadow-height) has-data-writing-block:pt-(--shadow-height) [&amp;:has([data-writing-block])&gt;*]:pointer-events-auto [content-visibility:auto] supports-[content-visibility:auto]:[contain-intrinsic-size:auto_100lvh] scroll-mt-[calc(var(--header-height)+min(200px,max(70px,20svh)))]\" dir=\"auto\" data-turn-id=\"request-692073f5-3f80-832c-872f-7626d4388ea8-81\" data-testid=\"conversation-turn-180\" data-scroll-anchor=\"true\" data-turn=\"assistant\">\n<div class=\"text-base my-auto mx-auto pb-10 [--thread-content-margin:--spacing(4)] thread-sm:[--thread-content-margin:--spacing(6)] thread-lg:[--thread-content-margin:--spacing(16)] px-(--thread-content-margin)\">\n<div class=\"[--thread-content-max-width:40rem] thread-lg:[--thread-content-max-width:48rem] mx-auto max-w-(--thread-content-max-width) flex-1 group\/turn-messages focus-visible:outline-hidden relative flex w-full min-w-0 flex-col agent-turn\">\n<div class=\"flex max-w-full flex-col grow\">\n<div class=\"min-h-8 text-message relative flex w-full flex-col items-end gap-2 text-start break-words whitespace-normal [.text-message+&amp;]:mt-1\" dir=\"auto\" data-message-author-role=\"assistant\" data-message-id=\"c1829141-c331-4626-9a4f-80c779b69750\" data-message-model-slug=\"gpt-5-mini\">\n<div class=\"flex w-full flex-col gap-1 empty:hidden first:pt-[1px]\">\n<div class=\"markdown prose dark:prose-invert w-full break-words light markdown-new-styling\">\n<p><strong data-start=\"1654\" data-end=\"1698\">G.Vera Calcium + Magnesium 30 Tabletten<\/strong><\/p>\n<p data-start=\"1700\" data-end=\"1733\"><strong data-start=\"1700\" data-end=\"1721\">Darreichungsform:<\/strong><br data-start=\"1721\" data-end=\"1724\" \/>Tabletten<\/p>\n<p data-start=\"1735\" data-end=\"1767\"><strong data-start=\"1735\" data-end=\"1765\">Wirkstoffe (pro Tablette):<\/strong><\/p>\n<ul data-start=\"1768\" data-end=\"1863\">\n<li data-start=\"1768\" data-end=\"1796\">\n<p data-start=\"1770\" data-end=\"1796\">Calciumcarbonat \u2014 500 mg<\/p>\n<\/li>\n<li data-start=\"1797\" data-end=\"1819\">\n<p data-start=\"1799\" data-end=\"1819\">Magnesium \u2014 250 mg<\/p>\n<\/li>\n<li data-start=\"1820\" data-end=\"1863\">\n<p data-start=\"1822\" data-end=\"1863\">Vitamin D\u2083 (Cholecalciferol) \u2014 200 I.E.<\/p>\n<\/li>\n<\/ul>\n<p data-start=\"1865\" data-end=\"1889\"><strong data-start=\"1865\" data-end=\"1887\">Anwendungsgebiete:<\/strong><\/p>\n<ul data-start=\"1890\" data-end=\"2134\">\n<li data-start=\"1890\" data-end=\"1945\">\n<p data-start=\"1892\" data-end=\"1945\">Unterst\u00fctzung der Gesundheit von Knochen und Z\u00e4hnen<\/p>\n<\/li>\n<li data-start=\"1946\" data-end=\"1998\">\n<p data-start=\"1948\" data-end=\"1998\">F\u00f6rderung der Aufnahme von Calcium und Magnesium<\/p>\n<\/li>\n<li data-start=\"1999\" data-end=\"2064\">\n<p data-start=\"2001\" data-end=\"2064\">Beitrag zur Erhaltung gesunder Muskeln und der Nervenfunktion<\/p>\n<\/li>\n<li data-start=\"2065\" data-end=\"2134\">\n<p data-start=\"2067\" data-end=\"2134\">Unterst\u00fctzung der allgemeinen Skelettst\u00e4rke und des Wohlbefindens<\/p>\n<\/li>\n<\/ul>\n<p data-start=\"2136\" data-end=\"2166\"><strong data-start=\"2136\" data-end=\"2164\">Dosierung und Anwendung:<\/strong><\/p>\n<ul data-start=\"2167\" data-end=\"2264\">\n<li data-start=\"2167\" data-end=\"2264\">\n<p data-start=\"2169\" data-end=\"2264\">1 Tablette t\u00e4glich, vorzugsweise zu einer Mahlzeit, oder gem\u00e4\u00df \u00e4rztlicher Anweisung einnehmen<\/p>\n<\/li>\n<\/ul>\n<p data-start=\"2266\" data-end=\"2286\"><strong data-start=\"2266\" data-end=\"2284\">Gegenanzeigen:<\/strong><\/p>\n<ul data-start=\"2287\" data-end=\"2466\">\n<li data-start=\"2287\" data-end=\"2375\">\n<p data-start=\"2289\" data-end=\"2375\">\u00dcberempfindlichkeit gegen Calcium, Magnesium, Vitamin D\u2083 oder einen der Bestandteile<\/p>\n<\/li>\n<li data-start=\"2376\" data-end=\"2466\">\n<p data-start=\"2378\" data-end=\"2466\">Nicht empfohlen bei Hyperkalz\u00e4mie oder schweren Nierenerkrankungen ohne \u00e4rztlichen Rat<\/p>\n<\/li>\n<\/ul>\n<p data-start=\"2468\" data-end=\"2493\"><strong data-start=\"2468\" data-end=\"2491\">Vorsichtsma\u00dfnahmen:<\/strong><\/p>\n<ul data-start=\"2494\" data-end=\"2649\">\n<li data-start=\"2494\" data-end=\"2579\">\n<p data-start=\"2496\" data-end=\"2579\">Schwangere und stillende Frauen sollten vor der Anwendung einen Arzt konsultieren<\/p>\n<\/li>\n<li data-start=\"2580\" data-end=\"2649\">\n<p data-start=\"2582\" data-end=\"2649\">Kein Ersatz f\u00fcr eine ausgewogene und abwechslungsreiche Ern\u00e4hrung<\/p>\n<\/li>\n<\/ul>\n<p data-start=\"2651\" data-end=\"2672\"><strong data-start=\"2651\" data-end=\"2670\">Nebenwirkungen:<\/strong><\/p>\n<ul data-start=\"2673\" data-end=\"2815\">\n<li data-start=\"2673\" data-end=\"2705\">\n<p data-start=\"2675\" data-end=\"2705\">In der Regel gut vertr\u00e4glich<\/p>\n<\/li>\n<li data-start=\"2706\" data-end=\"2780\">\n<p data-start=\"2708\" data-end=\"2780\">M\u00f6glich sind leichte Magen-Darm-Beschwerden, Verstopfung oder \u00dcbelkeit<\/p>\n<\/li>\n<li data-start=\"2781\" data-end=\"2815\">\n<p data-start=\"2783\" data-end=\"2815\">Selten: allergische Reaktionen<\/p>\n<\/li>\n<\/ul>\n<p data-start=\"2817\" data-end=\"2944\"><strong data-start=\"2817\" data-end=\"2830\">Lagerung:<\/strong><br data-start=\"2830\" data-end=\"2833\" \/>K\u00fchl, trocken und vor direkter Sonneneinstrahlung gesch\u00fctzt lagern<br data-start=\"2899\" data-end=\"2902\" \/>Au\u00dfer Reichweite von Kindern aufbewahren<\/p>\n<\/div>\n<\/div>\n<\/div>\n<\/div>\n<\/div>\n<\/div>\n<\/article>\n","protected":false},"excerpt":{"rendered":"<p>G.Vera Calcium + Magnesium 30 Tabletten Darreichungsform:Tabletten Wirkstoffe (pro Tablette): Calciumcarbonat \u2014 500 mg Magnesium \u2014 250 mg Vitamin D\u2083 (Cholecalciferol) \u2014 200 I.E. Anwendungsgebiete: Unterst\u00fctzung der Gesundheit von Knochen und Z\u00e4hnen F\u00f6rderung der Aufnahme von Calcium und Magnesium Beitrag zur Erhaltung gesunder Muskeln und der Nervenfunktion Unterst\u00fctzung der allgemeinen Skelettst\u00e4rke und des Wohlbefindens Dosierung&#8230;<\/p>\n","protected":false},"featured_media":9434,"comment_status":"open","ping_status":"closed","template":"","meta":{"rs_blank_template":"","rs_page_bg_color":"","slide_template_v7":"","_bst_post_transparent":"default","_bst_post_title":"","_bst_post_layout":"default","_bst_post_sidebar_id":"","_bst_post_content_style":"default","_bst_post_vertical_padding":"default","_bst_post_feature":"","_bst_post_feature_position":"","_bst_post_header":false,"_bst_post_footer":false},"product_brand":[],"product_cat":[351,239,217,457,229],"product_tag":[],"product_brands":[],"class_list":{"0":"post-9435","1":"product","2":"type-product","3":"status-publish","4":"has-post-thumbnail","6":"product_cat-medical-forms","7":"product_cat-bone-joint-health","8":"product_cat-medicines","9":"product_cat-tablets-capsules","10":"product_cat-vitamins-general-supplements","12":"first","13":"instock","14":"shipping-taxable","15":"purchasable","16":"product-type-simple","17":"entry","18":"content-bg","19":"loop-entry"},"_links":{"self":[{"href":"https:\/\/nawarpharmacy.com\/de\/wp-json\/wp\/v2\/product\/9435","targetHints":{"allow":["GET"]}}],"collection":[{"href":"https:\/\/nawarpharmacy.com\/de\/wp-json\/wp\/v2\/product"}],"about":[{"href":"https:\/\/nawarpharmacy.com\/de\/wp-json\/wp\/v2\/types\/product"}],"replies":[{"embeddable":true,"href":"https:\/\/nawarpharmacy.com\/de\/wp-json\/wp\/v2\/comments?post=9435"}],"wp:featuredmedia":[{"embeddable":true,"href":"https:\/\/nawarpharmacy.com\/de\/wp-json\/wp\/v2\/media\/9434"}],"wp:attachment":[{"href":"https:\/\/nawarpharmacy.com\/de\/wp-json\/wp\/v2\/media?parent=9435"}],"wp:term":[{"taxonomy":"product_brand","embeddable":true,"href":"https:\/\/nawarpharmacy.com\/de\/wp-json\/wp\/v2\/product_brand?post=9435"},{"taxonomy":"product_cat","embeddable":true,"href":"https:\/\/nawarpharmacy.com\/de\/wp-json\/wp\/v2\/product_cat?post=9435"},{"taxonomy":"product_tag","embeddable":true,"href":"https:\/\/nawarpharmacy.com\/de\/wp-json\/wp\/v2\/product_tag?post=9435"},{"taxonomy":"product_brands","embeddable":true,"href":"https:\/\/nawarpharmacy.com\/de\/wp-json\/wp\/v2\/product_brands?post=9435"}],"curies":[{"name":"wp","href":"https:\/\/api.w.org\/{rel}","templated":true}]}}