{"id":9430,"date":"2025-11-22T23:09:45","date_gmt":"2025-11-22T23:09:45","guid":{"rendered":"https:\/\/nawarpharmacy.com\/?post_type=product&#038;p=9430"},"modified":"2026-02-05T19:27:04","modified_gmt":"2026-02-05T19:27:04","slug":"ginger-30-tablets","status":"publish","type":"product","link":"https:\/\/nawarpharmacy.com\/de\/produkt\/ginger-30-tablets\/","title":{"rendered":"Ingwer 30 Tabletten"},"content":{"rendered":"<article class=\"text-token-text-primary w-full focus:outline-none [--shadow-height:45px] has-data-writing-block:pointer-events-none has-data-writing-block:-mt-(--shadow-height) has-data-writing-block:pt-(--shadow-height) [&amp;:has([data-writing-block])&gt;*]:pointer-events-auto [content-visibility:auto] supports-[content-visibility:auto]:[contain-intrinsic-size:auto_100lvh] scroll-mt-[calc(var(--header-height)+min(200px,max(70px,20svh)))]\" dir=\"auto\" data-turn-id=\"request-692073f5-3f80-832c-872f-7626d4388ea8-80\" data-testid=\"conversation-turn-178\" data-scroll-anchor=\"true\" data-turn=\"assistant\">\n<div class=\"text-base my-auto mx-auto pb-10 [--thread-content-margin:--spacing(4)] thread-sm:[--thread-content-margin:--spacing(6)] thread-lg:[--thread-content-margin:--spacing(16)] px-(--thread-content-margin)\">\n<div class=\"[--thread-content-max-width:40rem] thread-lg:[--thread-content-max-width:48rem] mx-auto max-w-(--thread-content-max-width) flex-1 group\/turn-messages focus-visible:outline-hidden relative flex w-full min-w-0 flex-col agent-turn\">\n<div class=\"flex max-w-full flex-col grow\">\n<div class=\"min-h-8 text-message relative flex w-full flex-col items-end gap-2 text-start break-words whitespace-normal [.text-message+&amp;]:mt-1\" dir=\"auto\" data-message-author-role=\"assistant\" data-message-id=\"3644f3fe-e7b6-4cf3-8267-954bf4af28a8\" data-message-model-slug=\"gpt-5-mini\">\n<div class=\"flex w-full flex-col gap-1 empty:hidden first:pt-[1px]\">\n<div class=\"markdown prose dark:prose-invert w-full break-words light markdown-new-styling\">\n<p><strong data-start=\"1673\" data-end=\"1697\">Ingwer 30 Tabletten<\/strong><\/p>\n<p data-start=\"1712\" data-end=\"1745\"><strong data-start=\"1712\" data-end=\"1733\">Darreichungsform:<\/strong><br data-start=\"1733\" data-end=\"1736\" \/>Tabletten<\/p>\n<p data-start=\"1747\" data-end=\"1832\"><strong data-start=\"1747\" data-end=\"1776\">Wirkstoff (pro Tablette):<\/strong><br data-start=\"1776\" data-end=\"1779\" \/>Ingwerwurzel-Extrakt <em data-start=\"1800\" data-end=\"1823\">(Zingiber officinale)<\/em> \u2014 500 mg<\/p>\n<p data-start=\"1834\" data-end=\"1858\"><strong data-start=\"1834\" data-end=\"1856\">Anwendungsgebiete:<\/strong><\/p>\n<ul data-start=\"1859\" data-end=\"2122\">\n<li data-start=\"1859\" data-end=\"1928\">\n<p data-start=\"1861\" data-end=\"1928\">Unterst\u00fctzung der Verdauungsgesundheit und Linderung von \u00dcbelkeit<\/p>\n<\/li>\n<li data-start=\"1929\" data-end=\"1984\">\n<p data-start=\"1931\" data-end=\"1984\">Hilfe bei Reisekrankheit und morgendlicher \u00dcbelkeit<\/p>\n<\/li>\n<li data-start=\"1985\" data-end=\"2040\">\n<p data-start=\"1987\" data-end=\"2040\">Entz\u00fcndungshemmende und antioxidative Eigenschaften<\/p>\n<\/li>\n<li data-start=\"2041\" data-end=\"2122\">\n<p data-start=\"2043\" data-end=\"2122\">Kann zur Erhaltung gesunder Gelenke und einer normalen Durchblutung beitragen<\/p>\n<\/li>\n<\/ul>\n<p data-start=\"2124\" data-end=\"2154\"><strong data-start=\"2124\" data-end=\"2152\">Dosierung und Anwendung:<\/strong><\/p>\n<ul data-start=\"2155\" data-end=\"2269\">\n<li data-start=\"2155\" data-end=\"2269\">\n<p data-start=\"2157\" data-end=\"2269\">1 Tablette ein- bis zweimal t\u00e4glich, vorzugsweise zu den Mahlzeiten, oder gem\u00e4\u00df \u00e4rztlicher Anweisung einnehmen<\/p>\n<\/li>\n<\/ul>\n<p data-start=\"2271\" data-end=\"2291\"><strong data-start=\"2271\" data-end=\"2289\">Gegenanzeigen:<\/strong><\/p>\n<ul data-start=\"2292\" data-end=\"2424\">\n<li data-start=\"2292\" data-end=\"2356\">\n<p data-start=\"2294\" data-end=\"2356\">\u00dcberempfindlichkeit gegen Ingwer oder einen der Bestandteile<\/p>\n<\/li>\n<li data-start=\"2357\" data-end=\"2424\">\n<p data-start=\"2359\" data-end=\"2424\">Nicht empfohlen bei Blutgerinnungsst\u00f6rungen ohne \u00e4rztlichen Rat<\/p>\n<\/li>\n<\/ul>\n<p data-start=\"2426\" data-end=\"2451\"><strong data-start=\"2426\" data-end=\"2449\">Vorsichtsma\u00dfnahmen:<\/strong><\/p>\n<ul data-start=\"2452\" data-end=\"2686\">\n<li data-start=\"2452\" data-end=\"2537\">\n<p data-start=\"2454\" data-end=\"2537\">Schwangere und stillende Frauen sollten vor der Anwendung einen Arzt konsultieren<\/p>\n<\/li>\n<li data-start=\"2538\" data-end=\"2616\">\n<p data-start=\"2540\" data-end=\"2616\">Vorsicht bei gleichzeitiger Einnahme von gerinnungshemmenden Arzneimitteln<\/p>\n<\/li>\n<li data-start=\"2617\" data-end=\"2686\">\n<p data-start=\"2619\" data-end=\"2686\">Kein Ersatz f\u00fcr eine ausgewogene und abwechslungsreiche Ern\u00e4hrung<\/p>\n<\/li>\n<\/ul>\n<p data-start=\"2688\" data-end=\"2709\"><strong data-start=\"2688\" data-end=\"2707\">Nebenwirkungen:<\/strong><\/p>\n<ul data-start=\"2710\" data-end=\"2830\">\n<li data-start=\"2710\" data-end=\"2742\">\n<p data-start=\"2712\" data-end=\"2742\">In der Regel gut vertr\u00e4glich<\/p>\n<\/li>\n<li data-start=\"2743\" data-end=\"2830\">\n<p data-start=\"2745\" data-end=\"2830\">M\u00f6glich sind leichte Magen-Darm-Beschwerden, Sodbrennen oder allergische Reaktionen<\/p>\n<\/li>\n<\/ul>\n<p data-start=\"2832\" data-end=\"2959\"><strong data-start=\"2832\" data-end=\"2845\">Lagerung:<\/strong><br data-start=\"2845\" data-end=\"2848\" \/>K\u00fchl, trocken und vor direkter Sonneneinstrahlung gesch\u00fctzt lagern<br data-start=\"2914\" data-end=\"2917\" \/>Au\u00dfer Reichweite von Kindern aufbewahren<\/p>\n<\/div>\n<\/div>\n<\/div>\n<\/div>\n<\/div>\n<\/div>\n<\/article>\n","protected":false},"excerpt":{"rendered":"<p>Ingwer 30 Tabletten Darreichungsform:Tabletten Wirkstoff (pro Tablette):Ingwerwurzel-Extrakt (Zingiber officinale) \u2014 500 mg Anwendungsgebiete: Unterst\u00fctzung der Verdauungsgesundheit und Linderung von \u00dcbelkeit Hilfe bei Reisekrankheit und morgendlicher \u00dcbelkeit Entz\u00fcndungshemmende und antioxidative Eigenschaften Kann zur Erhaltung gesunder Gelenke und einer normalen Durchblutung beitragen Dosierung und Anwendung: 1 Tablette ein- bis zweimal t\u00e4glich, vorzugsweise zu den Mahlzeiten, oder gem\u00e4\u00df&#8230;<\/p>\n","protected":false},"featured_media":9429,"comment_status":"open","ping_status":"closed","template":"","meta":{"rs_blank_template":"","rs_page_bg_color":"","slide_template_v7":"","_bst_post_transparent":"default","_bst_post_title":"","_bst_post_layout":"default","_bst_post_sidebar_id":"","_bst_post_content_style":"default","_bst_post_vertical_padding":"default","_bst_post_feature":"","_bst_post_feature_position":"","_bst_post_header":false,"_bst_post_footer":false},"product_brand":[],"product_cat":[351,221,217,457,229],"product_tag":[],"product_brands":[],"class_list":{"0":"post-9430","1":"product","2":"type-product","3":"status-publish","4":"has-post-thumbnail","6":"product_cat-medical-forms","7":"product_cat-anti-inflammatory","8":"product_cat-medicines","9":"product_cat-tablets-capsules","10":"product_cat-vitamins-general-supplements","12":"first","13":"instock","14":"shipping-taxable","15":"purchasable","16":"product-type-simple","17":"entry","18":"content-bg","19":"loop-entry"},"_links":{"self":[{"href":"https:\/\/nawarpharmacy.com\/de\/wp-json\/wp\/v2\/product\/9430","targetHints":{"allow":["GET"]}}],"collection":[{"href":"https:\/\/nawarpharmacy.com\/de\/wp-json\/wp\/v2\/product"}],"about":[{"href":"https:\/\/nawarpharmacy.com\/de\/wp-json\/wp\/v2\/types\/product"}],"replies":[{"embeddable":true,"href":"https:\/\/nawarpharmacy.com\/de\/wp-json\/wp\/v2\/comments?post=9430"}],"wp:featuredmedia":[{"embeddable":true,"href":"https:\/\/nawarpharmacy.com\/de\/wp-json\/wp\/v2\/media\/9429"}],"wp:attachment":[{"href":"https:\/\/nawarpharmacy.com\/de\/wp-json\/wp\/v2\/media?parent=9430"}],"wp:term":[{"taxonomy":"product_brand","embeddable":true,"href":"https:\/\/nawarpharmacy.com\/de\/wp-json\/wp\/v2\/product_brand?post=9430"},{"taxonomy":"product_cat","embeddable":true,"href":"https:\/\/nawarpharmacy.com\/de\/wp-json\/wp\/v2\/product_cat?post=9430"},{"taxonomy":"product_tag","embeddable":true,"href":"https:\/\/nawarpharmacy.com\/de\/wp-json\/wp\/v2\/product_tag?post=9430"},{"taxonomy":"product_brands","embeddable":true,"href":"https:\/\/nawarpharmacy.com\/de\/wp-json\/wp\/v2\/product_brands?post=9430"}],"curies":[{"name":"wp","href":"https:\/\/api.w.org\/{rel}","templated":true}]}}