{"id":9425,"date":"2025-11-22T23:10:35","date_gmt":"2025-11-22T23:10:35","guid":{"rendered":"https:\/\/nawarpharmacy.com\/?post_type=product&#038;p=9425"},"modified":"2026-02-05T19:25:22","modified_gmt":"2026-02-05T19:25:22","slug":"ginko-plus-20-capsules","status":"publish","type":"product","link":"https:\/\/nawarpharmacy.com\/de\/produkt\/ginko-plus-20-capsules\/","title":{"rendered":"Ginko Plus 20 Kapseln"},"content":{"rendered":"<p><strong data-start=\"1824\" data-end=\"1850\">Ginko Plus 20 Kapseln<\/strong><\/p>\n<p data-start=\"1852\" data-end=\"1883\"><strong data-start=\"1852\" data-end=\"1873\">Darreichungsform:<\/strong><br data-start=\"1873\" data-end=\"1876\" \/>Kapseln<\/p>\n<p data-start=\"1885\" data-end=\"1915\"><strong data-start=\"1885\" data-end=\"1913\">Wirkstoffe (pro Kapsel):<\/strong><\/p>\n<ul data-start=\"1916\" data-end=\"2071\">\n<li data-start=\"1916\" data-end=\"1973\">\n<p data-start=\"1918\" data-end=\"1973\">Ginkgo-biloba-Blattextrakt <em data-start=\"1945\" data-end=\"1962\">(Ginkgo biloba)<\/em> \u2014 120 mg<\/p>\n<\/li>\n<li data-start=\"1974\" data-end=\"2007\">\n<p data-start=\"1976\" data-end=\"2007\">Vitamin B\u2086 (Pyridoxin) \u2014 2 mg<\/p>\n<\/li>\n<li data-start=\"2008\" data-end=\"2049\">\n<p data-start=\"2010\" data-end=\"2049\">Vitamin B\u2081\u2082 (Cyanocobalamin) \u2014 2,6 \u00b5g<\/p>\n<\/li>\n<li data-start=\"2050\" data-end=\"2071\">\n<p data-start=\"2052\" data-end=\"2071\">Fols\u00e4ure \u2014 200 \u00b5g<\/p>\n<\/li>\n<\/ul>\n<p data-start=\"2073\" data-end=\"2097\"><strong data-start=\"2073\" data-end=\"2095\">Anwendungsgebiete:<\/strong><\/p>\n<ul data-start=\"2098\" data-end=\"2306\">\n<li data-start=\"2098\" data-end=\"2187\">\n<p data-start=\"2100\" data-end=\"2187\">Unterst\u00fctzung der kognitiven Funktionen, des Ged\u00e4chtnisses und der geistigen Klarheit<\/p>\n<\/li>\n<li data-start=\"2188\" data-end=\"2229\">\n<p data-start=\"2190\" data-end=\"2229\">F\u00f6rderung einer gesunden Durchblutung<\/p>\n<\/li>\n<li data-start=\"2230\" data-end=\"2255\">\n<p data-start=\"2232\" data-end=\"2255\">Antioxidativer Schutz<\/p>\n<\/li>\n<li data-start=\"2256\" data-end=\"2306\">\n<p data-start=\"2258\" data-end=\"2306\">Unterst\u00fctzung der Gesundheit des Nervensystems<\/p>\n<\/li>\n<\/ul>\n<p data-start=\"2308\" data-end=\"2338\"><strong data-start=\"2308\" data-end=\"2336\">Dosierung und Anwendung:<\/strong><\/p>\n<ul data-start=\"2339\" data-end=\"2434\">\n<li data-start=\"2339\" data-end=\"2434\">\n<p data-start=\"2341\" data-end=\"2434\">1 Kapsel t\u00e4glich, vorzugsweise zu einer Mahlzeit, oder gem\u00e4\u00df \u00e4rztlicher Anweisung einnehmen<\/p>\n<\/li>\n<\/ul>\n<p data-start=\"2436\" data-end=\"2456\"><strong data-start=\"2436\" data-end=\"2454\">Gegenanzeigen:<\/strong><\/p>\n<ul data-start=\"2457\" data-end=\"2650\">\n<li data-start=\"2457\" data-end=\"2528\">\n<p data-start=\"2459\" data-end=\"2528\">\u00dcberempfindlichkeit gegen Ginkgo biloba oder einen der Bestandteile<\/p>\n<\/li>\n<li data-start=\"2529\" data-end=\"2650\">\n<p data-start=\"2531\" data-end=\"2650\">Nicht empfohlen bei Blutgerinnungsst\u00f6rungen oder bei gleichzeitiger Einnahme von Antikoagulanzien ohne \u00e4rztlichen Rat<\/p>\n<\/li>\n<\/ul>\n<p data-start=\"2652\" data-end=\"2677\"><strong data-start=\"2652\" data-end=\"2675\">Vorsichtsma\u00dfnahmen:<\/strong><\/p>\n<ul data-start=\"2678\" data-end=\"2928\">\n<li data-start=\"2678\" data-end=\"2763\">\n<p data-start=\"2680\" data-end=\"2763\">Schwangere und stillende Frauen sollten vor der Anwendung einen Arzt konsultieren<\/p>\n<\/li>\n<li data-start=\"2764\" data-end=\"2858\">\n<p data-start=\"2766\" data-end=\"2858\">Vorsicht bei gleichzeitiger Einnahme von Arzneimitteln, die die Blutgerinnung beeinflussen<\/p>\n<\/li>\n<li data-start=\"2859\" data-end=\"2928\">\n<p data-start=\"2861\" data-end=\"2928\">Kein Ersatz f\u00fcr eine ausgewogene und abwechslungsreiche Ern\u00e4hrung<\/p>\n<\/li>\n<\/ul>\n<p data-start=\"2930\" data-end=\"2951\"><strong data-start=\"2930\" data-end=\"2949\">Nebenwirkungen:<\/strong><\/p>\n<ul data-start=\"2952\" data-end=\"3122\">\n<li data-start=\"2952\" data-end=\"2984\">\n<p data-start=\"2954\" data-end=\"2984\">In der Regel gut vertr\u00e4glich<\/p>\n<\/li>\n<li data-start=\"2985\" data-end=\"3086\">\n<p data-start=\"2987\" data-end=\"3086\">M\u00f6glich sind leichte Magen-Darm-Beschwerden, Kopfschmerzen, Schwindel oder allergische Reaktionen<\/p>\n<\/li>\n<li data-start=\"3087\" data-end=\"3122\">\n<p data-start=\"3089\" data-end=\"3122\">Selten: erh\u00f6htes Blutungsrisiko<\/p>\n<\/li>\n<\/ul>\n<p data-start=\"3124\" data-end=\"3208\"><strong data-start=\"3124\" data-end=\"3137\">Lagerung:<\/strong><br data-start=\"3137\" data-end=\"3140\" \/>K\u00fchl, trocken und vor direkter Sonneneinstrahlung gesch\u00fctzt lagern<\/p>\n","protected":false},"excerpt":{"rendered":"<p>Ginko Plus 20 Kapseln Darreichungsform:Kapseln Wirkstoffe (pro Kapsel): Ginkgo-biloba-Blattextrakt (Ginkgo biloba) \u2014 120 mg Vitamin B\u2086 (Pyridoxin) \u2014 2 mg Vitamin B\u2081\u2082 (Cyanocobalamin) \u2014 2,6 \u00b5g Fols\u00e4ure \u2014 200 \u00b5g Anwendungsgebiete: Unterst\u00fctzung der kognitiven Funktionen, des Ged\u00e4chtnisses und der geistigen Klarheit F\u00f6rderung einer gesunden Durchblutung Antioxidativer Schutz Unterst\u00fctzung der Gesundheit des Nervensystems Dosierung und Anwendung:&#8230;<\/p>\n","protected":false},"featured_media":9424,"comment_status":"open","ping_status":"closed","template":"","meta":{"rs_blank_template":"","rs_page_bg_color":"","slide_template_v7":"","_bst_post_transparent":"default","_bst_post_title":"","_bst_post_layout":"default","_bst_post_sidebar_id":"","_bst_post_content_style":"default","_bst_post_vertical_padding":"default","_bst_post_feature":"","_bst_post_feature_position":"","_bst_post_header":false,"_bst_post_footer":false},"product_brand":[],"product_cat":[351,217,457,229],"product_tag":[],"product_brands":[],"class_list":{"0":"post-9425","1":"product","2":"type-product","3":"status-publish","4":"has-post-thumbnail","6":"product_cat-medical-forms","7":"product_cat-medicines","8":"product_cat-tablets-capsules","9":"product_cat-vitamins-general-supplements","11":"first","12":"instock","13":"shipping-taxable","14":"purchasable","15":"product-type-simple","16":"entry","17":"content-bg","18":"loop-entry"},"_links":{"self":[{"href":"https:\/\/nawarpharmacy.com\/de\/wp-json\/wp\/v2\/product\/9425","targetHints":{"allow":["GET"]}}],"collection":[{"href":"https:\/\/nawarpharmacy.com\/de\/wp-json\/wp\/v2\/product"}],"about":[{"href":"https:\/\/nawarpharmacy.com\/de\/wp-json\/wp\/v2\/types\/product"}],"replies":[{"embeddable":true,"href":"https:\/\/nawarpharmacy.com\/de\/wp-json\/wp\/v2\/comments?post=9425"}],"wp:featuredmedia":[{"embeddable":true,"href":"https:\/\/nawarpharmacy.com\/de\/wp-json\/wp\/v2\/media\/9424"}],"wp:attachment":[{"href":"https:\/\/nawarpharmacy.com\/de\/wp-json\/wp\/v2\/media?parent=9425"}],"wp:term":[{"taxonomy":"product_brand","embeddable":true,"href":"https:\/\/nawarpharmacy.com\/de\/wp-json\/wp\/v2\/product_brand?post=9425"},{"taxonomy":"product_cat","embeddable":true,"href":"https:\/\/nawarpharmacy.com\/de\/wp-json\/wp\/v2\/product_cat?post=9425"},{"taxonomy":"product_tag","embeddable":true,"href":"https:\/\/nawarpharmacy.com\/de\/wp-json\/wp\/v2\/product_tag?post=9425"},{"taxonomy":"product_brands","embeddable":true,"href":"https:\/\/nawarpharmacy.com\/de\/wp-json\/wp\/v2\/product_brands?post=9425"}],"curies":[{"name":"wp","href":"https:\/\/api.w.org\/{rel}","templated":true}]}}