{"id":9421,"date":"2025-11-22T23:11:28","date_gmt":"2025-11-22T23:11:28","guid":{"rendered":"https:\/\/nawarpharmacy.com\/?post_type=product&#038;p=9421"},"modified":"2026-02-05T19:24:03","modified_gmt":"2026-02-05T19:24:03","slug":"ginkgo-biloba-30-capsules","status":"publish","type":"product","link":"https:\/\/nawarpharmacy.com\/de\/produkt\/ginkgo-biloba-30-capsules\/","title":{"rendered":"Ginkgo Biloba 30 Kapseln"},"content":{"rendered":"<article class=\"text-token-text-primary w-full focus:outline-none [--shadow-height:45px] has-data-writing-block:pointer-events-none has-data-writing-block:-mt-(--shadow-height) has-data-writing-block:pt-(--shadow-height) [&amp;:has([data-writing-block])&gt;*]:pointer-events-auto [content-visibility:auto] supports-[content-visibility:auto]:[contain-intrinsic-size:auto_100lvh] scroll-mt-[calc(var(--header-height)+min(200px,max(70px,20svh)))]\" dir=\"auto\" data-turn-id=\"request-692073f5-3f80-832c-872f-7626d4388ea8-78\" data-testid=\"conversation-turn-174\" data-scroll-anchor=\"true\" data-turn=\"assistant\">\n<div class=\"text-base my-auto mx-auto pb-10 [--thread-content-margin:--spacing(4)] thread-sm:[--thread-content-margin:--spacing(6)] thread-lg:[--thread-content-margin:--spacing(16)] px-(--thread-content-margin)\">\n<div class=\"[--thread-content-max-width:40rem] thread-lg:[--thread-content-max-width:48rem] mx-auto max-w-(--thread-content-max-width) flex-1 group\/turn-messages focus-visible:outline-hidden relative flex w-full min-w-0 flex-col agent-turn\">\n<div class=\"flex max-w-full flex-col grow\">\n<div class=\"min-h-8 text-message relative flex w-full flex-col items-end gap-2 text-start break-words whitespace-normal [.text-message+&amp;]:mt-1\" dir=\"auto\" data-message-author-role=\"assistant\" data-message-id=\"c4794f03-1db4-4aed-8016-84f5895cb2e9\" data-message-model-slug=\"gpt-5-mini\">\n<div class=\"flex w-full flex-col gap-1 empty:hidden first:pt-[1px]\">\n<div class=\"markdown prose dark:prose-invert w-full break-words light markdown-new-styling\">\n<p><strong data-start=\"1807\" data-end=\"1836\">Ginkgo Biloba 30 Kapseln<\/strong><\/p>\n<p data-start=\"1838\" data-end=\"1869\"><strong data-start=\"1838\" data-end=\"1859\">Darreichungsform:<\/strong><br data-start=\"1859\" data-end=\"1862\" \/>Kapseln<\/p>\n<p data-start=\"1871\" data-end=\"1954\"><strong data-start=\"1871\" data-end=\"1898\">Wirkstoff (pro Kapsel):<\/strong><br data-start=\"1898\" data-end=\"1901\" \/>Ginkgo-biloba-Blattextrakt <em data-start=\"1928\" data-end=\"1945\">(Ginkgo biloba)<\/em> \u2014 120 mg<\/p>\n<p data-start=\"1956\" data-end=\"1980\"><strong data-start=\"1956\" data-end=\"1978\">Anwendungsgebiete:<\/strong><\/p>\n<ul data-start=\"1981\" data-end=\"2241\">\n<li data-start=\"1981\" data-end=\"2046\">\n<p data-start=\"1983\" data-end=\"2046\">Unterst\u00fctzung der kognitiven Funktionen und des Ged\u00e4chtnisses<\/p>\n<\/li>\n<li data-start=\"2047\" data-end=\"2088\">\n<p data-start=\"2049\" data-end=\"2088\">F\u00f6rderung einer gesunden Durchblutung<\/p>\n<\/li>\n<li data-start=\"2089\" data-end=\"2114\">\n<p data-start=\"2091\" data-end=\"2114\">Antioxidativer Schutz<\/p>\n<\/li>\n<li data-start=\"2115\" data-end=\"2190\">\n<p data-start=\"2117\" data-end=\"2190\">Kann zur Linderung von leichter Angst oder geistiger Erm\u00fcdung beitragen<\/p>\n<\/li>\n<li data-start=\"2191\" data-end=\"2241\">\n<p data-start=\"2193\" data-end=\"2241\">Unterst\u00fctzung der allgemeinen Gehirngesundheit<\/p>\n<\/li>\n<\/ul>\n<p data-start=\"2243\" data-end=\"2273\"><strong data-start=\"2243\" data-end=\"2271\">Dosierung und Anwendung:<\/strong><\/p>\n<ul data-start=\"2274\" data-end=\"2369\">\n<li data-start=\"2274\" data-end=\"2369\">\n<p data-start=\"2276\" data-end=\"2369\">1 Kapsel t\u00e4glich, vorzugsweise zu einer Mahlzeit, oder gem\u00e4\u00df \u00e4rztlicher Anweisung einnehmen<\/p>\n<\/li>\n<\/ul>\n<p data-start=\"2371\" data-end=\"2391\"><strong data-start=\"2371\" data-end=\"2389\">Gegenanzeigen:<\/strong><\/p>\n<ul data-start=\"2392\" data-end=\"2585\">\n<li data-start=\"2392\" data-end=\"2463\">\n<p data-start=\"2394\" data-end=\"2463\">\u00dcberempfindlichkeit gegen Ginkgo biloba oder einen der Bestandteile<\/p>\n<\/li>\n<li data-start=\"2464\" data-end=\"2585\">\n<p data-start=\"2466\" data-end=\"2585\">Nicht empfohlen bei Blutgerinnungsst\u00f6rungen oder bei gleichzeitiger Einnahme von Antikoagulanzien ohne \u00e4rztlichen Rat<\/p>\n<\/li>\n<\/ul>\n<p data-start=\"2587\" data-end=\"2612\"><strong data-start=\"2587\" data-end=\"2610\">Vorsichtsma\u00dfnahmen:<\/strong><\/p>\n<ul data-start=\"2613\" data-end=\"2863\">\n<li data-start=\"2613\" data-end=\"2698\">\n<p data-start=\"2615\" data-end=\"2698\">Schwangere und stillende Frauen sollten vor der Anwendung einen Arzt konsultieren<\/p>\n<\/li>\n<li data-start=\"2699\" data-end=\"2793\">\n<p data-start=\"2701\" data-end=\"2793\">Vorsicht bei gleichzeitiger Einnahme von Arzneimitteln, die die Blutgerinnung beeinflussen<\/p>\n<\/li>\n<li data-start=\"2794\" data-end=\"2863\">\n<p data-start=\"2796\" data-end=\"2863\">Kein Ersatz f\u00fcr eine ausgewogene und abwechslungsreiche Ern\u00e4hrung<\/p>\n<\/li>\n<\/ul>\n<p data-start=\"2865\" data-end=\"2886\"><strong data-start=\"2865\" data-end=\"2884\">Nebenwirkungen:<\/strong><\/p>\n<ul data-start=\"2887\" data-end=\"3057\">\n<li data-start=\"2887\" data-end=\"2919\">\n<p data-start=\"2889\" data-end=\"2919\">In der Regel gut vertr\u00e4glich<\/p>\n<\/li>\n<li data-start=\"2920\" data-end=\"3021\">\n<p data-start=\"2922\" data-end=\"3021\">M\u00f6glich sind leichte Magen-Darm-Beschwerden, Kopfschmerzen, Schwindel oder allergische Reaktionen<\/p>\n<\/li>\n<li data-start=\"3022\" data-end=\"3057\">\n<p data-start=\"3024\" data-end=\"3057\">Selten: erh\u00f6htes Blutungsrisiko<\/p>\n<\/li>\n<\/ul>\n<p data-start=\"3059\" data-end=\"3186\"><strong data-start=\"3059\" data-end=\"3072\">Lagerung:<\/strong><br data-start=\"3072\" data-end=\"3075\" \/>K\u00fchl, trocken und vor direkter Sonneneinstrahlung gesch\u00fctzt lagern<br data-start=\"3141\" data-end=\"3144\" \/>Au\u00dfer Reichweite von Kindern aufbewahren<\/p>\n<\/div>\n<\/div>\n<\/div>\n<\/div>\n<\/div>\n<\/div>\n<\/article>\n","protected":false},"excerpt":{"rendered":"<p>Ginkgo Biloba 30 Kapseln Darreichungsform:Kapseln Wirkstoff (pro Kapsel):Ginkgo-biloba-Blattextrakt (Ginkgo biloba) \u2014 120 mg Anwendungsgebiete: Unterst\u00fctzung der kognitiven Funktionen und des Ged\u00e4chtnisses F\u00f6rderung einer gesunden Durchblutung Antioxidativer Schutz Kann zur Linderung von leichter Angst oder geistiger Erm\u00fcdung beitragen Unterst\u00fctzung der allgemeinen Gehirngesundheit Dosierung und Anwendung: 1 Kapsel t\u00e4glich, vorzugsweise zu einer Mahlzeit, oder gem\u00e4\u00df \u00e4rztlicher Anweisung&#8230;<\/p>\n","protected":false},"featured_media":9420,"comment_status":"open","ping_status":"closed","template":"","meta":{"rs_blank_template":"","rs_page_bg_color":"","slide_template_v7":"","_bst_post_transparent":"default","_bst_post_title":"","_bst_post_layout":"default","_bst_post_sidebar_id":"","_bst_post_content_style":"default","_bst_post_vertical_padding":"default","_bst_post_feature":"","_bst_post_feature_position":"","_bst_post_header":false,"_bst_post_footer":false},"product_brand":[],"product_cat":[351,217,457,229],"product_tag":[],"product_brands":[],"class_list":{"0":"post-9421","1":"product","2":"type-product","3":"status-publish","4":"has-post-thumbnail","6":"product_cat-medical-forms","7":"product_cat-medicines","8":"product_cat-tablets-capsules","9":"product_cat-vitamins-general-supplements","11":"first","12":"instock","13":"shipping-taxable","14":"purchasable","15":"product-type-simple","16":"entry","17":"content-bg","18":"loop-entry"},"_links":{"self":[{"href":"https:\/\/nawarpharmacy.com\/de\/wp-json\/wp\/v2\/product\/9421","targetHints":{"allow":["GET"]}}],"collection":[{"href":"https:\/\/nawarpharmacy.com\/de\/wp-json\/wp\/v2\/product"}],"about":[{"href":"https:\/\/nawarpharmacy.com\/de\/wp-json\/wp\/v2\/types\/product"}],"replies":[{"embeddable":true,"href":"https:\/\/nawarpharmacy.com\/de\/wp-json\/wp\/v2\/comments?post=9421"}],"wp:featuredmedia":[{"embeddable":true,"href":"https:\/\/nawarpharmacy.com\/de\/wp-json\/wp\/v2\/media\/9420"}],"wp:attachment":[{"href":"https:\/\/nawarpharmacy.com\/de\/wp-json\/wp\/v2\/media?parent=9421"}],"wp:term":[{"taxonomy":"product_brand","embeddable":true,"href":"https:\/\/nawarpharmacy.com\/de\/wp-json\/wp\/v2\/product_brand?post=9421"},{"taxonomy":"product_cat","embeddable":true,"href":"https:\/\/nawarpharmacy.com\/de\/wp-json\/wp\/v2\/product_cat?post=9421"},{"taxonomy":"product_tag","embeddable":true,"href":"https:\/\/nawarpharmacy.com\/de\/wp-json\/wp\/v2\/product_tag?post=9421"},{"taxonomy":"product_brands","embeddable":true,"href":"https:\/\/nawarpharmacy.com\/de\/wp-json\/wp\/v2\/product_brands?post=9421"}],"curies":[{"name":"wp","href":"https:\/\/api.w.org\/{rel}","templated":true}]}}