{"id":9412,"date":"2025-11-22T23:13:29","date_gmt":"2025-11-22T23:13:29","guid":{"rendered":"https:\/\/nawarpharmacy.com\/?post_type=product&#038;p=9412"},"modified":"2026-02-05T19:21:29","modified_gmt":"2026-02-05T19:21:29","slug":"jointa-30-tablets","status":"publish","type":"product","link":"https:\/\/nawarpharmacy.com\/de\/produkt\/jointa-30-tablets\/","title":{"rendered":"Jointa 30 Tabletten"},"content":{"rendered":"<article class=\"text-token-text-primary w-full focus:outline-none [--shadow-height:45px] has-data-writing-block:pointer-events-none has-data-writing-block:-mt-(--shadow-height) has-data-writing-block:pt-(--shadow-height) [&amp;:has([data-writing-block])&gt;*]:pointer-events-auto [content-visibility:auto] supports-[content-visibility:auto]:[contain-intrinsic-size:auto_100lvh] scroll-mt-[calc(var(--header-height)+min(200px,max(70px,20svh)))]\" dir=\"auto\" data-turn-id=\"request-692073f5-3f80-832c-872f-7626d4388ea8-76\" data-testid=\"conversation-turn-170\" data-scroll-anchor=\"true\" data-turn=\"assistant\">\n<div class=\"text-base my-auto mx-auto pb-10 [--thread-content-margin:--spacing(4)] thread-sm:[--thread-content-margin:--spacing(6)] thread-lg:[--thread-content-margin:--spacing(16)] px-(--thread-content-margin)\">\n<div class=\"[--thread-content-max-width:40rem] thread-lg:[--thread-content-max-width:48rem] mx-auto max-w-(--thread-content-max-width) flex-1 group\/turn-messages focus-visible:outline-hidden relative flex w-full min-w-0 flex-col agent-turn\">\n<div class=\"flex max-w-full flex-col grow\">\n<div class=\"min-h-8 text-message relative flex w-full flex-col items-end gap-2 text-start break-words whitespace-normal [.text-message+&amp;]:mt-1\" dir=\"auto\" data-message-author-role=\"assistant\" data-message-id=\"d8415ad4-b50c-4ef4-b186-70704da4dd41\" data-message-model-slug=\"gpt-5-mini\">\n<div class=\"flex w-full flex-col gap-1 empty:hidden first:pt-[1px]\">\n<div class=\"markdown prose dark:prose-invert w-full break-words light markdown-new-styling\">\n<p><strong data-start=\"1743\" data-end=\"1767\">Jointa 30 Tabletten<\/strong><\/p>\n<p data-start=\"1769\" data-end=\"1802\"><strong data-start=\"1769\" data-end=\"1790\">Darreichungsform:<\/strong><br data-start=\"1790\" data-end=\"1793\" \/>Tabletten<\/p>\n<p data-start=\"1804\" data-end=\"1836\"><strong data-start=\"1804\" data-end=\"1834\">Wirkstoffe (pro Tablette):<\/strong><\/p>\n<ul data-start=\"1837\" data-end=\"1959\">\n<li data-start=\"1837\" data-end=\"1866\">\n<p data-start=\"1839\" data-end=\"1866\">Glucosaminsulfat \u2014 500 mg<\/p>\n<\/li>\n<li data-start=\"1867\" data-end=\"1897\">\n<p data-start=\"1869\" data-end=\"1897\">Chondroitinsulfat \u2014 400 mg<\/p>\n<\/li>\n<li data-start=\"1898\" data-end=\"1937\">\n<p data-start=\"1900\" data-end=\"1937\">Methylsulfonylmethan (MSM) \u2014 200 mg<\/p>\n<\/li>\n<li data-start=\"1938\" data-end=\"1959\">\n<p data-start=\"1940\" data-end=\"1959\">Vitamin C \u2014 50 mg<\/p>\n<\/li>\n<\/ul>\n<p data-start=\"1961\" data-end=\"1985\"><strong data-start=\"1961\" data-end=\"1983\">Anwendungsgebiete:<\/strong><\/p>\n<ul data-start=\"1986\" data-end=\"2212\">\n<li data-start=\"1986\" data-end=\"2042\">\n<p data-start=\"1988\" data-end=\"2042\">Unterst\u00fctzung der Gelenkgesundheit und Beweglichkeit<\/p>\n<\/li>\n<li data-start=\"2043\" data-end=\"2113\">\n<p data-start=\"2045\" data-end=\"2113\">Beitrag zur Erhaltung der Struktur und Funktion des Knorpelgewebes<\/p>\n<\/li>\n<li data-start=\"2114\" data-end=\"2163\">\n<p data-start=\"2116\" data-end=\"2163\">Linderung von Gelenkbeschwerden und Steifheit<\/p>\n<\/li>\n<li data-start=\"2164\" data-end=\"2212\">\n<p data-start=\"2166\" data-end=\"2212\">Antioxidative Unterst\u00fctzung des Bindegewebes<\/p>\n<\/li>\n<\/ul>\n<p data-start=\"2214\" data-end=\"2244\"><strong data-start=\"2214\" data-end=\"2242\">Dosierung und Anwendung:<\/strong><\/p>\n<ul data-start=\"2245\" data-end=\"2350\">\n<li data-start=\"2245\" data-end=\"2350\">\n<p data-start=\"2247\" data-end=\"2350\">1 Tablette 2\u20133-mal t\u00e4glich, vorzugsweise zu den Mahlzeiten, oder gem\u00e4\u00df \u00e4rztlicher Anweisung einnehmen<\/p>\n<\/li>\n<\/ul>\n<p data-start=\"2352\" data-end=\"2372\"><strong data-start=\"2352\" data-end=\"2370\">Gegenanzeigen:<\/strong><\/p>\n<ul data-start=\"2373\" data-end=\"2540\">\n<li data-start=\"2373\" data-end=\"2456\">\n<p data-start=\"2375\" data-end=\"2456\">Allergie gegen Schalentiere (Quelle von Glucosamin) oder einen der Bestandteile<\/p>\n<\/li>\n<li data-start=\"2457\" data-end=\"2540\">\n<p data-start=\"2459\" data-end=\"2540\">Nicht empfohlen bei schweren Leber- oder Nierenerkrankungen ohne \u00e4rztlichen Rat<\/p>\n<\/li>\n<\/ul>\n<p data-start=\"2542\" data-end=\"2567\"><strong data-start=\"2542\" data-end=\"2565\">Vorsichtsma\u00dfnahmen:<\/strong><\/p>\n<ul data-start=\"2568\" data-end=\"2799\">\n<li data-start=\"2568\" data-end=\"2653\">\n<p data-start=\"2570\" data-end=\"2653\">Schwangere und stillende Frauen sollten vor der Anwendung einen Arzt konsultieren<\/p>\n<\/li>\n<li data-start=\"2654\" data-end=\"2729\">\n<p data-start=\"2656\" data-end=\"2729\">Vorsicht bei gleichzeitiger Einnahme von blutverd\u00fcnnenden Arzneimitteln<\/p>\n<\/li>\n<li data-start=\"2730\" data-end=\"2799\">\n<p data-start=\"2732\" data-end=\"2799\">Kein Ersatz f\u00fcr eine ausgewogene und abwechslungsreiche Ern\u00e4hrung<\/p>\n<\/li>\n<\/ul>\n<p data-start=\"2801\" data-end=\"2822\"><strong data-start=\"2801\" data-end=\"2820\">Nebenwirkungen:<\/strong><\/p>\n<ul data-start=\"2823\" data-end=\"2963\">\n<li data-start=\"2823\" data-end=\"2855\">\n<p data-start=\"2825\" data-end=\"2855\">In der Regel gut vertr\u00e4glich<\/p>\n<\/li>\n<li data-start=\"2856\" data-end=\"2928\">\n<p data-start=\"2858\" data-end=\"2928\">M\u00f6glich sind leichte Magen-Darm-Beschwerden, \u00dcbelkeit oder Durchfall<\/p>\n<\/li>\n<li data-start=\"2929\" data-end=\"2963\">\n<p data-start=\"2931\" data-end=\"2963\">Selten: allergische Reaktionen<\/p>\n<\/li>\n<\/ul>\n<p data-start=\"2965\" data-end=\"3092\"><strong data-start=\"2965\" data-end=\"2978\">Lagerung:<\/strong><br data-start=\"2978\" data-end=\"2981\" \/>K\u00fchl, trocken und vor direkter Sonneneinstrahlung gesch\u00fctzt lagern<br data-start=\"3047\" data-end=\"3050\" \/>Au\u00dfer Reichweite von Kindern aufbewahren<\/p>\n<\/div>\n<\/div>\n<\/div>\n<\/div>\n<\/div>\n<\/div>\n<\/article>\n","protected":false},"excerpt":{"rendered":"<p>Jointa 30 Tabletten Darreichungsform:Tabletten Wirkstoffe (pro Tablette): Glucosaminsulfat \u2014 500 mg Chondroitinsulfat \u2014 400 mg Methylsulfonylmethan (MSM) \u2014 200 mg Vitamin C \u2014 50 mg Anwendungsgebiete: Unterst\u00fctzung der Gelenkgesundheit und Beweglichkeit Beitrag zur Erhaltung der Struktur und Funktion des Knorpelgewebes Linderung von Gelenkbeschwerden und Steifheit Antioxidative Unterst\u00fctzung des Bindegewebes Dosierung und Anwendung: 1 Tablette 2\u20133-mal&#8230;<\/p>\n","protected":false},"featured_media":9411,"comment_status":"open","ping_status":"closed","template":"","meta":{"rs_blank_template":"","rs_page_bg_color":"","slide_template_v7":"","_bst_post_transparent":"default","_bst_post_title":"","_bst_post_layout":"default","_bst_post_sidebar_id":"","_bst_post_content_style":"default","_bst_post_vertical_padding":"default","_bst_post_feature":"","_bst_post_feature_position":"","_bst_post_header":false,"_bst_post_footer":false},"product_brand":[],"product_cat":[351,239,217,457,229],"product_tag":[],"product_brands":[],"class_list":{"0":"post-9412","1":"product","2":"type-product","3":"status-publish","4":"has-post-thumbnail","6":"product_cat-medical-forms","7":"product_cat-bone-joint-health","8":"product_cat-medicines","9":"product_cat-tablets-capsules","10":"product_cat-vitamins-general-supplements","12":"first","13":"instock","14":"shipping-taxable","15":"purchasable","16":"product-type-simple","17":"entry","18":"content-bg","19":"loop-entry"},"_links":{"self":[{"href":"https:\/\/nawarpharmacy.com\/de\/wp-json\/wp\/v2\/product\/9412","targetHints":{"allow":["GET"]}}],"collection":[{"href":"https:\/\/nawarpharmacy.com\/de\/wp-json\/wp\/v2\/product"}],"about":[{"href":"https:\/\/nawarpharmacy.com\/de\/wp-json\/wp\/v2\/types\/product"}],"replies":[{"embeddable":true,"href":"https:\/\/nawarpharmacy.com\/de\/wp-json\/wp\/v2\/comments?post=9412"}],"wp:featuredmedia":[{"embeddable":true,"href":"https:\/\/nawarpharmacy.com\/de\/wp-json\/wp\/v2\/media\/9411"}],"wp:attachment":[{"href":"https:\/\/nawarpharmacy.com\/de\/wp-json\/wp\/v2\/media?parent=9412"}],"wp:term":[{"taxonomy":"product_brand","embeddable":true,"href":"https:\/\/nawarpharmacy.com\/de\/wp-json\/wp\/v2\/product_brand?post=9412"},{"taxonomy":"product_cat","embeddable":true,"href":"https:\/\/nawarpharmacy.com\/de\/wp-json\/wp\/v2\/product_cat?post=9412"},{"taxonomy":"product_tag","embeddable":true,"href":"https:\/\/nawarpharmacy.com\/de\/wp-json\/wp\/v2\/product_tag?post=9412"},{"taxonomy":"product_brands","embeddable":true,"href":"https:\/\/nawarpharmacy.com\/de\/wp-json\/wp\/v2\/product_brands?post=9412"}],"curies":[{"name":"wp","href":"https:\/\/api.w.org\/{rel}","templated":true}]}}