{"id":9408,"date":"2025-11-22T23:14:37","date_gmt":"2025-11-22T23:14:37","guid":{"rendered":"https:\/\/nawarpharmacy.com\/?post_type=product&#038;p=9408"},"modified":"2026-02-05T19:20:25","modified_gmt":"2026-02-05T19:20:25","slug":"genuphill-original-50-tablets","status":"publish","type":"product","link":"https:\/\/nawarpharmacy.com\/de\/produkt\/genuphill-original-50-tablets\/","title":{"rendered":"Genuphill Original 50 Tabletten"},"content":{"rendered":"<article class=\"text-token-text-primary w-full focus:outline-none [--shadow-height:45px] has-data-writing-block:pointer-events-none has-data-writing-block:-mt-(--shadow-height) has-data-writing-block:pt-(--shadow-height) [&amp;:has([data-writing-block])&gt;*]:pointer-events-auto [content-visibility:auto] supports-[content-visibility:auto]:[contain-intrinsic-size:auto_100lvh] scroll-mt-[calc(var(--header-height)+min(200px,max(70px,20svh)))]\" dir=\"auto\" data-turn-id=\"request-692073f5-3f80-832c-872f-7626d4388ea8-75\" data-testid=\"conversation-turn-168\" data-scroll-anchor=\"true\" data-turn=\"assistant\">\n<div class=\"text-base my-auto mx-auto pb-10 [--thread-content-margin:--spacing(4)] thread-sm:[--thread-content-margin:--spacing(6)] thread-lg:[--thread-content-margin:--spacing(16)] px-(--thread-content-margin)\">\n<div class=\"[--thread-content-max-width:40rem] thread-lg:[--thread-content-max-width:48rem] mx-auto max-w-(--thread-content-max-width) flex-1 group\/turn-messages focus-visible:outline-hidden relative flex w-full min-w-0 flex-col agent-turn\">\n<div class=\"flex max-w-full flex-col grow\">\n<div class=\"min-h-8 text-message relative flex w-full flex-col items-end gap-2 text-start break-words whitespace-normal [.text-message+&amp;]:mt-1\" dir=\"auto\" data-message-author-role=\"assistant\" data-message-id=\"e10c20c5-79b3-42f0-b495-31958025ef70\" data-message-model-slug=\"gpt-5-mini\">\n<div class=\"flex w-full flex-col gap-1 empty:hidden first:pt-[1px]\">\n<div class=\"markdown prose dark:prose-invert w-full break-words light markdown-new-styling\">\n<p><strong data-start=\"1773\" data-end=\"1809\">Genuphill Original 50 Tabletten<\/strong><\/p>\n<p data-start=\"1811\" data-end=\"1844\"><strong data-start=\"1811\" data-end=\"1832\">Darreichungsform:<\/strong><br data-start=\"1832\" data-end=\"1835\" \/>Tabletten<\/p>\n<p data-start=\"1846\" data-end=\"1878\"><strong data-start=\"1846\" data-end=\"1876\">Wirkstoffe (pro Tablette):<\/strong><\/p>\n<ul data-start=\"1879\" data-end=\"2001\">\n<li data-start=\"1879\" data-end=\"1908\">\n<p data-start=\"1881\" data-end=\"1908\">Glucosaminsulfat \u2014 750 mg<\/p>\n<\/li>\n<li data-start=\"1909\" data-end=\"1939\">\n<p data-start=\"1911\" data-end=\"1939\">Chondroitinsulfat \u2014 600 mg<\/p>\n<\/li>\n<li data-start=\"1940\" data-end=\"1979\">\n<p data-start=\"1942\" data-end=\"1979\">Methylsulfonylmethan (MSM) \u2014 250 mg<\/p>\n<\/li>\n<li data-start=\"1980\" data-end=\"2001\">\n<p data-start=\"1982\" data-end=\"2001\">Vitamin C \u2014 50 mg<\/p>\n<\/li>\n<\/ul>\n<p data-start=\"2003\" data-end=\"2027\"><strong data-start=\"2003\" data-end=\"2025\">Anwendungsgebiete:<\/strong><\/p>\n<ul data-start=\"2028\" data-end=\"2284\">\n<li data-start=\"2028\" data-end=\"2084\">\n<p data-start=\"2030\" data-end=\"2084\">Unterst\u00fctzung der Gelenkgesundheit und Beweglichkeit<\/p>\n<\/li>\n<li data-start=\"2085\" data-end=\"2155\">\n<p data-start=\"2087\" data-end=\"2155\">Beitrag zur Erhaltung der Struktur und Funktion des Knorpelgewebes<\/p>\n<\/li>\n<li data-start=\"2156\" data-end=\"2235\">\n<p data-start=\"2158\" data-end=\"2235\">Linderung von Gelenkbeschwerden im Zusammenhang mit Alterung oder Abnutzung<\/p>\n<\/li>\n<li data-start=\"2236\" data-end=\"2284\">\n<p data-start=\"2238\" data-end=\"2284\">Antioxidative Unterst\u00fctzung des Bindegewebes<\/p>\n<\/li>\n<\/ul>\n<p data-start=\"2286\" data-end=\"2316\"><strong data-start=\"2286\" data-end=\"2314\">Dosierung und Anwendung:<\/strong><\/p>\n<ul data-start=\"2317\" data-end=\"2422\">\n<li data-start=\"2317\" data-end=\"2422\">\n<p data-start=\"2319\" data-end=\"2422\">1 Tablette 2\u20133-mal t\u00e4glich, vorzugsweise zu den Mahlzeiten, oder gem\u00e4\u00df \u00e4rztlicher Anweisung einnehmen<\/p>\n<\/li>\n<\/ul>\n<p data-start=\"2424\" data-end=\"2444\"><strong data-start=\"2424\" data-end=\"2442\">Gegenanzeigen:<\/strong><\/p>\n<ul data-start=\"2445\" data-end=\"2612\">\n<li data-start=\"2445\" data-end=\"2528\">\n<p data-start=\"2447\" data-end=\"2528\">Allergie gegen Schalentiere (Quelle von Glucosamin) oder einen der Bestandteile<\/p>\n<\/li>\n<li data-start=\"2529\" data-end=\"2612\">\n<p data-start=\"2531\" data-end=\"2612\">Nicht empfohlen bei schweren Leber- oder Nierenerkrankungen ohne \u00e4rztlichen Rat<\/p>\n<\/li>\n<\/ul>\n<p data-start=\"2614\" data-end=\"2639\"><strong data-start=\"2614\" data-end=\"2637\">Vorsichtsma\u00dfnahmen:<\/strong><\/p>\n<ul data-start=\"2640\" data-end=\"2871\">\n<li data-start=\"2640\" data-end=\"2725\">\n<p data-start=\"2642\" data-end=\"2725\">Schwangere und stillende Frauen sollten vor der Anwendung einen Arzt konsultieren<\/p>\n<\/li>\n<li data-start=\"2726\" data-end=\"2801\">\n<p data-start=\"2728\" data-end=\"2801\">Vorsicht bei gleichzeitiger Einnahme von blutverd\u00fcnnenden Arzneimitteln<\/p>\n<\/li>\n<li data-start=\"2802\" data-end=\"2871\">\n<p data-start=\"2804\" data-end=\"2871\">Kein Ersatz f\u00fcr eine ausgewogene und abwechslungsreiche Ern\u00e4hrung<\/p>\n<\/li>\n<\/ul>\n<p data-start=\"2873\" data-end=\"2894\"><strong data-start=\"2873\" data-end=\"2892\">Nebenwirkungen:<\/strong><\/p>\n<ul data-start=\"2895\" data-end=\"3035\">\n<li data-start=\"2895\" data-end=\"2927\">\n<p data-start=\"2897\" data-end=\"2927\">In der Regel gut vertr\u00e4glich<\/p>\n<\/li>\n<li data-start=\"2928\" data-end=\"3000\">\n<p data-start=\"2930\" data-end=\"3000\">M\u00f6glich sind leichte Magen-Darm-Beschwerden, \u00dcbelkeit oder Durchfall<\/p>\n<\/li>\n<li data-start=\"3001\" data-end=\"3035\">\n<p data-start=\"3003\" data-end=\"3035\">Selten: allergische Reaktionen<\/p>\n<\/li>\n<\/ul>\n<p data-start=\"3037\" data-end=\"3164\"><strong data-start=\"3037\" data-end=\"3050\">Lagerung:<\/strong><br data-start=\"3050\" data-end=\"3053\" \/>K\u00fchl, trocken und vor direkter Sonneneinstrahlung gesch\u00fctzt lagern<br data-start=\"3119\" data-end=\"3122\" \/>Au\u00dfer Reichweite von Kindern aufbewahren<\/p>\n<\/div>\n<\/div>\n<\/div>\n<\/div>\n<\/div>\n<\/div>\n<\/article>\n","protected":false},"excerpt":{"rendered":"<p>Genuphill Original 50 Tabletten Darreichungsform:Tabletten Wirkstoffe (pro Tablette): Glucosaminsulfat \u2014 750 mg Chondroitinsulfat \u2014 600 mg Methylsulfonylmethan (MSM) \u2014 250 mg Vitamin C \u2014 50 mg Anwendungsgebiete: Unterst\u00fctzung der Gelenkgesundheit und Beweglichkeit Beitrag zur Erhaltung der Struktur und Funktion des Knorpelgewebes Linderung von Gelenkbeschwerden im Zusammenhang mit Alterung oder Abnutzung Antioxidative Unterst\u00fctzung des Bindegewebes Dosierung&#8230;<\/p>\n","protected":false},"featured_media":9407,"comment_status":"open","ping_status":"closed","template":"","meta":{"rs_blank_template":"","rs_page_bg_color":"","slide_template_v7":"","_bst_post_transparent":"default","_bst_post_title":"","_bst_post_layout":"default","_bst_post_sidebar_id":"","_bst_post_content_style":"default","_bst_post_vertical_padding":"default","_bst_post_feature":"","_bst_post_feature_position":"","_bst_post_header":false,"_bst_post_footer":false},"product_brand":[],"product_cat":[351,239,217,457,229],"product_tag":[],"product_brands":[],"class_list":{"0":"post-9408","1":"product","2":"type-product","3":"status-publish","4":"has-post-thumbnail","6":"product_cat-medical-forms","7":"product_cat-bone-joint-health","8":"product_cat-medicines","9":"product_cat-tablets-capsules","10":"product_cat-vitamins-general-supplements","12":"first","13":"instock","14":"shipping-taxable","15":"purchasable","16":"product-type-simple","17":"entry","18":"content-bg","19":"loop-entry"},"_links":{"self":[{"href":"https:\/\/nawarpharmacy.com\/de\/wp-json\/wp\/v2\/product\/9408","targetHints":{"allow":["GET"]}}],"collection":[{"href":"https:\/\/nawarpharmacy.com\/de\/wp-json\/wp\/v2\/product"}],"about":[{"href":"https:\/\/nawarpharmacy.com\/de\/wp-json\/wp\/v2\/types\/product"}],"replies":[{"embeddable":true,"href":"https:\/\/nawarpharmacy.com\/de\/wp-json\/wp\/v2\/comments?post=9408"}],"wp:featuredmedia":[{"embeddable":true,"href":"https:\/\/nawarpharmacy.com\/de\/wp-json\/wp\/v2\/media\/9407"}],"wp:attachment":[{"href":"https:\/\/nawarpharmacy.com\/de\/wp-json\/wp\/v2\/media?parent=9408"}],"wp:term":[{"taxonomy":"product_brand","embeddable":true,"href":"https:\/\/nawarpharmacy.com\/de\/wp-json\/wp\/v2\/product_brand?post=9408"},{"taxonomy":"product_cat","embeddable":true,"href":"https:\/\/nawarpharmacy.com\/de\/wp-json\/wp\/v2\/product_cat?post=9408"},{"taxonomy":"product_tag","embeddable":true,"href":"https:\/\/nawarpharmacy.com\/de\/wp-json\/wp\/v2\/product_tag?post=9408"},{"taxonomy":"product_brands","embeddable":true,"href":"https:\/\/nawarpharmacy.com\/de\/wp-json\/wp\/v2\/product_brands?post=9408"}],"curies":[{"name":"wp","href":"https:\/\/api.w.org\/{rel}","templated":true}]}}