{"id":9404,"date":"2025-11-22T23:15:37","date_gmt":"2025-11-22T23:15:37","guid":{"rendered":"https:\/\/nawarpharmacy.com\/?post_type=product&#038;p=9404"},"modified":"2026-02-05T19:18:52","modified_gmt":"2026-02-05T19:18:52","slug":"davalendi-1000-iu-100-tablets","status":"publish","type":"product","link":"https:\/\/nawarpharmacy.com\/de\/produkt\/davalendi-1000-iu-100-tablets\/","title":{"rendered":"Davalendi 1000 I.E. 100 Tabletten"},"content":{"rendered":"<article class=\"text-token-text-primary w-full focus:outline-none [--shadow-height:45px] has-data-writing-block:pointer-events-none has-data-writing-block:-mt-(--shadow-height) has-data-writing-block:pt-(--shadow-height) [&amp;:has([data-writing-block])&gt;*]:pointer-events-auto [content-visibility:auto] supports-[content-visibility:auto]:[contain-intrinsic-size:auto_100lvh] scroll-mt-[calc(var(--header-height)+min(200px,max(70px,20svh)))]\" dir=\"auto\" data-turn-id=\"request-692073f5-3f80-832c-872f-7626d4388ea8-74\" data-testid=\"conversation-turn-166\" data-scroll-anchor=\"true\" data-turn=\"assistant\">\n<div class=\"text-base my-auto mx-auto pb-10 [--thread-content-margin:--spacing(4)] thread-sm:[--thread-content-margin:--spacing(6)] thread-lg:[--thread-content-margin:--spacing(16)] px-(--thread-content-margin)\">\n<div class=\"[--thread-content-max-width:40rem] thread-lg:[--thread-content-max-width:48rem] mx-auto max-w-(--thread-content-max-width) flex-1 group\/turn-messages focus-visible:outline-hidden relative flex w-full min-w-0 flex-col agent-turn\">\n<div class=\"flex max-w-full flex-col grow\">\n<div class=\"min-h-8 text-message relative flex w-full flex-col items-end gap-2 text-start break-words whitespace-normal [.text-message+&amp;]:mt-1\" dir=\"auto\" data-message-author-role=\"assistant\" data-message-id=\"cbe3cadd-031b-45b1-89bf-909d7360c9d2\" data-message-model-slug=\"gpt-5-mini\">\n<div class=\"flex w-full flex-col gap-1 empty:hidden first:pt-[1px]\">\n<div class=\"markdown prose dark:prose-invert w-full break-words light markdown-new-styling\">\n<p><strong data-start=\"1340\" data-end=\"1378\">Davalendi 1000 I.E. 100 Tabletten<\/strong><\/p>\n<p data-start=\"1380\" data-end=\"1413\"><strong data-start=\"1380\" data-end=\"1401\">Darreichungsform:<\/strong><br data-start=\"1401\" data-end=\"1404\" \/>Tabletten<\/p>\n<p data-start=\"1415\" data-end=\"1487\"><strong data-start=\"1415\" data-end=\"1444\">Wirkstoff (pro Tablette):<\/strong><br data-start=\"1444\" data-end=\"1447\" \/>Vitamin D\u2083 (Cholecalciferol) \u2014 1000 I.E.<\/p>\n<p data-start=\"1489\" data-end=\"1513\"><strong data-start=\"1489\" data-end=\"1511\">Anwendungsgebiete:<\/strong><\/p>\n<ul data-start=\"1514\" data-end=\"1694\">\n<li data-start=\"1514\" data-end=\"1569\">\n<p data-start=\"1516\" data-end=\"1569\">Unterst\u00fctzung der Gesundheit von Knochen und Z\u00e4hnen<\/p>\n<\/li>\n<li data-start=\"1570\" data-end=\"1603\">\n<p data-start=\"1572\" data-end=\"1603\">F\u00f6rderung der Calciumaufnahme<\/p>\n<\/li>\n<li data-start=\"1604\" data-end=\"1651\">\n<p data-start=\"1606\" data-end=\"1651\">Unterst\u00fctzung der Funktion des Immunsystems<\/p>\n<\/li>\n<li data-start=\"1652\" data-end=\"1694\">\n<p data-start=\"1654\" data-end=\"1694\">Beitrag zur Erhaltung gesunder Muskeln<\/p>\n<\/li>\n<\/ul>\n<p data-start=\"1696\" data-end=\"1726\"><strong data-start=\"1696\" data-end=\"1724\">Dosierung und Anwendung:<\/strong><\/p>\n<ul data-start=\"1727\" data-end=\"1837\">\n<li data-start=\"1727\" data-end=\"1837\">\n<p data-start=\"1729\" data-end=\"1837\">1 Tablette t\u00e4glich einnehmen, vorzugsweise zu einer fetthaltigen Mahlzeit, oder gem\u00e4\u00df \u00e4rztlicher Anweisung<\/p>\n<\/li>\n<\/ul>\n<p data-start=\"1839\" data-end=\"1859\"><strong data-start=\"1839\" data-end=\"1857\">Gegenanzeigen:<\/strong><\/p>\n<ul data-start=\"1860\" data-end=\"1966\">\n<li data-start=\"1860\" data-end=\"1928\">\n<p data-start=\"1862\" data-end=\"1928\">\u00dcberempfindlichkeit gegen Vitamin D\u2083 oder einen der Bestandteile<\/p>\n<\/li>\n<li data-start=\"1929\" data-end=\"1966\">\n<p data-start=\"1931\" data-end=\"1966\">Nicht empfohlen bei Hyperkalz\u00e4mie<\/p>\n<\/li>\n<\/ul>\n<p data-start=\"1968\" data-end=\"1993\"><strong data-start=\"1968\" data-end=\"1991\">Vorsichtsma\u00dfnahmen:<\/strong><\/p>\n<ul data-start=\"1994\" data-end=\"2149\">\n<li data-start=\"1994\" data-end=\"2079\">\n<p data-start=\"1996\" data-end=\"2079\">Schwangere und stillende Frauen sollten vor der Anwendung einen Arzt konsultieren<\/p>\n<\/li>\n<li data-start=\"2080\" data-end=\"2149\">\n<p data-start=\"2082\" data-end=\"2149\">Kein Ersatz f\u00fcr eine ausgewogene und abwechslungsreiche Ern\u00e4hrung<\/p>\n<\/li>\n<\/ul>\n<p data-start=\"2151\" data-end=\"2172\"><strong data-start=\"2151\" data-end=\"2170\">Nebenwirkungen:<\/strong><\/p>\n<ul data-start=\"2173\" data-end=\"2269\">\n<li data-start=\"2173\" data-end=\"2205\">\n<p data-start=\"2175\" data-end=\"2205\">In der Regel gut vertr\u00e4glich<\/p>\n<\/li>\n<li data-start=\"2206\" data-end=\"2269\">\n<p data-start=\"2208\" data-end=\"2269\">Selten: \u00dcbelkeit, Kopfschmerzen oder allergische Reaktionen<\/p>\n<\/li>\n<\/ul>\n<p data-start=\"2271\" data-end=\"2355\"><strong data-start=\"2271\" data-end=\"2284\">Lagerung:<\/strong><br data-start=\"2284\" data-end=\"2287\" \/>K\u00fchl, trocken und vor direkter Sonneneinstrahlung gesch\u00fctzt lagern<\/p>\n<\/div>\n<\/div>\n<\/div>\n<\/div>\n<\/div>\n<\/div>\n<\/article>\n","protected":false},"excerpt":{"rendered":"<p>Davalendi 1000 I.E. 100 Tabletten Darreichungsform:Tabletten Wirkstoff (pro Tablette):Vitamin D\u2083 (Cholecalciferol) \u2014 1000 I.E. Anwendungsgebiete: Unterst\u00fctzung der Gesundheit von Knochen und Z\u00e4hnen F\u00f6rderung der Calciumaufnahme Unterst\u00fctzung der Funktion des Immunsystems Beitrag zur Erhaltung gesunder Muskeln Dosierung und Anwendung: 1 Tablette t\u00e4glich einnehmen, vorzugsweise zu einer fetthaltigen Mahlzeit, oder gem\u00e4\u00df \u00e4rztlicher Anweisung Gegenanzeigen: \u00dcberempfindlichkeit gegen Vitamin&#8230;<\/p>\n","protected":false},"featured_media":9403,"comment_status":"open","ping_status":"closed","template":"","meta":{"rs_blank_template":"","rs_page_bg_color":"","slide_template_v7":"","_bst_post_transparent":"default","_bst_post_title":"","_bst_post_layout":"default","_bst_post_sidebar_id":"","_bst_post_content_style":"default","_bst_post_vertical_padding":"default","_bst_post_feature":"","_bst_post_feature_position":"","_bst_post_header":false,"_bst_post_footer":false},"product_brand":[],"product_cat":[351,239,217,457,229],"product_tag":[],"product_brands":[],"class_list":{"0":"post-9404","1":"product","2":"type-product","3":"status-publish","4":"has-post-thumbnail","6":"product_cat-medical-forms","7":"product_cat-bone-joint-health","8":"product_cat-medicines","9":"product_cat-tablets-capsules","10":"product_cat-vitamins-general-supplements","12":"first","13":"instock","14":"shipping-taxable","15":"purchasable","16":"product-type-simple","17":"entry","18":"content-bg","19":"loop-entry"},"_links":{"self":[{"href":"https:\/\/nawarpharmacy.com\/de\/wp-json\/wp\/v2\/product\/9404","targetHints":{"allow":["GET"]}}],"collection":[{"href":"https:\/\/nawarpharmacy.com\/de\/wp-json\/wp\/v2\/product"}],"about":[{"href":"https:\/\/nawarpharmacy.com\/de\/wp-json\/wp\/v2\/types\/product"}],"replies":[{"embeddable":true,"href":"https:\/\/nawarpharmacy.com\/de\/wp-json\/wp\/v2\/comments?post=9404"}],"wp:featuredmedia":[{"embeddable":true,"href":"https:\/\/nawarpharmacy.com\/de\/wp-json\/wp\/v2\/media\/9403"}],"wp:attachment":[{"href":"https:\/\/nawarpharmacy.com\/de\/wp-json\/wp\/v2\/media?parent=9404"}],"wp:term":[{"taxonomy":"product_brand","embeddable":true,"href":"https:\/\/nawarpharmacy.com\/de\/wp-json\/wp\/v2\/product_brand?post=9404"},{"taxonomy":"product_cat","embeddable":true,"href":"https:\/\/nawarpharmacy.com\/de\/wp-json\/wp\/v2\/product_cat?post=9404"},{"taxonomy":"product_tag","embeddable":true,"href":"https:\/\/nawarpharmacy.com\/de\/wp-json\/wp\/v2\/product_tag?post=9404"},{"taxonomy":"product_brands","embeddable":true,"href":"https:\/\/nawarpharmacy.com\/de\/wp-json\/wp\/v2\/product_brands?post=9404"}],"curies":[{"name":"wp","href":"https:\/\/api.w.org\/{rel}","templated":true}]}}