{"id":9398,"date":"2025-11-22T23:16:29","date_gmt":"2025-11-22T23:16:29","guid":{"rendered":"https:\/\/nawarpharmacy.com\/?post_type=product&#038;p=9398"},"modified":"2026-02-05T19:17:30","modified_gmt":"2026-02-05T19:17:30","slug":"davalendi-5000-iu-30-tablets","status":"publish","type":"product","link":"https:\/\/nawarpharmacy.com\/de\/produkt\/davalendi-5000-iu-30-tablets\/","title":{"rendered":"Davalendi 5000 I.E. 30 Tabletten"},"content":{"rendered":"<article class=\"text-token-text-primary w-full focus:outline-none [--shadow-height:45px] has-data-writing-block:pointer-events-none has-data-writing-block:-mt-(--shadow-height) has-data-writing-block:pt-(--shadow-height) [&amp;:has([data-writing-block])&gt;*]:pointer-events-auto [content-visibility:auto] supports-[content-visibility:auto]:[contain-intrinsic-size:auto_100lvh] scroll-mt-[calc(var(--header-height)+min(200px,max(70px,20svh)))]\" dir=\"auto\" data-turn-id=\"request-692073f5-3f80-832c-872f-7626d4388ea8-73\" data-testid=\"conversation-turn-164\" data-scroll-anchor=\"true\" data-turn=\"assistant\">\n<div class=\"text-base my-auto mx-auto pb-10 [--thread-content-margin:--spacing(4)] thread-sm:[--thread-content-margin:--spacing(6)] thread-lg:[--thread-content-margin:--spacing(16)] px-(--thread-content-margin)\">\n<div class=\"[--thread-content-max-width:40rem] thread-lg:[--thread-content-max-width:48rem] mx-auto max-w-(--thread-content-max-width) flex-1 group\/turn-messages focus-visible:outline-hidden relative flex w-full min-w-0 flex-col agent-turn\">\n<div class=\"flex max-w-full flex-col grow\">\n<div class=\"min-h-8 text-message relative flex w-full flex-col items-end gap-2 text-start break-words whitespace-normal [.text-message+&amp;]:mt-1\" dir=\"auto\" data-message-author-role=\"assistant\" data-message-id=\"ac3b1c92-7ed3-4fa0-8a74-db682860f69b\" data-message-model-slug=\"gpt-5-mini\">\n<div class=\"flex w-full flex-col gap-1 empty:hidden first:pt-[1px]\">\n<div class=\"markdown prose dark:prose-invert w-full break-words light markdown-new-styling\">\n<p><strong data-start=\"1379\" data-end=\"1416\">Davalendi 5000 I.E. 30 Tabletten<\/strong><\/p>\n<p data-start=\"1418\" data-end=\"1451\"><strong data-start=\"1418\" data-end=\"1439\">Darreichungsform:<\/strong><br data-start=\"1439\" data-end=\"1442\" \/>Tabletten<\/p>\n<p data-start=\"1453\" data-end=\"1525\"><strong data-start=\"1453\" data-end=\"1482\">Wirkstoff (pro Tablette):<\/strong><br data-start=\"1482\" data-end=\"1485\" \/>Vitamin D\u2083 (Cholecalciferol) \u2014 5000 I.E.<\/p>\n<p data-start=\"1527\" data-end=\"1551\"><strong data-start=\"1527\" data-end=\"1549\">Anwendungsgebiete:<\/strong><\/p>\n<ul data-start=\"1552\" data-end=\"1732\">\n<li data-start=\"1552\" data-end=\"1607\">\n<p data-start=\"1554\" data-end=\"1607\">Unterst\u00fctzung der Gesundheit von Knochen und Z\u00e4hnen<\/p>\n<\/li>\n<li data-start=\"1608\" data-end=\"1641\">\n<p data-start=\"1610\" data-end=\"1641\">F\u00f6rderung der Calciumaufnahme<\/p>\n<\/li>\n<li data-start=\"1642\" data-end=\"1689\">\n<p data-start=\"1644\" data-end=\"1689\">Unterst\u00fctzung der Funktion des Immunsystems<\/p>\n<\/li>\n<li data-start=\"1690\" data-end=\"1732\">\n<p data-start=\"1692\" data-end=\"1732\">Beitrag zur Erhaltung gesunder Muskeln<\/p>\n<\/li>\n<\/ul>\n<p data-start=\"1734\" data-end=\"1764\"><strong data-start=\"1734\" data-end=\"1762\">Dosierung und Anwendung:<\/strong><\/p>\n<ul data-start=\"1765\" data-end=\"1875\">\n<li data-start=\"1765\" data-end=\"1875\">\n<p data-start=\"1767\" data-end=\"1875\">1 Tablette t\u00e4glich einnehmen, vorzugsweise zu einer fetthaltigen Mahlzeit, oder gem\u00e4\u00df \u00e4rztlicher Anweisung<\/p>\n<\/li>\n<\/ul>\n<p data-start=\"1877\" data-end=\"1897\"><strong data-start=\"1877\" data-end=\"1895\">Gegenanzeigen:<\/strong><\/p>\n<ul data-start=\"1898\" data-end=\"2004\">\n<li data-start=\"1898\" data-end=\"1966\">\n<p data-start=\"1900\" data-end=\"1966\">\u00dcberempfindlichkeit gegen Vitamin D\u2083 oder einen der Bestandteile<\/p>\n<\/li>\n<li data-start=\"1967\" data-end=\"2004\">\n<p data-start=\"1969\" data-end=\"2004\">Nicht empfohlen bei Hyperkalz\u00e4mie<\/p>\n<\/li>\n<\/ul>\n<p data-start=\"2006\" data-end=\"2031\"><strong data-start=\"2006\" data-end=\"2029\">Vorsichtsma\u00dfnahmen:<\/strong><\/p>\n<ul data-start=\"2032\" data-end=\"2187\">\n<li data-start=\"2032\" data-end=\"2117\">\n<p data-start=\"2034\" data-end=\"2117\">Schwangere und stillende Frauen sollten vor der Anwendung einen Arzt konsultieren<\/p>\n<\/li>\n<li data-start=\"2118\" data-end=\"2187\">\n<p data-start=\"2120\" data-end=\"2187\">Kein Ersatz f\u00fcr eine ausgewogene und abwechslungsreiche Ern\u00e4hrung<\/p>\n<\/li>\n<\/ul>\n<p data-start=\"2189\" data-end=\"2210\"><strong data-start=\"2189\" data-end=\"2208\">Nebenwirkungen:<\/strong><\/p>\n<ul data-start=\"2211\" data-end=\"2307\">\n<li data-start=\"2211\" data-end=\"2243\">\n<p data-start=\"2213\" data-end=\"2243\">In der Regel gut vertr\u00e4glich<\/p>\n<\/li>\n<li data-start=\"2244\" data-end=\"2307\">\n<p data-start=\"2246\" data-end=\"2307\">Selten: \u00dcbelkeit, Kopfschmerzen oder allergische Reaktionen<\/p>\n<\/li>\n<\/ul>\n<p data-start=\"2309\" data-end=\"2393\"><strong data-start=\"2309\" data-end=\"2322\">Lagerung:<\/strong><br data-start=\"2322\" data-end=\"2325\" \/>K\u00fchl, trocken und vor direkter Sonneneinstrahlung gesch\u00fctzt lagern<\/p>\n<\/div>\n<\/div>\n<\/div>\n<\/div>\n<\/div>\n<\/div>\n<\/article>\n","protected":false},"excerpt":{"rendered":"<p>Davalendi 5000 I.E. 30 Tabletten Darreichungsform:Tabletten Wirkstoff (pro Tablette):Vitamin D\u2083 (Cholecalciferol) \u2014 5000 I.E. Anwendungsgebiete: Unterst\u00fctzung der Gesundheit von Knochen und Z\u00e4hnen F\u00f6rderung der Calciumaufnahme Unterst\u00fctzung der Funktion des Immunsystems Beitrag zur Erhaltung gesunder Muskeln Dosierung und Anwendung: 1 Tablette t\u00e4glich einnehmen, vorzugsweise zu einer fetthaltigen Mahlzeit, oder gem\u00e4\u00df \u00e4rztlicher Anweisung Gegenanzeigen: \u00dcberempfindlichkeit gegen Vitamin&#8230;<\/p>\n","protected":false},"featured_media":9397,"comment_status":"open","ping_status":"closed","template":"","meta":{"rs_blank_template":"","rs_page_bg_color":"","slide_template_v7":"","_bst_post_transparent":"default","_bst_post_title":"","_bst_post_layout":"default","_bst_post_sidebar_id":"","_bst_post_content_style":"default","_bst_post_vertical_padding":"default","_bst_post_feature":"","_bst_post_feature_position":"","_bst_post_header":false,"_bst_post_footer":false},"product_brand":[],"product_cat":[351,239,217,457,229],"product_tag":[],"product_brands":[],"class_list":{"0":"post-9398","1":"product","2":"type-product","3":"status-publish","4":"has-post-thumbnail","6":"product_cat-medical-forms","7":"product_cat-bone-joint-health","8":"product_cat-medicines","9":"product_cat-tablets-capsules","10":"product_cat-vitamins-general-supplements","12":"first","13":"instock","14":"shipping-taxable","15":"purchasable","16":"product-type-simple","17":"entry","18":"content-bg","19":"loop-entry"},"_links":{"self":[{"href":"https:\/\/nawarpharmacy.com\/de\/wp-json\/wp\/v2\/product\/9398","targetHints":{"allow":["GET"]}}],"collection":[{"href":"https:\/\/nawarpharmacy.com\/de\/wp-json\/wp\/v2\/product"}],"about":[{"href":"https:\/\/nawarpharmacy.com\/de\/wp-json\/wp\/v2\/types\/product"}],"replies":[{"embeddable":true,"href":"https:\/\/nawarpharmacy.com\/de\/wp-json\/wp\/v2\/comments?post=9398"}],"wp:featuredmedia":[{"embeddable":true,"href":"https:\/\/nawarpharmacy.com\/de\/wp-json\/wp\/v2\/media\/9397"}],"wp:attachment":[{"href":"https:\/\/nawarpharmacy.com\/de\/wp-json\/wp\/v2\/media?parent=9398"}],"wp:term":[{"taxonomy":"product_brand","embeddable":true,"href":"https:\/\/nawarpharmacy.com\/de\/wp-json\/wp\/v2\/product_brand?post=9398"},{"taxonomy":"product_cat","embeddable":true,"href":"https:\/\/nawarpharmacy.com\/de\/wp-json\/wp\/v2\/product_cat?post=9398"},{"taxonomy":"product_tag","embeddable":true,"href":"https:\/\/nawarpharmacy.com\/de\/wp-json\/wp\/v2\/product_tag?post=9398"},{"taxonomy":"product_brands","embeddable":true,"href":"https:\/\/nawarpharmacy.com\/de\/wp-json\/wp\/v2\/product_brands?post=9398"}],"curies":[{"name":"wp","href":"https:\/\/api.w.org\/{rel}","templated":true}]}}