{"id":9394,"date":"2025-11-22T23:17:09","date_gmt":"2025-11-22T23:17:09","guid":{"rendered":"https:\/\/nawarpharmacy.com\/?post_type=product&#038;p=9394"},"modified":"2026-02-05T19:16:10","modified_gmt":"2026-02-05T19:16:10","slug":"davalendi-10000-iu-30-tablets","status":"publish","type":"product","link":"https:\/\/nawarpharmacy.com\/de\/produkt\/davalendi-10000-iu-30-tablets\/","title":{"rendered":"Davalendi 10000 I.E. 30 Tabletten"},"content":{"rendered":"<article class=\"text-token-text-primary w-full focus:outline-none [--shadow-height:45px] has-data-writing-block:pointer-events-none has-data-writing-block:-mt-(--shadow-height) has-data-writing-block:pt-(--shadow-height) [&amp;:has([data-writing-block])&gt;*]:pointer-events-auto [content-visibility:auto] supports-[content-visibility:auto]:[contain-intrinsic-size:auto_100lvh] scroll-mt-[calc(var(--header-height)+min(200px,max(70px,20svh)))]\" dir=\"auto\" data-turn-id=\"a56a88c5-f940-440b-bbcf-2c958035406e\" data-testid=\"conversation-turn-162\" data-scroll-anchor=\"true\" data-turn=\"assistant\">\n<div class=\"text-base my-auto mx-auto pb-10 [--thread-content-margin:--spacing(4)] thread-sm:[--thread-content-margin:--spacing(6)] thread-lg:[--thread-content-margin:--spacing(16)] px-(--thread-content-margin)\">\n<div class=\"[--thread-content-max-width:40rem] thread-lg:[--thread-content-max-width:48rem] mx-auto max-w-(--thread-content-max-width) flex-1 group\/turn-messages focus-visible:outline-hidden relative flex w-full min-w-0 flex-col agent-turn\">\n<div class=\"flex max-w-full flex-col grow\">\n<div class=\"min-h-8 text-message relative flex w-full flex-col items-end gap-2 text-start break-words whitespace-normal [.text-message+&amp;]:mt-1\" dir=\"auto\" data-message-author-role=\"assistant\" data-message-id=\"6d0faf4c-7806-4a29-8399-334440c8616e\" data-message-model-slug=\"gpt-5-mini\">\n<div class=\"flex w-full flex-col gap-1 empty:hidden first:pt-[1px]\">\n<div class=\"markdown prose dark:prose-invert w-full break-words light markdown-new-styling\">\n<p><strong data-start=\"1378\" data-end=\"1416\">Davalendi 10000 I.E. 30 Tabletten<\/strong><\/p>\n<p data-start=\"1418\" data-end=\"1451\"><strong data-start=\"1418\" data-end=\"1439\">Darreichungsform:<\/strong><br data-start=\"1439\" data-end=\"1442\" \/>Tabletten<\/p>\n<p data-start=\"1453\" data-end=\"1526\"><strong data-start=\"1453\" data-end=\"1482\">Wirkstoff (pro Tablette):<\/strong><br data-start=\"1482\" data-end=\"1485\" \/>Vitamin D\u2083 (Cholecalciferol) \u2014 10000 I.E.<\/p>\n<p data-start=\"1528\" data-end=\"1552\"><strong data-start=\"1528\" data-end=\"1550\">Anwendungsgebiete:<\/strong><\/p>\n<ul data-start=\"1553\" data-end=\"1733\">\n<li data-start=\"1553\" data-end=\"1608\">\n<p data-start=\"1555\" data-end=\"1608\">Unterst\u00fctzung der Gesundheit von Knochen und Z\u00e4hnen<\/p>\n<\/li>\n<li data-start=\"1609\" data-end=\"1642\">\n<p data-start=\"1611\" data-end=\"1642\">F\u00f6rderung der Calciumaufnahme<\/p>\n<\/li>\n<li data-start=\"1643\" data-end=\"1690\">\n<p data-start=\"1645\" data-end=\"1690\">Unterst\u00fctzung der Funktion des Immunsystems<\/p>\n<\/li>\n<li data-start=\"1691\" data-end=\"1733\">\n<p data-start=\"1693\" data-end=\"1733\">Beitrag zur Erhaltung gesunder Muskeln<\/p>\n<\/li>\n<\/ul>\n<p data-start=\"1735\" data-end=\"1765\"><strong data-start=\"1735\" data-end=\"1763\">Dosierung und Anwendung:<\/strong><\/p>\n<ul data-start=\"1766\" data-end=\"1876\">\n<li data-start=\"1766\" data-end=\"1876\">\n<p data-start=\"1768\" data-end=\"1876\">1 Tablette t\u00e4glich einnehmen, vorzugsweise zu einer fetthaltigen Mahlzeit, oder gem\u00e4\u00df \u00e4rztlicher Anweisung<\/p>\n<\/li>\n<\/ul>\n<p data-start=\"1878\" data-end=\"1898\"><strong data-start=\"1878\" data-end=\"1896\">Gegenanzeigen:<\/strong><\/p>\n<ul data-start=\"1899\" data-end=\"2005\">\n<li data-start=\"1899\" data-end=\"1967\">\n<p data-start=\"1901\" data-end=\"1967\">\u00dcberempfindlichkeit gegen Vitamin D\u2083 oder einen der Bestandteile<\/p>\n<\/li>\n<li data-start=\"1968\" data-end=\"2005\">\n<p data-start=\"1970\" data-end=\"2005\">Nicht empfohlen bei Hyperkalz\u00e4mie<\/p>\n<\/li>\n<\/ul>\n<p data-start=\"2007\" data-end=\"2032\"><strong data-start=\"2007\" data-end=\"2030\">Vorsichtsma\u00dfnahmen:<\/strong><\/p>\n<ul data-start=\"2033\" data-end=\"2188\">\n<li data-start=\"2033\" data-end=\"2118\">\n<p data-start=\"2035\" data-end=\"2118\">Schwangere und stillende Frauen sollten vor der Anwendung einen Arzt konsultieren<\/p>\n<\/li>\n<li data-start=\"2119\" data-end=\"2188\">\n<p data-start=\"2121\" data-end=\"2188\">Kein Ersatz f\u00fcr eine ausgewogene und abwechslungsreiche Ern\u00e4hrung<\/p>\n<\/li>\n<\/ul>\n<p data-start=\"2190\" data-end=\"2211\"><strong data-start=\"2190\" data-end=\"2209\">Nebenwirkungen:<\/strong><\/p>\n<ul data-start=\"2212\" data-end=\"2308\">\n<li data-start=\"2212\" data-end=\"2244\">\n<p data-start=\"2214\" data-end=\"2244\">In der Regel gut vertr\u00e4glich<\/p>\n<\/li>\n<li data-start=\"2245\" data-end=\"2308\">\n<p data-start=\"2247\" data-end=\"2308\">Selten: \u00dcbelkeit, Kopfschmerzen oder allergische Reaktionen<\/p>\n<\/li>\n<\/ul>\n<p data-start=\"2310\" data-end=\"2394\"><strong data-start=\"2310\" data-end=\"2323\">Lagerung:<\/strong><br data-start=\"2323\" data-end=\"2326\" \/>K\u00fchl, trocken und vor direkter Sonneneinstrahlung gesch\u00fctzt lagern<\/p>\n<\/div>\n<\/div>\n<\/div>\n<\/div>\n<\/div>\n<\/div>\n<\/article>\n","protected":false},"excerpt":{"rendered":"<p>Davalendi 10000 I.E. 30 Tabletten Darreichungsform:Tabletten Wirkstoff (pro Tablette):Vitamin D\u2083 (Cholecalciferol) \u2014 10000 I.E. Anwendungsgebiete: Unterst\u00fctzung der Gesundheit von Knochen und Z\u00e4hnen F\u00f6rderung der Calciumaufnahme Unterst\u00fctzung der Funktion des Immunsystems Beitrag zur Erhaltung gesunder Muskeln Dosierung und Anwendung: 1 Tablette t\u00e4glich einnehmen, vorzugsweise zu einer fetthaltigen Mahlzeit, oder gem\u00e4\u00df \u00e4rztlicher Anweisung Gegenanzeigen: \u00dcberempfindlichkeit gegen Vitamin&#8230;<\/p>\n","protected":false},"featured_media":9393,"comment_status":"open","ping_status":"closed","template":"","meta":{"rs_blank_template":"","rs_page_bg_color":"","slide_template_v7":"","_bst_post_transparent":"default","_bst_post_title":"","_bst_post_layout":"default","_bst_post_sidebar_id":"","_bst_post_content_style":"default","_bst_post_vertical_padding":"default","_bst_post_feature":"","_bst_post_feature_position":"","_bst_post_header":false,"_bst_post_footer":false},"product_brand":[],"product_cat":[351,239,217,457,229],"product_tag":[],"product_brands":[],"class_list":{"0":"post-9394","1":"product","2":"type-product","3":"status-publish","4":"has-post-thumbnail","6":"product_cat-medical-forms","7":"product_cat-bone-joint-health","8":"product_cat-medicines","9":"product_cat-tablets-capsules","10":"product_cat-vitamins-general-supplements","12":"first","13":"instock","14":"shipping-taxable","15":"purchasable","16":"product-type-simple","17":"entry","18":"content-bg","19":"loop-entry"},"_links":{"self":[{"href":"https:\/\/nawarpharmacy.com\/de\/wp-json\/wp\/v2\/product\/9394","targetHints":{"allow":["GET"]}}],"collection":[{"href":"https:\/\/nawarpharmacy.com\/de\/wp-json\/wp\/v2\/product"}],"about":[{"href":"https:\/\/nawarpharmacy.com\/de\/wp-json\/wp\/v2\/types\/product"}],"replies":[{"embeddable":true,"href":"https:\/\/nawarpharmacy.com\/de\/wp-json\/wp\/v2\/comments?post=9394"}],"wp:featuredmedia":[{"embeddable":true,"href":"https:\/\/nawarpharmacy.com\/de\/wp-json\/wp\/v2\/media\/9393"}],"wp:attachment":[{"href":"https:\/\/nawarpharmacy.com\/de\/wp-json\/wp\/v2\/media?parent=9394"}],"wp:term":[{"taxonomy":"product_brand","embeddable":true,"href":"https:\/\/nawarpharmacy.com\/de\/wp-json\/wp\/v2\/product_brand?post=9394"},{"taxonomy":"product_cat","embeddable":true,"href":"https:\/\/nawarpharmacy.com\/de\/wp-json\/wp\/v2\/product_cat?post=9394"},{"taxonomy":"product_tag","embeddable":true,"href":"https:\/\/nawarpharmacy.com\/de\/wp-json\/wp\/v2\/product_tag?post=9394"},{"taxonomy":"product_brands","embeddable":true,"href":"https:\/\/nawarpharmacy.com\/de\/wp-json\/wp\/v2\/product_brands?post=9394"}],"curies":[{"name":"wp","href":"https:\/\/api.w.org\/{rel}","templated":true}]}}