{"id":9390,"date":"2025-11-22T23:17:58","date_gmt":"2025-11-22T23:17:58","guid":{"rendered":"https:\/\/nawarpharmacy.com\/?post_type=product&#038;p=9390"},"modified":"2026-02-05T19:14:35","modified_gmt":"2026-02-05T19:14:35","slug":"deltavit-b12-30-tablets","status":"publish","type":"product","link":"https:\/\/nawarpharmacy.com\/de\/produkt\/deltavit-b12-30-tablets\/","title":{"rendered":"Deltavit B12 30 Tabletten"},"content":{"rendered":"<p><strong>Deltavit B12 30 Tabletten<\/strong><\/p>\n<p data-start=\"1649\" data-end=\"1682\"><strong data-start=\"1649\" data-end=\"1670\">Darreichungsform:<\/strong><br data-start=\"1670\" data-end=\"1673\" \/>Tabletten<\/p>\n<p data-start=\"1684\" data-end=\"1754\"><strong data-start=\"1684\" data-end=\"1713\">Wirkstoff (pro Tablette):<\/strong><br data-start=\"1713\" data-end=\"1716\" \/>Vitamin B\u2081\u2082 (Cyanocobalamin) \u2014 1000 \u00b5g<\/p>\n<p data-start=\"1756\" data-end=\"1780\"><strong data-start=\"1756\" data-end=\"1778\">Anwendungsgebiete:<\/strong><\/p>\n<ul data-start=\"1781\" data-end=\"2093\">\n<li data-start=\"1781\" data-end=\"1840\">\n<p data-start=\"1783\" data-end=\"1840\">Unterst\u00fctzung einer gesunden Funktion des Nervensystems<\/p>\n<\/li>\n<li data-start=\"1841\" data-end=\"1896\">\n<p data-start=\"1843\" data-end=\"1896\">Behandlung und Vorbeugung eines Vitamin-B\u2081\u2082-Mangels<\/p>\n<\/li>\n<li data-start=\"1897\" data-end=\"1980\">\n<p data-start=\"1899\" data-end=\"1980\">Steigerung des Energielevels und Reduktion von M\u00fcdigkeit bei Vitamin-B\u2081\u2082-Mangel<\/p>\n<\/li>\n<li data-start=\"1981\" data-end=\"2031\">\n<p data-start=\"1983\" data-end=\"2031\">Unterst\u00fctzung der Bildung roter Blutk\u00f6rperchen<\/p>\n<\/li>\n<li data-start=\"2032\" data-end=\"2093\">\n<p data-start=\"2034\" data-end=\"2093\">N\u00fctzlich bei pernizi\u00f6ser An\u00e4mie oder Resorptionsst\u00f6rungen<\/p>\n<\/li>\n<\/ul>\n<p data-start=\"2095\" data-end=\"2125\"><strong data-start=\"2095\" data-end=\"2123\">Dosierung und Anwendung:<\/strong><\/p>\n<ul data-start=\"2126\" data-end=\"2248\">\n<li data-start=\"2126\" data-end=\"2190\">\n<p data-start=\"2128\" data-end=\"2190\">1 Tablette t\u00e4glich oder gem\u00e4\u00df \u00e4rztlicher Anweisung einnehmen<\/p>\n<\/li>\n<li data-start=\"2191\" data-end=\"2248\">\n<p data-start=\"2193\" data-end=\"2248\">Kann unabh\u00e4ngig von den Mahlzeiten eingenommen werden<\/p>\n<\/li>\n<\/ul>\n<p data-start=\"2250\" data-end=\"2270\"><strong data-start=\"2250\" data-end=\"2268\">Gegenanzeigen:<\/strong><\/p>\n<ul data-start=\"2271\" data-end=\"2350\">\n<li data-start=\"2271\" data-end=\"2350\">\n<p data-start=\"2273\" data-end=\"2350\">\u00dcberempfindlichkeit gegen Vitamin B\u2081\u2082 oder einen der sonstigen Bestandteile<\/p>\n<\/li>\n<\/ul>\n<p data-start=\"2352\" data-end=\"2377\"><strong data-start=\"2352\" data-end=\"2375\">Vorsichtsma\u00dfnahmen:<\/strong><\/p>\n<ul data-start=\"2378\" data-end=\"2630\">\n<li data-start=\"2378\" data-end=\"2457\">\n<p data-start=\"2380\" data-end=\"2457\">Vorsicht bei Patienten mit heredit\u00e4rer Optikusneuropathie (Leber-Krankheit)<\/p>\n<\/li>\n<li data-start=\"2458\" data-end=\"2560\">\n<p data-start=\"2460\" data-end=\"2560\">Arzt konsultieren bei Schwangerschaft, Stillzeit oder gleichzeitiger Einnahme anderer Arzneimittel<\/p>\n<\/li>\n<li data-start=\"2561\" data-end=\"2630\">\n<p data-start=\"2563\" data-end=\"2630\">Kein Ersatz f\u00fcr eine ausgewogene und abwechslungsreiche Ern\u00e4hrung<\/p>\n<\/li>\n<\/ul>\n<p data-start=\"2632\" data-end=\"2653\"><strong data-start=\"2632\" data-end=\"2651\">Nebenwirkungen:<\/strong><\/p>\n<ul data-start=\"2654\" data-end=\"2749\">\n<li data-start=\"2654\" data-end=\"2686\">\n<p data-start=\"2656\" data-end=\"2686\">In der Regel gut vertr\u00e4glich<\/p>\n<\/li>\n<li data-start=\"2687\" data-end=\"2749\">\n<p data-start=\"2689\" data-end=\"2749\">Selten: leichte Kopfschmerzen, \u00dcbelkeit oder Hautausschlag<\/p>\n<\/li>\n<\/ul>\n<p data-start=\"2751\" data-end=\"2862\"><strong data-start=\"2751\" data-end=\"2764\">Lagerung:<\/strong><br data-start=\"2764\" data-end=\"2767\" \/>K\u00fchl, trocken und vor Sonnenlicht gesch\u00fctzt lagern<br data-start=\"2817\" data-end=\"2820\" \/>Au\u00dfer Reichweite von Kindern aufbewahren<\/p>\n","protected":false},"excerpt":{"rendered":"<p>Deltavit B12 30 Tabletten Darreichungsform:Tabletten Wirkstoff (pro Tablette):Vitamin B\u2081\u2082 (Cyanocobalamin) \u2014 1000 \u00b5g Anwendungsgebiete: Unterst\u00fctzung einer gesunden Funktion des Nervensystems Behandlung und Vorbeugung eines Vitamin-B\u2081\u2082-Mangels Steigerung des Energielevels und Reduktion von M\u00fcdigkeit bei Vitamin-B\u2081\u2082-Mangel Unterst\u00fctzung der Bildung roter Blutk\u00f6rperchen N\u00fctzlich bei pernizi\u00f6ser An\u00e4mie oder Resorptionsst\u00f6rungen Dosierung und Anwendung: 1 Tablette t\u00e4glich oder gem\u00e4\u00df \u00e4rztlicher Anweisung&#8230;<\/p>\n","protected":false},"featured_media":9389,"comment_status":"open","ping_status":"closed","template":"","meta":{"rs_blank_template":"","rs_page_bg_color":"","slide_template_v7":"","_bst_post_transparent":"default","_bst_post_title":"","_bst_post_layout":"default","_bst_post_sidebar_id":"","_bst_post_content_style":"default","_bst_post_vertical_padding":"default","_bst_post_feature":"","_bst_post_feature_position":"","_bst_post_header":false,"_bst_post_footer":false},"product_brand":[],"product_cat":[351,217,277,457,229],"product_tag":[],"product_brands":[],"class_list":{"0":"post-9390","1":"product","2":"type-product","3":"status-publish","4":"has-post-thumbnail","6":"product_cat-medical-forms","7":"product_cat-medicines","8":"product_cat-nervous-system-medications","9":"product_cat-tablets-capsules","10":"product_cat-vitamins-general-supplements","12":"first","13":"instock","14":"shipping-taxable","15":"purchasable","16":"product-type-simple","17":"entry","18":"content-bg","19":"loop-entry"},"_links":{"self":[{"href":"https:\/\/nawarpharmacy.com\/de\/wp-json\/wp\/v2\/product\/9390","targetHints":{"allow":["GET"]}}],"collection":[{"href":"https:\/\/nawarpharmacy.com\/de\/wp-json\/wp\/v2\/product"}],"about":[{"href":"https:\/\/nawarpharmacy.com\/de\/wp-json\/wp\/v2\/types\/product"}],"replies":[{"embeddable":true,"href":"https:\/\/nawarpharmacy.com\/de\/wp-json\/wp\/v2\/comments?post=9390"}],"wp:featuredmedia":[{"embeddable":true,"href":"https:\/\/nawarpharmacy.com\/de\/wp-json\/wp\/v2\/media\/9389"}],"wp:attachment":[{"href":"https:\/\/nawarpharmacy.com\/de\/wp-json\/wp\/v2\/media?parent=9390"}],"wp:term":[{"taxonomy":"product_brand","embeddable":true,"href":"https:\/\/nawarpharmacy.com\/de\/wp-json\/wp\/v2\/product_brand?post=9390"},{"taxonomy":"product_cat","embeddable":true,"href":"https:\/\/nawarpharmacy.com\/de\/wp-json\/wp\/v2\/product_cat?post=9390"},{"taxonomy":"product_tag","embeddable":true,"href":"https:\/\/nawarpharmacy.com\/de\/wp-json\/wp\/v2\/product_tag?post=9390"},{"taxonomy":"product_brands","embeddable":true,"href":"https:\/\/nawarpharmacy.com\/de\/wp-json\/wp\/v2\/product_brands?post=9390"}],"curies":[{"name":"wp","href":"https:\/\/api.w.org\/{rel}","templated":true}]}}