{"id":9384,"date":"2025-11-22T23:18:52","date_gmt":"2025-11-22T23:18:52","guid":{"rendered":"https:\/\/nawarpharmacy.com\/?post_type=product&#038;p=9384"},"modified":"2026-02-05T19:13:08","modified_gmt":"2026-02-05T19:13:08","slug":"dozova-ashwagandha-60-capsules","status":"publish","type":"product","link":"https:\/\/nawarpharmacy.com\/de\/produkt\/dozova-ashwagandha-60-capsules\/","title":{"rendered":"Dozova Ashwagandha 60 Kapseln"},"content":{"rendered":"<p><strong data-start=\"1508\" data-end=\"1542\">Dozova Ashwagandha 60 Kapseln<\/strong><\/p>\n<p data-start=\"1544\" data-end=\"1575\"><strong data-start=\"1544\" data-end=\"1565\">Darreichungsform:<\/strong><br data-start=\"1565\" data-end=\"1568\" \/>Kapseln<\/p>\n<p data-start=\"1577\" data-end=\"1658\"><strong data-start=\"1577\" data-end=\"1604\">Wirkstoff (pro Kapsel):<\/strong><br data-start=\"1604\" data-end=\"1607\" \/>Ashwagandha-Extrakt <em data-start=\"1627\" data-end=\"1649\">(Withania somnifera)<\/em> \u2014 500 mg<\/p>\n<p data-start=\"1660\" data-end=\"1684\"><strong data-start=\"1660\" data-end=\"1682\">Anwendungsgebiete:<\/strong><\/p>\n<ul data-start=\"1685\" data-end=\"1959\">\n<li data-start=\"1685\" data-end=\"1738\">\n<p data-start=\"1687\" data-end=\"1738\">Unterst\u00fctzung bei Stressreduktion und Entspannung<\/p>\n<\/li>\n<li data-start=\"1739\" data-end=\"1786\">\n<p data-start=\"1741\" data-end=\"1786\">Beitrag zur Verbesserung der Schlafqualit\u00e4t<\/p>\n<\/li>\n<li data-start=\"1787\" data-end=\"1852\">\n<p data-start=\"1789\" data-end=\"1852\">Unterst\u00fctzung des emotionalen Gleichgewichts und der Stimmung<\/p>\n<\/li>\n<li data-start=\"1853\" data-end=\"1916\">\n<p data-start=\"1855\" data-end=\"1916\">F\u00f6rderung der k\u00f6rperlichen und geistigen Leistungsf\u00e4higkeit<\/p>\n<\/li>\n<li data-start=\"1917\" data-end=\"1959\">\n<p data-start=\"1919\" data-end=\"1959\">Kann zur hormonellen Balance beitragen<\/p>\n<\/li>\n<\/ul>\n<p data-start=\"1961\" data-end=\"1991\"><strong data-start=\"1961\" data-end=\"1989\">Dosierung und Anwendung:<\/strong><\/p>\n<ul data-start=\"1992\" data-end=\"2104\">\n<li data-start=\"1992\" data-end=\"2104\">\n<p data-start=\"1994\" data-end=\"2104\">1 Kapsel ein- bis zweimal t\u00e4glich, vorzugsweise zu den Mahlzeiten, oder gem\u00e4\u00df \u00e4rztlicher Anweisung einnehmen<\/p>\n<\/li>\n<\/ul>\n<p data-start=\"2106\" data-end=\"2126\"><strong data-start=\"2106\" data-end=\"2124\">Gegenanzeigen:<\/strong><\/p>\n<ul data-start=\"2127\" data-end=\"2263\">\n<li data-start=\"2127\" data-end=\"2182\">\n<p data-start=\"2129\" data-end=\"2182\">\u00dcberempfindlichkeit gegen pflanzliche Zubereitungen<\/p>\n<\/li>\n<li data-start=\"2183\" data-end=\"2263\">\n<p data-start=\"2185\" data-end=\"2263\">W\u00e4hrend der Schwangerschaft nicht empfohlen, sofern nicht \u00e4rztlich angeraten<\/p>\n<\/li>\n<\/ul>\n<p data-start=\"2265\" data-end=\"2290\"><strong data-start=\"2265\" data-end=\"2288\">Vorsichtsma\u00dfnahmen:<\/strong><\/p>\n<ul data-start=\"2291\" data-end=\"2476\">\n<li data-start=\"2291\" data-end=\"2352\">\n<p data-start=\"2293\" data-end=\"2352\">Kann die Wirkung von sedierenden Arzneimitteln verst\u00e4rken<\/p>\n<\/li>\n<li data-start=\"2353\" data-end=\"2431\">\n<p data-start=\"2355\" data-end=\"2431\">Arzt konsultieren bei gleichzeitiger Einnahme von Schilddr\u00fcsenmedikamenten<\/p>\n<\/li>\n<li data-start=\"2432\" data-end=\"2476\">\n<p data-start=\"2434\" data-end=\"2476\">Au\u00dfer Reichweite von Kindern aufbewahren<\/p>\n<\/li>\n<\/ul>\n<p data-start=\"2478\" data-end=\"2499\"><strong data-start=\"2478\" data-end=\"2497\">Nebenwirkungen:<\/strong><\/p>\n<ul data-start=\"2500\" data-end=\"2589\">\n<li data-start=\"2500\" data-end=\"2554\">\n<p data-start=\"2502\" data-end=\"2554\">In der Regel mild: Magenbeschwerden, Schl\u00e4frigkeit<\/p>\n<\/li>\n<li data-start=\"2555\" data-end=\"2589\">\n<p data-start=\"2557\" data-end=\"2589\">Selten: allergische Reaktionen<\/p>\n<\/li>\n<\/ul>\n<p data-start=\"2591\" data-end=\"2675\"><strong data-start=\"2591\" data-end=\"2604\">Lagerung:<\/strong><br data-start=\"2604\" data-end=\"2607\" \/>K\u00fchl, trocken und vor direkter Sonneneinstrahlung gesch\u00fctzt lagern<\/p>\n","protected":false},"excerpt":{"rendered":"<p>Dozova Ashwagandha 60 Kapseln Darreichungsform:Kapseln Wirkstoff (pro Kapsel):Ashwagandha-Extrakt (Withania somnifera) \u2014 500 mg Anwendungsgebiete: Unterst\u00fctzung bei Stressreduktion und Entspannung Beitrag zur Verbesserung der Schlafqualit\u00e4t Unterst\u00fctzung des emotionalen Gleichgewichts und der Stimmung F\u00f6rderung der k\u00f6rperlichen und geistigen Leistungsf\u00e4higkeit Kann zur hormonellen Balance beitragen Dosierung und Anwendung: 1 Kapsel ein- bis zweimal t\u00e4glich, vorzugsweise zu den Mahlzeiten,&#8230;<\/p>\n","protected":false},"featured_media":9383,"comment_status":"open","ping_status":"closed","template":"","meta":{"rs_blank_template":"","rs_page_bg_color":"","slide_template_v7":"","_bst_post_transparent":"default","_bst_post_title":"","_bst_post_layout":"default","_bst_post_sidebar_id":"","_bst_post_content_style":"default","_bst_post_vertical_padding":"default","_bst_post_feature":"","_bst_post_feature_position":"","_bst_post_header":false,"_bst_post_footer":false},"product_brand":[],"product_cat":[351,217,277,457,229],"product_tag":[],"product_brands":[],"class_list":{"0":"post-9384","1":"product","2":"type-product","3":"status-publish","4":"has-post-thumbnail","6":"product_cat-medical-forms","7":"product_cat-medicines","8":"product_cat-nervous-system-medications","9":"product_cat-tablets-capsules","10":"product_cat-vitamins-general-supplements","12":"first","13":"instock","14":"shipping-taxable","15":"purchasable","16":"product-type-simple","17":"entry","18":"content-bg","19":"loop-entry"},"_links":{"self":[{"href":"https:\/\/nawarpharmacy.com\/de\/wp-json\/wp\/v2\/product\/9384","targetHints":{"allow":["GET"]}}],"collection":[{"href":"https:\/\/nawarpharmacy.com\/de\/wp-json\/wp\/v2\/product"}],"about":[{"href":"https:\/\/nawarpharmacy.com\/de\/wp-json\/wp\/v2\/types\/product"}],"replies":[{"embeddable":true,"href":"https:\/\/nawarpharmacy.com\/de\/wp-json\/wp\/v2\/comments?post=9384"}],"wp:featuredmedia":[{"embeddable":true,"href":"https:\/\/nawarpharmacy.com\/de\/wp-json\/wp\/v2\/media\/9383"}],"wp:attachment":[{"href":"https:\/\/nawarpharmacy.com\/de\/wp-json\/wp\/v2\/media?parent=9384"}],"wp:term":[{"taxonomy":"product_brand","embeddable":true,"href":"https:\/\/nawarpharmacy.com\/de\/wp-json\/wp\/v2\/product_brand?post=9384"},{"taxonomy":"product_cat","embeddable":true,"href":"https:\/\/nawarpharmacy.com\/de\/wp-json\/wp\/v2\/product_cat?post=9384"},{"taxonomy":"product_tag","embeddable":true,"href":"https:\/\/nawarpharmacy.com\/de\/wp-json\/wp\/v2\/product_tag?post=9384"},{"taxonomy":"product_brands","embeddable":true,"href":"https:\/\/nawarpharmacy.com\/de\/wp-json\/wp\/v2\/product_brands?post=9384"}],"curies":[{"name":"wp","href":"https:\/\/api.w.org\/{rel}","templated":true}]}}