{"id":9380,"date":"2025-11-22T23:19:53","date_gmt":"2025-11-22T23:19:53","guid":{"rendered":"https:\/\/nawarpharmacy.com\/?post_type=product&#038;p=9380"},"modified":"2026-02-05T19:10:09","modified_gmt":"2026-02-05T19:10:09","slug":"dozova-melatonin-5mg-60-capsules","status":"publish","type":"product","link":"https:\/\/nawarpharmacy.com\/de\/produkt\/dozova-melatonin-5mg-60-capsules\/","title":{"rendered":"Dozova Melatonin 5mg 60 Kapseln"},"content":{"rendered":"<article class=\"text-token-text-primary w-full focus:outline-none [--shadow-height:45px] has-data-writing-block:pointer-events-none has-data-writing-block:-mt-(--shadow-height) has-data-writing-block:pt-(--shadow-height) [&amp;:has([data-writing-block])&gt;*]:pointer-events-auto [content-visibility:auto] supports-[content-visibility:auto]:[contain-intrinsic-size:auto_100lvh] scroll-mt-[calc(var(--header-height)+min(200px,max(70px,20svh)))]\" dir=\"auto\" data-turn-id=\"request-692073f5-3f80-832c-872f-7626d4388ea8-69\" data-testid=\"conversation-turn-156\" data-scroll-anchor=\"true\" data-turn=\"assistant\">\n<div class=\"text-base my-auto mx-auto pb-10 [--thread-content-margin:--spacing(4)] thread-sm:[--thread-content-margin:--spacing(6)] thread-lg:[--thread-content-margin:--spacing(16)] px-(--thread-content-margin)\">\n<div class=\"[--thread-content-max-width:40rem] thread-lg:[--thread-content-max-width:48rem] mx-auto max-w-(--thread-content-max-width) flex-1 group\/turn-messages focus-visible:outline-hidden relative flex w-full min-w-0 flex-col agent-turn\">\n<div class=\"flex max-w-full flex-col grow\">\n<div class=\"min-h-8 text-message relative flex w-full flex-col items-end gap-2 text-start break-words whitespace-normal [.text-message+&amp;]:mt-1\" dir=\"auto\" data-message-author-role=\"assistant\" data-message-id=\"124ecdf6-fea2-4933-8c69-f5042fd78879\" data-message-model-slug=\"gpt-5-1\">\n<div class=\"flex w-full flex-col gap-1 empty:hidden first:pt-[1px]\">\n<div class=\"markdown prose dark:prose-invert w-full break-words light markdown-new-styling\">\n<p><strong data-start=\"1685\" data-end=\"1722\">Dozova Melatonin 5mg 60 Kapseln<\/strong><\/p>\n<p data-start=\"1724\" data-end=\"1755\"><strong data-start=\"1724\" data-end=\"1745\">Darreichungsform:<\/strong><br data-start=\"1745\" data-end=\"1748\" \/>Kapseln<\/p>\n<p data-start=\"1757\" data-end=\"1803\"><strong data-start=\"1757\" data-end=\"1784\">Wirkstoff (pro Kapsel):<\/strong><br data-start=\"1784\" data-end=\"1787\" \/>Melatonin \u2014 5 mg<\/p>\n<p data-start=\"1805\" data-end=\"1829\"><strong data-start=\"1805\" data-end=\"1827\">Anwendungsgebiete:<\/strong><\/p>\n<ul data-start=\"1830\" data-end=\"2038\">\n<li data-start=\"1830\" data-end=\"1883\">\n<p data-start=\"1832\" data-end=\"1883\">Unterst\u00fctzung eines gesunden Schlaf-Wach-Rhythmus<\/p>\n<\/li>\n<li data-start=\"1884\" data-end=\"1937\">\n<p data-start=\"1886\" data-end=\"1937\">Hilfe bei Schlaflosigkeit oder Einschlafst\u00f6rungen<\/p>\n<\/li>\n<li data-start=\"1938\" data-end=\"1994\">\n<p data-start=\"1940\" data-end=\"1994\">N\u00fctzlich bei Jetlag und unregelm\u00e4\u00dfigen Schlafmustern<\/p>\n<\/li>\n<li data-start=\"1995\" data-end=\"2038\">\n<p data-start=\"1997\" data-end=\"2038\">F\u00f6rdert Entspannung vor dem Zubettgehen<\/p>\n<\/li>\n<\/ul>\n<p data-start=\"2040\" data-end=\"2070\"><strong data-start=\"2040\" data-end=\"2068\">Dosierung und Anwendung:<\/strong><\/p>\n<ul data-start=\"2071\" data-end=\"2161\">\n<li data-start=\"2071\" data-end=\"2161\">\n<p data-start=\"2073\" data-end=\"2161\">1 Kapsel 30\u201360 Minuten vor dem Schlafengehen oder gem\u00e4\u00df \u00e4rztlicher Anweisung einnehmen<\/p>\n<\/li>\n<\/ul>\n<p data-start=\"2163\" data-end=\"2183\"><strong data-start=\"2163\" data-end=\"2181\">Gegenanzeigen:<\/strong><\/p>\n<ul data-start=\"2184\" data-end=\"2314\">\n<li data-start=\"2184\" data-end=\"2223\">\n<p data-start=\"2186\" data-end=\"2223\">\u00dcberempfindlichkeit gegen Melatonin<\/p>\n<\/li>\n<li data-start=\"2224\" data-end=\"2314\">\n<p data-start=\"2226\" data-end=\"2314\">Nicht empfohlen w\u00e4hrend Schwangerschaft und Stillzeit, sofern nicht \u00e4rztlich angeraten<\/p>\n<\/li>\n<\/ul>\n<p data-start=\"2316\" data-end=\"2341\"><strong data-start=\"2316\" data-end=\"2339\">Vorsichtsma\u00dfnahmen:<\/strong><\/p>\n<ul data-start=\"2342\" data-end=\"2691\">\n<li data-start=\"2342\" data-end=\"2437\">\n<p data-start=\"2344\" data-end=\"2437\">Kann Schl\u00e4frigkeit verursachen; nach der Einnahme nicht Auto fahren oder Maschinen bedienen<\/p>\n<\/li>\n<li data-start=\"2438\" data-end=\"2502\">\n<p data-start=\"2440\" data-end=\"2502\">Nicht mit Alkohol oder sedierenden Arzneimitteln kombinieren<\/p>\n<\/li>\n<li data-start=\"2503\" data-end=\"2609\">\n<p data-start=\"2505\" data-end=\"2609\">Arzt konsultieren bei gleichzeitiger Einnahme von Antidepressiva, Blutverd\u00fcnnern oder Hormonpr\u00e4paraten<\/p>\n<\/li>\n<li data-start=\"2610\" data-end=\"2691\">\n<p data-start=\"2612\" data-end=\"2691\">Nicht f\u00fcr eine langfristige Daueranwendung ohne \u00e4rztliche Aufsicht vorgesehen<\/p>\n<\/li>\n<\/ul>\n<p data-start=\"2693\" data-end=\"2714\"><strong data-start=\"2693\" data-end=\"2712\">Nebenwirkungen:<\/strong><\/p>\n<ul data-start=\"2715\" data-end=\"2841\">\n<li data-start=\"2715\" data-end=\"2786\">\n<p data-start=\"2717\" data-end=\"2786\">M\u00f6glich: Schwindel, Kopfschmerzen, Tagesm\u00fcdigkeit, leichte \u00dcbelkeit<\/p>\n<\/li>\n<li data-start=\"2787\" data-end=\"2841\">\n<p data-start=\"2789\" data-end=\"2841\">Selten: Stimmungsschwankungen oder lebhafte Tr\u00e4ume<\/p>\n<\/li>\n<\/ul>\n<p data-start=\"2843\" data-end=\"2927\"><strong data-start=\"2843\" data-end=\"2856\">Lagerung:<\/strong><br data-start=\"2856\" data-end=\"2859\" \/>K\u00fchl, trocken und vor direkter Sonneneinstrahlung gesch\u00fctzt lagern<\/p>\n<\/div>\n<\/div>\n<\/div>\n<\/div>\n<\/div>\n<\/div>\n<\/article>\n","protected":false},"excerpt":{"rendered":"<p>Dozova Melatonin 5mg 60 Kapseln Darreichungsform:Kapseln Wirkstoff (pro Kapsel):Melatonin \u2014 5 mg Anwendungsgebiete: Unterst\u00fctzung eines gesunden Schlaf-Wach-Rhythmus Hilfe bei Schlaflosigkeit oder Einschlafst\u00f6rungen N\u00fctzlich bei Jetlag und unregelm\u00e4\u00dfigen Schlafmustern F\u00f6rdert Entspannung vor dem Zubettgehen Dosierung und Anwendung: 1 Kapsel 30\u201360 Minuten vor dem Schlafengehen oder gem\u00e4\u00df \u00e4rztlicher Anweisung einnehmen Gegenanzeigen: \u00dcberempfindlichkeit gegen Melatonin Nicht empfohlen w\u00e4hrend&#8230;<\/p>\n","protected":false},"featured_media":9379,"comment_status":"open","ping_status":"closed","template":"","meta":{"rs_blank_template":"","rs_page_bg_color":"","slide_template_v7":"","_bst_post_transparent":"default","_bst_post_title":"","_bst_post_layout":"default","_bst_post_sidebar_id":"","_bst_post_content_style":"default","_bst_post_vertical_padding":"default","_bst_post_feature":"","_bst_post_feature_position":"","_bst_post_header":false,"_bst_post_footer":false},"product_brand":[],"product_cat":[351,217,277,419,457,229],"product_tag":[],"product_brands":[],"class_list":{"0":"post-9380","1":"product","2":"type-product","3":"status-publish","4":"has-post-thumbnail","6":"product_cat-medical-forms","7":"product_cat-medicines","8":"product_cat-nervous-system-medications","9":"product_cat-sleep-sedative-medicines","10":"product_cat-tablets-capsules","11":"product_cat-vitamins-general-supplements","13":"first","14":"instock","15":"shipping-taxable","16":"purchasable","17":"product-type-simple","18":"entry","19":"content-bg","20":"loop-entry"},"_links":{"self":[{"href":"https:\/\/nawarpharmacy.com\/de\/wp-json\/wp\/v2\/product\/9380","targetHints":{"allow":["GET"]}}],"collection":[{"href":"https:\/\/nawarpharmacy.com\/de\/wp-json\/wp\/v2\/product"}],"about":[{"href":"https:\/\/nawarpharmacy.com\/de\/wp-json\/wp\/v2\/types\/product"}],"replies":[{"embeddable":true,"href":"https:\/\/nawarpharmacy.com\/de\/wp-json\/wp\/v2\/comments?post=9380"}],"wp:featuredmedia":[{"embeddable":true,"href":"https:\/\/nawarpharmacy.com\/de\/wp-json\/wp\/v2\/media\/9379"}],"wp:attachment":[{"href":"https:\/\/nawarpharmacy.com\/de\/wp-json\/wp\/v2\/media?parent=9380"}],"wp:term":[{"taxonomy":"product_brand","embeddable":true,"href":"https:\/\/nawarpharmacy.com\/de\/wp-json\/wp\/v2\/product_brand?post=9380"},{"taxonomy":"product_cat","embeddable":true,"href":"https:\/\/nawarpharmacy.com\/de\/wp-json\/wp\/v2\/product_cat?post=9380"},{"taxonomy":"product_tag","embeddable":true,"href":"https:\/\/nawarpharmacy.com\/de\/wp-json\/wp\/v2\/product_tag?post=9380"},{"taxonomy":"product_brands","embeddable":true,"href":"https:\/\/nawarpharmacy.com\/de\/wp-json\/wp\/v2\/product_brands?post=9380"}],"curies":[{"name":"wp","href":"https:\/\/api.w.org\/{rel}","templated":true}]}}