{"id":9374,"date":"2025-11-22T23:21:44","date_gmt":"2025-11-22T23:21:44","guid":{"rendered":"https:\/\/nawarpharmacy.com\/?post_type=product&#038;p=9374"},"modified":"2026-02-05T19:07:48","modified_gmt":"2026-02-05T19:07:48","slug":"dozova-nad-30-capsules","status":"publish","type":"product","link":"https:\/\/nawarpharmacy.com\/de\/produkt\/dozova-nad-30-capsules\/","title":{"rendered":"Dozova NAD\u207a 30 Kapseln"},"content":{"rendered":"<article class=\"text-token-text-primary w-full focus:outline-none [--shadow-height:45px] has-data-writing-block:pointer-events-none has-data-writing-block:-mt-(--shadow-height) has-data-writing-block:pt-(--shadow-height) [&amp;:has([data-writing-block])&gt;*]:pointer-events-auto [content-visibility:auto] supports-[content-visibility:auto]:[contain-intrinsic-size:auto_100lvh] scroll-mt-[calc(var(--header-height)+min(200px,max(70px,20svh)))]\" dir=\"auto\" data-turn-id=\"request-692073f5-3f80-832c-872f-7626d4388ea8-68\" data-testid=\"conversation-turn-154\" data-scroll-anchor=\"true\" data-turn=\"assistant\">\n<div class=\"text-base my-auto mx-auto pb-10 [--thread-content-margin:--spacing(4)] thread-sm:[--thread-content-margin:--spacing(6)] thread-lg:[--thread-content-margin:--spacing(16)] px-(--thread-content-margin)\">\n<div class=\"[--thread-content-max-width:40rem] thread-lg:[--thread-content-max-width:48rem] mx-auto max-w-(--thread-content-max-width) flex-1 group\/turn-messages focus-visible:outline-hidden relative flex w-full min-w-0 flex-col agent-turn\">\n<div class=\"flex max-w-full flex-col grow\">\n<div class=\"min-h-8 text-message relative flex w-full flex-col items-end gap-2 text-start break-words whitespace-normal [.text-message+&amp;]:mt-1\" dir=\"auto\" data-message-author-role=\"assistant\" data-message-id=\"6c35bd98-a18b-4baa-acb6-69e99e0f3b47\" data-message-model-slug=\"gpt-5-1\">\n<div class=\"flex w-full flex-col gap-1 empty:hidden first:pt-[1px]\">\n<div class=\"markdown prose dark:prose-invert w-full break-words light markdown-new-styling\">\n<p><strong>Dozova NAD\u207a 30 Kapseln<\/strong><\/p>\n<p data-start=\"1789\" data-end=\"1820\"><strong data-start=\"1789\" data-end=\"1810\">Darreichungsform:<\/strong><br data-start=\"1810\" data-end=\"1813\" \/>Kapseln<\/p>\n<p data-start=\"1822\" data-end=\"1852\"><strong data-start=\"1822\" data-end=\"1850\">Wirkstoffe (pro Kapsel):<\/strong><\/p>\n<ul data-start=\"1853\" data-end=\"1982\">\n<li data-start=\"1853\" data-end=\"1901\">\n<p data-start=\"1855\" data-end=\"1901\">Nicotinamidadenindinukleotid (NAD\u207a) \u2014 300 mg<\/p>\n<\/li>\n<li data-start=\"1902\" data-end=\"1926\">\n<p data-start=\"1904\" data-end=\"1926\">Resveratrol \u2014 100 mg<\/p>\n<\/li>\n<li data-start=\"1927\" data-end=\"1950\">\n<p data-start=\"1929\" data-end=\"1950\">Coenzym Q10 \u2014 50 mg<\/p>\n<\/li>\n<li data-start=\"1951\" data-end=\"1982\">\n<p data-start=\"1953\" data-end=\"1982\">Vitamin B\u2083 (Niacin) \u2014 20 mg<\/p>\n<\/li>\n<\/ul>\n<p data-start=\"1984\" data-end=\"2008\"><strong data-start=\"1984\" data-end=\"2006\">Anwendungsgebiete:<\/strong><\/p>\n<ul data-start=\"2009\" data-end=\"2304\">\n<li data-start=\"2009\" data-end=\"2059\">\n<p data-start=\"2011\" data-end=\"2059\">Unterst\u00fctzung der zellul\u00e4ren Energieproduktion<\/p>\n<\/li>\n<li data-start=\"2060\" data-end=\"2105\">\n<p data-start=\"2062\" data-end=\"2105\">Verbesserung der mitochondrialen Funktion<\/p>\n<\/li>\n<li data-start=\"2106\" data-end=\"2179\">\n<p data-start=\"2108\" data-end=\"2179\">Unterst\u00fctzung eines gesunden Alterungsprozesses und des Stoffwechsels<\/p>\n<\/li>\n<li data-start=\"2180\" data-end=\"2272\">\n<p data-start=\"2182\" data-end=\"2272\">Beitrag zur Verbesserung von Konzentration, Ausdauer und k\u00f6rperlicher Leistungsf\u00e4higkeit<\/p>\n<\/li>\n<li data-start=\"2273\" data-end=\"2304\">\n<p data-start=\"2275\" data-end=\"2304\">Antioxidative Unterst\u00fctzung<\/p>\n<\/li>\n<\/ul>\n<p data-start=\"2306\" data-end=\"2336\"><strong data-start=\"2306\" data-end=\"2334\">Dosierung und Anwendung:<\/strong><\/p>\n<ul data-start=\"2337\" data-end=\"2464\">\n<li data-start=\"2337\" data-end=\"2385\">\n<p data-start=\"2339\" data-end=\"2385\">1 Kapsel t\u00e4glich zu einer Mahlzeit einnehmen<\/p>\n<\/li>\n<li data-start=\"2386\" data-end=\"2464\">\n<p data-start=\"2388\" data-end=\"2464\">Empfohlene Tagesdosis nicht \u00fcberschreiten, sofern nicht \u00e4rztlich verordnet<\/p>\n<\/li>\n<\/ul>\n<p data-start=\"2466\" data-end=\"2486\"><strong data-start=\"2466\" data-end=\"2484\">Gegenanzeigen:<\/strong><\/p>\n<ul data-start=\"2487\" data-end=\"2631\">\n<li data-start=\"2487\" data-end=\"2540\">\n<p data-start=\"2489\" data-end=\"2540\">\u00dcberempfindlichkeit gegen einen der Inhaltsstoffe<\/p>\n<\/li>\n<li data-start=\"2541\" data-end=\"2631\">\n<p data-start=\"2543\" data-end=\"2631\">Nicht empfohlen w\u00e4hrend Schwangerschaft und Stillzeit, sofern nicht \u00e4rztlich angeraten<\/p>\n<\/li>\n<\/ul>\n<p data-start=\"2633\" data-end=\"2658\"><strong data-start=\"2633\" data-end=\"2656\">Vorsichtsma\u00dfnahmen:<\/strong><\/p>\n<ul data-start=\"2659\" data-end=\"2898\">\n<li data-start=\"2659\" data-end=\"2783\">\n<p data-start=\"2661\" data-end=\"2783\">Arzt konsultieren bei gleichzeitiger Einnahme von Antikoagulanzien oder Arzneimitteln mit Einfluss auf die Leberfunktion<\/p>\n<\/li>\n<li data-start=\"2784\" data-end=\"2853\">\n<p data-start=\"2786\" data-end=\"2853\">Kein Ersatz f\u00fcr eine ausgewogene und abwechslungsreiche Ern\u00e4hrung<\/p>\n<\/li>\n<li data-start=\"2854\" data-end=\"2898\">\n<p data-start=\"2856\" data-end=\"2898\">Au\u00dfer Reichweite von Kindern aufbewahren<\/p>\n<\/li>\n<\/ul>\n<p data-start=\"2900\" data-end=\"2921\"><strong data-start=\"2900\" data-end=\"2919\">Nebenwirkungen:<\/strong><\/p>\n<ul data-start=\"2922\" data-end=\"3081\">\n<li data-start=\"2922\" data-end=\"2954\">\n<p data-start=\"2924\" data-end=\"2954\">In der Regel gut vertr\u00e4glich<\/p>\n<\/li>\n<li data-start=\"2955\" data-end=\"3046\">\n<p data-start=\"2957\" data-end=\"3046\">M\u00f6gliche leichte \u00dcbelkeit, Magenbeschwerden oder Hautr\u00f6tung (Flush) aufgrund von Niacin<\/p>\n<\/li>\n<li data-start=\"3047\" data-end=\"3081\">\n<p data-start=\"3049\" data-end=\"3081\">Selten: allergische Reaktionen<\/p>\n<\/li>\n<\/ul>\n<p data-start=\"3083\" data-end=\"3167\"><strong data-start=\"3083\" data-end=\"3096\">Lagerung:<\/strong><br data-start=\"3096\" data-end=\"3099\" \/>K\u00fchl, trocken und vor direkter Sonneneinstrahlung gesch\u00fctzt lagern<\/p>\n<\/div>\n<\/div>\n<\/div>\n<\/div>\n<\/div>\n<\/div>\n<\/article>\n","protected":false},"excerpt":{"rendered":"<p>Dozova NAD\u207a 30 Kapseln Darreichungsform:Kapseln Wirkstoffe (pro Kapsel): Nicotinamidadenindinukleotid (NAD\u207a) \u2014 300 mg Resveratrol \u2014 100 mg Coenzym Q10 \u2014 50 mg Vitamin B\u2083 (Niacin) \u2014 20 mg Anwendungsgebiete: Unterst\u00fctzung der zellul\u00e4ren Energieproduktion Verbesserung der mitochondrialen Funktion Unterst\u00fctzung eines gesunden Alterungsprozesses und des Stoffwechsels Beitrag zur Verbesserung von Konzentration, Ausdauer und k\u00f6rperlicher Leistungsf\u00e4higkeit Antioxidative Unterst\u00fctzung&#8230;<\/p>\n","protected":false},"featured_media":9373,"comment_status":"open","ping_status":"closed","template":"","meta":{"rs_blank_template":"","rs_page_bg_color":"","slide_template_v7":"","_bst_post_transparent":"default","_bst_post_title":"","_bst_post_layout":"default","_bst_post_sidebar_id":"","_bst_post_content_style":"default","_bst_post_vertical_padding":"default","_bst_post_feature":"","_bst_post_feature_position":"","_bst_post_header":false,"_bst_post_footer":false},"product_brand":[],"product_cat":[351,217,457,229],"product_tag":[],"product_brands":[],"class_list":{"0":"post-9374","1":"product","2":"type-product","3":"status-publish","4":"has-post-thumbnail","6":"product_cat-medical-forms","7":"product_cat-medicines","8":"product_cat-tablets-capsules","9":"product_cat-vitamins-general-supplements","11":"first","12":"instock","13":"shipping-taxable","14":"purchasable","15":"product-type-simple","16":"entry","17":"content-bg","18":"loop-entry"},"_links":{"self":[{"href":"https:\/\/nawarpharmacy.com\/de\/wp-json\/wp\/v2\/product\/9374","targetHints":{"allow":["GET"]}}],"collection":[{"href":"https:\/\/nawarpharmacy.com\/de\/wp-json\/wp\/v2\/product"}],"about":[{"href":"https:\/\/nawarpharmacy.com\/de\/wp-json\/wp\/v2\/types\/product"}],"replies":[{"embeddable":true,"href":"https:\/\/nawarpharmacy.com\/de\/wp-json\/wp\/v2\/comments?post=9374"}],"wp:featuredmedia":[{"embeddable":true,"href":"https:\/\/nawarpharmacy.com\/de\/wp-json\/wp\/v2\/media\/9373"}],"wp:attachment":[{"href":"https:\/\/nawarpharmacy.com\/de\/wp-json\/wp\/v2\/media?parent=9374"}],"wp:term":[{"taxonomy":"product_brand","embeddable":true,"href":"https:\/\/nawarpharmacy.com\/de\/wp-json\/wp\/v2\/product_brand?post=9374"},{"taxonomy":"product_cat","embeddable":true,"href":"https:\/\/nawarpharmacy.com\/de\/wp-json\/wp\/v2\/product_cat?post=9374"},{"taxonomy":"product_tag","embeddable":true,"href":"https:\/\/nawarpharmacy.com\/de\/wp-json\/wp\/v2\/product_tag?post=9374"},{"taxonomy":"product_brands","embeddable":true,"href":"https:\/\/nawarpharmacy.com\/de\/wp-json\/wp\/v2\/product_brands?post=9374"}],"curies":[{"name":"wp","href":"https:\/\/api.w.org\/{rel}","templated":true}]}}