{"id":9363,"date":"2025-11-22T23:22:59","date_gmt":"2025-11-22T23:22:59","guid":{"rendered":"https:\/\/nawarpharmacy.com\/?post_type=product&#038;p=9363"},"modified":"2026-02-05T19:02:42","modified_gmt":"2026-02-05T19:02:42","slug":"d-dep-5000-iu-30-capsules","status":"publish","type":"product","link":"https:\/\/nawarpharmacy.com\/de\/produkt\/d-dep-5000-iu-30-capsules\/","title":{"rendered":"D.Dep 5000 I.E. 30 Kapseln"},"content":{"rendered":"<article class=\"text-token-text-primary w-full focus:outline-none [--shadow-height:45px] has-data-writing-block:pointer-events-none has-data-writing-block:-mt-(--shadow-height) has-data-writing-block:pt-(--shadow-height) [&amp;:has([data-writing-block])&gt;*]:pointer-events-auto [content-visibility:auto] supports-[content-visibility:auto]:[contain-intrinsic-size:auto_100lvh] scroll-mt-[calc(var(--header-height)+min(200px,max(70px,20svh)))]\" dir=\"auto\" data-turn-id=\"request-692073f5-3f80-832c-872f-7626d4388ea8-66\" data-testid=\"conversation-turn-150\" data-scroll-anchor=\"true\" data-turn=\"assistant\">\n<div class=\"text-base my-auto mx-auto pb-10 [--thread-content-margin:--spacing(4)] thread-sm:[--thread-content-margin:--spacing(6)] thread-lg:[--thread-content-margin:--spacing(16)] px-(--thread-content-margin)\">\n<div class=\"[--thread-content-max-width:40rem] thread-lg:[--thread-content-max-width:48rem] mx-auto max-w-(--thread-content-max-width) flex-1 group\/turn-messages focus-visible:outline-hidden relative flex w-full min-w-0 flex-col agent-turn\">\n<div class=\"flex max-w-full flex-col grow\">\n<div class=\"min-h-8 text-message relative flex w-full flex-col items-end gap-2 text-start break-words whitespace-normal [.text-message+&amp;]:mt-1\" dir=\"auto\" data-message-author-role=\"assistant\" data-message-id=\"d70956a3-8f35-4051-ae3b-baf7cba47c5e\" data-message-model-slug=\"gpt-5-1\">\n<div class=\"flex w-full flex-col gap-1 empty:hidden first:pt-[1px]\">\n<div class=\"markdown prose dark:prose-invert w-full break-words light markdown-new-styling\">\n<p data-start=\"1683\" data-end=\"1714\"><strong data-start=\"1683\" data-end=\"1714\">D.Dep 5000 I.E. 30 Kapseln<\/strong><\/p>\n<p data-start=\"1716\" data-end=\"1747\"><strong data-start=\"1716\" data-end=\"1737\">Darreichungsform:<\/strong><br data-start=\"1737\" data-end=\"1740\" \/>Kapseln<\/p>\n<p data-start=\"1749\" data-end=\"1819\"><strong data-start=\"1749\" data-end=\"1776\">Wirkstoff (pro Kapsel):<\/strong><br data-start=\"1776\" data-end=\"1779\" \/>Vitamin D\u2083 (Cholecalciferol) \u2014 5000 I.E.<\/p>\n<p data-start=\"1821\" data-end=\"1845\"><strong data-start=\"1821\" data-end=\"1843\">Anwendungsgebiete:<\/strong><\/p>\n<ul data-start=\"1846\" data-end=\"2137\">\n<li data-start=\"1846\" data-end=\"1899\">\n<p data-start=\"1848\" data-end=\"1899\">Behandlung und Vorbeugung eines Vitamin-D-Mangels<\/p>\n<\/li>\n<li data-start=\"1900\" data-end=\"1963\">\n<p data-start=\"1902\" data-end=\"1963\">Unterst\u00fctzung der Knochengesundheit und der Calciumaufnahme<\/p>\n<\/li>\n<li data-start=\"1964\" data-end=\"2008\">\n<p data-start=\"1966\" data-end=\"2008\">Beitrag zur Verbesserung der Muskelkraft<\/p>\n<\/li>\n<li data-start=\"2009\" data-end=\"2056\">\n<p data-start=\"2011\" data-end=\"2056\">Unterst\u00fctzung der Funktion des Immunsystems<\/p>\n<\/li>\n<li data-start=\"2057\" data-end=\"2137\">\n<p data-start=\"2059\" data-end=\"2137\">N\u00fctzlich bei M\u00fcdigkeit im Zusammenhang mit einem niedrigen Vitamin-D-Spiegel<\/p>\n<\/li>\n<\/ul>\n<p data-start=\"2139\" data-end=\"2169\"><strong data-start=\"2139\" data-end=\"2167\">Dosierung und Anwendung:<\/strong><\/p>\n<ul data-start=\"2170\" data-end=\"2331\">\n<li data-start=\"2170\" data-end=\"2233\">\n<p data-start=\"2172\" data-end=\"2233\">1 Kapsel t\u00e4glich oder gem\u00e4\u00df \u00e4rztlicher Verordnung einnehmen<\/p>\n<\/li>\n<li data-start=\"2234\" data-end=\"2331\">\n<p data-start=\"2236\" data-end=\"2331\">Vorzugsweise zu einer Mahlzeit mit gesunden Fetten einnehmen, um die Resorption zu verbessern<\/p>\n<\/li>\n<\/ul>\n<p data-start=\"2333\" data-end=\"2353\"><strong data-start=\"2333\" data-end=\"2351\">Gegenanzeigen:<\/strong><\/p>\n<ul data-start=\"2354\" data-end=\"2478\">\n<li data-start=\"2354\" data-end=\"2432\">\n<p data-start=\"2356\" data-end=\"2432\">\u00dcberempfindlichkeit gegen Vitamin D oder einen der Bestandteile der Kapsel<\/p>\n<\/li>\n<li data-start=\"2433\" data-end=\"2478\">\n<p data-start=\"2435\" data-end=\"2478\">Hyperkalz\u00e4mie oder Vitamin-D-Intoxikation<\/p>\n<\/li>\n<\/ul>\n<p data-start=\"2480\" data-end=\"2505\"><strong data-start=\"2480\" data-end=\"2503\">Vorsichtsma\u00dfnahmen:<\/strong><\/p>\n<ul data-start=\"2506\" data-end=\"2777\">\n<li data-start=\"2506\" data-end=\"2592\">\n<p data-start=\"2508\" data-end=\"2592\">Bei langfristiger Anwendung Kontrolle der Calcium- und Vitamin-D-Spiegel empfohlen<\/p>\n<\/li>\n<li data-start=\"2593\" data-end=\"2707\">\n<p data-start=\"2595\" data-end=\"2707\">Arzt konsultieren bei Schwangerschaft, Stillzeit oder gleichzeitiger Einnahme anderer Nahrungserg\u00e4nzungsmittel<\/p>\n<\/li>\n<li data-start=\"2708\" data-end=\"2777\">\n<p data-start=\"2710\" data-end=\"2777\">Kein Ersatz f\u00fcr eine ausgewogene und abwechslungsreiche Ern\u00e4hrung<\/p>\n<\/li>\n<\/ul>\n<p data-start=\"2779\" data-end=\"2800\"><strong data-start=\"2779\" data-end=\"2798\">Nebenwirkungen:<\/strong><\/p>\n<ul data-start=\"2801\" data-end=\"2936\">\n<li data-start=\"2801\" data-end=\"2833\">\n<p data-start=\"2803\" data-end=\"2833\">In der Regel gut vertr\u00e4glich<\/p>\n<\/li>\n<li data-start=\"2834\" data-end=\"2936\">\n<p data-start=\"2836\" data-end=\"2936\">Selten: \u00dcbelkeit, Verstopfung, Appetitlosigkeit, vermehrtes Wasserlassen (meist bei \u00dcberdosierung)<\/p>\n<\/li>\n<\/ul>\n<p data-start=\"2938\" data-end=\"3065\"><strong data-start=\"2938\" data-end=\"2951\">Lagerung:<\/strong><br data-start=\"2951\" data-end=\"2954\" \/>K\u00fchl, trocken und vor direkter Sonneneinstrahlung gesch\u00fctzt lagern<br data-start=\"3020\" data-end=\"3023\" \/>Au\u00dfer Reichweite von Kindern aufbewahren<\/p>\n<\/div>\n<\/div>\n<\/div>\n<\/div>\n<\/div>\n<\/div>\n<\/article>\n","protected":false},"excerpt":{"rendered":"<p>D.Dep 5000 I.E. 30 Kapseln Darreichungsform:Kapseln Wirkstoff (pro Kapsel):Vitamin D\u2083 (Cholecalciferol) \u2014 5000 I.E. Anwendungsgebiete: Behandlung und Vorbeugung eines Vitamin-D-Mangels Unterst\u00fctzung der Knochengesundheit und der Calciumaufnahme Beitrag zur Verbesserung der Muskelkraft Unterst\u00fctzung der Funktion des Immunsystems N\u00fctzlich bei M\u00fcdigkeit im Zusammenhang mit einem niedrigen Vitamin-D-Spiegel Dosierung und Anwendung: 1 Kapsel t\u00e4glich oder gem\u00e4\u00df \u00e4rztlicher Verordnung&#8230;<\/p>\n","protected":false},"featured_media":9362,"comment_status":"open","ping_status":"closed","template":"","meta":{"rs_blank_template":"","rs_page_bg_color":"","slide_template_v7":"","_bst_post_transparent":"default","_bst_post_title":"","_bst_post_layout":"default","_bst_post_sidebar_id":"","_bst_post_content_style":"default","_bst_post_vertical_padding":"default","_bst_post_feature":"","_bst_post_feature_position":"","_bst_post_header":false,"_bst_post_footer":false},"product_brand":[],"product_cat":[351,239,217,457,229],"product_tag":[],"product_brands":[],"class_list":{"0":"post-9363","1":"product","2":"type-product","3":"status-publish","4":"has-post-thumbnail","6":"product_cat-medical-forms","7":"product_cat-bone-joint-health","8":"product_cat-medicines","9":"product_cat-tablets-capsules","10":"product_cat-vitamins-general-supplements","12":"first","13":"instock","14":"shipping-taxable","15":"purchasable","16":"product-type-simple","17":"entry","18":"content-bg","19":"loop-entry"},"_links":{"self":[{"href":"https:\/\/nawarpharmacy.com\/de\/wp-json\/wp\/v2\/product\/9363","targetHints":{"allow":["GET"]}}],"collection":[{"href":"https:\/\/nawarpharmacy.com\/de\/wp-json\/wp\/v2\/product"}],"about":[{"href":"https:\/\/nawarpharmacy.com\/de\/wp-json\/wp\/v2\/types\/product"}],"replies":[{"embeddable":true,"href":"https:\/\/nawarpharmacy.com\/de\/wp-json\/wp\/v2\/comments?post=9363"}],"wp:featuredmedia":[{"embeddable":true,"href":"https:\/\/nawarpharmacy.com\/de\/wp-json\/wp\/v2\/media\/9362"}],"wp:attachment":[{"href":"https:\/\/nawarpharmacy.com\/de\/wp-json\/wp\/v2\/media?parent=9363"}],"wp:term":[{"taxonomy":"product_brand","embeddable":true,"href":"https:\/\/nawarpharmacy.com\/de\/wp-json\/wp\/v2\/product_brand?post=9363"},{"taxonomy":"product_cat","embeddable":true,"href":"https:\/\/nawarpharmacy.com\/de\/wp-json\/wp\/v2\/product_cat?post=9363"},{"taxonomy":"product_tag","embeddable":true,"href":"https:\/\/nawarpharmacy.com\/de\/wp-json\/wp\/v2\/product_tag?post=9363"},{"taxonomy":"product_brands","embeddable":true,"href":"https:\/\/nawarpharmacy.com\/de\/wp-json\/wp\/v2\/product_brands?post=9363"}],"curies":[{"name":"wp","href":"https:\/\/api.w.org\/{rel}","templated":true}]}}